{"id":6551,"date":"2025-05-29T08:03:14","date_gmt":"2025-05-29T08:03:14","guid":{"rendered":"https:\/\/sinoextrud.com\/product\/wood-look-aluminum-soffit\/"},"modified":"2025-06-24T06:11:08","modified_gmt":"2025-06-24T06:11:08","slug":"soffite-en-aluminium-aspect-bois","status":"publish","type":"product","link":"https:\/\/sinoextrud.com\/fr\/product\/wood-look-aluminum-soffit\/","title":{"rendered":"Soffite en aluminium aspect bois"},"content":{"rendered":"<h2>D\u00e9tails des produits<\/h2>\n<table class=\"custom-table\">\n<tr>\n<td class=\"label\">Mat\u00e9riau<\/td>\n<td>alliage d'aluminium de haute qualit\u00e9<\/td>\n<\/tr>\n<tr>\n<td class=\"label\">Traitement de surface et garantie<\/td>\n<td>peinture ordinaire au grain de bois (10 ans), peinture sp\u00e9ciale au grain de bois AKSU (15 ans)<\/td>\n<\/tr>\n<tr>\n<td class=\"label\">Longueur<\/td>\n<td>g\u00e9n\u00e9ralement 10 pieds (environ 3 m\u00e8tres) ou 12 pieds (environ 3,6 m\u00e8tres). Vous pouvez personnaliser la longueur.<\/td>\n<\/tr>\n<tr>\n<td class=\"label\">Largeur<\/td>\n<td>G\u00e9n\u00e9ralement 6 pouces (environ 15 cm). Nous acceptons les commandes personnalis\u00e9es. Vous pouvez personnaliser la largeur.<\/td>\n<\/tr>\n<tr>\n<td class=\"label\">\u00c9paisseur<\/td>\n<td>g\u00e9n\u00e9ralement 0,019 pouce (environ 0,48 mm) ou 0,024 pouce (environ 0,61 mm). Vous pouvez personnaliser l'\u00e9paisseur.<\/td>\n<\/tr>\n<tr>\n<td class=\"label\">Couleur<\/td>\n<td>aspect bois, aspect acajou, aspect cerisier, aspect noyer, etc.<\/td>\n<\/tr>\n<tr>\n<td class=\"label\">M\u00e9thode d'installation<\/td>\n<td>Install\u00e9 sur l'avant-toit de la maison par le biais d'un syst\u00e8me de rainures ou d'un syst\u00e8me d'accrochage.<\/td>\n<\/tr>\n<tr>\n<td class=\"label\">Caract\u00e9ristiques<\/td>\n<td>Il peut r\u00e9sister \u00e0 la corrosion chimique, aux rayures physiques, \u00e0 l'eau, au feu et \u00e0 la d\u00e9coloration.<\/td>\n<\/tr>\n<\/table>\n<h2>Notre base de production<\/h2>\n<h3>Panorama de l'usine<\/h3>\n<p><img decoding=\"async\" src=\"\/wp-content\/uploads\/factory-01.webp\"\/><\/p>\n<h3>Atelier de fabrication de barres d'aluminium<\/h3>\n<p><img decoding=\"async\" src=\"\/wp-content\/uploads\/factory-02.webp\"\/><\/p>\n<\/p>\n<p><img decoding=\"async\" src=\"\/wp-content\/uploads\/factory-03.webp\"\/><\/p>\n<h3>Entrep\u00f4t de stockage des moules<\/h3>\n<p><img decoding=\"async\" src=\"\/wp-content\/uploads\/factory-04.webp\"\/><\/p>\n<h3>43 lignes d'extrusion d'aluminium (500-5500 tonnes)<\/h3>\n<p><img decoding=\"async\" src=\"\/wp-content\/uploads\/factory-05.webp\"\/><\/p>\n<p><img decoding=\"async\" src=\"\/wp-content\/uploads\/factory-06.webp\"\/><\/p>\n<p><img decoding=\"async\" src=\"\/wp-content\/uploads\/factory-07.webp\"\/><\/p>\n<h3>Atelier de peinture en poudre<\/h3>\n<p><img decoding=\"async\" src=\"\/wp-content\/uploads\/factory-09.webp\"\/><\/p>\n<h3>Atelier d'anodisation<\/h3>\n<p><img decoding=\"async\" src=\"\/wp-content\/uploads\/factory-10.webp\"\/><\/p>\n<h3>Atelier sur le traitement en profondeur<\/h3>\n<p><img decoding=\"async\" src=\"\/wp-content\/uploads\/factory-11.webp\"\/><\/p>\n<h3>Atelier d'usinage de pr\u00e9cision CNC<\/h3>\n<p><img decoding=\"async\" src=\"\/wp-content\/uploads\/factory-11.5.webp\"\/><\/p>\n<h3>Entrep\u00f4t de produits finis et d'exportation<\/h3>\n<p><img decoding=\"async\" src=\"\/wp-content\/uploads\/factory-12.webp\"\/><\/p>\n<p><img decoding=\"async\" src=\"\/wp-content\/uploads\/factory-13.webp\"\/><\/p>\n<p><img decoding=\"async\" src=\"\/wp-content\/uploads\/factory-14.webp\"\/><\/p>\n<h2>FAQ<\/h2>\n<p><b>1) Qu'est-ce qu'un soffite en aluminium \u00e0 l'aspect bois ?<\/b><\/p>\n<p>Le soffite en aluminium \u00e0 l'aspect bois est un panneau en aluminium con\u00e7u pour imiter l'aspect du bois naturel, utilis\u00e9 dans les applications d'avant-toits et de sous-toits.\n<\/p>\n<p><\/p>\n<p><b>2) Quels sont les principaux avantages des soffites en aluminium \u00e0 l'aspect bois ?<\/b><\/p>\n<p>Il offre une durabilit\u00e9 sup\u00e9rieure, une r\u00e9sistance \u00e0 la corrosion, un faible entretien et une finition r\u00e9aliste en grain de bois qui rehausse l'esth\u00e9tique architecturale.\n<\/p>\n<p><\/p>\n<p><b>3) Pourquoi choisir un soffite en aluminium \u00e0 l'aspect bois plut\u00f4t qu'un soffite en bois v\u00e9ritable ?<\/b><\/p>\n<p>Les soffites en aluminium r\u00e9sistent \u00e0 la pourriture, aux insectes, \u00e0 l'humidit\u00e9 et au gauchissement, ce qui leur conf\u00e8re une dur\u00e9e de vie plus longue et un entretien moindre par rapport au bois naturel.\n<\/p>\n<p><\/p>\n<p><b>4. les soffites en aluminium \u00e0 l'aspect bois peuvent-ils \u00eatre personnalis\u00e9s ?<\/b><\/p>\n<p>Oui, ils peuvent \u00eatre personnalis\u00e9s en termes de taille, de texture du grain de bois, de couleur et de finition pour s'adapter \u00e0 des pr\u00e9f\u00e9rences de conception et \u00e0 des styles architecturaux sp\u00e9cifiques.\n<\/p>\n<p><\/p>\n<p><b>5. en quoi la finition aspect bois am\u00e9liore-t-elle les performances des soffites en aluminium ?<\/b><\/p>\n<p>La finition offre une esth\u00e9tique de bois naturel tout en conservant la solidit\u00e9 de l'aluminium, sa r\u00e9sistance aux intemp\u00e9ries et sa facilit\u00e9 de nettoyage.\n<\/p>\n<p><\/p>\n<p><b>6. les soffites en aluminium d'aspect bois conviennent-ils pour une utilisation en ext\u00e9rieur ?<\/b><\/p>\n<p>Absolument, ils sont con\u00e7us pour r\u00e9sister aux rayons UV, \u00e0 l'humidit\u00e9 et aux fluctuations de temp\u00e9rature, ce qui les rend id\u00e9aux pour les installations de soffites ext\u00e9rieurs.\n<\/p>\n<p><\/p>\n<p><b>7) Quelles sont les industries qui utilisent le plus souvent des soffites en aluminium d'aspect bois ?<\/b><\/p>\n<p>Les constructions r\u00e9sidentielles, les b\u00e2timents commerciaux et les cabinets d'architectes utilisent ces soffites pour leur beaut\u00e9 et leur durabilit\u00e9.\n<\/p>\n<p><\/p>\n<p><b>8. Comment les soffites en aluminium d'aspect bois soutiennent-ils les pratiques de construction durable ?<\/b><\/p>\n<p>L'aluminium est recyclable 100%, et les finitions aspect bois offrent une alternative \u00e9cologique au bois v\u00e9ritable, r\u00e9duisant ainsi la d\u00e9forestation et l'impact sur l'environnement.\n<\/p>\n<p><\/p>","protected":false},"featured_media":6550,"template":"","categories":[65],"class_list":["post-6551","product","type-product","status-publish","has-post-thumbnail","hentry","category-wooden-grained-aluminum-profile"],"meta_box":{"hilight_text_group":{"product_hilight_text":"<li>Wood look finish offers natural aesthetic with low maintenance benefits<\/li>\r\r\n<li>Durable aluminum construction resists rot, insects, and weather damage<\/li>\r\r\n<li>Lightweight and easy to install for efficient soffit applications<\/li>\r\r\n<li>Corrosion-resistant and suitable for various outdoor environments<\/li>\r\r\n<li>Available in custom sizes and colors to match architectural styles<\/li>","product_chanpin_blog":"<ul>\r\r\n<li><a href=\"https:\/\/sinoextrud.com\/t-slot-v-slot-differences\/\" target=\"_blank\">t slot vs v slot<\/a><\/li>\r\r\n<li><a href=\"https:\/\/sinoextrud.com\/what-is-4040-aluminium-extrud\/\" target=\"_blank\">4040 aluminium extrusion<\/a><\/li>\r\r\n<li><a href=\"https:\/\/sinoextrud.com\/what-is-4040-aluminium-extrud\/\" target=\"_blank\">aluminum extrusions for industrial racks<\/a><\/li>\r\r\n<li><a href=\"https:\/\/sinoextrud.com\/powder-coating-aluminium-process\/\" target=\"_blank\">powder coating aluminium<\/a><\/li>\r\r\n<li><a href=\"https:\/\/sinoextrud.com\/what-is-an-aluminium-strip-ceiling\/\" target=\"_blank\">aluminium strip ceiling<\/a><\/li>\r\r\n<li><a href=\"https:\/\/sinoextrud.com\/what-is-a-heat-sink\/\" target=\"_blank\">what is a heat sink<\/a><\/li>\r\r\n<\/ul>","product_chanpin_chanpin":"<li><a href=\"https:\/\/sinoextrud.com\/product\/fluorocarbon-coating-aluminium-extrusions-anti-fluorite-pvdf-aluminium-profile\/\" target=\"_blank\">Fluorocarbon coating aluminium extrusions Anti fluorite PVDF aluminium profile<\/a><\/li>\r\n<li><a href=\"https:\/\/sinoextrud.com\/product\/pvdf-coating-aluminum-profile\/\" target=\"_blank\">PVDF Coating Aluminum Profile<\/a><\/li>\r\n<li><a href=\"https:\/\/sinoextrud.com\/product\/custom-wood-grain-aluminium-profiles\/\" target=\"_blank\">Custom Wood Grain Aluminium Profiles<\/a><\/li>\r\n<li><a href=\"https:\/\/sinoextrud.com\/product\/wood-grain-aluminum-square-hollow-profile\/\" target=\"_blank\">Wood Grain Aluminum Square Hollow Profile<\/a><\/li>\r\n<li><a href=\"https:\/\/sinoextrud.com\/product\/wood-look-aluminum-soffit\/\" target=\"_blank\">Wood Look Aluminum Soffit<\/a><\/li>\r\n<li><a href=\"https:\/\/sinoextrud.com\/product\/wood-look-aluminium-slats\/\" target=\"_blank\">Wood Look Aluminium Slats<\/a><\/li>\r\n<li><a href=\"https:\/\/sinoextrud.com\/product\/natural-wood-grain-aluminium-square-tube\/\" target=\"_blank\">Natural Wood Grain Aluminium Square Tube<\/a><\/li>\r\n<li><a href=\"https:\/\/sinoextrud.com\/product\/wood-look-aluminium-cladding\/\" target=\"_blank\">Wood Look Aluminium Cladding<\/a><\/li>\r\n<li><a href=\"https:\/\/sinoextrud.com\/product\/wood-look-aluminium-battens\/\" target=\"_blank\">Wood Look Aluminium Battens<\/a><\/li>\r\n<li><a href=\"https:\/\/sinoextrud.com\/product\/cnc-aluminum-bar-profile-for-instrument\/\" target=\"_blank\">CNC Aluminum Bar Profile For Instrument<\/a><\/li>\r\n<li><a href=\"https:\/\/sinoextrud.com\/product\/aluminium-window-extrusion-profile\/\" target=\"_blank\">Aluminium Window Extrusion Profile<\/a><\/li>"},"feature_list":[]},"_links":{"self":[{"href":"https:\/\/sinoextrud.com\/fr\/wp-json\/wp\/v2\/product\/6551","targetHints":{"allow":["GET"]}}],"collection":[{"href":"https:\/\/sinoextrud.com\/fr\/wp-json\/wp\/v2\/product"}],"about":[{"href":"https:\/\/sinoextrud.com\/fr\/wp-json\/wp\/v2\/types\/product"}],"wp:featuredmedia":[{"embeddable":true,"href":"https:\/\/sinoextrud.com\/fr\/wp-json\/wp\/v2\/media\/6550"}],"wp:attachment":[{"href":"https:\/\/sinoextrud.com\/fr\/wp-json\/wp\/v2\/media?parent=6551"}],"wp:term":[{"taxonomy":"category","embeddable":true,"href":"https:\/\/sinoextrud.com\/fr\/wp-json\/wp\/v2\/categories?post=6551"}],"curies":[{"name":"wp","href":"https:\/\/api.w.org\/{rel}","templated":true}]}}