{"id":6518,"date":"2025-05-29T06:35:55","date_gmt":"2025-05-29T06:35:55","guid":{"rendered":"https:\/\/sinoextrud.com\/product\/aluminum-profile-with-pvdf-coating\/"},"modified":"2025-06-24T06:11:04","modified_gmt":"2025-06-24T06:11:04","slug":"profile-en-aluminium-avec-revetement-pvdf","status":"publish","type":"product","link":"https:\/\/sinoextrud.com\/fr\/product\/aluminum-profile-with-pvdf-coating\/","title":{"rendered":"Profil\u00e9 en aluminium avec rev\u00eatement PVDF"},"content":{"rendered":"<h2>D\u00e9tails des produits<\/h2>\n<table class=\"custom-table\">\n<tr>\n<td class=\"label\">Sp\u00e9cifications<\/td>\n<td>Profil\u00e9 en aluminium avec rev\u00eatement PVDF<\/td>\n<\/tr>\n<tr>\n<td class=\"label\">Alliage d'aluminium g\u00e9n\u00e9ral<\/td>\n<td>6063,6061,6060,6005,6082<\/td>\n<\/tr>\n<tr>\n<td class=\"label\">Alliage d'aluminium sp\u00e9cial<\/td>\n<td>6063A,6061F,5050,5052<\/td>\n<\/tr>\n<tr>\n<td class=\"label\">Traitement de surface<\/td>\n<td>Power coating\uff0cWhite, Black, Brown, Red, Green and all other colors, can make color sample according to customer requirement<\/td>\n<\/tr>\n<tr>\n<td class=\"label\">Anodisation<\/td>\n<td>Argent, bronze, champagne, noir, or, etc., avec micro de 8 \u00e0 25<br \/>Electrophor\u00e8se et grain de bois<\/td>\n<\/tr>\n<tr>\n<td class=\"label\">MOQ<\/td>\n<td>200KGS<\/td>\n<\/tr>\n<tr>\n<td class=\"label\">Paquet<\/td>\n<td>film r\u00e9tractable, sac en plastique, papier kraft, papier d'emballage, palette en bois avec suppl\u00e9ment de prix, etc.<\/td>\n<\/tr>\n<tr>\n<td class=\"label\">Paiement<\/td>\n<td>T\/T, L\/C, 30% paiement anticip\u00e9<\/td>\n<\/tr>\n<tr>\n<td class=\"label\">Livraison<\/td>\n<td>15-25 jours<\/td>\n<\/tr>\n<\/table>\n<h2>Notre base de production<\/h2>\n<h3>Panorama de l'usine<\/h3>\n<p><img decoding=\"async\" src=\"\/wp-content\/uploads\/factory-01.webp\"\/><\/p>\n<h3>Atelier de fabrication de barres d'aluminium<\/h3>\n<p><img decoding=\"async\" src=\"\/wp-content\/uploads\/factory-02.webp\"\/><\/p>\n<\/p>\n<p><img decoding=\"async\" src=\"\/wp-content\/uploads\/factory-03.webp\"\/><\/p>\n<h3>Entrep\u00f4t de stockage des moules<\/h3>\n<p><img decoding=\"async\" src=\"\/wp-content\/uploads\/factory-04.webp\"\/><\/p>\n<h3>43 lignes d'extrusion d'aluminium (500 \u00e0 5500 tonnes)<\/h3>\n<p><img decoding=\"async\" src=\"\/wp-content\/uploads\/factory-05.webp\"\/><\/p>\n<p><img decoding=\"async\" src=\"\/wp-content\/uploads\/factory-06.webp\"\/><\/p>\n<p><img decoding=\"async\" src=\"\/wp-content\/uploads\/factory-07.webp\"\/><\/p>\n<h3>Atelier de peinture en poudre<\/h3>\n<p><img decoding=\"async\" src=\"\/wp-content\/uploads\/factory-09.webp\"\/><\/p>\n<h3>Atelier d'anodisation<\/h3>\n<p><img decoding=\"async\" src=\"\/wp-content\/uploads\/factory-10.webp\"\/><\/p>\n<h3>Atelier sur le traitement en profondeur<\/h3>\n<p><img decoding=\"async\" src=\"\/wp-content\/uploads\/factory-11.webp\"\/><\/p>\n<h3>Atelier d'usinage de pr\u00e9cision CNC<\/h3>\n<p><img decoding=\"async\" src=\"\/wp-content\/uploads\/factory-11.5.webp\"\/><\/p>\n<h3>Entrep\u00f4t de produits finis et d'exportation<\/h3>\n<p><img decoding=\"async\" src=\"\/wp-content\/uploads\/factory-12.webp\"\/><\/p>\n<p><img decoding=\"async\" src=\"\/wp-content\/uploads\/factory-13.webp\"\/><\/p>\n<p><img decoding=\"async\" src=\"\/wp-content\/uploads\/factory-14.webp\"\/><\/p>\n<h2>FAQ<\/h2>\n<p><b>1) Qu'est-ce qu'un profil\u00e9 en aluminium avec rev\u00eatement PVDF ?<\/b><\/p>\n<p>Un profil\u00e9 d'aluminium avec rev\u00eatement PVDF est une extrusion d'aluminium trait\u00e9e avec une finition au fluorure de polyvinylid\u00e8ne qui offre une r\u00e9sistance sup\u00e9rieure aux intemp\u00e9ries et une durabilit\u00e9 esth\u00e9tique.\n<\/p>\n<p><\/p>\n<p><b>2) Quels sont les principaux avantages des profil\u00e9s en aluminium avec rev\u00eatement PVDF ?<\/b><\/p>\n<p>Ils offrent une excellente r\u00e9sistance aux UV, une protection contre la corrosion, une r\u00e9tention des couleurs et une surface lisse et durable adapt\u00e9e aux environnements ext\u00e9rieurs difficiles.\n<\/p>\n<p><\/p>\n<p><b>3. Pourquoi choisir le rev\u00eatement PVDF plut\u00f4t que d'autres finitions pour les profil\u00e9s en aluminium ?<\/b><\/p>\n<p>Le rev\u00eatement PVDF offre une meilleure r\u00e9sistance chimique, une meilleure r\u00e9sistance aux intemp\u00e9ries et une plus grande stabilit\u00e9 des couleurs par rapport au rev\u00eatement par poudre et \u00e0 l'anodisation.\n<\/p>\n<p><\/p>\n<p><b>4. Les profil\u00e9s en aluminium avec rev\u00eatement PVDF peuvent-ils \u00eatre personnalis\u00e9s ?<\/b><\/p>\n<p>Oui, ils peuvent \u00eatre personnalis\u00e9s en termes de forme, de taille, de qualit\u00e9 d'alliage et de couleur de rev\u00eatement pour r\u00e9pondre \u00e0 des exigences architecturales et industrielles sp\u00e9cifiques.\n<\/p>\n<p><\/p>\n<p><b>5. Comment le rev\u00eatement PVDF am\u00e9liore-t-il les performances des profil\u00e9s en aluminium ?<\/b><\/p>\n<p>Le PVDF forme un film solide et flexible qui r\u00e9siste au farinage, \u00e0 la d\u00e9coloration, \u00e0 la fissuration et au d\u00e9collement, assurant ainsi une protection \u00e0 long terme et un attrait visuel.\n<\/p>\n<p><\/p>\n<p><b>6. les profil\u00e9s en aluminium avec rev\u00eatement PVDF conviennent-ils pour des applications ext\u00e9rieures ?<\/b><\/p>\n<p>Oui, les profil\u00e9s en aluminium rev\u00eatus de PVDF excellent dans les environnements ext\u00e9rieurs en raison de leur r\u00e9sistance aux rayons UV, \u00e0 l'humidit\u00e9, aux polluants et aux fluctuations de temp\u00e9rature.\n<\/p>\n<p><\/p>\n<p><b>7. Quelles sont les industries qui utilisent couramment des profil\u00e9s en aluminium avec un rev\u00eatement PVDF ?<\/b><\/p>\n<p>Les industries de la construction, de l'automobile, de la signalisation et de l'a\u00e9rospatiale utilisent ces profil\u00e9s pour leur durabilit\u00e9, leur r\u00e9sistance \u00e0 la corrosion et leurs qualit\u00e9s esth\u00e9tiques.\n<\/p>\n<p><\/p>\n<p><b>8. Comment l'utilisation de profil\u00e9s en aluminium avec rev\u00eatement PVDF favorise-t-elle la construction durable ?<\/b><\/p>\n<p>L'aluminium est enti\u00e8rement recyclable et les rev\u00eatements en PVDF ont un faible impact sur l'environnement et une longue dur\u00e9e de vie, ce qui r\u00e9duit les besoins de maintenance et de remplacement.\n<\/p>\n<p><\/p>","protected":false},"featured_media":6517,"template":"","categories":[62],"class_list":["post-6518","product","type-product","status-publish","has-post-thumbnail","hentry","category-electrophoresis-aluminum-profile"],"meta_box":{"hilight_text_group":{"product_hilight_text":"<li>PVDF coating offers exceptional weather and UV resistance<\/li>\r\r\n<li>Maintains vibrant color and finish for extended outdoor durability<\/li>\r\r\n<li>High-quality aluminum profile with precise extrusion standards<\/li>\r\r\n<li>Ideal for architectural facades, windows, and decorative applications<\/li>\r\r\n<li>Supports custom profiles, colors, and bulk manufacturing orders<\/li>","product_chanpin_blog":"<ul>\r\r\n<li><a href=\"https:\/\/sinoextrud.com\/t-slot-v-slot-differences\/\" target=\"_blank\">t slot vs v slot<\/a><\/li>\r\r\n<li><a href=\"https:\/\/sinoextrud.com\/what-is-4040-aluminium-extrud\/\" target=\"_blank\">4040 aluminium extrusion<\/a><\/li>\r\r\n<li><a href=\"https:\/\/sinoextrud.com\/what-is-4040-aluminium-extrud\/\" target=\"_blank\">aluminum extrusions for industrial racks<\/a><\/li>\r\r\n<li><a href=\"https:\/\/sinoextrud.com\/powder-coating-aluminium-process\/\" target=\"_blank\">powder coating aluminium<\/a><\/li>\r\r\n<li><a href=\"https:\/\/sinoextrud.com\/what-is-an-aluminium-strip-ceiling\/\" target=\"_blank\">aluminium strip ceiling<\/a><\/li>\r\r\n<li><a href=\"https:\/\/sinoextrud.com\/what-is-a-heat-sink\/\" target=\"_blank\">what is a heat sink<\/a><\/li>\r\r\n<\/ul>","product_chanpin_chanpin":"<li><a href=\"https:\/\/sinoextrud.com\/product\/extrusion-aluminum-profile-for-powder-coating-window-and-door-alloy-6063\/\" target=\"_blank\">Extrusion Aluminum Profile For Powder Coating Window and Door Alloy 6063<\/a><\/li>\r\n<li><a href=\"https:\/\/sinoextrud.com\/product\/electrophoretic-grain-square-tube-rosewood\/\" target=\"_blank\">Electrophoretic Grain Square Tube Rosewood<\/a><\/li>\r\n<li><a href=\"https:\/\/sinoextrud.com\/product\/electrophoresis-surface-aluminum-profiles\/\" target=\"_blank\">Electrophoresis Surface Aluminum Profiles<\/a><\/li>\r\n<li><a href=\"https:\/\/sinoextrud.com\/product\/golden-electrophoresis-aluminum-profile\/\" target=\"_blank\">Golden Electrophoresis Aluminum Profile<\/a><\/li>\r\n<li><a href=\"https:\/\/sinoextrud.com\/product\/aluminum-profile-with-pvdf-coating\/\" target=\"_blank\">Aluminum Profile With PVDF Coating<\/a><\/li>\r\n<li><a href=\"https:\/\/sinoextrud.com\/product\/electrophoresis-aluminum-profile-wood-grain\/\" target=\"_blank\">Electrophoresis Aluminum Profile Wood Grain<\/a><\/li>\r\n<li><a href=\"https:\/\/sinoextrud.com\/product\/elictrophoresis-matte-gold-aluminium-profile-cad\/\" target=\"_blank\">Elictrophoresis matte gold aluminium profile cad download section price per ton extrusions for windows and doors construction<\/a><\/li>\r\n<li><a href=\"https:\/\/sinoextrud.com\/product\/electrophoretic-wood-surface-aluminum-square-pipe\/\" target=\"_blank\">Electrophoretic wood surface-aluminum Square Pipe<\/a><\/li>\r\n<li><a href=\"https:\/\/sinoextrud.com\/product\/aluminum-square-tube-in-wooden-grain\/\" target=\"_blank\">Aluminum Square Tube In Wooden Grain<\/a><\/li>\r\n<li><a href=\"https:\/\/sinoextrud.com\/product\/aluminium-profile-for-clean-room\/\" target=\"_blank\">Aluminium Profile For Clean Room<\/a><\/li>\r\n<li><a href=\"https:\/\/sinoextrud.com\/product\/cnc-industrial-aluminum-profiler\/\" target=\"_blank\">CNC Industrial Aluminum Profiler<\/a><\/li>"},"feature_list":[]},"_links":{"self":[{"href":"https:\/\/sinoextrud.com\/fr\/wp-json\/wp\/v2\/product\/6518","targetHints":{"allow":["GET"]}}],"collection":[{"href":"https:\/\/sinoextrud.com\/fr\/wp-json\/wp\/v2\/product"}],"about":[{"href":"https:\/\/sinoextrud.com\/fr\/wp-json\/wp\/v2\/types\/product"}],"wp:featuredmedia":[{"embeddable":true,"href":"https:\/\/sinoextrud.com\/fr\/wp-json\/wp\/v2\/media\/6517"}],"wp:attachment":[{"href":"https:\/\/sinoextrud.com\/fr\/wp-json\/wp\/v2\/media?parent=6518"}],"wp:term":[{"taxonomy":"category","embeddable":true,"href":"https:\/\/sinoextrud.com\/fr\/wp-json\/wp\/v2\/categories?post=6518"}],"curies":[{"name":"wp","href":"https:\/\/api.w.org\/{rel}","templated":true}]}}