{"id":6516,"date":"2025-05-29T06:28:30","date_gmt":"2025-05-29T06:28:30","guid":{"rendered":"https:\/\/sinoextrud.com\/product\/golden-electrophoresis-aluminum-profile\/"},"modified":"2025-06-24T06:11:04","modified_gmt":"2025-06-24T06:11:04","slug":"profile-daluminium-pour-electrophorese-dor","status":"publish","type":"product","link":"https:\/\/sinoextrud.com\/fr\/product\/golden-electrophoresis-aluminum-profile\/","title":{"rendered":"Profil\u00e9 d'aluminium pour \u00e9lectrophor\u00e8se Golden"},"content":{"rendered":"<h2>D\u00e9tails des produits<\/h2>\n<table class=\"custom-table\">\n<tr>\n<td class=\"label\">Objet<\/td>\n<td>Profil\u00e9 d'aluminium pour \u00e9lectrophor\u00e8se d'or<\/td>\n<\/tr>\n<tr>\n<td class=\"label\">Mat\u00e9riau<\/td>\n<td>S\u00e9rie 6000 Aluminium<\/td>\n<\/tr>\n<tr>\n<td class=\"label\">Temp\u00e9rer<\/td>\n<td>T4, T5, T6<\/td>\n<\/tr>\n<tr>\n<td class=\"label\">Taille \/ Epaisseur<\/td>\n<td>\u00c9paisseur des profil\u00e9s g\u00e9n\u00e9raux : 0,8-5,0 mm, longueur : 3m-6m ;<br \/>\u00c9paisseur du film de protection anodique : 8~25 um, rev\u00eatement par poudre : 40 ~ 120 um.<\/td>\n<\/tr>\n<tr>\n<td class=\"label\">Forme<\/td>\n<td>personnalis\u00e9<\/td>\n<\/tr>\n<tr>\n<td class=\"label\">Application<\/td>\n<td>Dans l'ameublement, les fen\u00eatres et les portes, la d\u00e9coration, l'industrie, la construction, etc.<\/td>\n<\/tr>\n<tr>\n<td class=\"label\">Traitement de surface<\/td>\n<td>Broyage, rev\u00eatement par poudre, anodisation, PVDF, grain de bois, poli, bross\u00e9, etc.<\/td>\n<\/tr>\n<tr>\n<td class=\"label\">Couleurs<\/td>\n<td>Feuille de couleur du rev\u00eatement en poudre Ref et couleurs personnalis\u00e9es disponibles<\/td>\n<\/tr>\n<tr>\n<td class=\"label\">Processus en profondeur<\/td>\n<td>CNC, per\u00e7age, fraisage, d\u00e9coupage, soudage, pliage, assemblage<\/td>\n<\/tr>\n<tr>\n<td class=\"label\">MOQ<\/td>\n<td>200KG pour chaque article<\/td>\n<\/tr>\n<tr>\n<td class=\"label\">D\u00e9tails de l'emballage<\/td>\n<td>(1) Int\u00e9rieur : emball\u00e9 avec un film plastique protecteur pour prot\u00e9ger chaque pi\u00e8ce<\/td>\n<\/tr>\n<tr>\n<td class=\"label\"><\/td>\n<td>(2) A l'ext\u00e9rieur : Enveloppe \u00e0 regrouper par papier imperm\u00e9able \u00e0 l'eau<\/td>\n<\/tr>\n<tr>\n<td class=\"label\">D\u00e9lai de livraison<\/td>\n<td>(1) Mise au point de la matrice et test de l'\u00e9chantillon : 12 \u00e0 18 jours.<\/td>\n<\/tr>\n<tr>\n<td class=\"label\"><\/td>\n<td>(2) Production de masse achev\u00e9e : 20 \u00e0 30 jours apr\u00e8s confirmation de l'\u00e9chantillon par l'acheteur.<\/td>\n<\/tr>\n<tr>\n<td class=\"label\">Port FOB<\/td>\n<td>FOB SHENZHEN \/ GUANGZHOU \/ FOSHAN<\/td>\n<\/tr>\n<tr>\n<td class=\"label\">conditions de paiement<\/td>\n<td>T\/T 30% pour le d\u00e9p\u00f4t, le solde avant l'exp\u00e9dition.<\/td>\n<\/tr>\n<tr>\n<td class=\"label\">r\u00e8glement du litige<\/td>\n<td>Facturation par poids r\u00e9el final ou par poids th\u00e9orique de tirage.<\/td>\n<\/tr>\n<tr>\n<td class=\"label\">capacit\u00e9 de production<\/td>\n<td>5000 tonnes par mois, 60000 tonnes par an.<\/td>\n<\/tr>\n<tr>\n<td class=\"label\">Certificat et norme<\/td>\n<td>CQM, SGS, CE, BV, SONCAP \/ GB, ISO, JIS, AS, NZS, QUALICOAT, QUOLANOD disponibles<\/td>\n<\/tr>\n<\/table>\n<h2>Notre base de production<\/h2>\n<h3>Panorama de l'usine<\/h3>\n<p><img decoding=\"async\" src=\"\/wp-content\/uploads\/factory-01.webp\"\/><\/p>\n<h3>Atelier de fabrication de barres d'aluminium<\/h3>\n<p><img decoding=\"async\" src=\"\/wp-content\/uploads\/factory-02.webp\"\/><\/p>\n<\/p>\n<p><img decoding=\"async\" src=\"\/wp-content\/uploads\/factory-03.webp\"\/><\/p>\n<h3>Entrep\u00f4t de stockage des moules<\/h3>\n<p><img decoding=\"async\" src=\"\/wp-content\/uploads\/factory-04.webp\"\/><\/p>\n<h3>43 lignes d'extrusion d'aluminium (500 \u00e0 5500 tonnes)<\/h3>\n<p><img decoding=\"async\" src=\"\/wp-content\/uploads\/factory-05.webp\"\/><\/p>\n<p><img decoding=\"async\" src=\"\/wp-content\/uploads\/factory-06.webp\"\/><\/p>\n<p><img decoding=\"async\" src=\"\/wp-content\/uploads\/factory-07.webp\"\/><\/p>\n<h3>Atelier de peinture en poudre<\/h3>\n<p><img decoding=\"async\" src=\"\/wp-content\/uploads\/factory-09.webp\"\/><\/p>\n<h3>Atelier d'anodisation<\/h3>\n<p><img decoding=\"async\" src=\"\/wp-content\/uploads\/factory-10.webp\"\/><\/p>\n<h3>Atelier sur le traitement en profondeur<\/h3>\n<p><img decoding=\"async\" src=\"\/wp-content\/uploads\/factory-11.webp\"\/><\/p>\n<h3>Atelier d'usinage de pr\u00e9cision CNC<\/h3>\n<p><img decoding=\"async\" src=\"\/wp-content\/uploads\/factory-11.5.webp\"\/><\/p>\n<h3>Entrep\u00f4t de produits finis et d'exportation<\/h3>\n<p><img decoding=\"async\" src=\"\/wp-content\/uploads\/factory-12.webp\"\/><\/p>\n<p><img decoding=\"async\" src=\"\/wp-content\/uploads\/factory-13.webp\"\/><\/p>\n<p><img decoding=\"async\" src=\"\/wp-content\/uploads\/factory-14.webp\"\/><\/p>\n<h2>FAQ<\/h2>\n<p><b>1) Qu'est-ce qu'un profil\u00e9 d'aluminium pour \u00e9lectrophor\u00e8se en or ?<\/b><\/p>\n<p>Un profil\u00e9 d'aluminium \u00e0 \u00e9lectrophor\u00e8se dor\u00e9 est une extrusion d'aluminium rev\u00eatue d'une finition \u00e9lectrophor\u00e9tique de couleur dor\u00e9e qui offre une meilleure r\u00e9sistance \u00e0 la corrosion et un aspect luxueux.\n<\/p>\n<p><\/p>\n<p><b>2) Quels sont les principaux avantages des profil\u00e9s en aluminium pour \u00e9lectrophor\u00e8se d'or ?<\/b><\/p>\n<p>Ils offrent une excellente r\u00e9sistance \u00e0 la corrosion, un rev\u00eatement uniforme, une forte adh\u00e9rence, une protection contre les UV et une finition dor\u00e9e attrayante qui dure des ann\u00e9es.\n<\/p>\n<p><\/p>\n<p><b>3. Pourquoi choisir le rev\u00eatement par \u00e9lectrophor\u00e8se pour les profil\u00e9s en aluminium ?<\/b><\/p>\n<p>Le rev\u00eatement \u00e9lectrophor\u00e8se assure une couverture uniforme des formes complexes, une durabilit\u00e9 sup\u00e9rieure et une r\u00e9sistance \u00e0 l'\u00e9caillage et \u00e0 la d\u00e9coloration par rapport aux rev\u00eatements traditionnels.\n<\/p>\n<p><\/p>\n<p><b>4. les profil\u00e9s en aluminium pour \u00e9lectrophor\u00e8se dor\u00e9e peuvent-ils \u00eatre personnalis\u00e9s ?<\/b><\/p>\n<p>Oui, ces profil\u00e9s peuvent \u00eatre personnalis\u00e9s en termes de forme, de taille, de type d'alliage et d'intensit\u00e9 de la couleur \u00e9lectrophor\u00e9tique afin de r\u00e9pondre \u00e0 des exigences sp\u00e9cifiques en mati\u00e8re de conception et de fonctionnement.\n<\/p>\n<p><\/p>\n<p><b>5) Comment la finition par \u00e9lectrophor\u00e8se d'or am\u00e9liore-t-elle les performances des profil\u00e9s en aluminium ?<\/b><\/p>\n<p>La finition forme une couche protectrice contre l'oxydation, les rayures et les dommages environnementaux, tout en conservant un aspect esth\u00e9tique.\n<\/p>\n<p><\/p>\n<p><b>6. les profil\u00e9s en aluminium pour \u00e9lectrophor\u00e8se dor\u00e9e conviennent-ils \u00e0 une utilisation en ext\u00e9rieur ?<\/b><\/p>\n<p>Oui, le rev\u00eatement \u00e9lectrophor\u00e9tique offre une excellente r\u00e9sistance aux intemp\u00e9ries, une stabilit\u00e9 aux UV et une protection contre la corrosion pour les applications ext\u00e9rieures.\n<\/p>\n<p><\/p>\n<p><b>7. Quelles sont les industries qui utilisent couramment les profil\u00e9s en aluminium pour \u00e9lectrophor\u00e8se dor\u00e9e ?<\/b><\/p>\n<p>Les secteurs de l'architecture, de la d\u00e9coration int\u00e9rieure, de l'automobile et de l'\u00e9lectronique utilisent ces profil\u00e9s pour leur combinaison de durabilit\u00e9 et d'aspect dor\u00e9 \u00e9l\u00e9gant.\n<\/p>\n<p><\/p>\n<p><b>8. Comment le profil\u00e9 en aluminium de l'\u00e9lectrophor\u00e8se en or favorise-t-il la fabrication durable ?<\/b><\/p>\n<p>Le processus d'\u00e9lectrophor\u00e8se est respectueux de l'environnement, avec de faibles \u00e9missions, et l'aluminium est enti\u00e8rement recyclable, ce qui favorise une production durable et r\u00e9duit l'impact sur l'environnement.\n<\/p>\n<p><\/p>","protected":false},"featured_media":6515,"template":"","categories":[62],"class_list":["post-6516","product","type-product","status-publish","has-post-thumbnail","hentry","category-electrophoresis-aluminum-profile"],"meta_box":{"hilight_text_group":{"product_hilight_text":"<li>Elegant golden electrophoresis finish enhances visual appeal and luxury<\/li>\r\r\n<li>Provides excellent corrosion resistance and surface durability<\/li>\r\r\n<li>High-quality aluminum profile with precise extrusion dimensions<\/li>\r\r\n<li>Ideal for premium architectural and decorative applications<\/li>\r\r\n<li>Supports custom sizes and bulk orders with consistent quality<\/li>","product_chanpin_blog":"<ul>\r\r\n<li><a href=\"https:\/\/sinoextrud.com\/t-slot-v-slot-differences\/\" target=\"_blank\">t slot vs v slot<\/a><\/li>\r\r\n<li><a href=\"https:\/\/sinoextrud.com\/what-is-4040-aluminium-extrud\/\" target=\"_blank\">4040 aluminium extrusion<\/a><\/li>\r\r\n<li><a href=\"https:\/\/sinoextrud.com\/what-is-4040-aluminium-extrud\/\" target=\"_blank\">aluminum extrusions for industrial racks<\/a><\/li>\r\r\n<li><a href=\"https:\/\/sinoextrud.com\/powder-coating-aluminium-process\/\" target=\"_blank\">powder coating aluminium<\/a><\/li>\r\r\n<li><a href=\"https:\/\/sinoextrud.com\/what-is-an-aluminium-strip-ceiling\/\" target=\"_blank\">aluminium strip ceiling<\/a><\/li>\r\r\n<li><a href=\"https:\/\/sinoextrud.com\/what-is-a-heat-sink\/\" target=\"_blank\">what is a heat sink<\/a><\/li>\r\r\n<\/ul>","product_chanpin_chanpin":"<li><a href=\"https:\/\/sinoextrud.com\/product\/aluminium-6063\/\" target=\"_blank\">Aluminium 6063<\/a><\/li>\r\n<li><a href=\"https:\/\/sinoextrud.com\/product\/extrusion-aluminum-profile-for-powder-coating-window-and-door-alloy-6063\/\" target=\"_blank\">Extrusion Aluminum Profile For Powder Coating Window and Door Alloy 6063<\/a><\/li>\r\n<li><a href=\"https:\/\/sinoextrud.com\/product\/electrophoretic-grain-square-tube-rosewood\/\" target=\"_blank\">Electrophoretic Grain Square Tube Rosewood<\/a><\/li>\r\n<li><a href=\"https:\/\/sinoextrud.com\/product\/electrophoresis-surface-aluminum-profiles\/\" target=\"_blank\">Electrophoresis Surface Aluminum Profiles<\/a><\/li>\r\n<li><a href=\"https:\/\/sinoextrud.com\/product\/golden-electrophoresis-aluminum-profile\/\" target=\"_blank\">Golden Electrophoresis Aluminum Profile<\/a><\/li>\r\n<li><a href=\"https:\/\/sinoextrud.com\/product\/aluminum-profile-with-pvdf-coating\/\" target=\"_blank\">Aluminum Profile With PVDF Coating<\/a><\/li>\r\n<li><a href=\"https:\/\/sinoextrud.com\/product\/electrophoresis-aluminum-profile-wood-grain\/\" target=\"_blank\">Electrophoresis Aluminum Profile Wood Grain<\/a><\/li>\r\n<li><a href=\"https:\/\/sinoextrud.com\/product\/elictrophoresis-matte-gold-aluminium-profile-cad\/\" target=\"_blank\">Elictrophoresis matte gold aluminium profile cad download section price per ton extrusions for windows and doors construction<\/a><\/li>\r\n<li><a href=\"https:\/\/sinoextrud.com\/product\/electrophoretic-wood-surface-aluminum-square-pipe\/\" target=\"_blank\">Electrophoretic wood surface-aluminum Square Pipe<\/a><\/li>\r\n<li><a href=\"https:\/\/sinoextrud.com\/product\/extrude-6000-series-aluminium-bar\/\" target=\"_blank\">Extrude 6000 Series Aluminium bar<\/a><\/li>\r\n<li><a href=\"https:\/\/sinoextrud.com\/product\/cnc-machining-aluminum-signal-plate\/\" target=\"_blank\">CNC Machining Aluminum Signal Plate<\/a><\/li>"},"feature_list":[]},"_links":{"self":[{"href":"https:\/\/sinoextrud.com\/fr\/wp-json\/wp\/v2\/product\/6516","targetHints":{"allow":["GET"]}}],"collection":[{"href":"https:\/\/sinoextrud.com\/fr\/wp-json\/wp\/v2\/product"}],"about":[{"href":"https:\/\/sinoextrud.com\/fr\/wp-json\/wp\/v2\/types\/product"}],"wp:featuredmedia":[{"embeddable":true,"href":"https:\/\/sinoextrud.com\/fr\/wp-json\/wp\/v2\/media\/6515"}],"wp:attachment":[{"href":"https:\/\/sinoextrud.com\/fr\/wp-json\/wp\/v2\/media?parent=6516"}],"wp:term":[{"taxonomy":"category","embeddable":true,"href":"https:\/\/sinoextrud.com\/fr\/wp-json\/wp\/v2\/categories?post=6516"}],"curies":[{"name":"wp","href":"https:\/\/api.w.org\/{rel}","templated":true}]}}