{"id":6514,"date":"2025-05-29T04:00:39","date_gmt":"2025-05-29T04:00:39","guid":{"rendered":"https:\/\/sinoextrud.com\/product\/electrophoresis-surface-aluminum-profiles\/"},"modified":"2025-06-24T06:11:03","modified_gmt":"2025-06-24T06:11:03","slug":"profiles-daluminium-pour-lelectrophorese-de-surface","status":"publish","type":"product","link":"https:\/\/sinoextrud.com\/fr\/product\/electrophoresis-surface-aluminum-profiles\/","title":{"rendered":"Surface d'\u00e9lectrophor\u00e8se Profils en aluminium"},"content":{"rendered":"<h2>D\u00e9tails des produits<\/h2>\n<table class=\"custom-table\">\n<tr>\n<td class=\"label\">Mod\u00e8le NO :<\/td>\n<td>S\u00e9rie 6000<\/td>\n<\/tr>\n<tr>\n<td class=\"label\">Finition de la surface :<\/td>\n<td>Grain de bois, Personnalis\u00e9<\/td>\n<\/tr>\n<tr>\n<td class=\"label\">Ingr\u00e9dient d'alliage :<\/td>\n<td>6063<\/td>\n<\/tr>\n<tr>\n<td class=\"label\">Certification :<\/td>\n<td>CE, SGS, ISO, CIQ, ROHS, TUV<\/td>\n<\/tr>\n<tr>\n<td class=\"label\">Marque :<\/td>\n<td>Sinoextrud<\/td>\n<\/tr>\n<tr>\n<td class=\"label\">Mat\u00e9riau :<\/td>\n<td>6063-T5, 6061-T6, 6082<\/td>\n<\/tr>\n<tr>\n<td class=\"label\">Traitement de surface :<\/td>\n<td>Electrophor\u00e8se<\/td>\n<\/tr>\n<tr>\n<td class=\"label\">Processus en profondeur :<\/td>\n<td>CNC, per\u00e7age, taraudage, poin\u00e7onnage, d\u00e9coupe, pliage<\/td>\n<\/tr>\n<tr>\n<td class=\"label\">Couleur :<\/td>\n<td>grain de bois (diff\u00e9rentes couleurs disponibles)<\/td>\n<\/tr>\n<tr>\n<td class=\"label\">\u00c9chantillon :<\/td>\n<td>disponible<\/td>\n<\/tr>\n<tr>\n<td class=\"label\">Produit :<\/td>\n<td>Profil\u00e9s en aluminium<\/td>\n<\/tr>\n<tr>\n<td class=\"label\">Port de chargement :<\/td>\n<td>Foshan, Guangdong, Chine<\/td>\n<\/tr>\n<tr>\n<td class=\"label\">Paiement :<\/td>\n<td>T\/T 30% pour le d\u00e9p\u00f4t, le solde avant la livraison<\/td>\n<\/tr>\n<tr>\n<td class=\"label\">Origine :<\/td>\n<td>Chine<\/td>\n<\/tr>\n<tr>\n<td class=\"label\">Code HS :<\/td>\n<td>7604210000<\/td>\n<\/tr>\n<\/table>\n<h2>Notre base de production<\/h2>\n<h3>Panorama de l'usine<\/h3>\n<p><img decoding=\"async\" src=\"\/wp-content\/uploads\/factory-01.webp\"\/><\/p>\n<h3>Atelier de fabrication de barres d'aluminium<\/h3>\n<p><img decoding=\"async\" src=\"\/wp-content\/uploads\/factory-02.webp\"\/><\/p>\n<\/p>\n<p><img decoding=\"async\" src=\"\/wp-content\/uploads\/factory-03.webp\"\/><\/p>\n<h3>Entrep\u00f4t de stockage des moules<\/h3>\n<p><img decoding=\"async\" src=\"\/wp-content\/uploads\/factory-04.webp\"\/><\/p>\n<h3>43 lignes d'extrusion d'aluminium (500 \u00e0 5500 tonnes)<\/h3>\n<p><img decoding=\"async\" src=\"\/wp-content\/uploads\/factory-05.webp\"\/><\/p>\n<p><img decoding=\"async\" src=\"\/wp-content\/uploads\/factory-06.webp\"\/><\/p>\n<p><img decoding=\"async\" src=\"\/wp-content\/uploads\/factory-07.webp\"\/><\/p>\n<h3>Atelier de peinture en poudre<\/h3>\n<p><img decoding=\"async\" src=\"\/wp-content\/uploads\/factory-09.webp\"\/><\/p>\n<h3>Atelier d'anodisation<\/h3>\n<p><img decoding=\"async\" src=\"\/wp-content\/uploads\/factory-10.webp\"\/><\/p>\n<h3>Atelier sur le traitement en profondeur<\/h3>\n<p><img decoding=\"async\" src=\"\/wp-content\/uploads\/factory-11.webp\"\/><\/p>\n<h3>Atelier d'usinage de pr\u00e9cision CNC<\/h3>\n<p><img decoding=\"async\" src=\"\/wp-content\/uploads\/factory-11.5.webp\"\/><\/p>\n<h3>Entrep\u00f4t de produits finis et d'exportation<\/h3>\n<p><img decoding=\"async\" src=\"\/wp-content\/uploads\/factory-12.webp\"\/><\/p>\n<p><img decoding=\"async\" src=\"\/wp-content\/uploads\/factory-13.webp\"\/><\/p>\n<p><img decoding=\"async\" src=\"\/wp-content\/uploads\/factory-14.webp\"\/><\/p>\n<h2>FAQ<\/h2>\n<p><b>1) Qu'est-ce qu'un profil\u00e9 d'aluminium de surface pour \u00e9lectrophor\u00e8se ?<\/b><\/p>\n<p>Les profil\u00e9s d'aluminium \u00e0 surface \u00e9lectrophor\u00e9tique sont des extrusions d'aluminium trait\u00e9es par un proc\u00e9d\u00e9 de rev\u00eatement \u00e9lectrophor\u00e9tique qui permet d'obtenir des surfaces uniformes, durables et r\u00e9sistantes \u00e0 la corrosion.\n<\/p>\n<p><\/p>\n<p><b>2. quels sont les principaux avantages des profil\u00e9s en aluminium \u00e0 surface d'\u00e9lectrophor\u00e8se ?<\/b><\/p>\n<p>Ils offrent une excellente r\u00e9sistance \u00e0 la corrosion, une \u00e9paisseur de rev\u00eatement uniforme, une forte adh\u00e9rence et une finition de surface am\u00e9lior\u00e9e adapt\u00e9e aux formes complexes et aux profils compliqu\u00e9s.\n<\/p>\n<p><\/p>\n<p><b>3. pourquoi choisir le rev\u00eatement par \u00e9lectrophor\u00e8se plut\u00f4t que les m\u00e9thodes de finition traditionnelles ?<\/b><\/p>\n<p>Le rev\u00eatement par \u00e9lectrophor\u00e8se garantit une couverture uniforme sur toutes les surfaces, y compris les creux et les bords, r\u00e9duit les d\u00e9fauts et offre une protection anticorrosion sup\u00e9rieure \u00e0 celle du rev\u00eatement par poudre ou de l'anodisation.\n<\/p>\n<p><\/p>\n<p><b>4. les profils en aluminium pour la surface d'\u00e9lectrophor\u00e8se peuvent-ils \u00eatre personnalis\u00e9s ?<\/b><\/p>\n<p>Oui, ces profil\u00e9s peuvent \u00eatre personnalis\u00e9s en termes de qualit\u00e9 d'alliage, de taille, de forme et de couleur de rev\u00eatement \u00e9lectrophor\u00e9tique pour r\u00e9pondre \u00e0 des besoins sp\u00e9cifiques en mati\u00e8re d'application et de conception.\n<\/p>\n<p><\/p>\n<p><b>5. Comment le traitement par \u00e9lectrophor\u00e8se am\u00e9liore-t-il la durabilit\u00e9 des profil\u00e9s en aluminium ?<\/b><\/p>\n<p>Le rev\u00eatement \u00e9lectrophor\u00e9tique forme un film protecteur \u00e9troitement li\u00e9 qui r\u00e9siste \u00e0 la rouille, aux dommages caus\u00e9s par les UV, \u00e0 l'exposition aux produits chimiques et \u00e0 l'usure m\u00e9canique.\n<\/p>\n<p><\/p>\n<p><b>6. les profil\u00e9s en aluminium pour l'\u00e9lectrophor\u00e8se conviennent-ils aux applications ext\u00e9rieures ?<\/b><\/p>\n<p>En effet, ils offrent une excellente r\u00e9sistance aux intemp\u00e9ries, \u00e0 l'humidit\u00e9 et aux polluants environnementaux, ce qui les rend id\u00e9aux pour les utilisations architecturales et industrielles ext\u00e9rieures.\n<\/p>\n<p><\/p>\n<p><b>7) Quelles sont les industries qui b\u00e9n\u00e9ficient le plus des profils en aluminium de surface pour \u00e9lectrophor\u00e8se ?<\/b><\/p>\n<p>Les industries de la construction, de l'automobile, de l'\u00e9lectronique et de l'ameublement utilisent ces profil\u00e9s pour leur durabilit\u00e9, leur finition homog\u00e8ne et leur r\u00e9sistance \u00e0 la corrosion.\n<\/p>\n<p><\/p>\n<p><b>8. Comment les profil\u00e9s d'aluminium \u00e0 surface \u00e9lectrophor\u00e8se contribuent-ils \u00e0 la fabrication durable ?<\/b><\/p>\n<p>Le processus d'\u00e9lectrophor\u00e8se est respectueux de l'environnement, avec de faibles \u00e9missions de COV, et l'aluminium est enti\u00e8rement recyclable, ce qui favorise les pratiques de production respectueuses de l'environnement.\n<\/p>\n<p><\/p>","protected":false},"featured_media":6513,"template":"","categories":[62],"class_list":["post-6514","product","type-product","status-publish","has-post-thumbnail","hentry","category-electrophoresis-aluminum-profile"],"meta_box":{"hilight_text_group":{"product_hilight_text":"<li>Electrophoresis surface treatment offers superior corrosion resistance<\/li>\r\r\n<li>Provides smooth, uniform coating with enhanced adhesion<\/li>\r\r\n<li>Improves durability and aesthetic appeal of aluminum profiles<\/li>\r\r\n<li>Suitable for architectural, automotive, and industrial applications<\/li>\r\r\n<li>Supports custom sizes, shapes, and bulk order fulfillment<\/li>","product_chanpin_blog":"<ul>\r\r\n<li><a href=\"https:\/\/sinoextrud.com\/t-slot-v-slot-differences\/\" target=\"_blank\">t slot vs v slot<\/a><\/li>\r\r\n<li><a href=\"https:\/\/sinoextrud.com\/what-is-4040-aluminium-extrud\/\" target=\"_blank\">4040 aluminium extrusion<\/a><\/li>\r\r\n<li><a href=\"https:\/\/sinoextrud.com\/what-is-4040-aluminium-extrud\/\" target=\"_blank\">aluminum extrusions for industrial racks<\/a><\/li>\r\r\n<li><a href=\"https:\/\/sinoextrud.com\/powder-coating-aluminium-process\/\" target=\"_blank\">powder coating aluminium<\/a><\/li>\r\r\n<li><a href=\"https:\/\/sinoextrud.com\/what-is-an-aluminium-strip-ceiling\/\" target=\"_blank\">aluminium strip ceiling<\/a><\/li>\r\r\n<li><a href=\"https:\/\/sinoextrud.com\/what-is-a-heat-sink\/\" target=\"_blank\">what is a heat sink<\/a><\/li>\r\r\n<\/ul>","product_chanpin_chanpin":"<li><a href=\"https:\/\/sinoextrud.com\/product\/customized-powder-coated-tube-decorative-anodized-aluminum-louver-fence-panel-for-modern-garden\/\" target=\"_blank\">Customized Powder Coated Tube Decorative Anodized Aluminum Louver Fence Panel For Modern Garden<\/a><\/li>\r\n<li><a href=\"https:\/\/sinoextrud.com\/product\/aluminium-6063\/\" target=\"_blank\">Aluminium 6063<\/a><\/li>\r\n<li><a href=\"https:\/\/sinoextrud.com\/product\/extrusion-aluminum-profile-for-powder-coating-window-and-door-alloy-6063\/\" target=\"_blank\">Extrusion Aluminum Profile For Powder Coating Window and Door Alloy 6063<\/a><\/li>\r\n<li><a href=\"https:\/\/sinoextrud.com\/product\/electrophoretic-grain-square-tube-rosewood\/\" target=\"_blank\">Electrophoretic Grain Square Tube Rosewood<\/a><\/li>\r\n<li><a href=\"https:\/\/sinoextrud.com\/product\/electrophoresis-surface-aluminum-profiles\/\" target=\"_blank\">Electrophoresis Surface Aluminum Profiles<\/a><\/li>\r\n<li><a href=\"https:\/\/sinoextrud.com\/product\/golden-electrophoresis-aluminum-profile\/\" target=\"_blank\">Golden Electrophoresis Aluminum Profile<\/a><\/li>\r\n<li><a href=\"https:\/\/sinoextrud.com\/product\/aluminum-profile-with-pvdf-coating\/\" target=\"_blank\">Aluminum Profile With PVDF Coating<\/a><\/li>\r\n<li><a href=\"https:\/\/sinoextrud.com\/product\/electrophoresis-aluminum-profile-wood-grain\/\" target=\"_blank\">Electrophoresis Aluminum Profile Wood Grain<\/a><\/li>\r\n<li><a href=\"https:\/\/sinoextrud.com\/product\/elictrophoresis-matte-gold-aluminium-profile-cad\/\" target=\"_blank\">Elictrophoresis matte gold aluminium profile cad download section price per ton extrusions for windows and doors construction<\/a><\/li>\r\n<li><a href=\"https:\/\/sinoextrud.com\/product\/aluminium-extrusion-c-beam\/\" target=\"_blank\">Aluminium Extrusion C Beam<\/a><\/li>\r\n<li><a href=\"https:\/\/sinoextrud.com\/product\/wood-grain-false-ceiling-aluminium-profiles\/\" target=\"_blank\">Wood Grain False Ceiling Aluminium Profiles<\/a><\/li>"},"feature_list":[]},"_links":{"self":[{"href":"https:\/\/sinoextrud.com\/fr\/wp-json\/wp\/v2\/product\/6514","targetHints":{"allow":["GET"]}}],"collection":[{"href":"https:\/\/sinoextrud.com\/fr\/wp-json\/wp\/v2\/product"}],"about":[{"href":"https:\/\/sinoextrud.com\/fr\/wp-json\/wp\/v2\/types\/product"}],"wp:featuredmedia":[{"embeddable":true,"href":"https:\/\/sinoextrud.com\/fr\/wp-json\/wp\/v2\/media\/6513"}],"wp:attachment":[{"href":"https:\/\/sinoextrud.com\/fr\/wp-json\/wp\/v2\/media?parent=6514"}],"wp:term":[{"taxonomy":"category","embeddable":true,"href":"https:\/\/sinoextrud.com\/fr\/wp-json\/wp\/v2\/categories?post=6514"}],"curies":[{"name":"wp","href":"https:\/\/api.w.org\/{rel}","templated":true}]}}