{"id":6495,"date":"2025-05-29T03:39:26","date_gmt":"2025-05-29T03:39:26","guid":{"rendered":"https:\/\/sinoextrud.com\/product\/powder-coated-aluminium-extrusion\/"},"modified":"2025-06-24T06:11:01","modified_gmt":"2025-06-24T06:11:01","slug":"extrusion-daluminium-revetue-de-poudre","status":"publish","type":"product","link":"https:\/\/sinoextrud.com\/fr\/product\/powder-coated-aluminium-extrusion\/","title":{"rendered":"Extrusion d'aluminium rev\u00eatu de poudre"},"content":{"rendered":"<h2>D\u00e9tails des produits<\/h2>\n<table class=\"custom-table\">\n<tr>\n<td class=\"label\">Mod\u00e8le NO :<\/td>\n<td>6061 6063 6082<\/td>\n<\/tr>\n<tr>\n<td class=\"label\">Temp\u00e9rer :<\/td>\n<td>T3 - T8<\/td>\n<\/tr>\n<tr>\n<td class=\"label\">Traitement de surface :<\/td>\n<td>rev\u00eatement en poudre<\/td>\n<\/tr>\n<tr>\n<td class=\"label\">Alliage :<\/td>\n<td>Alliage<\/td>\n<\/tr>\n<tr>\n<td class=\"label\">Surface :<\/td>\n<td>Rev\u00eatement en poudre gris<\/td>\n<\/tr>\n<tr>\n<td class=\"label\">Type :<\/td>\n<td>Profil\u00e9s en aluminium pour serres<\/td>\n<\/tr>\n<tr>\n<td class=\"label\">Technique :<\/td>\n<td>Extrud\u00e9<\/td>\n<\/tr>\n<tr>\n<td class=\"label\">Marque d\u00e9pos\u00e9e :<\/td>\n<td>OEM<\/td>\n<\/tr>\n<tr>\n<td class=\"label\">Origine :<\/td>\n<td>Guangdong Chine<\/td>\n<\/tr>\n<tr>\n<td class=\"label\">Forme :<\/td>\n<td>Carr\u00e9, ovale, goutti\u00e8re, plat<\/td>\n<\/tr>\n<tr>\n<td class=\"label\">Processus :<\/td>\n<td>Extrusion<\/td>\n<\/tr>\n<tr>\n<td class=\"label\">Application :<\/td>\n<td>Profils des b\u00e2timents<\/td>\n<\/tr>\n<tr>\n<td class=\"label\">Certification :<\/td>\n<td>EN, ASTM, GB\/T<\/td>\n<\/tr>\n<tr>\n<td class=\"label\">Taille :<\/td>\n<td>10mm - 300mm<\/td>\n<\/tr>\n<tr>\n<td class=\"label\">Code HS :<\/td>\n<td>7604299000<\/td>\n<\/tr>\n<tr>\n<td class=\"label\">\u00c9paisseur de la paroi :<\/td>\n<td>1.0-1.4mm. Possibilit\u00e9 de personnalisation<\/td>\n<\/tr>\n<tr>\n<td class=\"label\">Emballage :<\/td>\n<td>Normes d'exportation, emballage dans une bo\u00eete en PE, recouvert de papier brun et d'un film plastique, puis emball\u00e9 sur une palette en bois.<\/td>\n<\/tr>\n<tr>\n<td class=\"label\">D\u00e9lai d'ex\u00e9cution :<\/td>\n<td>Dans les 30 jours suivant la r\u00e9ception du d\u00e9p\u00f4t<\/td>\n<\/tr>\n<tr>\n<td class=\"label\">Remarques :<\/td>\n<td>Des exigences sp\u00e9cifiques en mati\u00e8re d'alliage, de temp\u00e9rament ou de sp\u00e9cifications peuvent \u00eatre discut\u00e9es \u00e0 votre demande.<\/td>\n<\/tr>\n<\/table>\n<h2>Notre base de production<\/h2>\n<h3>Panorama de l'usine<\/h3>\n<p><img decoding=\"async\" src=\"\/wp-content\/uploads\/factory-01.webp\"\/><\/p>\n<h3>Atelier de fabrication de barres d'aluminium<\/h3>\n<p><img decoding=\"async\" src=\"\/wp-content\/uploads\/factory-02.webp\"\/><\/p>\n<p><img decoding=\"async\" src=\"\/wp-content\/uploads\/factory-03.webp\"\/><\/p>\n<h3>Entrep\u00f4t de stockage des moules<\/h3>\n<p><img decoding=\"async\" src=\"\/wp-content\/uploads\/factory-04.webp\"\/><\/p>\n<h3>43 lignes d'extrusion d'aluminium (500 \u00e0 5500 tonnes)<\/h3>\n<p><img decoding=\"async\" src=\"\/wp-content\/uploads\/factory-05.webp\"\/><\/p>\n<p><img decoding=\"async\" src=\"\/wp-content\/uploads\/factory-06.webp\"\/><\/p>\n<p><img decoding=\"async\" src=\"\/wp-content\/uploads\/factory-07.webp\"\/><\/p>\n<h3>Atelier de peinture en poudre<\/h3>\n<p><img decoding=\"async\" src=\"\/wp-content\/uploads\/factory-09.webp\"\/><\/p>\n<h3>Atelier d'anodisation<\/h3>\n<p><img decoding=\"async\" src=\"\/wp-content\/uploads\/factory-10.webp\"\/><\/p>\n<h3>Atelier sur le traitement en profondeur<\/h3>\n<p><img decoding=\"async\" src=\"\/wp-content\/uploads\/factory-11.webp\"\/><\/p>\n<h3>Atelier d'usinage de pr\u00e9cision CNC<\/h3>\n<p><img decoding=\"async\" src=\"\/wp-content\/uploads\/factory-11.5.webp\"\/><\/p>\n<h3>Entrep\u00f4t de produits finis et d'exportation<\/h3>\n<p><img decoding=\"async\" src=\"\/wp-content\/uploads\/factory-12.webp\"\/><\/p>\n<p><img decoding=\"async\" src=\"\/wp-content\/uploads\/factory-13.webp\"\/><\/p>\n<p><img decoding=\"async\" src=\"\/wp-content\/uploads\/factory-14.webp\"\/><\/p>\n<h2>FAQ<\/h2>\n<p><p><b>1. \u00e0 quoi sert l'extrusion d'aluminium thermolaqu\u00e9 ?<\/b><\/p>\n<p>L'extrusion d'aluminium rev\u00eatue de poudre est utilis\u00e9e dans la construction, l'automobile, le mobilier, l'\u00e9lectronique et les applications architecturales pour am\u00e9liorer la durabilit\u00e9 et l'attrait esth\u00e9tique.<br \/>\n<\/p><br \/>\n<br \/>\n<p><b>2) Quels sont les principaux avantages de l'extrusion d'aluminium avec rev\u00eatement en poudre ?<\/b><\/p>\n<p>L'extrusion d'aluminium rev\u00eatue de poudre offre une r\u00e9sistance sup\u00e9rieure \u00e0 la corrosion, une r\u00e9sistance aux rayures, une protection contre les UV et une finition uniforme et durable.<br \/>\n<\/p><br \/>\n<br \/>\n<p><b>3) Pourquoi choisir le thermolaquage pour l'extrusion d'aluminium plut\u00f4t que la peinture traditionnelle ?<\/b><\/p>\n<p>La peinture en poudre est respectueuse de l'environnement, produit moins de d\u00e9chets, permet d'obtenir un rev\u00eatement plus \u00e9pais et plus uniforme et offre une meilleure durabilit\u00e9 que les peintures liquides.<br \/>\n<\/p><br \/>\n<br \/>\n<p><b>4. les extrusions d'aluminium rev\u00eatues de poudre peuvent-elles \u00eatre personnalis\u00e9es ?<\/b><\/p>\n<p>Oui, ils peuvent \u00eatre personnalis\u00e9s en termes de couleur, de texture, de niveau de brillance et d'\u00e9paisseur pour r\u00e9pondre \u00e0 des exigences sp\u00e9cifiques en mati\u00e8re de conception et de performance.<br \/>\n<\/p><br \/>\n<br \/>\n<p><b>5) Quelles sont les finitions de surface disponibles pour les extrusions d'aluminium \u00e0 rev\u00eatement en poudre ?<\/b><\/p>\n<p>Le rev\u00eatement par poudre offre une large gamme de couleurs et de finitions telles que les surfaces mates, brillantes et textur\u00e9es pour am\u00e9liorer l'apparence et la protection.<br \/>\n<\/p><br \/>\n<br \/>\n<p><b>6. les profil\u00e9s en aluminium rev\u00eatus par poudre conviennent-ils pour une utilisation en ext\u00e9rieur ?<\/b><\/p>\n<p>Oui, les profil\u00e9s en aluminium rev\u00eatus par poudre offrent une excellente r\u00e9sistance aux intemp\u00e9ries, prot\u00e9geant contre les rayons UV, l'humidit\u00e9 et la corrosion dans les environnements ext\u00e9rieurs.<br \/>\n<\/p><br \/>\n<br \/>\n<p><b>7. Comment le rev\u00eatement par poudre contribue-t-il \u00e0 la fabrication durable d'extrusions d'aluminium ?<\/b><\/p>\n<p>Le rev\u00eatement par poudre est un processus \u00e0 faible teneur en COV et \u00e9conome en \u00e9nergie, et l'aluminium est recyclable \u00e0 100%, ce qui fait des extrusions rev\u00eatues de poudre un mat\u00e9riau de construction respectueux de l'environnement.<br \/>\n<\/p><br \/>\n<br \/>\n<p><b>8) Quelles sont les industries qui utilisent couramment l'aluminium extrud\u00e9 rev\u00eatu de poudre ?<\/b><\/p>\n<p>Les industries telles que la construction, l'automobile, l'ameublement, l'\u00e9lectronique et la signalisation utilisent l'extrusion d'aluminium rev\u00eatue de poudre pour sa durabilit\u00e9, son esth\u00e9tique et sa r\u00e9sistance \u00e0 la corrosion.<br \/>\n<\/p><br \/><\/p>","protected":false},"featured_media":6494,"template":"","categories":[61],"class_list":["post-6495","product","type-product","status-publish","has-post-thumbnail","hentry","category-powder-coating-aluminum-profile"],"meta_box":{"hilight_text_group":{"product_hilight_text":"<li>Durable powder coating enhances corrosion resistance and surface hardness<\/li>\r\r\n<li>Available in various colors and finishes for versatile applications<\/li>\r\r\n<li>Lightweight aluminum extrusion offers high strength-to-weight ratio<\/li>\r\r\n<li>Ideal for architectural, automotive, and industrial projects<\/li>\r\r\n<li>Supports custom sizes and bulk orders with reliable supply<\/li>","product_chanpin_blog":"<ul>\r\r\n<li><a href=\"https:\/\/sinoextrud.com\/t-slot-v-slot-differences\/\" target=\"_blank\">t slot vs v slot<\/a><\/li>\r\r\n<li><a href=\"https:\/\/sinoextrud.com\/what-is-4040-aluminium-extrud\/\" target=\"_blank\">4040 aluminium extrusion<\/a><\/li>\r\r\n<li><a href=\"https:\/\/sinoextrud.com\/what-is-4040-aluminium-extrud\/\" target=\"_blank\">aluminum extrusions for industrial racks<\/a><\/li>\r\r\n<li><a href=\"https:\/\/sinoextrud.com\/powder-coating-aluminium-process\/\" target=\"_blank\">powder coating aluminium<\/a><\/li>\r\r\n<li><a href=\"https:\/\/sinoextrud.com\/what-is-an-aluminium-strip-ceiling\/\" target=\"_blank\">aluminium strip ceiling<\/a><\/li>\r\r\n<li><a href=\"https:\/\/sinoextrud.com\/what-is-a-heat-sink\/\" target=\"_blank\">what is a heat sink<\/a><\/li>\r\r\n<\/ul>","product_chanpin_chanpin":"<li><a href=\"https:\/\/sinoextrud.com\/product\/6061-oval-aluminum-tubing\/\" target=\"_blank\">6061 Oval Aluminum Tubing<\/a><\/li>\r\n<li><a href=\"https:\/\/sinoextrud.com\/product\/extruded-aluminum-rectangular-tubing\/\" target=\"_blank\">Extruded Aluminum Rectangular Tubing<\/a><\/li>\r\n<li><a href=\"https:\/\/sinoextrud.com\/product\/power-coating-standard-aluminium-profiles\/\" target=\"_blank\">Power Coating Standard Aluminium Profiles<\/a><\/li>\r\n<li><a href=\"https:\/\/sinoextrud.com\/product\/aluminum-tube-coated-powder-price-per-kg-for-lowes-aluminum-pipe-fence-china\/\" target=\"_blank\">aluminum tube coated powder price per kg for lowes aluminum pipe fence china<\/a><\/li>\r\n<li><a href=\"https:\/\/sinoextrud.com\/product\/powder-coated-aluminium-extrusion\/\" target=\"_blank\">Powder Coated Aluminium Extrusion<\/a><\/li>\r\n<li><a href=\"https:\/\/sinoextrud.com\/product\/aluminium-extrusion-profile-with-pvdf-coating\/\" target=\"_blank\">Aluminium Extrusion Profile With PVDF Coating<\/a><\/li>\r\n<li><a href=\"https:\/\/sinoextrud.com\/product\/powder-coated-extrusions-aluminum-corrosion-resistant-for-10-years-in-door\/\" target=\"_blank\">Powder Coated Extrusions Aluminum Corrosion Resistant For 10 Years In Door<\/a><\/li>\r\n<li><a href=\"https:\/\/sinoextrud.com\/product\/powder-coating-surface-aluminum-profile\/\" target=\"_blank\">Powder Coating Surface Aluminum Profile<\/a><\/li>\r\n<li><a href=\"https:\/\/sinoextrud.com\/product\/customized-powder-coated-tube-decorative-anodized-aluminum-louver-fence-panel-for-modern-garden\/\" target=\"_blank\">Customized Powder Coated Tube Decorative Anodized Aluminum Louver Fence Panel For Modern Garden<\/a><\/li>\r\n<li><a href=\"https:\/\/sinoextrud.com\/product\/aluminum-t-slot-profile\/\" target=\"_blank\">Aluminum T Slot Profile<\/a><\/li>\r\n<li><a href=\"https:\/\/sinoextrud.com\/product\/oem-aluminum-manufacturing-processes-cnc-machining\/\" target=\"_blank\">OEM Aluminum Manufacturing Processes CNC Machining<\/a><\/li>"},"feature_list":[]},"_links":{"self":[{"href":"https:\/\/sinoextrud.com\/fr\/wp-json\/wp\/v2\/product\/6495","targetHints":{"allow":["GET"]}}],"collection":[{"href":"https:\/\/sinoextrud.com\/fr\/wp-json\/wp\/v2\/product"}],"about":[{"href":"https:\/\/sinoextrud.com\/fr\/wp-json\/wp\/v2\/types\/product"}],"wp:featuredmedia":[{"embeddable":true,"href":"https:\/\/sinoextrud.com\/fr\/wp-json\/wp\/v2\/media\/6494"}],"wp:attachment":[{"href":"https:\/\/sinoextrud.com\/fr\/wp-json\/wp\/v2\/media?parent=6495"}],"wp:term":[{"taxonomy":"category","embeddable":true,"href":"https:\/\/sinoextrud.com\/fr\/wp-json\/wp\/v2\/categories?post=6495"}],"curies":[{"name":"wp","href":"https:\/\/api.w.org\/{rel}","templated":true}]}}