{"id":6491,"date":"2025-05-29T03:32:56","date_gmt":"2025-05-29T03:32:56","guid":{"rendered":"https:\/\/sinoextrud.com\/product\/power-coating-standard-aluminium-profiles\/"},"modified":"2025-06-24T06:11:00","modified_gmt":"2025-06-24T06:11:00","slug":"revetement-de-puissance-de-profiles-daluminium-standard","status":"publish","type":"product","link":"https:\/\/sinoextrud.com\/fr\/product\/power-coating-standard-aluminium-profiles\/","title":{"rendered":"Power Coating Standard Aluminium Profiles"},"content":{"rendered":"<h2>D\u00e9tails des produits<\/h2>\n<table class=\"custom-table\">\n<tr>\n<td class=\"label\">Nom<\/td>\n<td>Rev\u00eatement \u00e9lectrique de profils d'aluminium standard, Profils d'aluminium standard<\/td>\n<\/tr>\n<tr>\n<td class=\"label\">Marque<\/td>\n<td>Sinoextrud\/Sinoextrud<\/td>\n<\/tr>\n<tr>\n<td class=\"label\">Cat\u00e9gorie<\/td>\n<td>Extrusion d'aluminium<\/td>\n<\/tr>\n<tr>\n<td class=\"label\">Mat\u00e9riau<\/td>\n<td>La norme 6061 est largement utilis\u00e9e. 6063, 6463, 6005, 6082 sont \u00e9galement disponibles.<\/td>\n<\/tr>\n<tr>\n<td class=\"label\">Temp\u00e9rer<\/td>\n<td>T5-T8<\/td>\n<\/tr>\n<tr>\n<td class=\"label\">Longueur<\/td>\n<td>5.8m pour 20ft , 5.9m \/6.0m pour 40'GP, ou personnalisation<\/td>\n<\/tr>\n<tr>\n<td class=\"label\">Taille (mm)<\/td>\n<td>Diff\u00e9rentes tailles sont disponibles, le dessin du client est disponible<\/td>\n<\/tr>\n<tr>\n<td class=\"label\">Forme<\/td>\n<td>Selon le dessin<\/td>\n<\/tr>\n<tr>\n<td class=\"label\">Traitement de surface<\/td>\n<td>Rev\u00eatement \u00e9lectrique ; finition en usine, anodisation, sablage, \u00e9lectrophor\u00e8se \u00e9galement disponible.<\/td>\n<\/tr>\n<tr>\n<td class=\"label\">Couleur<\/td>\n<td>Nous pouvons personnaliser les couleurs en fonction des \u00e9chantillons des clients.<\/td>\n<\/tr>\n<tr>\n<td class=\"label\">Garantie<\/td>\n<td>BV , TUV ,ISO<\/td>\n<\/tr>\n<tr>\n<td class=\"label\">Standard<\/td>\n<td>Qualit\u00e9 moyenne et \u00e9lev\u00e9e<\/td>\n<\/tr>\n<tr>\n<td class=\"label\">MOQ<\/td>\n<td>200KGS pour chaque article<\/td>\n<\/tr>\n<tr>\n<td class=\"label\">De<\/td>\n<td>Guangdong, Chine<\/td>\n<\/tr>\n<tr>\n<td class=\"label\">Application<\/td>\n<td>Caisson lumineux, profil\u00e9s en aluminium, cadre publicitaire<\/td>\n<\/tr>\n<\/table>\n<h2>Notre base de production<\/h2>\n<h3>Panorama de l'usine<\/h3>\n<p><img decoding=\"async\" src=\"\/wp-content\/uploads\/factory-01.webp\"\/><\/p>\n<h3>Atelier de fabrication de barres d'aluminium<\/h3>\n<p><img decoding=\"async\" src=\"\/wp-content\/uploads\/factory-02.webp\"\/><\/p>\n<p><img decoding=\"async\" src=\"\/wp-content\/uploads\/factory-03.webp\"\/><\/p>\n<h3>Entrep\u00f4t de stockage des moules<\/h3>\n<p><img decoding=\"async\" src=\"\/wp-content\/uploads\/factory-04.webp\"\/><\/p>\n<h3>43 lignes d'extrusion d'aluminium (500-5500 tonnes)<\/h3>\n<p><img decoding=\"async\" src=\"\/wp-content\/uploads\/factory-05.webp\"\/><\/p>\n<p><img decoding=\"async\" src=\"\/wp-content\/uploads\/factory-06.webp\"\/><\/p>\n<p><img decoding=\"async\" src=\"\/wp-content\/uploads\/factory-07.webp\"\/><\/p>\n<h3>Atelier de peinture en poudre<\/h3>\n<p><img decoding=\"async\" src=\"\/wp-content\/uploads\/factory-09.webp\"\/><\/p>\n<h3>Atelier d'anodisation<\/h3>\n<p><img decoding=\"async\" src=\"\/wp-content\/uploads\/factory-10.webp\"\/><\/p>\n<h3>Atelier sur le traitement en profondeur<\/h3>\n<p><img decoding=\"async\" src=\"\/wp-content\/uploads\/factory-11.webp\"\/><\/p>\n<h3>Atelier d'usinage de pr\u00e9cision CNC<\/h3>\n<p><img decoding=\"async\" src=\"\/wp-content\/uploads\/factory-11.5.webp\"\/><\/p>\n<h3>Entrep\u00f4t de produits finis et d'exportation<\/h3>\n<p><img decoding=\"async\" src=\"\/wp-content\/uploads\/factory-12.webp\"\/><\/p>\n<p><img decoding=\"async\" src=\"\/wp-content\/uploads\/factory-13.webp\"\/><\/p>\n<p><img decoding=\"async\" src=\"\/wp-content\/uploads\/factory-14.webp\"\/><\/p>\n<h2>FAQ<\/h2>\n<p><p><b>1) A quoi servent les profil\u00e9s aluminium standard \u00e0 rev\u00eatement par poudre ?<\/b><\/p>\n<p>Les profil\u00e9s d'aluminium standard \u00e0 rev\u00eatement par poudre sont utilis\u00e9s dans la construction, l'automobile, l'ameublement et les applications architecturales pour am\u00e9liorer la durabilit\u00e9 et l'attrait esth\u00e9tique.<br \/>\n<\/p><br \/>\n<br \/>\n<p><b>2) Quels sont les principaux avantages du rev\u00eatement par poudre sur les profil\u00e9s d'aluminium standard ?<\/b><\/p>\n<p>Le rev\u00eatement par poudre permet d'obtenir une finition uniforme et r\u00e9sistante qui offre une r\u00e9sistance sup\u00e9rieure \u00e0 la corrosion, aux rayures et aux UV.<br \/>\n<\/p><br \/>\n<br \/>\n<p><b>3) Pourquoi choisir le thermolaquage plut\u00f4t que d'autres m\u00e9thodes de finition pour les profil\u00e9s en aluminium ?<\/b><\/p>\n<p>La peinture en poudre est respectueuse de l'environnement, produit moins de d\u00e9chets, offre un rev\u00eatement plus \u00e9pais et plus uniforme, et pr\u00e9sente une meilleure durabilit\u00e9 que les peintures liquides.<br \/>\n<\/p><br \/>\n<br \/>\n<p><b>4) Les profil\u00e9s en aluminium rev\u00eatus par poudre peuvent-ils \u00eatre personnalis\u00e9s ?<\/b><\/p>\n<p>Oui, les profil\u00e9s en aluminium rev\u00eatus par poudre peuvent \u00eatre personnalis\u00e9s en termes de couleur, de texture, de niveau de brillance et d'\u00e9paisseur pour r\u00e9pondre \u00e0 des exigences sp\u00e9cifiques en mati\u00e8re de conception et de performance.<br \/>\n<\/p><br \/>\n<br \/>\n<p><b>5. Quelles sont les finitions de surface disponibles pour le rev\u00eatement par poudre des profil\u00e9s en aluminium ?<\/b><\/p>\n<p>Le rev\u00eatement par poudre offre une large gamme de couleurs, de finitions telles que les surfaces mates, brillantes et textur\u00e9es pour am\u00e9liorer l'aspect et la protection du profil\u00e9.<br \/>\n<\/p><br \/>\n<br \/>\n<p><b>6. les profil\u00e9s en aluminium rev\u00eatus par poudre conviennent-ils \u00e0 une utilisation en ext\u00e9rieur ?<\/b><\/p>\n<p>Oui, les profil\u00e9s en aluminium rev\u00eatus par poudre offrent une excellente r\u00e9sistance aux intemp\u00e9ries, prot\u00e9geant contre les rayons UV, l'humidit\u00e9 et la corrosion dans les environnements ext\u00e9rieurs.<br \/>\n<\/p><br \/>\n<br \/>\n<p><b>7. Comment le thermolaquage am\u00e9liore-t-il la durabilit\u00e9 des profil\u00e9s en aluminium ?<\/b><\/p>\n<p>Le rev\u00eatement par poudre est un processus \u00e0 faible teneur en COV et \u00e9conome en \u00e9nergie, et l'aluminium est recyclable \u00e0 100%, ce qui fait des profil\u00e9s rev\u00eatus par poudre un mat\u00e9riau de construction respectueux de l'environnement.<br \/>\n<\/p><br \/>\n<br \/>\n<p><b>8) Quelles sont les industries qui utilisent le plus souvent des profil\u00e9s d'aluminium standard rev\u00eatus de poudre ?<\/b><\/p>\n<p>Les industries telles que la construction, l'automobile, l'ameublement et l'\u00e9lectronique utilisent des profil\u00e9s en aluminium rev\u00eatus par poudre pour leur durabilit\u00e9, leur esth\u00e9tique et leur r\u00e9sistance \u00e0 la corrosion.<br \/>\n<\/p><br \/><\/p>","protected":false},"featured_media":6490,"template":"","categories":[61],"class_list":["post-6491","product","type-product","status-publish","has-post-thumbnail","hentry","category-powder-coating-aluminum-profile"],"meta_box":{"hilight_text_group":{"product_hilight_text":"<li>High-quality powder coating provides excellent corrosion and wear resistance<\/li>\r\r\n<li>Available in standard aluminum profile shapes and sizes<\/li>\r\r\n<li>Durable finish with vibrant colors for aesthetic appeal<\/li>\r\r\n<li>Lightweight and strong, suitable for construction and industrial use<\/li>\r\r\n<li>Supports bulk supply with consistent quality and timely delivery<\/li>","product_chanpin_blog":"<ul>\r\r\n<li><a href=\"https:\/\/sinoextrud.com\/t-slot-v-slot-differences\/\" target=\"_blank\">t slot vs v slot<\/a><\/li>\r\r\n<li><a href=\"https:\/\/sinoextrud.com\/what-is-4040-aluminium-extrud\/\" target=\"_blank\">4040 aluminium extrusion<\/a><\/li>\r\r\n<li><a href=\"https:\/\/sinoextrud.com\/what-is-4040-aluminium-extrud\/\" target=\"_blank\">aluminum extrusions for industrial racks<\/a><\/li>\r\r\n<li><a href=\"https:\/\/sinoextrud.com\/powder-coating-aluminium-process\/\" target=\"_blank\">powder coating aluminium<\/a><\/li>\r\r\n<li><a href=\"https:\/\/sinoextrud.com\/what-is-an-aluminium-strip-ceiling\/\" target=\"_blank\">aluminium strip ceiling<\/a><\/li>\r\r\n<li><a href=\"https:\/\/sinoextrud.com\/what-is-a-heat-sink\/\" target=\"_blank\">what is a heat sink<\/a><\/li>\r\r\n<\/ul>","product_chanpin_chanpin":"<li><a href=\"https:\/\/sinoextrud.com\/product\/china-aluminum-extrusion-6061-6063-anodized-aluminum-pipe\/\" target=\"_blank\">China Aluminum Extrusion 6061 6063 Anodized Aluminum Pipe<\/a><\/li>\r\n<li><a href=\"https:\/\/sinoextrud.com\/product\/anodized-aluminum-tubes\/\" target=\"_blank\">Anodized Aluminum Tubes<\/a><\/li>\r\n<li><a href=\"https:\/\/sinoextrud.com\/product\/6061-oval-aluminum-tubing\/\" target=\"_blank\">6061 Oval Aluminum Tubing<\/a><\/li>\r\n<li><a href=\"https:\/\/sinoextrud.com\/product\/extruded-aluminum-rectangular-tubing\/\" target=\"_blank\">Extruded Aluminum Rectangular Tubing<\/a><\/li>\r\n<li><a href=\"https:\/\/sinoextrud.com\/product\/power-coating-standard-aluminium-profiles\/\" target=\"_blank\">Power Coating Standard Aluminium Profiles<\/a><\/li>\r\n<li><a href=\"https:\/\/sinoextrud.com\/product\/aluminum-tube-coated-powder-price-per-kg-for-lowes-aluminum-pipe-fence-china\/\" target=\"_blank\">aluminum tube coated powder price per kg for lowes aluminum pipe fence china<\/a><\/li>\r\n<li><a href=\"https:\/\/sinoextrud.com\/product\/powder-coated-aluminium-extrusion\/\" target=\"_blank\">Powder Coated Aluminium Extrusion<\/a><\/li>\r\n<li><a href=\"https:\/\/sinoextrud.com\/product\/aluminium-extrusion-profile-with-pvdf-coating\/\" target=\"_blank\">Aluminium Extrusion Profile With PVDF Coating<\/a><\/li>\r\n<li><a href=\"https:\/\/sinoextrud.com\/product\/powder-coated-extrusions-aluminum-corrosion-resistant-for-10-years-in-door\/\" target=\"_blank\">Powder Coated Extrusions Aluminum Corrosion Resistant For 10 Years In Door<\/a><\/li>\r\n<li><a href=\"https:\/\/sinoextrud.com\/product\/wood-grain-aluminum-square-tube\/\" target=\"_blank\">Wood Grain Aluminum Square Tube<\/a><\/li>\r\n<li><a href=\"https:\/\/sinoextrud.com\/product\/cutting-aluminum-extrusion\/\" target=\"_blank\">Cutting Aluminum Extrusion<\/a><\/li>"},"feature_list":[]},"_links":{"self":[{"href":"https:\/\/sinoextrud.com\/fr\/wp-json\/wp\/v2\/product\/6491","targetHints":{"allow":["GET"]}}],"collection":[{"href":"https:\/\/sinoextrud.com\/fr\/wp-json\/wp\/v2\/product"}],"about":[{"href":"https:\/\/sinoextrud.com\/fr\/wp-json\/wp\/v2\/types\/product"}],"wp:featuredmedia":[{"embeddable":true,"href":"https:\/\/sinoextrud.com\/fr\/wp-json\/wp\/v2\/media\/6490"}],"wp:attachment":[{"href":"https:\/\/sinoextrud.com\/fr\/wp-json\/wp\/v2\/media?parent=6491"}],"wp:term":[{"taxonomy":"category","embeddable":true,"href":"https:\/\/sinoextrud.com\/fr\/wp-json\/wp\/v2\/categories?post=6491"}],"curies":[{"name":"wp","href":"https:\/\/api.w.org\/{rel}","templated":true}]}}