{"id":6484,"date":"2025-05-29T03:05:24","date_gmt":"2025-05-29T03:05:24","guid":{"rendered":"https:\/\/sinoextrud.com\/product\/extruded-aluminum-rectangular-tubing\/"},"modified":"2025-06-24T06:11:00","modified_gmt":"2025-06-24T06:11:00","slug":"tube-rectangulaire-en-aluminium-extrude","status":"publish","type":"product","link":"https:\/\/sinoextrud.com\/fr\/product\/extruded-aluminum-rectangular-tubing\/","title":{"rendered":"Tubes rectangulaires en aluminium extrud\u00e9"},"content":{"rendered":"<h2>D\u00e9tails des produits<\/h2>\n<table class=\"custom-table\">\n<tr>\n<td class=\"label\">Mat\u00e9riau :<\/td>\n<td>alliage carr\u00e9 d'aluminium<\/td>\n<\/tr>\n<tr>\n<td class=\"label\">Sp\u00e9cifications :<\/td>\n<td>la largeur est comprise entre 25 et 150 mm, et la hauteur lat\u00e9rale entre 30 et 300 mm<\/td>\n<\/tr>\n<tr>\n<td class=\"label\">\u00c9paisseur :<\/td>\n<td>0,8-10,0 mm<\/td>\n<\/tr>\n<tr>\n<td class=\"label\">Longueur :<\/td>\n<td>La longueur g\u00e9n\u00e9rale est de 6 m, et peut \u00eatre personnalis\u00e9e en fonction des besoins du client.<\/td>\n<\/tr>\n<tr>\n<td class=\"label\">Processus :<\/td>\n<td>pultrusion ou extrusion<\/td>\n<\/tr>\n<tr>\n<td class=\"label\">Rev\u00eatement :<\/td>\n<td>rev\u00eatement en poudre, rev\u00eatement anodis\u00e9, grain de bois, polissage, brossage, sablage, etc.<\/td>\n<\/tr>\n<tr>\n<td class=\"label\">Couleur :<\/td>\n<td>peut \u00eatre ajust\u00e9e en fonction des besoins du client<\/td>\n<\/tr>\n<tr>\n<td class=\"label\">Protection contre l'incendie :<\/td>\n<td>pas de combustion, convient aux environnements \u00e0 haute temp\u00e9rature<\/td>\n<\/tr>\n<tr>\n<td class=\"label\">Remarques :<\/td>\n<td>L'\u00e9paisseur du carr\u00e9 d'aluminium incurv\u00e9 est de 1,2 mm \u00e0 3,0 mm.<\/td>\n<\/tr>\n<\/table>\n<h2>Notre base de production<\/h2>\n<h3>Panorama de l'usine<\/h3>\n<p><img decoding=\"async\" src=\"\/wp-content\/uploads\/factory-01.webp\"\/><\/p>\n<h3>Atelier de fabrication de barres d'aluminium<\/h3>\n<p><img decoding=\"async\" src=\"\/wp-content\/uploads\/factory-02.webp\"\/><\/p>\n<p><img decoding=\"async\" src=\"\/wp-content\/uploads\/factory-03.webp\"\/><\/p>\n<h3>Entrep\u00f4t de stockage des moules<\/h3>\n<p><img decoding=\"async\" src=\"\/wp-content\/uploads\/factory-04.webp\"\/><\/p>\n<h3>43 lignes d'extrusion d'aluminium (500 \u00e0 5500 tonnes)<\/h3>\n<p><img decoding=\"async\" src=\"\/wp-content\/uploads\/factory-05.webp\"\/><\/p>\n<p><img decoding=\"async\" src=\"\/wp-content\/uploads\/factory-06.webp\"\/><\/p>\n<p><img decoding=\"async\" src=\"\/wp-content\/uploads\/factory-07.webp\"\/><\/p>\n<h3>Atelier de peinture en poudre<\/h3>\n<p><img decoding=\"async\" src=\"\/wp-content\/uploads\/factory-09.webp\"\/><\/p>\n<h3>Atelier d'anodisation<\/h3>\n<p><img decoding=\"async\" src=\"\/wp-content\/uploads\/factory-10.webp\"\/><\/p>\n<h3>Atelier sur le traitement en profondeur<\/h3>\n<p><img decoding=\"async\" src=\"\/wp-content\/uploads\/factory-11.webp\"\/><\/p>\n<h3>Atelier d'usinage de pr\u00e9cision CNC<\/h3>\n<p><img decoding=\"async\" src=\"\/wp-content\/uploads\/factory-11.5.webp\"\/><\/p>\n<h3>Entrep\u00f4t de produits finis et d'exportation<\/h3>\n<p><img decoding=\"async\" src=\"\/wp-content\/uploads\/factory-12.webp\"\/><\/p>\n<p><img decoding=\"async\" src=\"\/wp-content\/uploads\/factory-13.webp\"\/><\/p>\n<p><img decoding=\"async\" src=\"\/wp-content\/uploads\/factory-14.webp\"\/><\/p>\n<h2>FAQ<\/h2>\n<p><p><b>1) A quoi servent les tubes rectangulaires en aluminium extrud\u00e9 ?<\/b><\/p>\n<p>Les tubes rectangulaires en aluminium extrud\u00e9 sont largement utilis\u00e9s dans la construction, les ch\u00e2ssis automobiles, l'ameublement et les applications industrielles en raison de leur r\u00e9sistance et de leur l\u00e9g\u00e8ret\u00e9.<br \/>\n<\/p><br \/>\n<br \/>\n<p><b>2) Quels sont les principaux avantages des tubes rectangulaires en aluminium extrud\u00e9 ?<\/b><\/p>\n<p>Les tubes rectangulaires en aluminium extrud\u00e9 offrent un rapport r\u00e9sistance\/poids \u00e9lev\u00e9, une excellente r\u00e9sistance \u00e0 la corrosion, des tol\u00e9rances dimensionnelles pr\u00e9cises et une fabrication facile.<br \/>\n<\/p><br \/>\n<br \/>\n<p><b>3) Pourquoi choisir le tube rectangulaire en aluminium extrud\u00e9 plut\u00f4t que d'autres mat\u00e9riaux ?<\/b><\/p>\n<p>Les tubes en aluminium sont plus l\u00e9gers que l'acier, plus r\u00e9sistants \u00e0 la corrosion et plus faciles \u00e0 usiner et \u00e0 souder, ce qui r\u00e9duit le temps d'installation et les co\u00fbts de maintenance.<br \/>\n<\/p><br \/>\n<br \/>\n<p><b>4) Les tubes rectangulaires en aluminium extrud\u00e9 peuvent-ils \u00eatre personnalis\u00e9s ?<\/b><\/p>\n<p>Oui, il peut \u00eatre personnalis\u00e9 en termes de taille, d'\u00e9paisseur de paroi, de type d'alliage et de finition de surface pour r\u00e9pondre \u00e0 des exigences sp\u00e9cifiques en mati\u00e8re de conception et de structure.<br \/>\n<\/p><br \/>\n<br \/>\n<p><b>5) Quelles sont les finitions de surface disponibles pour les tubes rectangulaires en aluminium extrud\u00e9 ?<\/b><\/p>\n<p>Les finitions les plus courantes sont l'anodisation, le rev\u00eatement en poudre et la finition en usine, qui am\u00e9liorent la durabilit\u00e9, la protection contre la corrosion et l'attrait esth\u00e9tique.<br \/>\n<\/p><br \/>\n<br \/>\n<p><b>6. les tubes rectangulaires en aluminium extrud\u00e9 conviennent-ils \u00e0 une utilisation en ext\u00e9rieur ?<\/b><\/p>\n<p>Oui, avec un traitement de surface appropri\u00e9, les tubes rectangulaires en aluminium extrud\u00e9 r\u00e9sistent \u00e0 l'exposition aux UV, \u00e0 l'humidit\u00e9 et aux conditions climatiques difficiles.<br \/>\n<\/p><br \/>\n<br \/>\n<p><b>7) Comment les tubes rectangulaires en aluminium extrud\u00e9 contribuent-ils \u00e0 la fabrication durable ?<\/b><\/p>\n<p>L'aluminium est 100% recyclable et sa production est \u00e9conome en \u00e9nergie. L'extrusion minimise les d\u00e9chets, ce qui en fait une option \u00e9cologique pour les constructions vertes.<br \/>\n<\/p><br \/><\/p>","protected":false},"featured_media":6483,"template":"","categories":[60],"class_list":["post-6484","product","type-product","status-publish","has-post-thumbnail","hentry","category-general-tubes-and-bars"],"meta_box":{"hilight_text_group":{"product_hilight_text":"<li>Precision-extruded rectangular tubing with consistent dimensions<\/li>\r\r\n<li>Made from high-quality aluminum for strength and corrosion resistance<\/li>\r\r\n<li>Lightweight design ideal for structural and architectural applications<\/li>\r\r\n<li>Available in various sizes, wall thicknesses, and custom finishes<\/li>\r\r\n<li>Supports bulk orders and OEM customization for diverse industries<\/li>","product_chanpin_blog":"<ul>\r\r\n<li><a href=\"https:\/\/sinoextrud.com\/t-slot-v-slot-differences\/\" target=\"_blank\">t slot vs v slot<\/a><\/li>\r\r\n<li><a href=\"https:\/\/sinoextrud.com\/what-is-4040-aluminium-extrud\/\" target=\"_blank\">4040 aluminium extrusion<\/a><\/li>\r\r\n<li><a href=\"https:\/\/sinoextrud.com\/what-is-4040-aluminium-extrud\/\" target=\"_blank\">aluminum extrusions for industrial racks<\/a><\/li>\r\r\n<li><a href=\"https:\/\/sinoextrud.com\/powder-coating-aluminium-process\/\" target=\"_blank\">powder coating aluminium<\/a><\/li>\r\r\n<li><a href=\"https:\/\/sinoextrud.com\/what-is-an-aluminium-strip-ceiling\/\" target=\"_blank\">aluminium strip ceiling<\/a><\/li>\r\r\n<li><a href=\"https:\/\/sinoextrud.com\/what-is-a-heat-sink\/\" target=\"_blank\">what is a heat sink<\/a><\/li>\r\r\n<\/ul>","product_chanpin_chanpin":"<li><a href=\"https:\/\/sinoextrud.com\/product\/custom-large-diameter-extruded-aluminum-pipe\/\" target=\"_blank\">Custom Large Diameter Extruded Aluminum Pipe<\/a><\/li>\r\n<li><a href=\"https:\/\/sinoextrud.com\/product\/china-aluminum-extrusion-6061-6063-anodized-aluminum-pipe\/\" target=\"_blank\">China Aluminum Extrusion 6061 6063 Anodized Aluminum Pipe<\/a><\/li>\r\n<li><a href=\"https:\/\/sinoextrud.com\/product\/anodized-aluminum-tubes\/\" target=\"_blank\">Anodized Aluminum Tubes<\/a><\/li>\r\n<li><a href=\"https:\/\/sinoextrud.com\/product\/6061-oval-aluminum-tubing\/\" target=\"_blank\">6061 Oval Aluminum Tubing<\/a><\/li>\r\n<li><a href=\"https:\/\/sinoextrud.com\/product\/extruded-aluminum-rectangular-tubing\/\" target=\"_blank\">Extruded Aluminum Rectangular Tubing<\/a><\/li>\r\n<li><a href=\"https:\/\/sinoextrud.com\/product\/power-coating-standard-aluminium-profiles\/\" target=\"_blank\">Power Coating Standard Aluminium Profiles<\/a><\/li>\r\n<li><a href=\"https:\/\/sinoextrud.com\/product\/aluminum-tube-coated-powder-price-per-kg-for-lowes-aluminum-pipe-fence-china\/\" target=\"_blank\">aluminum tube coated powder price per kg for lowes aluminum pipe fence china<\/a><\/li>\r\n<li><a href=\"https:\/\/sinoextrud.com\/product\/powder-coated-aluminium-extrusion\/\" target=\"_blank\">Powder Coated Aluminium Extrusion<\/a><\/li>\r\n<li><a href=\"https:\/\/sinoextrud.com\/product\/aluminium-extrusion-profile-with-pvdf-coating\/\" target=\"_blank\">Aluminium Extrusion Profile With PVDF Coating<\/a><\/li>\r\n<li><a href=\"https:\/\/sinoextrud.com\/product\/aluminium-gate-fence\/\" target=\"_blank\">Aluminium gate fence<\/a><\/li>\r\n<li><a href=\"https:\/\/sinoextrud.com\/product\/round-aluminum-tube\/\" target=\"_blank\">Round Aluminum Tube<\/a><\/li>"},"feature_list":[]},"_links":{"self":[{"href":"https:\/\/sinoextrud.com\/fr\/wp-json\/wp\/v2\/product\/6484","targetHints":{"allow":["GET"]}}],"collection":[{"href":"https:\/\/sinoextrud.com\/fr\/wp-json\/wp\/v2\/product"}],"about":[{"href":"https:\/\/sinoextrud.com\/fr\/wp-json\/wp\/v2\/types\/product"}],"wp:featuredmedia":[{"embeddable":true,"href":"https:\/\/sinoextrud.com\/fr\/wp-json\/wp\/v2\/media\/6483"}],"wp:attachment":[{"href":"https:\/\/sinoextrud.com\/fr\/wp-json\/wp\/v2\/media?parent=6484"}],"wp:term":[{"taxonomy":"category","embeddable":true,"href":"https:\/\/sinoextrud.com\/fr\/wp-json\/wp\/v2\/categories?post=6484"}],"curies":[{"name":"wp","href":"https:\/\/api.w.org\/{rel}","templated":true}]}}