{"id":6470,"date":"2025-05-29T02:44:34","date_gmt":"2025-05-29T02:44:34","guid":{"rendered":"https:\/\/sinoextrud.com\/product\/6063-aluminum-pipe-fire-hydrant-aluminum-profile\/"},"modified":"2025-06-24T06:10:58","modified_gmt":"2025-06-24T06:10:58","slug":"6063-aluminium-pipe-fire-hydrant-aluminum-profile","status":"publish","type":"product","link":"https:\/\/sinoextrud.com\/fr\/product\/6063-aluminum-pipe-fire-hydrant-aluminum-profile\/","title":{"rendered":"6063 Aluminium Pipe Fire Hydrant Aluminum Profile"},"content":{"rendered":"<h2>D\u00e9tails des produits<\/h2>\n<table class=\"custom-table\">\n<tr>\n<td class=\"label\">Objet<\/td>\n<td>6063 aluminium pipe fire hydrant aluminum profile<\/td>\n<\/tr>\n<tr>\n<td class=\"label\">Temp\u00e9rer<\/td>\n<td>T3-T8<\/td>\n<\/tr>\n<tr>\n<td class=\"label\">D\u00e9roulement du processus<\/td>\n<td>D\u00e9veloppement de moules - Billets d'aluminium - Chauffage - Moulage d'aluminium brut - Rev\u00eatement par poudre anodis\u00e9e<\/td>\n<\/tr>\n<tr>\n<td class=\"label\">Certification<\/td>\n<td>CE, ISO, SGS, TUV<\/td>\n<\/tr>\n<tr>\n<td class=\"label\">Application<\/td>\n<td>La construction<\/td>\n<\/tr>\n<tr>\n<td class=\"label\">Forme<\/td>\n<td>Rond<\/td>\n<\/tr>\n<tr>\n<td class=\"label\">Traitement de surface<\/td>\n<td>Finition en usine, anodisation, rev\u00eatement en poudre, sablage, \u00e9lectrophor\u00e8se, brossage, polissage, etc.<\/td>\n<\/tr>\n<tr>\n<td class=\"label\">Couleur<\/td>\n<td>Sur la base des demandes des clients<\/td>\n<\/tr>\n<tr>\n<td class=\"label\">Traitement en profondeur<\/td>\n<td>D\u00e9coupage, per\u00e7age, usinage, poin\u00e7onnage, pliage, taraudage, etc.<\/td>\n<\/tr>\n<tr>\n<td class=\"label\">Garantie<\/td>\n<td>ISO:9001, SONCAP, certificat BV, TUV, SGS, ou certificat du client disponible<\/td>\n<\/tr>\n<tr>\n<td class=\"label\">MOQ<\/td>\n<td>200KG pour chaque profil<\/td>\n<\/tr>\n<tr>\n<td class=\"label\">D\u00e9lai de livraison<\/td>\n<td>Le d\u00e9veloppement du moule et la conformation de l'\u00e9chantillon prennent 12 \u00e0 15 jours, puis la dur\u00e9e de production est de 15 \u00e0 25 jours apr\u00e8s r\u00e9ception de l'acompte de l'acheteur.<\/td>\n<\/tr>\n<tr>\n<td class=\"label\">\u00c9chantillon gratuit<\/td>\n<td>L'envoi peut \u00eatre effectu\u00e9 dans un d\u00e9lai de 1 \u00e0 3 jours<\/td>\n<\/tr>\n<\/table>\n<h2>Notre base de production<\/h2>\n<h3>Panorama de l'usine<\/h3>\n<p><img decoding=\"async\" src=\"\/wp-content\/uploads\/factory-01.webp\"\/><\/p>\n<h3>Atelier de fabrication de barres d'aluminium<\/h3>\n<p><img decoding=\"async\" src=\"\/wp-content\/uploads\/factory-02.webp\"\/><\/p>\n<p><img decoding=\"async\" src=\"\/wp-content\/uploads\/factory-03.webp\"\/><\/p>\n<h3>Entrep\u00f4t de stockage des moules<\/h3>\n<p><img decoding=\"async\" src=\"\/wp-content\/uploads\/factory-04.webp\"\/><\/p>\n<h3>43 lignes d'extrusion d'aluminium (500-5500 tonnes)<\/h3>\n<p><img decoding=\"async\" src=\"\/wp-content\/uploads\/factory-05.webp\"\/><\/p>\n<p><img decoding=\"async\" src=\"\/wp-content\/uploads\/factory-06.webp\"\/><\/p>\n<p><img decoding=\"async\" src=\"\/wp-content\/uploads\/factory-07.webp\"\/><\/p>\n<h3>Atelier de peinture en poudre<\/h3>\n<p><img decoding=\"async\" src=\"\/wp-content\/uploads\/factory-09.webp\"\/><\/p>\n<h3>Atelier d'anodisation<\/h3>\n<p><img decoding=\"async\" src=\"\/wp-content\/uploads\/factory-10.webp\"\/><\/p>\n<h3>Atelier sur le traitement en profondeur<\/h3>\n<p><img decoding=\"async\" src=\"\/wp-content\/uploads\/factory-11.webp\"\/><\/p>\n<h3>Atelier d'usinage de pr\u00e9cision CNC<\/h3>\n<p><img decoding=\"async\" src=\"\/wp-content\/uploads\/factory-11.5.webp\"\/><\/p>\n<h3>Entrep\u00f4t de produits finis et d'exportation<\/h3>\n<p><img decoding=\"async\" src=\"\/wp-content\/uploads\/factory-12.webp\"\/><\/p>\n<p><img decoding=\"async\" src=\"\/wp-content\/uploads\/factory-13.webp\"\/><\/p>\n<p><img decoding=\"async\" src=\"\/wp-content\/uploads\/factory-14.webp\"\/><\/p>\n<h2>FAQ<\/h2>\n<p><p><b>1. \u00e0 quoi sert un profil\u00e9 en aluminium 6063 pour tuyau de bouche d'incendie ?<\/b><\/p>\n<p>Le profil\u00e9 en aluminium 6063 pour bouches d'incendie est utilis\u00e9 dans les syst\u00e8mes de protection contre les incendies pour fournir des tuyaux et des raccords l\u00e9gers et r\u00e9sistants \u00e0 la corrosion pour les assemblages de bouches d'incendie.<br \/>\n<\/p><br \/>\n<br \/>\n<p><b>2) Quels sont les principaux avantages de l'alliage d'aluminium 6063 pour les profils de bouches d'incendie ?<\/b><\/p>\n<p>L'alliage d'aluminium 6063 offre une excellente r\u00e9sistance \u00e0 la corrosion, une bonne soudabilit\u00e9 et une finition de surface lisse, garantissant des performances fiables et une grande long\u00e9vit\u00e9 dans les applications de bouches d'incendie.<br \/>\n<\/p><br \/>\n<br \/>\n<p><b>3) Pourquoi choisir un profil\u00e9 en aluminium pour bouches d'incendie plut\u00f4t que des raccords en acier traditionnels ?<\/b><\/p>\n<p>Les profil\u00e9s en aluminium des bouches d'incendie sont plus l\u00e9gers, plus r\u00e9sistants \u00e0 la rouille et plus faciles \u00e0 installer que l'acier, ce qui r\u00e9duit les co\u00fbts de main-d'\u0153uvre et de maintenance dans les environnements corrosifs.<br \/>\n<\/p><br \/>\n<br \/>\n<p><b>4. le profil des bouches d'incendie en aluminium 6063 peut-il \u00eatre personnalis\u00e9 ?<\/b><\/p>\n<p>Oui, les fabricants peuvent adapter le profil des tuyaux et des bouches d'incendie en aluminium 6063 en termes de diam\u00e8tre, d'\u00e9paisseur de paroi, de longueur et de type de connexion pour r\u00e9pondre \u00e0 des normes sp\u00e9cifiques de protection contre l'incendie.<br \/>\n<\/p><br \/>\n<br \/>\n<p><b>5. En quoi le profil de la bouche d'incendie en aluminium 6063 am\u00e9liore-t-il la s\u00e9curit\u00e9 du syst\u00e8me ?<\/b><\/p>\n<p>Le rapport r\u00e9sistance\/poids \u00e9lev\u00e9 et la r\u00e9sistance \u00e0 la corrosion de l'aluminium 6063 garantissent des joints \u00e9tanches et des performances durables sous haute pression et dans des conditions d'urgence.<br \/>\n<\/p><br \/>\n<br \/>\n<p><b>6. Quels sont les traitements de surface disponibles pour les profils de bouches d'incendie en aluminium 6063 ?<\/b><\/p>\n<p>Les traitements courants comprennent l'anodisation claire ou color\u00e9e et le rev\u00eatement par poudre pour am\u00e9liorer la protection contre la corrosion, la r\u00e9sistance aux UV et l'identification visuelle.<br \/>\n<\/p><br \/>\n<br \/>\n<p><b>7) Comment l'utilisation d'un profil\u00e9 de bouche d'incendie en aluminium 6063 contribue-t-elle \u00e0 la construction durable ?<\/b><\/p>\n<p>L'aluminium est 100% recyclable et sa production est \u00e9conome en \u00e9nergie. L'utilisation de profil\u00e9s de bouches d'incendie 6063 r\u00e9duit les d\u00e9chets de mat\u00e9riaux et prolonge la dur\u00e9e de vie du syst\u00e8me.<br \/>\n<\/p><br \/><\/p>","protected":false},"featured_media":6469,"template":"","categories":[60],"class_list":["post-6470","product","type-product","status-publish","has-post-thumbnail","hentry","category-general-tubes-and-bars"],"meta_box":{"hilight_text_group":{"product_hilight_text":"<li>Made from durable 6063 aluminum alloy with excellent corrosion resistance<\/li>\r\r\n<li>Specifically designed for fire hydrant applications ensuring safety and reliability<\/li>\r\r\n<li>Lightweight yet strong for easy installation and long service life<\/li>\r\r\n<li>Precision extrusion provides consistent dimensions and smooth surface finish<\/li>\r\r\n<li>Supports custom sizes and bulk orders for large-scale projects<\/li>","product_chanpin_blog":"<ul>\r\r\n<li><a href=\"https:\/\/sinoextrud.com\/t-slot-v-slot-differences\/\" target=\"_blank\">t slot vs v slot<\/a><\/li>\r\r\n<li><a href=\"https:\/\/sinoextrud.com\/what-is-4040-aluminium-extrud\/\" target=\"_blank\">4040 aluminium extrusion<\/a><\/li>\r\r\n<li><a href=\"https:\/\/sinoextrud.com\/what-is-4040-aluminium-extrud\/\" target=\"_blank\">aluminum extrusions for industrial racks<\/a><\/li>\r\r\n<li><a href=\"https:\/\/sinoextrud.com\/powder-coating-aluminium-process\/\" target=\"_blank\">powder coating aluminium<\/a><\/li>\r\r\n<li><a href=\"https:\/\/sinoextrud.com\/what-is-an-aluminium-strip-ceiling\/\" target=\"_blank\">aluminium strip ceiling<\/a><\/li>\r\r\n<li><a href=\"https:\/\/sinoextrud.com\/what-is-a-heat-sink\/\" target=\"_blank\">what is a heat sink<\/a><\/li>\r\r\n<\/ul>","product_chanpin_chanpin":"<li><a href=\"https:\/\/sinoextrud.com\/product\/40-x-40-aluminium-extrusion\/\" target=\"_blank\">40 X 40 Aluminium Extrusion<\/a><\/li>\r\n<li><a href=\"https:\/\/sinoextrud.com\/product\/aluminium-bars\/\" target=\"_blank\">Aluminium Bars<\/a><\/li>\r\n<li><a href=\"https:\/\/sinoextrud.com\/product\/3003-aluminum-tube-and-pipe\/\" target=\"_blank\">3003 Aluminum Tube And Pipe<\/a><\/li>\r\n<li><a href=\"https:\/\/sinoextrud.com\/product\/triangle-champagne-aluminum-extruded-tube\/\" target=\"_blank\">Triangle Champagne Aluminum Extruded Tube<\/a><\/li>\r\n<li><a href=\"https:\/\/sinoextrud.com\/product\/6063-aluminum-pipe-fire-hydrant-aluminum-profile\/\" target=\"_blank\">6063 Aluminum Pipe Fire Hydrant Aluminum Profile<\/a><\/li>\r\n<li><a href=\"https:\/\/sinoextrud.com\/product\/aluminum-extrusion-electrophoresis-aluminum-tube\/\" target=\"_blank\">Aluminum Extrusion Electrophoresis Aluminum Tube<\/a><\/li>\r\n<li><a href=\"https:\/\/sinoextrud.com\/product\/aluminum-square-tube-powder-coating-6063-t5-extruded-profiles\/\" target=\"_blank\">aluminum square tube powder coating 6063 t5 extruded profiles<\/a><\/li>\r\n<li><a href=\"https:\/\/sinoextrud.com\/product\/custom-large-diameter-extruded-aluminum-pipe\/\" target=\"_blank\">Custom Large Diameter Extruded Aluminum Pipe<\/a><\/li>\r\n<li><a href=\"https:\/\/sinoextrud.com\/product\/china-aluminum-extrusion-6061-6063-anodized-aluminum-pipe\/\" target=\"_blank\">China Aluminum Extrusion 6061 6063 Anodized Aluminum Pipe<\/a><\/li>\r\n<li><a href=\"https:\/\/sinoextrud.com\/product\/aluminum-oval-tubing-with-competitive-price\/\" target=\"_blank\">Aluminum Oval Tubing With Competitive Price<\/a><\/li>\r\n<li><a href=\"https:\/\/sinoextrud.com\/product\/custom-cnc-machined-7075-aluminum-extrusion\/\" target=\"_blank\">Custom CNC Machined 7075 Aluminum Extrusion<\/a><\/li>"},"feature_list":[]},"_links":{"self":[{"href":"https:\/\/sinoextrud.com\/fr\/wp-json\/wp\/v2\/product\/6470","targetHints":{"allow":["GET"]}}],"collection":[{"href":"https:\/\/sinoextrud.com\/fr\/wp-json\/wp\/v2\/product"}],"about":[{"href":"https:\/\/sinoextrud.com\/fr\/wp-json\/wp\/v2\/types\/product"}],"wp:featuredmedia":[{"embeddable":true,"href":"https:\/\/sinoextrud.com\/fr\/wp-json\/wp\/v2\/media\/6469"}],"wp:attachment":[{"href":"https:\/\/sinoextrud.com\/fr\/wp-json\/wp\/v2\/media?parent=6470"}],"wp:term":[{"taxonomy":"category","embeddable":true,"href":"https:\/\/sinoextrud.com\/fr\/wp-json\/wp\/v2\/categories?post=6470"}],"curies":[{"name":"wp","href":"https:\/\/api.w.org\/{rel}","templated":true}]}}