{"id":6468,"date":"2025-05-29T02:40:05","date_gmt":"2025-05-29T02:40:05","guid":{"rendered":"https:\/\/sinoextrud.com\/product\/triangle-champagne-aluminum-extruded-tube\/"},"modified":"2025-06-24T06:10:57","modified_gmt":"2025-06-24T06:10:57","slug":"triangle-champagne-tube-extrude-en-aluminium","status":"publish","type":"product","link":"https:\/\/sinoextrud.com\/fr\/product\/triangle-champagne-aluminum-extruded-tube\/","title":{"rendered":"Triangle Champagne Tube extrud\u00e9 en aluminium"},"content":{"rendered":"<h2>D\u00e9tails des produits<\/h2>\n<table class=\"custom-table\">\n<tr>\n<td class=\"label\">Titre<\/td>\n<td>Tube extrud\u00e9 en aluminium, Triangle Champagne Tube extrud\u00e9 en aluminium<\/td>\n<\/tr>\n<tr>\n<td class=\"label\">Cat\u00e9gorie<\/td>\n<td>Profil\u00e9 en aluminium<\/td>\n<\/tr>\n<tr>\n<td class=\"label\">Mat\u00e9riau<\/td>\n<td>Alliage d'aluminium (6063, 6061, 6464, 6082)<\/td>\n<\/tr>\n<tr>\n<td class=\"label\">Temp\u00e9rer<\/td>\n<td>T5<\/td>\n<\/tr>\n<tr>\n<td class=\"label\">Taille<\/td>\n<td>La longueur est comprise entre 1 et 9 m\u00e8tres ou \u00e0 la demande du client.<\/td>\n<\/tr>\n<tr>\n<td class=\"label\">Forme<\/td>\n<td>Triangle ou extrud\u00e9 selon le dessin du client<\/td>\n<\/tr>\n<tr>\n<td class=\"label\">Traitement de surface<\/td>\n<td>Anodisation, sablage, polissage, \u00e9lectrophor\u00e8se, rev\u00eatement \u00e9lectrique<\/td>\n<\/tr>\n<tr>\n<td class=\"label\">Couleur<\/td>\n<td>Le champagne et le sur mesure sont disponibles<\/td>\n<\/tr>\n<tr>\n<td class=\"label\">Certificat<\/td>\n<td>TUV, ASTM, GB<\/td>\n<\/tr>\n<tr>\n<td class=\"label\">De<\/td>\n<td>Guangdong, Chine<\/td>\n<\/tr>\n<\/table>\n<h2>Notre base de production<\/h2>\n<h3>Panorama de l'usine<\/h3>\n<p><img decoding=\"async\" src=\"\/wp-content\/uploads\/factory-01.webp\"\/><\/p>\n<h3>Atelier de fabrication de barres d'aluminium<\/h3>\n<p><img decoding=\"async\" src=\"\/wp-content\/uploads\/factory-02.webp\"\/><\/p>\n<p><img decoding=\"async\" src=\"\/wp-content\/uploads\/factory-03.webp\"\/><\/p>\n<h3>Entrep\u00f4t de stockage des moules<\/h3>\n<p><img decoding=\"async\" src=\"\/wp-content\/uploads\/factory-04.webp\"\/><\/p>\n<h3>43 lignes d'extrusion d'aluminium (500-5500 tonnes)<\/h3>\n<p><img decoding=\"async\" src=\"\/wp-content\/uploads\/factory-05.webp\"\/><\/p>\n<p><img decoding=\"async\" src=\"\/wp-content\/uploads\/factory-06.webp\"\/><\/p>\n<p><img decoding=\"async\" src=\"\/wp-content\/uploads\/factory-07.webp\"\/><\/p>\n<h3>Atelier de peinture en poudre<\/h3>\n<p><img decoding=\"async\" src=\"\/wp-content\/uploads\/factory-09.webp\"\/><\/p>\n<h3>Atelier d'anodisation<\/h3>\n<p><img decoding=\"async\" src=\"\/wp-content\/uploads\/factory-10.webp\"\/><\/p>\n<h3>Atelier sur le traitement en profondeur<\/h3>\n<p><img decoding=\"async\" src=\"\/wp-content\/uploads\/factory-11.webp\"\/><\/p>\n<h3>Atelier d'usinage de pr\u00e9cision CNC<\/h3>\n<p><img decoding=\"async\" src=\"\/wp-content\/uploads\/factory-11.5.webp\"\/><\/p>\n<h3>Entrep\u00f4t de produits finis et d'exportation<\/h3>\n<p><img decoding=\"async\" src=\"\/wp-content\/uploads\/factory-12.webp\"\/><\/p>\n<p><img decoding=\"async\" src=\"\/wp-content\/uploads\/factory-13.webp\"\/><\/p>\n<p><img decoding=\"async\" src=\"\/wp-content\/uploads\/factory-14.webp\"\/><\/p>\n<h2>FAQ<\/h2>\n<p><p><b>1) \u00c0 quoi sert un tube extrud\u00e9 en aluminium Triangle Champagne ?<\/b><\/p>\n<p>Les tubes extrud\u00e9s en aluminium Triangle Champagne sont utilis\u00e9s dans les garnitures d\u00e9coratives, les accents architecturaux, les pr\u00e9sentoirs et les applications d'\u00e9clairage pour leur forme unique et leur finition \u00e9l\u00e9gante.<br \/>\n<\/p><br \/>\n<br \/>\n<p><b>2) Quels sont les principaux avantages d'un tube extrud\u00e9 en aluminium Triangle Champagne ?<\/b><\/p>\n<p>Les tubes extrud\u00e9s en aluminium Triangle Champagne offrent un rapport r\u00e9sistance\/poids \u00e9lev\u00e9, une r\u00e9sistance \u00e0 la corrosion et une finition anodis\u00e9e champagne de premi\u00e8re qualit\u00e9 pour la durabilit\u00e9 et l'esth\u00e9tique.<br \/>\n<\/p><br \/>\n<br \/>\n<p><b>3) Pourquoi choisir un tube extrud\u00e9 en aluminium Triangle Champagne plut\u00f4t qu'un profil\u00e9 standard ?<\/b><\/p>\n<p>Par rapport aux profil\u00e9s standard, les tubes extrud\u00e9s en aluminium Triangle Champagne offrent une g\u00e9om\u00e9trie distinctive, une meilleure r\u00e9partition des charges et un aspect haut de gamme avec un minimum d'entretien.<br \/>\n<\/p><br \/>\n<br \/>\n<p><b>4. Les tubes extrud\u00e9s en aluminium Triangle Champagne peuvent-ils \u00eatre personnalis\u00e9s ?<\/b><\/p>\n<p>Oui, les tubes extrud\u00e9s en aluminium Triangle Champagne peuvent \u00eatre adapt\u00e9s en termes de longueur, d'\u00e9paisseur de paroi, de nuance d'alliage et de traitement de surface pour r\u00e9pondre \u00e0 des exigences sp\u00e9cifiques en mati\u00e8re de conception et de structure.<br \/>\n<\/p><br \/>\n<br \/>\n<p><b>5) Quels sont les traitements de surface disponibles pour les tubes extrud\u00e9s en aluminium Triangle Champagne ?<\/b><\/p>\n<p>Les traitements de surface courants comprennent l'anodisation champagne, le rev\u00eatement par poudre dans des teintes personnalis\u00e9es et la finition claire pour am\u00e9liorer la protection contre la corrosion et l'attrait visuel.<br \/>\n<\/p><br \/>\n<br \/>\n<p><b>6. Les tubes extrud\u00e9s en aluminium Triangle Champagne conviennent-ils \u00e0 une utilisation en ext\u00e9rieur ?<\/b><\/p>\n<p>Oui, avec un rev\u00eatement anodis\u00e9 champagne robuste, les tubes extrud\u00e9s en aluminium Triangle Champagne r\u00e9sistent \u00e0 l'exposition aux UV, \u00e0 l'humidit\u00e9 et aux intemp\u00e9ries, ce qui les rend id\u00e9aux pour les installations ext\u00e9rieures.<br \/>\n<\/p><br \/>\n<br \/>\n<p><b>7) Comment la finition anodis\u00e9e champagne am\u00e9liore-t-elle les tubes extrud\u00e9s en aluminium Triangle ?<\/b><\/p>\n<p>La finition anodis\u00e9e champagne des tubes extrud\u00e9s en aluminium Triangle augmente la duret\u00e9 de la surface, r\u00e9siste aux rayures et offre une couleur uniforme et durable pour les applications haut de gamme.<br \/>\n<\/p><br \/>\n<br \/>\n<p><b>8) Quelles sont les industries qui b\u00e9n\u00e9ficient le plus des tubes extrud\u00e9s en aluminium de Triangle Champagne ?<\/b><\/p>\n<p>Les cabinets d'architectes, les fabricants de pr\u00e9sentoirs de vente au d\u00e9tail, les concepteurs d'\u00e9clairage et les d\u00e9corateurs d'int\u00e9rieur utilisent les tubes extrud\u00e9s en aluminium Triangle Champagne pour leur m\u00e9lange de forme, de fonction et de finition luxueuse.<br \/>\n<\/p><br \/><\/p>","protected":false},"featured_media":6467,"template":"","categories":[60],"class_list":["post-6468","product","type-product","status-publish","has-post-thumbnail","hentry","category-general-tubes-and-bars"],"meta_box":{"hilight_text_group":{"product_hilight_text":"<li>Elegant champagne finish enhances aesthetic appeal for premium projects<\/li>\r\r\n<li>Unique triangle shape offers superior structural stability<\/li>\r\r\n<li>Made from high-quality aluminum alloy with excellent corrosion resistance<\/li>\r\r\n<li>Lightweight and easy to machine for versatile applications<\/li>\r\r\n<li>Supports custom sizes and bulk orders with reliable supply<\/li>","product_chanpin_blog":"<ul>\r\r\n<li><a href=\"https:\/\/sinoextrud.com\/t-slot-v-slot-differences\/\" target=\"_blank\">t slot vs v slot<\/a><\/li>\r\r\n<li><a href=\"https:\/\/sinoextrud.com\/what-is-4040-aluminium-extrud\/\" target=\"_blank\">4040 aluminium extrusion<\/a><\/li>\r\r\n<li><a href=\"https:\/\/sinoextrud.com\/what-is-4040-aluminium-extrud\/\" target=\"_blank\">aluminum extrusions for industrial racks<\/a><\/li>\r\r\n<li><a href=\"https:\/\/sinoextrud.com\/powder-coating-aluminium-process\/\" target=\"_blank\">powder coating aluminium<\/a><\/li>\r\r\n<li><a href=\"https:\/\/sinoextrud.com\/what-is-an-aluminium-strip-ceiling\/\" target=\"_blank\">aluminium strip ceiling<\/a><\/li>\r\r\n<li><a href=\"https:\/\/sinoextrud.com\/what-is-a-heat-sink\/\" target=\"_blank\">what is a heat sink<\/a><\/li>\r\r\n<\/ul>","product_chanpin_chanpin":"<li><a href=\"https:\/\/sinoextrud.com\/product\/u-shaped-aluminum-extrusion\/\" target=\"_blank\">U Shaped Aluminum Extrusion<\/a><\/li>\r\n<li><a href=\"https:\/\/sinoextrud.com\/product\/40-x-40-aluminium-extrusion\/\" target=\"_blank\">40 X 40 Aluminium Extrusion<\/a><\/li>\r\n<li><a href=\"https:\/\/sinoextrud.com\/product\/aluminium-bars\/\" target=\"_blank\">Aluminium Bars<\/a><\/li>\r\n<li><a href=\"https:\/\/sinoextrud.com\/product\/3003-aluminum-tube-and-pipe\/\" target=\"_blank\">3003 Aluminum Tube And Pipe<\/a><\/li>\r\n<li><a href=\"https:\/\/sinoextrud.com\/product\/triangle-champagne-aluminum-extruded-tube\/\" target=\"_blank\">Triangle Champagne Aluminum Extruded Tube<\/a><\/li>\r\n<li><a href=\"https:\/\/sinoextrud.com\/product\/6063-aluminum-pipe-fire-hydrant-aluminum-profile\/\" target=\"_blank\">6063 Aluminum Pipe Fire Hydrant Aluminum Profile<\/a><\/li>\r\n<li><a href=\"https:\/\/sinoextrud.com\/product\/aluminum-extrusion-electrophoresis-aluminum-tube\/\" target=\"_blank\">Aluminum Extrusion Electrophoresis Aluminum Tube<\/a><\/li>\r\n<li><a href=\"https:\/\/sinoextrud.com\/product\/aluminum-square-tube-powder-coating-6063-t5-extruded-profiles\/\" target=\"_blank\">aluminum square tube powder coating 6063 t5 extruded profiles<\/a><\/li>\r\n<li><a href=\"https:\/\/sinoextrud.com\/product\/custom-large-diameter-extruded-aluminum-pipe\/\" target=\"_blank\">Custom Large Diameter Extruded Aluminum Pipe<\/a><\/li>\r\n<li><a href=\"https:\/\/sinoextrud.com\/product\/profile-aluminum-cnc\/\" target=\"_blank\">Profile Aluminum CNC<\/a><\/li>\r\n<li><a href=\"https:\/\/sinoextrud.com\/product\/made-extrusion-square-tube-aluminium-profiles-in-stock\/\" target=\"_blank\">Made Extrusion Square Tube Aluminium Profiles in Stock<\/a><\/li>"},"feature_list":[]},"_links":{"self":[{"href":"https:\/\/sinoextrud.com\/fr\/wp-json\/wp\/v2\/product\/6468","targetHints":{"allow":["GET"]}}],"collection":[{"href":"https:\/\/sinoextrud.com\/fr\/wp-json\/wp\/v2\/product"}],"about":[{"href":"https:\/\/sinoextrud.com\/fr\/wp-json\/wp\/v2\/types\/product"}],"wp:featuredmedia":[{"embeddable":true,"href":"https:\/\/sinoextrud.com\/fr\/wp-json\/wp\/v2\/media\/6467"}],"wp:attachment":[{"href":"https:\/\/sinoextrud.com\/fr\/wp-json\/wp\/v2\/media?parent=6468"}],"wp:term":[{"taxonomy":"category","embeddable":true,"href":"https:\/\/sinoextrud.com\/fr\/wp-json\/wp\/v2\/categories?post=6468"}],"curies":[{"name":"wp","href":"https:\/\/api.w.org\/{rel}","templated":true}]}}