{"id":6464,"date":"2025-05-29T02:33:57","date_gmt":"2025-05-29T02:33:57","guid":{"rendered":"https:\/\/sinoextrud.com\/product\/aluminium-bars\/"},"modified":"2025-06-24T06:10:57","modified_gmt":"2025-06-24T06:10:57","slug":"barres-daluminium","status":"publish","type":"product","link":"https:\/\/sinoextrud.com\/fr\/product\/aluminium-bars\/","title":{"rendered":"Barres en aluminium"},"content":{"rendered":"<h2>D\u00e9tails des produits<\/h2>\n<table class=\"custom-table\">\n<tr>\n<td class=\"label\">Objet<\/td>\n<td>Tube en aluminium, tube en aluminium, profil de tube rond en aluminium, profil de tube carr\u00e9 en aluminium, tube triangulaire en aluminium, barres en aluminium<\/td>\n<\/tr>\n<tr>\n<td class=\"label\">Mat\u00e9riau<\/td>\n<td>S\u00e9rie 6000Aluminium<\/td>\n<\/tr>\n<tr>\n<td class=\"label\">Temp\u00e9rer<\/td>\n<td>T4,T5,T6<\/td>\n<\/tr>\n<tr>\n<td class=\"label\">Taille\/\u00c9paisseur<\/td>\n<td>Profil g\u00e9n\u00e9ral : \u00e9paisseur de 0,8 \u00e0 5,0 mm, longueur de 1 \u00e0 9 m ou sur mesure ; film de protection anodis\u00e9 : \u00e9paisseur de 8 \u00e0 20 mm, rev\u00eatement en poudre de 40 \u00e0 120 mm.<\/td>\n<\/tr>\n<tr>\n<td class=\"label\">Forme<\/td>\n<td>carr\u00e9, rond, rectangulaire, triangle, personnalis\u00e9<\/td>\n<\/tr>\n<tr>\n<td class=\"label\">Application<\/td>\n<td>Ameublement, fen\u00eatres et portes, d\u00e9corations, industrie, construction et bient\u00f4t<\/td>\n<\/tr>\n<tr>\n<td class=\"label\">Traitement de surface<\/td>\n<td>peinture en poudre, anodisation, grain de bois, \u00e9lectrophor\u00e8se, brossage, polissage et bient\u00f4t.<\/td>\n<\/tr>\n<tr>\n<td class=\"label\">MOQ<\/td>\n<td>200KG pour chaque article<\/td>\n<\/tr>\n<tr>\n<td class=\"label\">D\u00e9tails de l'emballage<\/td>\n<td>(1) Int\u00e9rieur : emball\u00e9 avec un film plastique protecteur pour prot\u00e9ger chaque pi\u00e8ce.<\/td>\n<\/tr>\n<tr>\n<td class=\"label\"><\/td>\n<td>(2)Ext\u00e9rieur:Envelopperlesfardeauxdansdupapier d'emballage imperm\u00e9able \u00e0 l'eau<\/td>\n<\/tr>\n<tr>\n<td class=\"label\">D\u00e9lai de livraison<\/td>\n<td>(1) Mise au point de la matrice et test des \u00e9chantillons : 10-15 jours.<\/td>\n<\/tr>\n<tr>\n<td class=\"label\"><\/td>\n<td>(2) Production de masse : 20-30 jours apr\u00e8s confirmation de l'\u00e9chantillon par l'acheteur.<\/td>\n<\/tr>\n<tr>\n<td class=\"label\">FOBPort<\/td>\n<td>Guangzhou, Foshan, Shenzhen<\/td>\n<\/tr>\n<tr>\n<td class=\"label\">conditions de paiement<\/td>\n<td>T\/T,30%downment paymentwhilebalanceshallbepaidoffbeforelivery<\/td>\n<\/tr>\n<tr>\n<td class=\"label\">r\u00e8glement du litige<\/td>\n<td>Facturer en fonction du poids r\u00e9el final ou en fonction du poids th\u00e9orique.<\/td>\n<\/tr>\n<tr>\n<td class=\"label\">capacit\u00e9 de production<\/td>\n<td>2400-3000Metrictonespermonth<\/td>\n<\/tr>\n<tr>\n<td class=\"label\">Traitement<\/td>\n<td>Demande de renseignements - \u00e9chantillon ou dessin CAO (fourni par le client) - dessin CAO (de notre soci\u00e9t\u00e9) - confirmation du dessin - fabrication de moules - \u00e9chantillon - production de masse - inspection - livraison<\/td>\n<\/tr>\n<tr>\n<td class=\"label\">Certification disponible :<\/td>\n<td>ISO:9001, SONCAP, certificat BVC ou certificat du client disponibles<\/td>\n<\/tr>\n<tr>\n<td class=\"label\">Garantie<\/td>\n<td>La couleur de surface peut rester stable pendant 10~20 ans en utilisation int\u00e9rieure.<\/td>\n<\/tr>\n<\/table>\n<h2>Notre base de production<\/h2>\n<h3>Panorama de l'usine<\/h3>\n<p><img decoding=\"async\" src=\"\/wp-content\/uploads\/factory-01.webp\"\/><\/p>\n<h3>Atelier de fabrication de barres d'aluminium<\/h3>\n<p><img decoding=\"async\" src=\"\/wp-content\/uploads\/factory-02.webp\"\/><\/p>\n<\/p>\n<p><img decoding=\"async\" src=\"\/wp-content\/uploads\/factory-03.webp\"\/><\/p>\n<h3>Entrep\u00f4t de stockage des moules<\/h3>\n<p><img decoding=\"async\" src=\"\/wp-content\/uploads\/factory-04.webp\"\/><\/p>\n<h3>43 lignes d'extrusion d'aluminium (500 \u00e0 5500 tonnes)<\/h3>\n<p><img decoding=\"async\" src=\"\/wp-content\/uploads\/factory-05.webp\"\/><\/p>\n<p><img decoding=\"async\" src=\"\/wp-content\/uploads\/factory-06.webp\"\/><\/p>\n<p><img decoding=\"async\" src=\"\/wp-content\/uploads\/factory-07.webp\"\/><\/p>\n<h3>Atelier de peinture en poudre<\/h3>\n<p><img decoding=\"async\" src=\"\/wp-content\/uploads\/factory-09.webp\"\/><\/p>\n<h3>Atelier d'anodisation<\/h3>\n<p><img decoding=\"async\" src=\"\/wp-content\/uploads\/factory-10.webp\"\/><\/p>\n<h3>Atelier sur le traitement en profondeur<\/h3>\n<p><img decoding=\"async\" src=\"\/wp-content\/uploads\/factory-11.webp\"\/><\/p>\n<h3>Atelier d'usinage de pr\u00e9cision CNC<\/h3>\n<p><img decoding=\"async\" src=\"\/wp-content\/uploads\/factory-11.5.webp\"\/><\/p>\n<h3>Entrep\u00f4t de produits finis et d'exportation<\/h3>\n<p><img decoding=\"async\" src=\"\/wp-content\/uploads\/factory-12.webp\"\/><\/p>\n<p><img decoding=\"async\" src=\"\/wp-content\/uploads\/factory-13.webp\"\/><\/p>\n<p><img decoding=\"async\" src=\"\/wp-content\/uploads\/factory-14.webp\"\/><\/p>\n<h2>FAQ<\/h2>\n<p><b>1. \u00e0 quoi servent les barres d'aluminium ?<\/b><\/p>\n<p>Les barres d'aluminium sont utilis\u00e9es dans les secteurs de la construction, de la fabrication, de l'automobile et de la d\u00e9coration pour le soutien structurel, l'encadrement et les accents esth\u00e9tiques.\n<\/p>\n<p><\/p>\n<p><b>2. quels sont les avantages des barres d'aluminium ?<\/b><\/p>\n<p>Les barres d'aluminium offrent un rapport r\u00e9sistance\/poids \u00e9lev\u00e9, une excellente r\u00e9sistance \u00e0 la corrosion et une conductivit\u00e9 thermique et \u00e9lectrique sup\u00e9rieure.\n<\/p>\n<p><\/p>\n<p><b>3. pourquoi choisir des barres en aluminium plut\u00f4t que des barres en acier ou en plastique ?<\/b><\/p>\n<p>Les barres d'aluminium sont plus l\u00e9g\u00e8res que l'acier, plus durables que le plastique et offrent une meilleure r\u00e9sistance \u00e0 la corrosion et une plus grande facilit\u00e9 d'usinage.\n<\/p>\n<p><\/p>\n<p><b>4. les barres d'aluminium peuvent-elles \u00eatre personnalis\u00e9es ?<\/b><\/p>\n<p>Oui, les barres d'aluminium peuvent \u00eatre coup\u00e9es, perc\u00e9es et extrud\u00e9es en diff\u00e9rentes formes, tailles et qualit\u00e9s d'alliage pour r\u00e9pondre aux exigences sp\u00e9cifiques d'un projet.\n<\/p>\n<p><\/p>\n<p><b>5. Quelles sont les finitions de surface disponibles pour les barres d'aluminium ?<\/b><\/p>\n<p>Les finitions courantes des barres d'aluminium comprennent la finition en usine, l'anodisation, le rev\u00eatement par poudre et le polissage m\u00e9canique pour am\u00e9liorer la durabilit\u00e9 et l'apparence.\n<\/p>\n<p><\/p>\n<p><b>6. les barres en aluminium peuvent-elles \u00eatre utilis\u00e9es \u00e0 l'ext\u00e9rieur ?<\/b><\/p>\n<p>Oui, les barres en aluminium avec des finitions anodis\u00e9es ou thermolaqu\u00e9es r\u00e9sistent \u00e0 l'exposition aux UV, \u00e0 l'humidit\u00e9 et aux intemp\u00e9ries, ce qui les rend id\u00e9ales pour les applications ext\u00e9rieures.\n<\/p>\n<p><\/p>\n<p><b>7. Comment les barres d'aluminium soutiennent-elles la fabrication durable ?<\/b><\/p>\n<p>Les barres d'aluminium sont 100% recyclables et leur production est \u00e9conome en \u00e9nergie, ce qui permet de r\u00e9duire les d\u00e9chets de mat\u00e9riaux et l'impact sur l'environnement.\n<\/p>\n<p><\/p>\n<p><b>8) Quelles sont les industries qui utilisent le plus souvent des barres d'aluminium ?<\/b><\/p>\n<p>Les industries telles que la construction, l'a\u00e9rospatiale, l'automobile, l'\u00e9lectronique et l'ameublement utilisent les barres d'aluminium pour leur l\u00e9g\u00e8ret\u00e9, leur r\u00e9sistance et leur polyvalence.\n<\/p>\n<p><\/p>","protected":false},"featured_media":6463,"template":"","categories":[60],"class_list":["post-6464","product","type-product","status-publish","has-post-thumbnail","hentry","category-general-tubes-and-bars"],"meta_box":{"hilight_text_group":{"product_hilight_text":"<li>High-strength aluminum bars suitable for structural and industrial use<\/li>\r\r\n<li>Lightweight design reduces overall product weight and handling costs<\/li>\r\r\n<li>Excellent corrosion resistance for long-lasting performance<\/li>\r\r\n<li>Available in various shapes, sizes, and alloys<\/li>\r\r\n<li>Supports custom fabrication and bulk order fulfillment<\/li>","product_chanpin_blog":"<ul>\r\r\n<li><a href=\"https:\/\/sinoextrud.com\/t-slot-v-slot-differences\/\" target=\"_blank\">t slot vs v slot<\/a><\/li>\r\r\n<li><a href=\"https:\/\/sinoextrud.com\/what-is-4040-aluminium-extrud\/\" target=\"_blank\">4040 aluminium extrusion<\/a><\/li>\r\r\n<li><a href=\"https:\/\/sinoextrud.com\/what-is-4040-aluminium-extrud\/\" target=\"_blank\">aluminum extrusions for industrial racks<\/a><\/li>\r\r\n<li><a href=\"https:\/\/sinoextrud.com\/powder-coating-aluminium-process\/\" target=\"_blank\">powder coating aluminium<\/a><\/li>\r\r\n<li><a href=\"https:\/\/sinoextrud.com\/what-is-an-aluminium-strip-ceiling\/\" target=\"_blank\">aluminium strip ceiling<\/a><\/li>\r\r\n<li><a href=\"https:\/\/sinoextrud.com\/what-is-a-heat-sink\/\" target=\"_blank\">what is a heat sink<\/a><\/li>\r\r\n<\/ul>","product_chanpin_chanpin":"<li><a href=\"https:\/\/sinoextrud.com\/product\/triangle-aluminum-profile\/\" target=\"_blank\">Triangle Aluminum Profile<\/a><\/li>\r\n<li><a href=\"https:\/\/sinoextrud.com\/product\/extruded-aluminium-round-tube\/\" target=\"_blank\">Extruded Aluminium Round Tube<\/a><\/li>\r\n<li><a href=\"https:\/\/sinoextrud.com\/product\/u-shaped-aluminum-extrusion\/\" target=\"_blank\">U Shaped Aluminum Extrusion<\/a><\/li>\r\n<li><a href=\"https:\/\/sinoextrud.com\/product\/40-x-40-aluminium-extrusion\/\" target=\"_blank\">40 X 40 Aluminium Extrusion<\/a><\/li>\r\n<li><a href=\"https:\/\/sinoextrud.com\/product\/aluminium-bars\/\" target=\"_blank\">Aluminium Bars<\/a><\/li>\r\n<li><a href=\"https:\/\/sinoextrud.com\/product\/3003-aluminum-tube-and-pipe\/\" target=\"_blank\">3003 Aluminum Tube And Pipe<\/a><\/li>\r\n<li><a href=\"https:\/\/sinoextrud.com\/product\/triangle-champagne-aluminum-extruded-tube\/\" target=\"_blank\">Triangle Champagne Aluminum Extruded Tube<\/a><\/li>\r\n<li><a href=\"https:\/\/sinoextrud.com\/product\/6063-aluminum-pipe-fire-hydrant-aluminum-profile\/\" target=\"_blank\">6063 Aluminum Pipe Fire Hydrant Aluminum Profile<\/a><\/li>\r\n<li><a href=\"https:\/\/sinoextrud.com\/product\/aluminum-extrusion-electrophoresis-aluminum-tube\/\" target=\"_blank\">Aluminum Extrusion Electrophoresis Aluminum Tube<\/a><\/li>\r\n<li><a href=\"https:\/\/sinoextrud.com\/product\/polished-aluminium-profiles\/\" target=\"_blank\">Polished Aluminium Profiles<\/a><\/li>\r\n<li><a href=\"https:\/\/sinoextrud.com\/product\/extruded-aluminum-t-slot-channel\/\" target=\"_blank\">Extruded Aluminum T Slot Channel<\/a><\/li>"},"feature_list":[]},"_links":{"self":[{"href":"https:\/\/sinoextrud.com\/fr\/wp-json\/wp\/v2\/product\/6464","targetHints":{"allow":["GET"]}}],"collection":[{"href":"https:\/\/sinoextrud.com\/fr\/wp-json\/wp\/v2\/product"}],"about":[{"href":"https:\/\/sinoextrud.com\/fr\/wp-json\/wp\/v2\/types\/product"}],"wp:featuredmedia":[{"embeddable":true,"href":"https:\/\/sinoextrud.com\/fr\/wp-json\/wp\/v2\/media\/6463"}],"wp:attachment":[{"href":"https:\/\/sinoextrud.com\/fr\/wp-json\/wp\/v2\/media?parent=6464"}],"wp:term":[{"taxonomy":"category","embeddable":true,"href":"https:\/\/sinoextrud.com\/fr\/wp-json\/wp\/v2\/categories?post=6464"}],"curies":[{"name":"wp","href":"https:\/\/api.w.org\/{rel}","templated":true}]}}