{"id":6450,"date":"2025-05-29T02:09:21","date_gmt":"2025-05-29T02:09:21","guid":{"rendered":"https:\/\/sinoextrud.com\/product\/triangle-aluminium-tube-factory-price\/"},"modified":"2025-06-24T06:10:56","modified_gmt":"2025-06-24T06:10:56","slug":"tube-triangle-en-aluminium-prix-dusine","status":"publish","type":"product","link":"https:\/\/sinoextrud.com\/fr\/product\/triangle-aluminium-tube-factory-price\/","title":{"rendered":"Triangle Aluminium Tube Factory Price"},"content":{"rendered":"<h2>D\u00e9tails des produits<\/h2>\n<table class=\"custom-table\">\n<tr>\n<td class=\"label\">Nom<\/td>\n<td>Triangle Aluminium Tube Factory Price<\/td>\n<\/tr>\n<\/table>\n<h2>Notre base de production<\/h2>\n<h3>Panorama de l'usine<\/h3>\n<p><img decoding=\"async\" src=\"\/wp-content\/uploads\/factory-01.webp\"\/><\/p>\n<h3>Atelier de fabrication de barres d'aluminium<\/h3>\n<p><img decoding=\"async\" src=\"\/wp-content\/uploads\/factory-02.webp\"\/><\/p>\n<p><img decoding=\"async\" src=\"\/wp-content\/uploads\/factory-03.webp\"\/><\/p>\n<h3>Entrep\u00f4t de stockage des moules<\/h3>\n<p><img decoding=\"async\" src=\"\/wp-content\/uploads\/factory-04.webp\"\/><\/p>\n<h3>43 lignes d'extrusion d'aluminium (500-5500 tonnes)<\/h3>\n<p><img decoding=\"async\" src=\"\/wp-content\/uploads\/factory-05.webp\"\/><\/p>\n<p><img decoding=\"async\" src=\"\/wp-content\/uploads\/factory-06.webp\"\/><\/p>\n<p><img decoding=\"async\" src=\"\/wp-content\/uploads\/factory-07.webp\"\/><\/p>\n<h3>Atelier de peinture en poudre<\/h3>\n<p><img decoding=\"async\" src=\"\/wp-content\/uploads\/factory-09.webp\"\/><\/p>\n<h3>Atelier d'anodisation<\/h3>\n<p><img decoding=\"async\" src=\"\/wp-content\/uploads\/factory-10.webp\"\/><\/p>\n<h3>Atelier sur le traitement en profondeur<\/h3>\n<p><img decoding=\"async\" src=\"\/wp-content\/uploads\/factory-11.webp\"\/><\/p>\n<h3>Atelier d'usinage de pr\u00e9cision CNC<\/h3>\n<p><img decoding=\"async\" src=\"\/wp-content\/uploads\/factory-11.5.webp\"\/><\/p>\n<h3>Entrep\u00f4t de produits finis et d'exportation<\/h3>\n<p><img decoding=\"async\" src=\"\/wp-content\/uploads\/factory-12.webp\"\/><\/p>\n<p><img decoding=\"async\" src=\"\/wp-content\/uploads\/factory-13.webp\"\/><\/p>\n<p><img decoding=\"async\" src=\"\/wp-content\/uploads\/factory-14.webp\"\/><\/p>\n<h2>FAQ<\/h2>\n<p><p><b>1) Quels sont les avantages des tubes en aluminium triangulaires \u00e0 prix d'usine ?<\/b><\/p>\n<p>Les tubes en aluminium Triangle \u00e0 prix d'usine offrent des \u00e9conomies directes du fabricant, une qualit\u00e9 constante et des prix comp\u00e9titifs sans marge des interm\u00e9diaires.<br \/>\n<\/p><br \/>\n<br \/>\n<p><b>2) Pourquoi choisir les tubes aluminium triangulaires \u00e0 prix d'usine pour mon projet ?<\/b><\/p>\n<p>Les tubes triangulaires en aluminium fabriqu\u00e9s en usine garantissent un prix abordable, un approvisionnement fiable et un contr\u00f4le des sp\u00e9cifications des mat\u00e9riaux pour les applications sensibles au budget.<br \/>\n<\/p><br \/>\n<br \/>\n<p><b>3) Comment les prix pratiqu\u00e9s en usine influencent-ils la qualit\u00e9 des tubes triangulaires en aluminium ?<\/b><\/p>\n<p>La tarification directe en usine permet de maintenir un contr\u00f4le strict de la qualit\u00e9 et des processus de production normalis\u00e9s, ce qui permet de fournir des tubes triangulaires en aluminium \u00e0 haute r\u00e9sistance, r\u00e9sistants \u00e0 la corrosion.<br \/>\n<\/p><br \/>\n<br \/>\n<p><b>4) Puis-je obtenir des tubes en aluminium triangulaires personnalis\u00e9s \u00e0 des prix d'usine ?<\/b><\/p>\n<p>Oui, les fabricants qui proposent des prix d'usine permettent souvent de personnaliser les dimensions, la qualit\u00e9 de l'alliage et la finition de la surface tout en maintenant les co\u00fbts \u00e0 un niveau peu \u00e9lev\u00e9.<br \/>\n<\/p><br \/>\n<br \/>\n<p><b>5) Qu'est-ce qui fait que les tubes en aluminium triangulaires \u00e0 prix d'usine sont bien positionn\u00e9s sur le plan du r\u00e9f\u00e9rencement ?<\/b><\/p>\n<p>L'utilisation de mots cl\u00e9s tels que \"triangle aluminium tube\" et \"prix usine\" dans les descriptions de produits et les FAQ augmente la visibilit\u00e9 dans les moteurs de recherche et le trafic organique.<br \/>\n<\/p><br \/>\n<br \/>\n<p><b>6. les tubes triangulaires en aluminium vendus en usine conviennent-ils pour une utilisation \u00e0 l'ext\u00e9rieur ?<\/b><\/p>\n<p>Oui, les tubes d'aluminium triangulaires vendus en usine avec une anodisation ou un rev\u00eatement en poudre ad\u00e9quat offrent une excellente r\u00e9sistance aux intemp\u00e9ries et aux UV pour les projets ext\u00e9rieurs.<br \/>\n<\/p><br \/>\n<br \/>\n<p><b>7) Comment les tubes triangulaires en aluminium vendus en usine favorisent-ils la conception durable ?<\/b><\/p>\n<p>En s'approvisionnant directement aupr\u00e8s des usines, ces tubes triangulaires en aluminium r\u00e9duisent les \u00e9missions et les d\u00e9chets li\u00e9s au transport, et la recyclabilit\u00e9 de l'aluminium favorise une construction respectueuse de l'environnement.<br \/>\n<\/p><br \/><\/p>","protected":false},"featured_media":6449,"template":"","categories":[60],"class_list":["post-6450","product","type-product","status-publish","has-post-thumbnail","hentry","category-general-tubes-and-bars"],"meta_box":{"hilight_text_group":{"product_hilight_text":"<li>Unique triangle shape offers enhanced structural stability<\/li>\r\r\n<li>Factory direct pricing ensures competitive cost advantages<\/li>\r\r\n<li>Made from high-quality aluminum alloy with excellent corrosion resistance<\/li>\r\r\n<li>Available in custom sizes and surface finishes<\/li>\r\r\n<li>Supports bulk orders with reliable supply and fast delivery<\/li>","product_chanpin_blog":"<ul>\r\r\n<li><a href=\"https:\/\/sinoextrud.com\/t-slot-v-slot-differences\/\" target=\"_blank\">t slot vs v slot<\/a><\/li>\r\r\n<li><a href=\"https:\/\/sinoextrud.com\/what-is-4040-aluminium-extrud\/\" target=\"_blank\">4040 aluminium extrusion<\/a><\/li>\r\r\n<li><a href=\"https:\/\/sinoextrud.com\/what-is-4040-aluminium-extrud\/\" target=\"_blank\">aluminum extrusions for industrial racks<\/a><\/li>\r\r\n<li><a href=\"https:\/\/sinoextrud.com\/powder-coating-aluminium-process\/\" target=\"_blank\">powder coating aluminium<\/a><\/li>\r\r\n<li><a href=\"https:\/\/sinoextrud.com\/what-is-an-aluminium-strip-ceiling\/\" target=\"_blank\">aluminium strip ceiling<\/a><\/li>\r\r\n<li><a href=\"https:\/\/sinoextrud.com\/what-is-a-heat-sink\/\" target=\"_blank\">what is a heat sink<\/a><\/li>\r\r\n<\/ul>","product_chanpin_chanpin":"<li><a href=\"https:\/\/sinoextrud.com\/product\/aluminium-piping\/\" target=\"_blank\">Aluminium Piping<\/a><\/li>\r\n<li><a href=\"https:\/\/sinoextrud.com\/product\/aluminum-u-profile\/\" target=\"_blank\">Aluminum U Profile<\/a><\/li>\r\n<li><a href=\"https:\/\/sinoextrud.com\/product\/short-run-custom-aluminum-extrusions\/\" target=\"_blank\">Short Run Custom Aluminum Extrusions<\/a><\/li>\r\n<li><a href=\"https:\/\/sinoextrud.com\/product\/thick-wall-large-diameter-aluminium-pipe\/\" target=\"_blank\">Thick Wall Large Diameter Aluminium Pipe<\/a><\/li>\r\n<li><a href=\"https:\/\/sinoextrud.com\/product\/triangle-aluminium-tube-factory-price\/\" target=\"_blank\">Triangle Aluminium Tube Factory Price<\/a><\/li>\r\n<li><a href=\"https:\/\/sinoextrud.com\/product\/oval-aluminum-tube\/\" target=\"_blank\">Oval Aluminum Tube<\/a><\/li>\r\n<li><a href=\"https:\/\/sinoextrud.com\/product\/triangle-aluminum-profile\/\" target=\"_blank\">Triangle Aluminum Profile<\/a><\/li>\r\n<li><a href=\"https:\/\/sinoextrud.com\/product\/extruded-aluminium-round-tube\/\" target=\"_blank\">Extruded Aluminium Round Tube<\/a><\/li>\r\n<li><a href=\"https:\/\/sinoextrud.com\/product\/u-shaped-aluminum-extrusion\/\" target=\"_blank\">U Shaped Aluminum Extrusion<\/a><\/li>\r\n<li><a href=\"https:\/\/sinoextrud.com\/product\/coated-treatment-aluminium-extrusion\/\" target=\"_blank\">Coated Treatment Aluminium Extrusion<\/a><\/li>\r\n<li><a href=\"https:\/\/sinoextrud.com\/product\/powder-coated-extrusions-aluminum-corrosion-resistant-for-10-years-in-door\/\" target=\"_blank\">Powder Coated Extrusions Aluminum Corrosion Resistant For 10 Years In Door<\/a><\/li>"},"feature_list":[]},"_links":{"self":[{"href":"https:\/\/sinoextrud.com\/fr\/wp-json\/wp\/v2\/product\/6450","targetHints":{"allow":["GET"]}}],"collection":[{"href":"https:\/\/sinoextrud.com\/fr\/wp-json\/wp\/v2\/product"}],"about":[{"href":"https:\/\/sinoextrud.com\/fr\/wp-json\/wp\/v2\/types\/product"}],"wp:featuredmedia":[{"embeddable":true,"href":"https:\/\/sinoextrud.com\/fr\/wp-json\/wp\/v2\/media\/6449"}],"wp:attachment":[{"href":"https:\/\/sinoextrud.com\/fr\/wp-json\/wp\/v2\/media?parent=6450"}],"wp:term":[{"taxonomy":"category","embeddable":true,"href":"https:\/\/sinoextrud.com\/fr\/wp-json\/wp\/v2\/categories?post=6450"}],"curies":[{"name":"wp","href":"https:\/\/api.w.org\/{rel}","templated":true}]}}