{"id":6444,"date":"2025-05-29T01:57:14","date_gmt":"2025-05-29T01:57:14","guid":{"rendered":"https:\/\/sinoextrud.com\/product\/aluminum-u-profile\/"},"modified":"2025-06-24T06:10:54","modified_gmt":"2025-06-24T06:10:54","slug":"profile-en-u-en-aluminium-2","status":"publish","type":"product","link":"https:\/\/sinoextrud.com\/fr\/product\/aluminum-u-profile\/","title":{"rendered":"Profil\u00e9 en U en aluminium"},"content":{"rendered":"<h2>D\u00e9tails des produits<\/h2>\n<table class=\"custom-table\">\n<tr>\n<td class=\"label\">Nom du produit<\/td>\n<td>Tube carr\u00e9 en aluminium extrud\u00e9<\/td>\n<\/tr>\n<tr>\n<td class=\"label\">Mat\u00e9riau<\/td>\n<td>S\u00e9rie 6000\/7000<\/td>\n<\/tr>\n<tr>\n<td class=\"label\">Grade<\/td>\n<td>6063T3-T8<\/td>\n<\/tr>\n<tr>\n<td class=\"label\">Diam\u00e8tre ext\u00e9rieur<\/td>\n<td>Sur mesure<\/td>\n<\/tr>\n<tr>\n<td class=\"label\">Longueur<\/td>\n<td>selon les besoins, standard : 1m-9m<\/td>\n<\/tr>\n<tr>\n<td class=\"label\">\u00c9paisseur<\/td>\n<td>personnalis\u00e9<\/td>\n<\/tr>\n<tr>\n<td class=\"label\">Forme<\/td>\n<td>Ronde, carr\u00e9e, rectangulaire, etc.<\/td>\n<\/tr>\n<tr>\n<td class=\"label\">Standard<\/td>\n<td>DIN GB ISO JIS BA ANSI<\/td>\n<\/tr>\n<tr>\n<td class=\"label\">Traitements de surface<\/td>\n<td>Anodisation, polissage, rev\u00eatement par poudre, \u00e9lectrophor\u00e8se, sablage, film de rev\u00eatement, etc.<\/td>\n<\/tr>\n<tr>\n<td class=\"label\">Livraison<\/td>\n<td>20-25 jours<\/td>\n<\/tr>\n<\/table>\n<h2>Notre base de production<\/h2>\n<h3>Panorama de l'usine<\/h3>\n<p><img decoding=\"async\" src=\"\/wp-content\/uploads\/factory-01.webp\"\/><\/p>\n<h3>Atelier de fabrication de barres d'aluminium<\/h3>\n<p><img decoding=\"async\" src=\"\/wp-content\/uploads\/factory-02.webp\"\/><\/p>\n<p><img decoding=\"async\" src=\"\/wp-content\/uploads\/factory-03.webp\"\/><\/p>\n<h3>Entrep\u00f4t de stockage des moules<\/h3>\n<p><img decoding=\"async\" src=\"\/wp-content\/uploads\/factory-04.webp\"\/><\/p>\n<h3>43 lignes d'extrusion d'aluminium (500 \u00e0 5500 tonnes)<\/h3>\n<p><img decoding=\"async\" src=\"\/wp-content\/uploads\/factory-05.webp\"\/><\/p>\n<p><img decoding=\"async\" src=\"\/wp-content\/uploads\/factory-06.webp\"\/><\/p>\n<p><img decoding=\"async\" src=\"\/wp-content\/uploads\/factory-07.webp\"\/><\/p>\n<h3>Atelier de peinture en poudre<\/h3>\n<p><img decoding=\"async\" src=\"\/wp-content\/uploads\/factory-09.webp\"\/><\/p>\n<h3>Atelier d'anodisation<\/h3>\n<p><img decoding=\"async\" src=\"\/wp-content\/uploads\/factory-10.webp\"\/><\/p>\n<h3>Atelier sur le traitement en profondeur<\/h3>\n<p><img decoding=\"async\" src=\"\/wp-content\/uploads\/factory-11.webp\"\/><\/p>\n<h3>Atelier d'usinage de pr\u00e9cision CNC<\/h3>\n<p><img decoding=\"async\" src=\"\/wp-content\/uploads\/factory-11.5.webp\"\/><\/p>\n<h3>Entrep\u00f4t de produits finis et d'exportation<\/h3>\n<p><img decoding=\"async\" src=\"\/wp-content\/uploads\/factory-12.webp\"\/><\/p>\n<p><img decoding=\"async\" src=\"\/wp-content\/uploads\/factory-13.webp\"\/><\/p>\n<p><img decoding=\"async\" src=\"\/wp-content\/uploads\/factory-14.webp\"\/><\/p>\n<h2>FAQ<\/h2>\n<p><p><b>1. \u00e0 quoi sert un profil\u00e9 en U en aluminium ?<\/b><\/p>\n<p>Le profil\u00e9 en U en aluminium est utilis\u00e9 pour la protection des bords, l'encadrement, les rails coulissants et les garnitures d\u00e9coratives dans la construction, l'ameublement et les applications architecturales.<br \/>\n<\/p><br \/>\n<br \/>\n<p><b>2) Quels sont les principaux avantages d'un profil\u00e9 en U en aluminium ?<\/b><\/p>\n<p>Le profil\u00e9 en U en aluminium offre un rapport r\u00e9sistance\/poids \u00e9lev\u00e9, une excellente r\u00e9sistance \u00e0 la corrosion et des dimensions pr\u00e9cises pour des performances fiables et une grande long\u00e9vit\u00e9.<br \/>\n<\/p><br \/>\n<br \/>\n<p><b>3. pourquoi choisir un profil\u00e9 en U en aluminium plut\u00f4t que d'autres formes d'extrusion ?<\/b><\/p>\n<p>Le profil\u00e9 en U en aluminium offre un support de canal sup\u00e9rieur, un assemblage facile et une esth\u00e9tique \u00e9l\u00e9gante par rapport aux barres plates ou aux profil\u00e9s en L.<br \/>\n<\/p><br \/>\n<br \/>\n<p><b>4) Les profil\u00e9s en U en aluminium peuvent-ils \u00eatre personnalis\u00e9s ?<\/b><\/p>\n<p>Oui, les profil\u00e9s en U en aluminium peuvent \u00eatre adapt\u00e9s en termes de largeur de canal, de hauteur de pied, d'\u00e9paisseur de paroi, de qualit\u00e9 d'alliage et de finition de surface pour r\u00e9pondre \u00e0 des exigences sp\u00e9cifiques en mati\u00e8re de conception et de structure.<br \/>\n<\/p><br \/>\n<br \/>\n<p><b>5) Quelles sont les finitions de surface disponibles pour les profil\u00e9s en U en aluminium ?<\/b><\/p>\n<p>Les finitions courantes des profil\u00e9s en U en aluminium comprennent l'anodisation, le rev\u00eatement par poudre et la finition en usine, ce qui am\u00e9liore la protection contre la corrosion, la durabilit\u00e9 et l'attrait visuel.<br \/>\n<\/p><br \/>\n<br \/>\n<p><b>6. les profil\u00e9s en U en aluminium conviennent-ils \u00e0 une utilisation en ext\u00e9rieur ?<\/b><\/p>\n<p>Oui, avec des finitions anodis\u00e9es ou thermolaqu\u00e9es, les profil\u00e9s en U en aluminium sont tr\u00e8s r\u00e9sistants \u00e0 l'exposition aux UV, \u00e0 l'humidit\u00e9 et aux conditions m\u00e9t\u00e9orologiques difficiles.<br \/>\n<\/p><br \/>\n<br \/>\n<p><b>7. Comment le profil\u00e9 en U en aluminium am\u00e9liore-t-il l'efficacit\u00e9 de l'installation ?<\/b><\/p>\n<p>Le canal uniforme et les tol\u00e9rances pr\u00e9cises du profil\u00e9 en U en aluminium permettent un montage rapide et sans outil des panneaux, des joints et des accessoires, ce qui r\u00e9duit le temps de travail.<br \/>\n<\/p><br \/>\n<br \/>\n<p><b>8. Comment les profil\u00e9s en U en aluminium soutiennent-ils la conception durable ?<\/b><\/p>\n<p>Le profil\u00e9 en U en aluminium est 100% recyclable et sa production est \u00e9conome en \u00e9nergie, ce qui permet de r\u00e9duire les d\u00e9chets de mat\u00e9riaux et l'impact sur l'environnement dans les projets de construction \u00e9cologiques.<br \/>\n<\/p><br \/><\/p>","protected":false},"featured_media":6443,"template":"","categories":[60],"class_list":["post-6444","product","type-product","status-publish","has-post-thumbnail","hentry","category-general-tubes-and-bars"],"meta_box":{"hilight_text_group":{"product_hilight_text":"<li>U-shaped profile offers strong structural support and versatility<\/li>\r\r\n<li>Made from corrosion-resistant aluminum alloy for durability<\/li>\r\r\n<li>Precision extrusion ensures consistent dimensions and smooth finish<\/li>\r\r\n<li>Available in various sizes and thicknesses to suit different applications<\/li>\r\r\n<li>Ideal for construction, framing, and industrial fabrication projects<\/li>","product_chanpin_blog":"<ul>\r\r\n<li><a href=\"https:\/\/sinoextrud.com\/t-slot-v-slot-differences\/\" target=\"_blank\">t slot vs v slot<\/a><\/li>\r\r\n<li><a href=\"https:\/\/sinoextrud.com\/what-is-4040-aluminium-extrud\/\" target=\"_blank\">4040 aluminium extrusion<\/a><\/li>\r\r\n<li><a href=\"https:\/\/sinoextrud.com\/what-is-4040-aluminium-extrud\/\" target=\"_blank\">aluminum extrusions for industrial racks<\/a><\/li>\r\r\n<li><a href=\"https:\/\/sinoextrud.com\/powder-coating-aluminium-process\/\" target=\"_blank\">powder coating aluminium<\/a><\/li>\r\r\n<li><a href=\"https:\/\/sinoextrud.com\/what-is-an-aluminium-strip-ceiling\/\" target=\"_blank\">aluminium strip ceiling<\/a><\/li>\r\r\n<li><a href=\"https:\/\/sinoextrud.com\/what-is-a-heat-sink\/\" target=\"_blank\">what is a heat sink<\/a><\/li>\r\r\n<\/ul>","product_chanpin_chanpin":"<li><a href=\"https:\/\/sinoextrud.com\/product\/extruded-aluminum-z-bar\/\" target=\"_blank\">Extruded Aluminum Z Bar<\/a><\/li>\r\n<li><a href=\"https:\/\/sinoextrud.com\/product\/aluminium-extrusion-pipe\/\" target=\"_blank\">Aluminium Extrusion Pipe<\/a><\/li>\r\n<li><a href=\"https:\/\/sinoextrud.com\/product\/alloy-aluminium\/\" target=\"_blank\">Alloy Aluminium<\/a><\/li>\r\n<li><a href=\"https:\/\/sinoextrud.com\/product\/aluminium-piping\/\" target=\"_blank\">Aluminium Piping<\/a><\/li>\r\n<li><a href=\"https:\/\/sinoextrud.com\/product\/aluminum-u-profile\/\" target=\"_blank\">Aluminum U Profile<\/a><\/li>\r\n<li><a href=\"https:\/\/sinoextrud.com\/product\/short-run-custom-aluminum-extrusions\/\" target=\"_blank\">Short Run Custom Aluminum Extrusions<\/a><\/li>\r\n<li><a href=\"https:\/\/sinoextrud.com\/product\/thick-wall-large-diameter-aluminium-pipe\/\" target=\"_blank\">Thick Wall Large Diameter Aluminium Pipe<\/a><\/li>\r\n<li><a href=\"https:\/\/sinoextrud.com\/product\/triangle-aluminium-tube-factory-price\/\" target=\"_blank\">Triangle Aluminium Tube Factory Price<\/a><\/li>\r\n<li><a href=\"https:\/\/sinoextrud.com\/product\/oval-aluminum-tube\/\" target=\"_blank\">Oval Aluminum Tube<\/a><\/li>\r\n<li><a href=\"https:\/\/sinoextrud.com\/product\/aluminum-profile-led-light-strip-bar\/\" target=\"_blank\">Aluminum Profile LED Light Strip Bar<\/a><\/li>\r\n<li><a href=\"https:\/\/sinoextrud.com\/product\/aluminum-z-section-extrusions\/\" target=\"_blank\">Aluminum Z Section Extrusions<\/a><\/li>"},"feature_list":[]},"_links":{"self":[{"href":"https:\/\/sinoextrud.com\/fr\/wp-json\/wp\/v2\/product\/6444","targetHints":{"allow":["GET"]}}],"collection":[{"href":"https:\/\/sinoextrud.com\/fr\/wp-json\/wp\/v2\/product"}],"about":[{"href":"https:\/\/sinoextrud.com\/fr\/wp-json\/wp\/v2\/types\/product"}],"wp:featuredmedia":[{"embeddable":true,"href":"https:\/\/sinoextrud.com\/fr\/wp-json\/wp\/v2\/media\/6443"}],"wp:attachment":[{"href":"https:\/\/sinoextrud.com\/fr\/wp-json\/wp\/v2\/media?parent=6444"}],"wp:term":[{"taxonomy":"category","embeddable":true,"href":"https:\/\/sinoextrud.com\/fr\/wp-json\/wp\/v2\/categories?post=6444"}],"curies":[{"name":"wp","href":"https:\/\/api.w.org\/{rel}","templated":true}]}}