{"id":6430,"date":"2025-05-28T09:01:25","date_gmt":"2025-05-28T09:01:25","guid":{"rendered":"https:\/\/sinoextrud.com\/product\/thin-wall-extruded-aluminum-tubing\/"},"modified":"2025-06-24T06:10:53","modified_gmt":"2025-06-24T06:10:53","slug":"tube-en-aluminium-extrude-a-paroi-mince","status":"publish","type":"product","link":"https:\/\/sinoextrud.com\/fr\/product\/thin-wall-extruded-aluminum-tubing\/","title":{"rendered":"Tubes d'aluminium extrud\u00e9 \u00e0 paroi mince"},"content":{"rendered":"<h2>D\u00e9tails des produits<\/h2>\n<table class=\"custom-table\">\n<tr>\n<td class=\"label\">Nom<\/td>\n<td>Tubes en aluminium extrud\u00e9 \u00e0 paroi mince<\/td>\n<\/tr>\n<tr>\n<td class=\"label\">Cat\u00e9gorie<\/td>\n<td>Cadre en aluminium<\/td>\n<\/tr>\n<tr>\n<td class=\"label\">Mat\u00e9riau<\/td>\n<td>La norme 6063 est largement utilis\u00e9e. 6061, 6463, 6005, 6082 sont \u00e9galement disponibles.<\/td>\n<\/tr>\n<tr>\n<td class=\"label\">Temp\u00e9rer<\/td>\n<td>T5-T8<\/td>\n<\/tr>\n<tr>\n<td class=\"label\">Longueur<\/td>\n<td>5.8m pour 20ft , 5.9m \/6.0m pour 40'GP, ou personnalisation<\/td>\n<\/tr>\n<tr>\n<td class=\"label\">Taille (mm)<\/td>\n<td>Diff\u00e9rentes tailles, vous pouvez nous contacter pour plus de d\u00e9tails.<\/td>\n<\/tr>\n<tr>\n<td class=\"label\">\u00c9paisseur<\/td>\n<td>Selon votre demande<\/td>\n<\/tr>\n<tr>\n<td class=\"label\">Forme<\/td>\n<td>Personnalisation<\/td>\n<\/tr>\n<tr>\n<td class=\"label\">Traitement de surface<\/td>\n<td>Finition en usine, anodisation, sablage, \u00e9lectrophor\u00e8se, rev\u00eatement, etc.<\/td>\n<\/tr>\n<tr>\n<td class=\"label\">Couleur<\/td>\n<td>Argent, noir, blanc, rouge, jaune, champagne ou couleur personnalis\u00e9e<\/td>\n<\/tr>\n<tr>\n<td class=\"label\">Standard<\/td>\n<td>ASTM, GB, DIN<\/td>\n<\/tr>\n<tr>\n<td class=\"label\">De<\/td>\n<td>Guangdong, Chine<\/td>\n<\/tr>\n<tr>\n<td class=\"label\">Application<\/td>\n<td>D\u00e9coration, Industrie, B\u00e2timent<\/td>\n<\/tr>\n<\/table>\n<h2>Notre base de production<\/h2>\n<h3>Panorama de l'usine<\/h3>\n<p><img decoding=\"async\" src=\"\/wp-content\/uploads\/factory-01.webp\"\/><\/p>\n<h3>Atelier de fabrication de barres d'aluminium<\/h3>\n<p><img decoding=\"async\" src=\"\/wp-content\/uploads\/factory-02.webp\"\/><\/p>\n<p><img decoding=\"async\" src=\"\/wp-content\/uploads\/factory-03.webp\"\/><\/p>\n<h3>Entrep\u00f4t de stockage des moules<\/h3>\n<p><img decoding=\"async\" src=\"\/wp-content\/uploads\/factory-04.webp\"\/><\/p>\n<h3>43 lignes d'extrusion d'aluminium (500-5500 tonnes)<\/h3>\n<p><img decoding=\"async\" src=\"\/wp-content\/uploads\/factory-05.webp\"\/><\/p>\n<p><img decoding=\"async\" src=\"\/wp-content\/uploads\/factory-06.webp\"\/><\/p>\n<p><img decoding=\"async\" src=\"\/wp-content\/uploads\/factory-07.webp\"\/><\/p>\n<h3>Atelier de peinture en poudre<\/h3>\n<p><img decoding=\"async\" src=\"\/wp-content\/uploads\/factory-09.webp\"\/><\/p>\n<h3>Atelier d'anodisation<\/h3>\n<p><img decoding=\"async\" src=\"\/wp-content\/uploads\/factory-10.webp\"\/><\/p>\n<h3>Atelier sur le traitement en profondeur<\/h3>\n<p><img decoding=\"async\" src=\"\/wp-content\/uploads\/factory-11.webp\"\/><\/p>\n<h3>Atelier d'usinage de pr\u00e9cision CNC<\/h3>\n<p><img decoding=\"async\" src=\"\/wp-content\/uploads\/factory-11.5.webp\"\/><\/p>\n<h3>Entrep\u00f4t de produits finis et d'exportation<\/h3>\n<p><img decoding=\"async\" src=\"\/wp-content\/uploads\/factory-12.webp\"\/><\/p>\n<p><img decoding=\"async\" src=\"\/wp-content\/uploads\/factory-13.webp\"\/><\/p>\n<p><img decoding=\"async\" src=\"\/wp-content\/uploads\/factory-14.webp\"\/><\/p>\n<h2>FAQ<\/h2>\n<p><p><b>1) A quoi servent les tubes en aluminium extrud\u00e9 \u00e0 paroi mince ?<\/b><\/p>\n<p>Les tubes en aluminium extrud\u00e9 \u00e0 paroi mince sont utilis\u00e9s dans des applications n\u00e9cessitant un support structurel l\u00e9ger, telles que les composants a\u00e9rospatiaux, les ch\u00e2ssis automobiles, les bo\u00eetiers \u00e9lectroniques et les luminaires \u00e0 LED.<br \/>\n<\/p><br \/>\n<br \/>\n<p><b>2) Quels sont les principaux avantages des tubes en aluminium extrud\u00e9 \u00e0 paroi mince ?<\/b><\/p>\n<p>Les tubes en aluminium extrud\u00e9 \u00e0 paroi mince offrent un rapport r\u00e9sistance\/poids \u00e9lev\u00e9, une excellente dissipation de la chaleur et des \u00e9conomies de mat\u00e9riaux pour des conceptions \u00e9conomiques et l\u00e9g\u00e8res.<br \/>\n<\/p><br \/>\n<br \/>\n<p><b>3) Pourquoi choisir un tube en aluminium extrud\u00e9 \u00e0 paroi mince plut\u00f4t qu'un tube standard ?<\/b><\/p>\n<p>Les tubes en aluminium extrud\u00e9 \u00e0 paroi mince r\u00e9duisent le poids total et les co\u00fbts des mat\u00e9riaux tout en maintenant l'int\u00e9grit\u00e9 structurelle par rapport aux alternatives \u00e0 paroi plus \u00e9paisse.<br \/>\n<\/p><br \/>\n<br \/>\n<p><b>4) Les tubes en aluminium extrud\u00e9 \u00e0 paroi mince peuvent-ils \u00eatre personnalis\u00e9s ?<\/b><\/p>\n<p>Oui, les tubes en aluminium extrud\u00e9 \u00e0 paroi mince peuvent \u00eatre personnalis\u00e9s en termes de diam\u00e8tre, d'\u00e9paisseur de paroi, de qualit\u00e9 d'alliage et de finition de surface afin de r\u00e9pondre \u00e0 des exigences pr\u00e9cises en mati\u00e8re d'ing\u00e9nierie et de conception.<br \/>\n<\/p><br \/>\n<br \/>\n<p><b>5) Quelles sont les finitions de surface disponibles pour les tubes en aluminium extrud\u00e9 \u00e0 paroi mince ?<\/b><\/p>\n<p>Les finitions les plus courantes sont l'anodisation, le rev\u00eatement en poudre et la finition en usine, qui am\u00e9liorent toutes la r\u00e9sistance \u00e0 la corrosion, la durabilit\u00e9 et l'attrait visuel.<br \/>\n<\/p><br \/>\n<br \/>\n<p><b>6. les tubes en aluminium extrud\u00e9 \u00e0 paroi mince conviennent-ils pour une utilisation en ext\u00e9rieur ?<\/b><\/p>\n<p>Oui, avec les traitements de surface appropri\u00e9s, les tubes en aluminium extrud\u00e9 \u00e0 paroi mince r\u00e9sistent \u00e0 l'exposition aux UV, \u00e0 l'humidit\u00e9 et aux conditions environnementales difficiles pour les applications ext\u00e9rieures et marines.<br \/>\n<\/p><br \/>\n<br \/>\n<p><b>7) Comment les tubes en aluminium extrud\u00e9 \u00e0 paroi mince contribuent-ils \u00e0 la gestion thermique ?<\/b><\/p>\n<p>La conception \u00e0 paroi mince combin\u00e9e \u00e0 la conductivit\u00e9 thermique \u00e9lev\u00e9e de l'aluminium permet une dissipation efficace de la chaleur dans les syst\u00e8mes \u00e9lectroniques, d'\u00e9clairage et d'\u00e9changeurs de chaleur.<br \/>\n<\/p><br \/>\n<br \/>\n<p><b>8. Comment les tubes en aluminium extrud\u00e9 \u00e0 paroi mince contribuent-ils \u00e0 la conception durable ?<\/b><\/p>\n<p>L'aluminium est 100% recyclable, et l'utilisation de tubes en aluminium extrud\u00e9 \u00e0 paroi mince r\u00e9duit l'utilisation de mat\u00e9riaux et la consommation d'\u00e9nergie, ce qui favorise les projets de construction \u00e9cologiques et respectueux de l'environnement.<br \/>\n<\/p><br \/><\/p>","protected":false},"featured_media":6429,"template":"","categories":[60],"class_list":["post-6430","product","type-product","status-publish","has-post-thumbnail","hentry","category-general-tubes-and-bars"],"meta_box":{"hilight_text_group":{"product_hilight_text":"<li>Lightweight thin-wall design reduces material usage without compromising strength<\/li>\r\r\n<li>Precision extrusion ensures consistent wall thickness and dimensional accuracy<\/li>\r\r\n<li>High-quality aluminum alloy offers excellent corrosion resistance<\/li>\r\r\n<li>Ideal for automotive, aerospace, and lightweight structural applications<\/li>\r\r\n<li>Supports custom sizes, finishes, and bulk orders with reliable supply<\/li>","product_chanpin_blog":"<ul>\r\r\n<li><a href=\"https:\/\/sinoextrud.com\/t-slot-v-slot-differences\/\" target=\"_blank\">t slot vs v slot<\/a><\/li>\r\r\n<li><a href=\"https:\/\/sinoextrud.com\/what-is-4040-aluminium-extrud\/\" target=\"_blank\">4040 aluminium extrusion<\/a><\/li>\r\r\n<li><a href=\"https:\/\/sinoextrud.com\/what-is-4040-aluminium-extrud\/\" target=\"_blank\">aluminum extrusions for industrial racks<\/a><\/li>\r\r\n<li><a href=\"https:\/\/sinoextrud.com\/powder-coating-aluminium-process\/\" target=\"_blank\">powder coating aluminium<\/a><\/li>\r\r\n<li><a href=\"https:\/\/sinoextrud.com\/what-is-an-aluminium-strip-ceiling\/\" target=\"_blank\">aluminium strip ceiling<\/a><\/li>\r\r\n<li><a href=\"https:\/\/sinoextrud.com\/what-is-a-heat-sink\/\" target=\"_blank\">what is a heat sink<\/a><\/li>\r\r\n<\/ul>","product_chanpin_chanpin":"<li><a href=\"https:\/\/sinoextrud.com\/product\/40x40-aluminium-profile\/\" target=\"_blank\">40\u00c3\u201440 Aluminium Profile<\/a><\/li>\r\n<li><a href=\"https:\/\/sinoextrud.com\/product\/aluminium-profile-channel\/\" target=\"_blank\">Aluminium Profile Channel<\/a><\/li>\r\n<li><a href=\"https:\/\/sinoextrud.com\/product\/rectangular-aluminum-tube\/\" target=\"_blank\">Rectangular Aluminum Tube<\/a><\/li>\r\n<li><a href=\"https:\/\/sinoextrud.com\/product\/aluminium-angles\/\" target=\"_blank\">Aluminium Angles<\/a><\/li>\r\n<li><a href=\"https:\/\/sinoextrud.com\/product\/thin-wall-extruded-aluminum-tubing\/\" target=\"_blank\">Thin Wall Extruded Aluminum Tubing<\/a><\/li>\r\n<li><a href=\"https:\/\/sinoextrud.com\/product\/extruded-aluminum-z-bar\/\" target=\"_blank\">Extruded Aluminum Z Bar<\/a><\/li>\r\n<li><a href=\"https:\/\/sinoextrud.com\/product\/aluminium-extrusion-pipe\/\" target=\"_blank\">Aluminium Extrusion Pipe<\/a><\/li>\r\n<li><a href=\"https:\/\/sinoextrud.com\/product\/alloy-aluminium\/\" target=\"_blank\">Alloy Aluminium<\/a><\/li>\r\n<li><a href=\"https:\/\/sinoextrud.com\/product\/aluminium-piping\/\" target=\"_blank\">Aluminium Piping<\/a><\/li>\r\n<li><a href=\"https:\/\/sinoextrud.com\/product\/round-extruded-aluminum\/\" target=\"_blank\">Round Extruded Aluminum<\/a><\/li>\r\n<li><a href=\"https:\/\/sinoextrud.com\/product\/t-shaped-aluminium-profile\/\" target=\"_blank\">T Shaped Aluminium Profile<\/a><\/li>"},"feature_list":[]},"_links":{"self":[{"href":"https:\/\/sinoextrud.com\/fr\/wp-json\/wp\/v2\/product\/6430","targetHints":{"allow":["GET"]}}],"collection":[{"href":"https:\/\/sinoextrud.com\/fr\/wp-json\/wp\/v2\/product"}],"about":[{"href":"https:\/\/sinoextrud.com\/fr\/wp-json\/wp\/v2\/types\/product"}],"wp:featuredmedia":[{"embeddable":true,"href":"https:\/\/sinoextrud.com\/fr\/wp-json\/wp\/v2\/media\/6429"}],"wp:attachment":[{"href":"https:\/\/sinoextrud.com\/fr\/wp-json\/wp\/v2\/media?parent=6430"}],"wp:term":[{"taxonomy":"category","embeddable":true,"href":"https:\/\/sinoextrud.com\/fr\/wp-json\/wp\/v2\/categories?post=6430"}],"curies":[{"name":"wp","href":"https:\/\/api.w.org\/{rel}","templated":true}]}}