{"id":6428,"date":"2025-05-28T08:59:19","date_gmt":"2025-05-28T08:59:19","guid":{"rendered":"https:\/\/sinoextrud.com\/product\/aluminium-angles\/"},"modified":"2025-06-24T06:10:53","modified_gmt":"2025-06-24T06:10:53","slug":"angles-en-aluminium","status":"publish","type":"product","link":"https:\/\/sinoextrud.com\/fr\/product\/aluminium-angles\/","title":{"rendered":"Corni\u00e8res en aluminium"},"content":{"rendered":"<h2>D\u00e9tails des produits<\/h2>\n<table class=\"custom-table\">\n<tr>\n<td class=\"label\">Mod\u00e8le NO :<\/td>\n<td>angle en aluminium 6063<\/td>\n<\/tr>\n<tr>\n<td class=\"label\">Type :<\/td>\n<td>tubes et barres g\u00e9n\u00e9rales<\/td>\n<\/tr>\n<tr>\n<td class=\"label\">\u00c9tat de surface :<\/td>\n<td>finition en usine<\/td>\n<\/tr>\n<tr>\n<td class=\"label\">taille :<\/td>\n<td>80*80mm, 4.0mm d'\u00e9paisseur<\/td>\n<\/tr>\n<tr>\n<td class=\"label\">Longueur :<\/td>\n<td>5,8 millions par pc<\/td>\n<\/tr>\n<tr>\n<td class=\"label\">Paquet :<\/td>\n<td>roul\u00e9s un par un par l'entreprise PE, 5pcs par paquet, personnalis\u00e9s<\/td>\n<\/tr>\n<tr>\n<td class=\"label\">Port d'embarquement :<\/td>\n<td>FOB Guangzhou<\/td>\n<\/tr>\n<tr>\n<td class=\"label\">Sp\u00e9cification :<\/td>\n<td>Norme SGS ISO GB<\/td>\n<\/tr>\n<tr>\n<td class=\"label\">Code HS :<\/td>\n<td>76042990<\/td>\n<\/tr>\n<tr>\n<td class=\"label\">Original :<\/td>\n<td>Foshan Chine<\/td>\n<\/tr>\n<tr>\n<td class=\"label\">Capacit\u00e9 de production :<\/td>\n<td>200 000 kg\/mois<\/td>\n<\/tr>\n<\/table>\n<h2>Notre base de production<\/h2>\n<h3>Panorama de l'usine<\/h3>\n<p><img decoding=\"async\" src=\"\/wp-content\/uploads\/factory-01.webp\"\/><\/p>\n<h3>Atelier de fabrication de barres d'aluminium<\/h3>\n<p><img decoding=\"async\" src=\"\/wp-content\/uploads\/factory-02.webp\"\/><\/p>\n<p><img decoding=\"async\" src=\"\/wp-content\/uploads\/factory-03.webp\"\/><\/p>\n<h3>Entrep\u00f4t de stockage des moules<\/h3>\n<p><img decoding=\"async\" src=\"\/wp-content\/uploads\/factory-04.webp\"\/><\/p>\n<h3>43 lignes d'extrusion d'aluminium (500 \u00e0 5500 tonnes)<\/h3>\n<p><img decoding=\"async\" src=\"\/wp-content\/uploads\/factory-05.webp\"\/><\/p>\n<p><img decoding=\"async\" src=\"\/wp-content\/uploads\/factory-06.webp\"\/><\/p>\n<p><img decoding=\"async\" src=\"\/wp-content\/uploads\/factory-07.webp\"\/><\/p>\n<h3>Atelier de peinture en poudre<\/h3>\n<p><img decoding=\"async\" src=\"\/wp-content\/uploads\/factory-09.webp\"\/><\/p>\n<h3>Atelier d'anodisation<\/h3>\n<p><img decoding=\"async\" src=\"\/wp-content\/uploads\/factory-10.webp\"\/><\/p>\n<h3>Atelier sur le traitement en profondeur<\/h3>\n<p><img decoding=\"async\" src=\"\/wp-content\/uploads\/factory-11.webp\"\/><\/p>\n<h3>Atelier d'usinage de pr\u00e9cision CNC<\/h3>\n<p><img decoding=\"async\" src=\"\/wp-content\/uploads\/factory-11.5.webp\"\/><\/p>\n<h3>Entrep\u00f4t de produits finis et d'exportation<\/h3>\n<p><img decoding=\"async\" src=\"\/wp-content\/uploads\/factory-12.webp\"\/><\/p>\n<p><img decoding=\"async\" src=\"\/wp-content\/uploads\/factory-13.webp\"\/><\/p>\n<p><img decoding=\"async\" src=\"\/wp-content\/uploads\/factory-14.webp\"\/><\/p>\n<h2>FAQ<\/h2>\n<p><p><b>1. \u00e0 quoi servent les corni\u00e8res en aluminium ?<\/b><\/p>\n<p>Les corni\u00e8res en aluminium sont utilis\u00e9es dans les charpentes, les contreventements, les rayonnages et les applications architecturales pour leur support structurel et leur l\u00e9g\u00e8ret\u00e9.<br \/>\n<\/p><br \/>\n<br \/>\n<p><b>2. quels sont les avantages des corni\u00e8res en aluminium ?<\/b><\/p>\n<p>Les corni\u00e8res en aluminium offrent un rapport r\u00e9sistance\/poids \u00e9lev\u00e9, une r\u00e9sistance \u00e0 la corrosion et une facilit\u00e9 d'usinage, ce qui les rend id\u00e9ales pour des besoins de construction polyvalents.<br \/>\n<\/p><br \/>\n<br \/>\n<p><b>3. pourquoi choisir des corni\u00e8res en aluminium plut\u00f4t que des corni\u00e8res en acier ?<\/b><\/p>\n<p>Les corni\u00e8res en aluminium sont plus l\u00e9g\u00e8res, inoxydables et plus faciles \u00e0 couper et \u00e0 souder que l'acier, ce qui r\u00e9duit le temps d'installation et les co\u00fbts de maintenance.<br \/>\n<\/p><br \/>\n<br \/>\n<p><b>4) Les corni\u00e8res en aluminium peuvent-elles \u00eatre personnalis\u00e9es ?<\/b><\/p>\n<p>Oui, les corni\u00e8res en aluminium peuvent \u00eatre coup\u00e9es \u00e0 longueur, perc\u00e9es et pli\u00e9es, et sont disponibles dans diff\u00e9rents alliages et \u00e9paisseurs pour r\u00e9pondre aux exigences sp\u00e9cifiques du projet.<br \/>\n<\/p><br \/>\n<br \/>\n<p><b>5) Quelles sont les finitions de surface disponibles pour les corni\u00e8res en aluminium ?<\/b><\/p>\n<p>Les finitions les plus courantes sont l'anodisation, le rev\u00eatement par poudre et la finition en usine, qui am\u00e9liorent la durabilit\u00e9, la protection contre la corrosion et l'attrait esth\u00e9tique.<br \/>\n<\/p><br \/>\n<br \/>\n<p><b>6. les corni\u00e8res en aluminium peuvent-elles \u00eatre utilis\u00e9es \u00e0 l'ext\u00e9rieur ?<\/b><\/p>\n<p>Oui, les corni\u00e8res en aluminium anodis\u00e9es ou rev\u00eatues d'une peinture en poudre r\u00e9sistent aux UV, \u00e0 l'humidit\u00e9 et aux intemp\u00e9ries, garantissant ainsi des performances durables.<br \/>\n<\/p><br \/>\n<br \/>\n<p><b>7. Comment les corni\u00e8res en aluminium contribuent-elles \u00e0 une conception durable ?<\/b><\/p>\n<p>Les corni\u00e8res en aluminium sont 100% recyclables et leur production est \u00e9conome en \u00e9nergie, ce qui en fait un choix respectueux de l'environnement pour la construction et la fabrication \u00e9cologiques.<br \/>\n<\/p><br \/><\/p>","protected":false},"featured_media":6427,"template":"","categories":[60],"class_list":["post-6428","product","type-product","status-publish","has-post-thumbnail","hentry","category-general-tubes-and-bars"],"meta_box":{"hilight_text_group":{"product_hilight_text":"<li>Strong and lightweight aluminum angles suitable for structural support<\/li>\r\r\n<li>Excellent corrosion resistance for indoor and outdoor applications<\/li>\r\r\n<li>Available in various sizes, thicknesses, and custom lengths<\/li>\r\r\n<li>Easy to cut, weld, and fabricate for diverse construction needs<\/li>\r\r\n<li>Reliable bulk supply with consistent quality and timely delivery<\/li>","product_chanpin_blog":"<ul>\r\r\n<li><a href=\"https:\/\/sinoextrud.com\/t-slot-v-slot-differences\/\" target=\"_blank\">t slot vs v slot<\/a><\/li>\r\r\n<li><a href=\"https:\/\/sinoextrud.com\/what-is-4040-aluminium-extrud\/\" target=\"_blank\">4040 aluminium extrusion<\/a><\/li>\r\r\n<li><a href=\"https:\/\/sinoextrud.com\/what-is-4040-aluminium-extrud\/\" target=\"_blank\">aluminum extrusions for industrial racks<\/a><\/li>\r\r\n<li><a href=\"https:\/\/sinoextrud.com\/powder-coating-aluminium-process\/\" target=\"_blank\">powder coating aluminium<\/a><\/li>\r\r\n<li><a href=\"https:\/\/sinoextrud.com\/what-is-an-aluminium-strip-ceiling\/\" target=\"_blank\">aluminium strip ceiling<\/a><\/li>\r\r\n<li><a href=\"https:\/\/sinoextrud.com\/what-is-a-heat-sink\/\" target=\"_blank\">what is a heat sink<\/a><\/li>\r\r\n<\/ul>","product_chanpin_chanpin":"<li><a href=\"https:\/\/sinoextrud.com\/product\/round-aluminum-tube\/\" target=\"_blank\">Round Aluminum Tube<\/a><\/li>\r\n<li><a href=\"https:\/\/sinoextrud.com\/product\/40x40-aluminium-profile\/\" target=\"_blank\">40\u00c3\u201440 Aluminium Profile<\/a><\/li>\r\n<li><a href=\"https:\/\/sinoextrud.com\/product\/aluminium-profile-channel\/\" target=\"_blank\">Aluminium Profile Channel<\/a><\/li>\r\n<li><a href=\"https:\/\/sinoextrud.com\/product\/rectangular-aluminum-tube\/\" target=\"_blank\">Rectangular Aluminum Tube<\/a><\/li>\r\n<li><a href=\"https:\/\/sinoextrud.com\/product\/aluminium-angles\/\" target=\"_blank\">Aluminium Angles<\/a><\/li>\r\n<li><a href=\"https:\/\/sinoextrud.com\/product\/thin-wall-extruded-aluminum-tubing\/\" target=\"_blank\">Thin Wall Extruded Aluminum Tubing<\/a><\/li>\r\n<li><a href=\"https:\/\/sinoextrud.com\/product\/extruded-aluminum-z-bar\/\" target=\"_blank\">Extruded Aluminum Z Bar<\/a><\/li>\r\n<li><a href=\"https:\/\/sinoextrud.com\/product\/aluminium-extrusion-pipe\/\" target=\"_blank\">Aluminium Extrusion Pipe<\/a><\/li>\r\n<li><a href=\"https:\/\/sinoextrud.com\/product\/alloy-aluminium\/\" target=\"_blank\">Alloy Aluminium<\/a><\/li>\r\n<li><a href=\"https:\/\/sinoextrud.com\/product\/triangular-extruded-aluminum-tube\/\" target=\"_blank\">Triangular Extruded Aluminum Tube<\/a><\/li>\r\n<li><a href=\"https:\/\/sinoextrud.com\/product\/aluminium-t-profil\/\" target=\"_blank\">Aluminium T Profil<\/a><\/li>"},"feature_list":[]},"_links":{"self":[{"href":"https:\/\/sinoextrud.com\/fr\/wp-json\/wp\/v2\/product\/6428","targetHints":{"allow":["GET"]}}],"collection":[{"href":"https:\/\/sinoextrud.com\/fr\/wp-json\/wp\/v2\/product"}],"about":[{"href":"https:\/\/sinoextrud.com\/fr\/wp-json\/wp\/v2\/types\/product"}],"wp:featuredmedia":[{"embeddable":true,"href":"https:\/\/sinoextrud.com\/fr\/wp-json\/wp\/v2\/media\/6427"}],"wp:attachment":[{"href":"https:\/\/sinoextrud.com\/fr\/wp-json\/wp\/v2\/media?parent=6428"}],"wp:term":[{"taxonomy":"category","embeddable":true,"href":"https:\/\/sinoextrud.com\/fr\/wp-json\/wp\/v2\/categories?post=6428"}],"curies":[{"name":"wp","href":"https:\/\/api.w.org\/{rel}","templated":true}]}}