{"id":6426,"date":"2025-05-28T08:54:39","date_gmt":"2025-05-28T08:54:39","guid":{"rendered":"https:\/\/sinoextrud.com\/product\/rectangular-aluminum-tube\/"},"modified":"2025-06-24T06:10:53","modified_gmt":"2025-06-24T06:10:53","slug":"tube-rectangulaire-en-aluminium","status":"publish","type":"product","link":"https:\/\/sinoextrud.com\/fr\/product\/rectangular-aluminum-tube\/","title":{"rendered":"Tube rectangulaire en aluminium"},"content":{"rendered":"<h2>D\u00e9tails des produits<\/h2>\n<table class=\"custom-table\">\n<tr>\n<td class=\"label\">Mod\u00e8le NO :<\/td>\n<td> tube rectangulaire en aluminium<\/td>\n<\/tr>\n<tr>\n<td class=\"label\">Forme :<\/td>\n<td> rectangulaire<\/td>\n<\/tr>\n<tr>\n<td class=\"label\">Temp\u00e9rer :<\/td>\n<td> 6063, T4-T6<\/td>\n<\/tr>\n<tr>\n<td class=\"label\">Alliage :<\/td>\n<td> Alliage 6063<\/td>\n<\/tr>\n<tr>\n<td class=\"label\">Personnalis\u00e9 Mat\u00e9riau :<\/td>\n<td> 6063 6463 6061 6082<\/td>\n<\/tr>\n<tr>\n<td class=\"label\">Usinage sur mesure :<\/td>\n<td> D\u00e9coupage de pr\u00e9cision, fraisage, per\u00e7age, taraudage, etc.<\/td>\n<\/tr>\n<tr>\n<td class=\"label\">Couleur :<\/td>\n<td> finition en usine<\/td>\n<\/tr>\n<tr>\n<td class=\"label\">Origine :<\/td>\n<td> Foshan Chine<\/td>\n<\/tr>\n<tr>\n<td class=\"label\">Type :<\/td>\n<td> taille ouverte de Sinoextrud, taille personnalis\u00e9e disponible.<\/td>\n<\/tr>\n<tr>\n<td class=\"label\">Grade :<\/td>\n<td> S\u00e9rie 6000<\/td>\n<\/tr>\n<tr>\n<td class=\"label\">Autres finitions de surface :<\/td>\n<td> Anodis\u00e9, rev\u00eatement par poudre, etc.<\/td>\n<\/tr>\n<tr>\n<td class=\"label\">Certification :<\/td>\n<td> ISO, RoHS, GB<\/td>\n<\/tr>\n<tr>\n<td class=\"label\">Code HS :<\/td>\n<td> 76042990<\/td>\n<\/tr>\n<\/table>\n<h2>Notre base de production<\/h2>\n<h3>Panorama de l'usine<\/h3>\n<p><img decoding=\"async\" src=\"\/wp-content\/uploads\/factory-01.webp\"\/><\/p>\n<h3>Atelier de fabrication de barres d'aluminium<\/h3>\n<p><img decoding=\"async\" src=\"\/wp-content\/uploads\/factory-02.webp\"\/><\/p>\n<p><img decoding=\"async\" src=\"\/wp-content\/uploads\/factory-03.webp\"\/><\/p>\n<h3>Entrep\u00f4t de stockage des moules<\/h3>\n<p><img decoding=\"async\" src=\"\/wp-content\/uploads\/factory-04.webp\"\/><\/p>\n<h3>43 lignes d'extrusion d'aluminium (500 \u00e0 5500 tonnes)<\/h3>\n<p><img decoding=\"async\" src=\"\/wp-content\/uploads\/factory-05.webp\"\/><\/p>\n<p><img decoding=\"async\" src=\"\/wp-content\/uploads\/factory-06.webp\"\/><\/p>\n<p><img decoding=\"async\" src=\"\/wp-content\/uploads\/factory-07.webp\"\/><\/p>\n<h3>Atelier de peinture en poudre<\/h3>\n<p><img decoding=\"async\" src=\"\/wp-content\/uploads\/factory-09.webp\"\/><\/p>\n<h3>Atelier d'anodisation<\/h3>\n<p><img decoding=\"async\" src=\"\/wp-content\/uploads\/factory-10.webp\"\/><\/p>\n<h3>Atelier sur le traitement en profondeur<\/h3>\n<p><img decoding=\"async\" src=\"\/wp-content\/uploads\/factory-11.webp\"\/><\/p>\n<h3>Atelier d'usinage de pr\u00e9cision CNC<\/h3>\n<p><img decoding=\"async\" src=\"\/wp-content\/uploads\/factory-11.5.webp\"\/><\/p>\n<h3>Entrep\u00f4t de produits finis et d'exportation<\/h3>\n<p><img decoding=\"async\" src=\"\/wp-content\/uploads\/factory-12.webp\"\/><\/p>\n<p><img decoding=\"async\" src=\"\/wp-content\/uploads\/factory-13.webp\"\/><\/p>\n<p><img decoding=\"async\" src=\"\/wp-content\/uploads\/factory-14.webp\"\/><\/p>\n<h2>FAQ<\/h2>\n<p><p><b>1) Quels sont les principaux avantages de l'utilisation du tube rectangulaire en aluminium ? <\/b><\/p>\n<p>Le tube rectangulaire en aluminium offre une grande solidit\u00e9, une construction l\u00e9g\u00e8re, une r\u00e9sistance \u00e0 la corrosion et une fabrication facile, ce qui le rend id\u00e9al pour les applications structurelles et industrielles.<br \/>\n<\/p><br \/>\n<br \/>\n<p><b>2. les tubes rectangulaires en aluminium sont-ils r\u00e9sistants \u00e0 la corrosion ? <\/b><\/p>\n<p>Oui, les tubes rectangulaires en aluminium sont naturellement r\u00e9sistants \u00e0 la corrosion et sont souvent trait\u00e9s avec des rev\u00eatements suppl\u00e9mentaires pour une meilleure durabilit\u00e9 dans les environnements difficiles.<br \/>\n<\/p><br \/>\n<br \/>\n<p><b>3. le tube rectangulaire en aluminium peut-il \u00eatre utilis\u00e9 pour des applications structurelles ? <\/b><\/p>\n<p>Absolument, son rapport r\u00e9sistance\/poids \u00e9lev\u00e9 rend le tube rectangulaire en aluminium parfait pour les structures portantes et structurelles.<br \/>\n<\/p><br \/>\n<br \/>\n<p><b>4) Quelles sont les dimensions disponibles pour les tubes rectangulaires en aluminium ? <\/b><\/p>\n<p>Les tubes rectangulaires en aluminium sont disponibles dans une large gamme de dimensions et d'\u00e9paisseurs de paroi pour r\u00e9pondre aux divers besoins de construction et de fabrication.<br \/>\n<\/p><br \/>\n<br \/>\n<p><b>5. les tubes en aluminium sont-ils faciles \u00e0 couper et \u00e0 souder ? <\/b><\/p>\n<p>Oui, les tubes rectangulaires en aluminium sont connus pour leur excellente usinabilit\u00e9 et soudabilit\u00e9, ce qui simplifie la fabrication et l'installation.<br \/>\n<\/p><br \/>\n<br \/>\n<p><b>6. pourquoi choisir l'aluminium plut\u00f4t que l'acier pour les tubes rectangulaires ? <\/b><\/p>\n<p>L'aluminium est plus l\u00e9ger, r\u00e9sistant \u00e0 la corrosion et plus facile \u00e0 travailler que l'acier, tout en offrant une r\u00e9sistance suffisante pour de nombreuses applications.<br \/>\n<\/p><br \/>\n<br \/>\n<p><b>7. Les tubes rectangulaires en aluminium peuvent-ils \u00eatre personnalis\u00e9s ? <\/b><\/p>\n<p>Oui, ils peuvent \u00eatre coup\u00e9s \u00e0 la longueur voulue, anodis\u00e9s ou recouverts d'un rev\u00eatement en poudre pour r\u00e9pondre \u00e0 des exigences sp\u00e9cifiques en mati\u00e8re de projet ou d'esth\u00e9tique.<br \/>\n<\/p><br \/><\/p>","protected":false},"featured_media":6425,"template":"","categories":[60],"class_list":["post-6426","product","type-product","status-publish","has-post-thumbnail","hentry","category-general-tubes-and-bars"],"meta_box":{"hilight_text_group":{"product_hilight_text":"<li>High-strength aluminum alloy material for heavy-duty structural applications<\/li>\r\r\n<li>Corrosion-resistant surface treatment suitable for various industrial environments<\/li>\r\r\n<li>Available in a wide range of sizes to meet custom project requirements<\/li>\r\r\n<li>Excellent weldability for easy fabrication and installation<\/li>\r\r\n<li>Lightweight structure reduces transportation and construction costs<\/li>","product_chanpin_blog":"<ul>\r\r\n<li><a href=\"https:\/\/sinoextrud.com\/t-slot-v-slot-differences\/\" target=\"_blank\">t slot vs v slot<\/a><\/li>\r\r\n<li><a href=\"https:\/\/sinoextrud.com\/what-is-4040-aluminium-extrud\/\" target=\"_blank\">4040 aluminium extrusion<\/a><\/li>\r\r\n<li><a href=\"https:\/\/sinoextrud.com\/what-is-4040-aluminium-extrud\/\" target=\"_blank\">aluminum extrusions for industrial racks<\/a><\/li>\r\r\n<li><a href=\"https:\/\/sinoextrud.com\/powder-coating-aluminium-process\/\" target=\"_blank\">powder coating aluminium<\/a><\/li>\r\r\n<li><a href=\"https:\/\/sinoextrud.com\/what-is-an-aluminium-strip-ceiling\/\" target=\"_blank\">aluminium strip ceiling<\/a><\/li>\r\r\n<li><a href=\"https:\/\/sinoextrud.com\/what-is-a-heat-sink\/\" target=\"_blank\">what is a heat sink<\/a><\/li>\r\r\n<\/ul>","product_chanpin_chanpin":"<li><a href=\"https:\/\/sinoextrud.com\/product\/extruded-aluminum-t-bar\/\" target=\"_blank\">Extruded Aluminum T Bar<\/a><\/li>\r\n<li><a href=\"https:\/\/sinoextrud.com\/product\/round-aluminum-tube\/\" target=\"_blank\">Round Aluminum Tube<\/a><\/li>\r\n<li><a href=\"https:\/\/sinoextrud.com\/product\/40x40-aluminium-profile\/\" target=\"_blank\">40\u00c3\u201440 Aluminium Profile<\/a><\/li>\r\n<li><a href=\"https:\/\/sinoextrud.com\/product\/aluminium-profile-channel\/\" target=\"_blank\">Aluminium Profile Channel<\/a><\/li>\r\n<li><a href=\"https:\/\/sinoextrud.com\/product\/rectangular-aluminum-tube\/\" target=\"_blank\">Rectangular Aluminum Tube<\/a><\/li>\r\n<li><a href=\"https:\/\/sinoextrud.com\/product\/aluminium-angles\/\" target=\"_blank\">Aluminium Angles<\/a><\/li>\r\n<li><a href=\"https:\/\/sinoextrud.com\/product\/thin-wall-extruded-aluminum-tubing\/\" target=\"_blank\">Thin Wall Extruded Aluminum Tubing<\/a><\/li>\r\n<li><a href=\"https:\/\/sinoextrud.com\/product\/extruded-aluminum-z-bar\/\" target=\"_blank\">Extruded Aluminum Z Bar<\/a><\/li>\r\n<li><a href=\"https:\/\/sinoextrud.com\/product\/aluminium-extrusion-pipe\/\" target=\"_blank\">Aluminium Extrusion Pipe<\/a><\/li>\r\n<li><a href=\"https:\/\/sinoextrud.com\/product\/extruded-aluminium-case\/\" target=\"_blank\">Extruded Aluminium Case<\/a><\/li>\r\n<li><a href=\"https:\/\/sinoextrud.com\/product\/customized-extruded-aluminum-flat-bar-profile\/\" target=\"_blank\">Customized Extruded Aluminum Flat Bar Profile<\/a><\/li>"},"feature_list":[]},"_links":{"self":[{"href":"https:\/\/sinoextrud.com\/fr\/wp-json\/wp\/v2\/product\/6426","targetHints":{"allow":["GET"]}}],"collection":[{"href":"https:\/\/sinoextrud.com\/fr\/wp-json\/wp\/v2\/product"}],"about":[{"href":"https:\/\/sinoextrud.com\/fr\/wp-json\/wp\/v2\/types\/product"}],"wp:featuredmedia":[{"embeddable":true,"href":"https:\/\/sinoextrud.com\/fr\/wp-json\/wp\/v2\/media\/6425"}],"wp:attachment":[{"href":"https:\/\/sinoextrud.com\/fr\/wp-json\/wp\/v2\/media?parent=6426"}],"wp:term":[{"taxonomy":"category","embeddable":true,"href":"https:\/\/sinoextrud.com\/fr\/wp-json\/wp\/v2\/categories?post=6426"}],"curies":[{"name":"wp","href":"https:\/\/api.w.org\/{rel}","templated":true}]}}