{"id":6424,"date":"2025-05-28T08:51:07","date_gmt":"2025-05-28T08:51:07","guid":{"rendered":"https:\/\/sinoextrud.com\/product\/aluminium-profile-channel\/"},"modified":"2025-06-24T06:10:52","modified_gmt":"2025-06-24T06:10:52","slug":"profile-en-aluminium","status":"publish","type":"product","link":"https:\/\/sinoextrud.com\/fr\/product\/aluminium-profile-channel\/","title":{"rendered":"Profil\u00e9s en aluminium"},"content":{"rendered":"<h2>D\u00e9tails des produits<\/h2>\n<table class=\"custom-table\">\n<tr>\n<td class=\"label\">\u00c9paisseur du canal :<\/td>\n<td> 1mm-10mm<\/td>\n<\/tr>\n<tr>\n<td class=\"label\">Fonction :<\/td>\n<td> Ignifugation, antistatique, antibact\u00e9rien, anti-moisissure<\/td>\n<\/tr>\n<tr>\n<td class=\"label\">Certification :<\/td>\n<td> SGS, ISO, ROHS<\/td>\n<\/tr>\n<tr>\n<td class=\"label\">Exp\u00e9rience en mati\u00e8re de produits :<\/td>\n<td> Asie du Sud-Est, Am\u00e9rique, Afrique, Australie<\/td>\n<\/tr>\n<tr>\n<td class=\"label\">Longueur :<\/td>\n<td> 5,8 m en standard, le maximum peut \u00eatre de 6,8 m<\/td>\n<\/tr>\n<tr>\n<td class=\"label\">Garantie :<\/td>\n<td> PE 10 ans \/PVDF 15 ans<\/td>\n<\/tr>\n<tr>\n<td class=\"label\">Poids :<\/td>\n<td> 0,3-3kgs\/m<\/td>\n<\/tr>\n<tr>\n<td class=\"label\">Aluminium \u00c9paisseur :<\/td>\n<td> 0,8mm-10mm<\/td>\n<\/tr>\n<tr>\n<td class=\"label\">Paquet de transport :<\/td>\n<td> Papier imperm\u00e9able ou en vrac<\/td>\n<\/tr>\n<tr>\n<td class=\"label\">Origine :<\/td>\n<td> Chine<\/td>\n<\/tr>\n<tr>\n<td class=\"label\">Finition de la surface :<\/td>\n<td> Rev\u00eatement<\/td>\n<\/tr>\n<tr>\n<td class=\"label\">Aluminium \u00c9paisseur :<\/td>\n<td> 0,8mm-10mm<\/td>\n<\/tr>\n<tr>\n<td class=\"label\">Utilisation :<\/td>\n<td> Mur ext\u00e9rieur, mur-rideau, int\u00e9rieur, publicit\u00e9<\/td>\n<\/tr>\n<tr>\n<td class=\"label\">Taille :<\/td>\n<td> 51,6*25 en standard<\/td>\n<\/tr>\n<tr>\n<td class=\"label\">\u00c9paisseur du canal :<\/td>\n<td> 1,0 mm<\/td>\n<\/tr>\n<tr>\n<td class=\"label\">Alliage d'aluminium :<\/td>\n<td> Grade 6063\/6061\/6082<\/td>\n<\/tr>\n<tr>\n<td class=\"label\">Couleur :<\/td>\n<td> M\u00e9tallique, solide, pierre, bois, brosse, miroir<\/td>\n<\/tr>\n<tr>\n<td class=\"label\">Marque d\u00e9pos\u00e9e :<\/td>\n<td> Sinoextrud<\/td>\n<\/tr>\n<tr>\n<td class=\"label\">Sp\u00e9cification :<\/td>\n<td> 51,6*25*1,0 mm<\/td>\n<\/tr>\n<tr>\n<td class=\"label\">Code HS :<\/td>\n<td> 76042100<\/td>\n<\/tr>\n<\/table>\n<h2>Notre base de production<\/h2>\n<h3>Panorama de l'usine<\/h3>\n<p><img decoding=\"async\" src=\"\/wp-content\/uploads\/factory-01.webp\"\/><\/p>\n<h3>Atelier de fabrication de barres d'aluminium<\/h3>\n<p><img decoding=\"async\" src=\"\/wp-content\/uploads\/factory-02.webp\"\/><\/p>\n<\/p>\n<p><img decoding=\"async\" src=\"\/wp-content\/uploads\/factory-03.webp\"\/><\/p>\n<h3>Entrep\u00f4t de stockage des moules<\/h3>\n<p><img decoding=\"async\" src=\"\/wp-content\/uploads\/factory-04.webp\"\/><\/p>\n<h3>43 lignes d'extrusion d'aluminium (500 \u00e0 5500 tonnes)<\/h3>\n<p><img decoding=\"async\" src=\"\/wp-content\/uploads\/factory-05.webp\"\/><\/p>\n<p><img decoding=\"async\" src=\"\/wp-content\/uploads\/factory-06.webp\"\/><\/p>\n<p><img decoding=\"async\" src=\"\/wp-content\/uploads\/factory-07.webp\"\/><\/p>\n<h3>Atelier de peinture en poudre<\/h3>\n<p><img decoding=\"async\" src=\"\/wp-content\/uploads\/factory-09.webp\"\/><\/p>\n<h3>Atelier d'anodisation<\/h3>\n<p><img decoding=\"async\" src=\"\/wp-content\/uploads\/factory-10.webp\"\/><\/p>\n<h3>Atelier sur le traitement en profondeur<\/h3>\n<p><img decoding=\"async\" src=\"\/wp-content\/uploads\/factory-11.webp\"\/><\/p>\n<h3>Atelier d'usinage de pr\u00e9cision CNC<\/h3>\n<p><img decoding=\"async\" src=\"\/wp-content\/uploads\/factory-11.5.webp\"\/><\/p>\n<h3>Entrep\u00f4t de produits finis et d'exportation<\/h3>\n<p><img decoding=\"async\" src=\"\/wp-content\/uploads\/factory-12.webp\"\/><\/p>\n<p><img decoding=\"async\" src=\"\/wp-content\/uploads\/factory-13.webp\"\/><\/p>\n<p><img decoding=\"async\" src=\"\/wp-content\/uploads\/factory-14.webp\"\/><\/p>\n<h2>FAQ<\/h2>\n<p><b>1) Quels sont les principaux avantages des cha\u00eenes de profil\u00e9s en aluminium ? <\/b><\/p>\n<p> Les profil\u00e9s en aluminium offrent une grande solidit\u00e9, une r\u00e9sistance \u00e0 la corrosion, une structure l\u00e9g\u00e8re et un assemblage modulaire facile, ce qui les rend id\u00e9aux pour les applications industrielles et structurelles.\n<\/p>\n<p><\/p>\n<p><b>2. Les profil\u00e9s aluminium sont-ils adapt\u00e9s \u00e0 des applications personnalis\u00e9es ? <\/b><\/p>\n<p> Oui, les profil\u00e9s aluminium sont disponibles en diff\u00e9rentes tailles et formes, ce qui permet de les personnaliser pour r\u00e9pondre aux besoins sp\u00e9cifiques des projets.\n<\/p>\n<p><\/p>\n<p><b>3. Comment les profil\u00e9s aluminium am\u00e9liorent-ils l'efficacit\u00e9 de l'installation ? <\/b><\/p>\n<p> Leur conception modulaire et leur compatibilit\u00e9 avec les accessoires standard permettent une installation rapide et efficace, r\u00e9duisant ainsi le temps de travail et les co\u00fbts.\n<\/p>\n<p><\/p>\n<p><b>4. pourquoi choisir des profil\u00e9s en aluminium plut\u00f4t qu'en acier ? <\/b><\/p>\n<p> Les profil\u00e9s en aluminium sont plus l\u00e9gers, plus r\u00e9sistants \u00e0 la corrosion et plus faciles \u00e0 travailler que l'acier, ce qui leur conf\u00e8re une durabilit\u00e9 \u00e0 long terme et des co\u00fbts de maintenance r\u00e9duits.\n<\/p>\n<p><\/p>\n<p><b>5. Les profil\u00e9s aluminium peuvent-ils \u00eatre utilis\u00e9s \u00e0 l'ext\u00e9rieur ? <\/b><\/p>\n<p> Oui, gr\u00e2ce aux finitions anodis\u00e9es ou thermolaqu\u00e9es, les profil\u00e9s en aluminium sont tr\u00e8s r\u00e9sistants aux intemp\u00e9ries et \u00e0 la corrosion, ce qui les rend id\u00e9aux pour une utilisation en ext\u00e9rieur.\n<\/p>\n<p><\/p>\n<p><b>6.Les profil\u00e9s aluminium sont-ils compatibles avec les syst\u00e8mes d'automatisation ? <\/b><\/p>\n<p> Absolument, leur conception de pr\u00e9cision et leurs interfaces standard font des profil\u00e9s en aluminium des \u00e9l\u00e9ments parfaits pour les syst\u00e8mes d'automatisation et d'encadrement des machines.\n<\/p>\n<p><\/p>\n<p><b>7.Les profil\u00e9s en aluminium supportent-ils les charges lourdes ? <\/b><\/p>\n<p> Fabriqu\u00e9s \u00e0 partir d'un alliage d'aluminium \u00e0 haute r\u00e9sistance, les profil\u00e9s en aluminium peuvent supporter des charges importantes tout en conservant leur int\u00e9grit\u00e9 structurelle.\n<\/p>\n<p><\/p>\n<p><b>8. quelles sont les industries qui utilisent couramment les cha\u00eenes de profil\u00e9s en aluminium ? <\/b><\/p>\n<p> Les industries telles que l'industrie manufacturi\u00e8re, la construction, la robotique et l'automobile utilisent largement les profil\u00e9s en aluminium pour l'encadrement, les bo\u00eetiers et le soutien structurel.\n<\/p>\n<p><\/p>","protected":false},"featured_media":6423,"template":"","categories":[60],"class_list":["post-6424","product","type-product","status-publish","has-post-thumbnail","hentry","category-general-tubes-and-bars"],"meta_box":{"hilight_text_group":{"product_hilight_text":"<li>High-strength aluminum alloy for superior load-bearing performance in industrial applications<\/li>\r\r\n<li>Modular design enables quick installation and flexible assembly, reducing labor costs<\/li>\r\r\n<li>Corrosion-resistant surface treatment ensures durability in various environments<\/li>\r\r\n<li>Available in multiple sizes and cross-section shapes to meet customized requirements<\/li>\r\r\n<li>Compatible with a wide range of accessories for automation and equipment framing systems<\/li>","product_chanpin_blog":"<ul>\r\r\n<li><a href=\"https:\/\/sinoextrud.com\/t-slot-v-slot-differences\/\" target=\"_blank\">t slot vs v slot<\/a><\/li>\r\r\n<li><a href=\"https:\/\/sinoextrud.com\/what-is-4040-aluminium-extrud\/\" target=\"_blank\">4040 aluminium extrusion<\/a><\/li>\r\r\n<li><a href=\"https:\/\/sinoextrud.com\/what-is-4040-aluminium-extrud\/\" target=\"_blank\">aluminum extrusions for industrial racks<\/a><\/li>\r\r\n<li><a href=\"https:\/\/sinoextrud.com\/powder-coating-aluminium-process\/\" target=\"_blank\">powder coating aluminium<\/a><\/li>\r\r\n<li><a href=\"https:\/\/sinoextrud.com\/what-is-an-aluminium-strip-ceiling\/\" target=\"_blank\">aluminium strip ceiling<\/a><\/li>\r\r\n<li><a href=\"https:\/\/sinoextrud.com\/what-is-a-heat-sink\/\" target=\"_blank\">what is a heat sink<\/a><\/li>\r\r\n<\/ul>","product_chanpin_chanpin":"<li><a href=\"https:\/\/sinoextrud.com\/product\/aluminium-pipes-tubes\/\" target=\"_blank\">Aluminium Pipes Tubes<\/a><\/li>\r\n<li><a href=\"https:\/\/sinoextrud.com\/product\/extruded-aluminum-t-bar\/\" target=\"_blank\">Extruded Aluminum T Bar<\/a><\/li>\r\n<li><a href=\"https:\/\/sinoextrud.com\/product\/round-aluminum-tube\/\" target=\"_blank\">Round Aluminum Tube<\/a><\/li>\r\n<li><a href=\"https:\/\/sinoextrud.com\/product\/40x40-aluminium-profile\/\" target=\"_blank\">40\u00c3\u201440 Aluminium Profile<\/a><\/li>\r\n<li><a href=\"https:\/\/sinoextrud.com\/product\/aluminium-profile-channel\/\" target=\"_blank\">Aluminium Profile Channel<\/a><\/li>\r\n<li><a href=\"https:\/\/sinoextrud.com\/product\/rectangular-aluminum-tube\/\" target=\"_blank\">Rectangular Aluminum Tube<\/a><\/li>\r\n<li><a href=\"https:\/\/sinoextrud.com\/product\/aluminium-angles\/\" target=\"_blank\">Aluminium Angles<\/a><\/li>\r\n<li><a href=\"https:\/\/sinoextrud.com\/product\/thin-wall-extruded-aluminum-tubing\/\" target=\"_blank\">Thin Wall Extruded Aluminum Tubing<\/a><\/li>\r\n<li><a href=\"https:\/\/sinoextrud.com\/product\/extruded-aluminum-z-bar\/\" target=\"_blank\">Extruded Aluminum Z Bar<\/a><\/li>\r\n<li><a href=\"https:\/\/sinoextrud.com\/product\/aluminum-alloy-section\/\" target=\"_blank\">Aluminum Alloy Section<\/a><\/li>\r\n<li><a href=\"https:\/\/sinoextrud.com\/product\/aluminium-aerofoil-extrusion-oxidation-scrub-black\/\" target=\"_blank\">Aluminium Aerofoil Extrusion Oxidation Scrub Black<\/a><\/li>"},"feature_list":[]},"_links":{"self":[{"href":"https:\/\/sinoextrud.com\/fr\/wp-json\/wp\/v2\/product\/6424","targetHints":{"allow":["GET"]}}],"collection":[{"href":"https:\/\/sinoextrud.com\/fr\/wp-json\/wp\/v2\/product"}],"about":[{"href":"https:\/\/sinoextrud.com\/fr\/wp-json\/wp\/v2\/types\/product"}],"wp:featuredmedia":[{"embeddable":true,"href":"https:\/\/sinoextrud.com\/fr\/wp-json\/wp\/v2\/media\/6423"}],"wp:attachment":[{"href":"https:\/\/sinoextrud.com\/fr\/wp-json\/wp\/v2\/media?parent=6424"}],"wp:term":[{"taxonomy":"category","embeddable":true,"href":"https:\/\/sinoextrud.com\/fr\/wp-json\/wp\/v2\/categories?post=6424"}],"curies":[{"name":"wp","href":"https:\/\/api.w.org\/{rel}","templated":true}]}}