{"id":6373,"date":"2025-05-27T06:22:52","date_gmt":"2025-05-27T06:22:52","guid":{"rendered":"https:\/\/sinoextrud.com\/product\/round-aluminum-tube\/"},"modified":"2025-06-24T06:10:52","modified_gmt":"2025-06-24T06:10:52","slug":"tube-rond-en-aluminium","status":"publish","type":"product","link":"https:\/\/sinoextrud.com\/fr\/product\/round-aluminum-tube\/","title":{"rendered":"Tube rond en aluminium"},"content":{"rendered":"<h2>D\u00e9tails des produits<\/h2>\n<table class=\"custom-table\">\n<tr>\n<td class=\"label\">Mod\u00e8le NO :<\/td>\n<td> profil de tube rond en aluminium<\/td>\n<\/tr>\n<tr>\n<td class=\"label\">Type :<\/td>\n<td> tubes et barres g\u00e9n\u00e9rales<\/td>\n<\/tr>\n<tr>\n<td class=\"label\">Traitement de surface :<\/td>\n<td> finition en usine<\/td>\n<\/tr>\n<tr>\n<td class=\"label\">Taille :<\/td>\n<td> Diam\u00e8tre ext\u00e9rieur 100 mm, \u00e9paisseur 2,0 mm<\/td>\n<\/tr>\n<tr>\n<td class=\"label\">Garantie :<\/td>\n<td> depuis 10~20 ans<\/td>\n<\/tr>\n<tr>\n<td class=\"label\">Sp\u00e9cification :<\/td>\n<td> 5.8m<\/td>\n<\/tr>\n<tr>\n<td class=\"label\">Mat\u00e9riau :<\/td>\n<td> 6063-T5<\/td>\n<\/tr>\n<tr>\n<td class=\"label\">MOQ :<\/td>\n<td> 200KG pour chaque article<\/td>\n<\/tr>\n<tr>\n<td class=\"label\">Le march\u00e9 :<\/td>\n<td> March\u00e9 export\u00e9<\/td>\n<\/tr>\n<tr>\n<td class=\"label\">Code HS :<\/td>\n<td> 76042100<\/td>\n<\/tr>\n<tr>\n<td class=\"label\">Forme :<\/td>\n<td> forme ronde<\/td>\n<\/tr>\n<tr>\n<td class=\"label\">Standard :<\/td>\n<td> GB\/75237-2004, Q\/320281\/Pdwd-2008<\/td>\n<\/tr>\n<tr>\n<td class=\"label\">Port :<\/td>\n<td> Shenzhen, Guangzhou, Foshan<\/td>\n<\/tr>\n<tr>\n<td class=\"label\">Processus en profondeur :<\/td>\n<td> extrusion, d\u00e9coupe cnc<\/td>\n<\/tr>\n<tr>\n<td class=\"label\">Paquet de transport :<\/td>\n<td> Firme PE pour chaque pc, double pc pour un paquet<\/td>\n<\/tr>\n<tr>\n<td class=\"label\">Origine :<\/td>\n<td> Foshan, Chine<\/td>\n<\/tr>\n<\/table>\n<h2>Notre base de production<\/h2>\n<h3>Panorama de l'usine<\/h3>\n<p><img decoding=\"async\" src=\"\/wp-content\/uploads\/factory-01.webp\"\/><\/p>\n<h3>Atelier de fabrication de barres d'aluminium<\/h3>\n<p><img decoding=\"async\" src=\"\/wp-content\/uploads\/factory-02.webp\"\/><\/p>\n<p><img decoding=\"async\" src=\"\/wp-content\/uploads\/factory-03.webp\"\/><\/p>\n<h3>Entrep\u00f4t de stockage des moules<\/h3>\n<p><img decoding=\"async\" src=\"\/wp-content\/uploads\/factory-04.webp\"\/><\/p>\n<h3>43 lignes d'extrusion d'aluminium (500 \u00e0 5500 tonnes)<\/h3>\n<p><img decoding=\"async\" src=\"\/wp-content\/uploads\/factory-05.webp\"\/><\/p>\n<p><img decoding=\"async\" src=\"\/wp-content\/uploads\/factory-06.webp\"\/><\/p>\n<p><img decoding=\"async\" src=\"\/wp-content\/uploads\/factory-07.webp\"\/><\/p>\n<h3>Atelier de peinture en poudre<\/h3>\n<p><img decoding=\"async\" src=\"\/wp-content\/uploads\/factory-09.webp\"\/><\/p>\n<h3>Atelier d'anodisation<\/h3>\n<p><img decoding=\"async\" src=\"\/wp-content\/uploads\/factory-10.webp\"\/><\/p>\n<h3>Atelier sur le traitement en profondeur<\/h3>\n<p><img decoding=\"async\" src=\"\/wp-content\/uploads\/factory-11.webp\"\/><\/p>\n<h3>Atelier d'usinage de pr\u00e9cision CNC<\/h3>\n<p><img decoding=\"async\" src=\"\/wp-content\/uploads\/factory-11.5.webp\"\/><\/p>\n<h3>Entrep\u00f4t de produits finis et d'exportation<\/h3>\n<p><img decoding=\"async\" src=\"\/wp-content\/uploads\/factory-12.webp\"\/><\/p>\n<p><img decoding=\"async\" src=\"\/wp-content\/uploads\/factory-13.webp\"\/><\/p>\n<p><img decoding=\"async\" src=\"\/wp-content\/uploads\/factory-14.webp\"\/><\/p>\n<h2>FAQ<\/h2>\n<p><p><b>1. \u00e0 quoi sert un tube rond en aluminium ?<\/b><\/p>\n<p>Les tubes ronds en aluminium sont utilis\u00e9s dans la construction, l'automobile, l'ameublement et les applications industrielles pour leur r\u00e9sistance, leur l\u00e9g\u00e8ret\u00e9 et leur polyvalence.<br \/>\n<\/p><br \/>\n<br \/>\n<p><b>2) Quelles sont les principales caract\u00e9ristiques des tubes ronds en aluminium ?<\/b><\/p>\n<p>Les tubes ronds en aluminium offrent un rapport r\u00e9sistance\/poids \u00e9lev\u00e9, une excellente r\u00e9sistance \u00e0 la corrosion, une forme uniforme et une finition de surface lisse.<br \/>\n<\/p><br \/>\n<br \/>\n<p><b>3. pourquoi choisir les tubes ronds en aluminium plut\u00f4t que l'acier ou le plastique ?<\/b><\/p>\n<p>Les tubes ronds en aluminium sont plus l\u00e9gers que l'acier et plus durables que le plastique, ce qui permet d'obtenir des performances rentables et r\u00e9sistantes \u00e0 la rouille.<br \/>\n<\/p><br \/>\n<br \/>\n<p><b>4. les tubes ronds en aluminium peuvent-ils \u00eatre personnalis\u00e9s ?<\/b><\/p>\n<p>Oui, les tubes ronds en aluminium peuvent \u00eatre personnalis\u00e9s en termes de diam\u00e8tre, d'\u00e9paisseur de paroi, de longueur, de qualit\u00e9 d'alliage et de finition de surface pour r\u00e9pondre aux exigences du projet.<br \/>\n<\/p><br \/>\n<br \/>\n<p><b>5) Quelles sont les finitions de surface disponibles pour les tubes ronds en aluminium ?<\/b><\/p>\n<p>Les finitions courantes comprennent la finition en usine, l'anodisation et le rev\u00eatement par poudre pour am\u00e9liorer la protection contre la corrosion, la durabilit\u00e9 et l'esth\u00e9tique.<br \/>\n<\/p><br \/>\n<br \/>\n<p><b>6. les tubes ronds en aluminium peuvent-ils \u00eatre utilis\u00e9s \u00e0 l'ext\u00e9rieur ?<\/b><\/p>\n<p>Oui, avec un traitement de surface appropri\u00e9, les tubes ronds en aluminium r\u00e9sistent \u00e0 l'exposition aux UV, \u00e0 l'humidit\u00e9 et aux intemp\u00e9ries, ce qui les rend id\u00e9aux pour les applications ext\u00e9rieures.<br \/>\n<\/p><br \/>\n<br \/>\n<p><b>7. Comment les tubes ronds en aluminium soutiennent-ils l'ing\u00e9nierie durable ?<\/b><\/p>\n<p>L'aluminium est 100% recyclable et sa production est \u00e9conome en \u00e9nergie, et les tubes ronds r\u00e9duisent les d\u00e9chets de mat\u00e9riaux gr\u00e2ce \u00e0 des processus d'extrusion efficaces.<br \/>\n<\/p><br \/><\/p>","protected":false},"featured_media":6372,"template":"","categories":[60],"class_list":["post-6373","product","type-product","status-publish","has-post-thumbnail","hentry","category-general-tubes-and-bars"],"meta_box":{"hilight_text_group":{"product_hilight_text":"<li>Lightweight and strong, suitable for structural and mechanical uses<\/li>\r\r\n<li>Corrosion-resistant aluminum ensures durability in various environments<\/li>\r\r\n<li>Precision extrusion provides consistent round shape and smooth surface<\/li>\r\r\n<li>Available in multiple diameters, wall thicknesses, and lengths<\/li>\r\r\n<li>Supports customization and bulk orders for industrial applications<\/li>","product_chanpin_blog":"<ul>\r\r\n<li><a href=\"https:\/\/sinoextrud.com\/t-slot-v-slot-differences\/\" target=\"_blank\">t slot vs v slot<\/a><\/li>\r\r\n<li><a href=\"https:\/\/sinoextrud.com\/what-is-4040-aluminium-extrud\/\" target=\"_blank\">4040 aluminium extrusion<\/a><\/li>\r\r\n<li><a href=\"https:\/\/sinoextrud.com\/what-is-4040-aluminium-extrud\/\" target=\"_blank\">aluminum extrusions for industrial racks<\/a><\/li>\r\r\n<li><a href=\"https:\/\/sinoextrud.com\/powder-coating-aluminium-process\/\" target=\"_blank\">powder coating aluminium<\/a><\/li>\r\r\n<li><a href=\"https:\/\/sinoextrud.com\/what-is-an-aluminium-strip-ceiling\/\" target=\"_blank\">aluminium strip ceiling<\/a><\/li>\r\r\n<li><a href=\"https:\/\/sinoextrud.com\/what-is-a-heat-sink\/\" target=\"_blank\">what is a heat sink<\/a><\/li>\r\r\n<\/ul>","product_chanpin_chanpin":"<li><a href=\"https:\/\/sinoextrud.com\/product\/40x40-aluminium-extrusion\/\" target=\"_blank\">40\u00d740 Aluminium Extrusion<\/a><\/li>\r\n<li><a href=\"https:\/\/sinoextrud.com\/product\/aluminium-precision-tubing\/\" target=\"_blank\">Aluminium Precision Tubing<\/a><\/li>\r\n<li><a href=\"https:\/\/sinoextrud.com\/product\/aluminium-pipes-tubes\/\" target=\"_blank\">Aluminium Pipes Tubes<\/a><\/li>\r\n<li><a href=\"https:\/\/sinoextrud.com\/product\/extruded-aluminum-t-bar\/\" target=\"_blank\">Extruded Aluminum T Bar<\/a><\/li>\r\n<li><a href=\"https:\/\/sinoextrud.com\/product\/round-aluminum-tube\/\" target=\"_blank\">Round Aluminum Tube<\/a><\/li>\r\n<li><a href=\"https:\/\/sinoextrud.com\/product\/40x40-aluminium-profile\/\" target=\"_blank\">40\u00d740 Aluminium Profile<\/a><\/li>\r\n<li><a href=\"https:\/\/sinoextrud.com\/product\/aluminium-profile-channel\/\" target=\"_blank\">Aluminium Profile Channel<\/a><\/li>\r\n<li><a href=\"https:\/\/sinoextrud.com\/product\/rectangular-aluminum-tube\/\" target=\"_blank\">Rectangular Aluminum Tube<\/a><\/li>\r\n<li><a href=\"https:\/\/sinoextrud.com\/product\/aluminium-angles\/\" target=\"_blank\">Aluminium Angles<\/a><\/li>\r\n<li><a href=\"https:\/\/sinoextrud.com\/product\/aluminum-extrusion-curtain-wall\/\" target=\"_blank\">Aluminum Extrusion Curtain Wall<\/a><\/li>\r\n<li><a href=\"https:\/\/sinoextrud.com\/product\/led-aluminum-profile-with-heatsink\/\" target=\"_blank\">Led Aluminum Profile With Heatsink<\/a><\/li>"},"feature_list":[]},"_links":{"self":[{"href":"https:\/\/sinoextrud.com\/fr\/wp-json\/wp\/v2\/product\/6373","targetHints":{"allow":["GET"]}}],"collection":[{"href":"https:\/\/sinoextrud.com\/fr\/wp-json\/wp\/v2\/product"}],"about":[{"href":"https:\/\/sinoextrud.com\/fr\/wp-json\/wp\/v2\/types\/product"}],"wp:featuredmedia":[{"embeddable":true,"href":"https:\/\/sinoextrud.com\/fr\/wp-json\/wp\/v2\/media\/6372"}],"wp:attachment":[{"href":"https:\/\/sinoextrud.com\/fr\/wp-json\/wp\/v2\/media?parent=6373"}],"wp:term":[{"taxonomy":"category","embeddable":true,"href":"https:\/\/sinoextrud.com\/fr\/wp-json\/wp\/v2\/categories?post=6373"}],"curies":[{"name":"wp","href":"https:\/\/api.w.org\/{rel}","templated":true}]}}