{"id":6363,"date":"2025-05-27T03:46:42","date_gmt":"2025-05-27T03:46:42","guid":{"rendered":"https:\/\/sinoextrud.com\/product\/anodized-aluminium-tube\/"},"modified":"2025-06-24T06:10:51","modified_gmt":"2025-06-24T06:10:51","slug":"tube-en-aluminium-anodise","status":"publish","type":"product","link":"https:\/\/sinoextrud.com\/fr\/product\/anodized-aluminium-tube\/","title":{"rendered":"tube en aluminium anodis\u00e9"},"content":{"rendered":"<h2>D\u00e9tails des produits<\/h2>\n<table class=\"custom-table\">\n<tr>\n<td class=\"label\">Nom du produit<\/td>\n<td>Tube en aluminium anodis\u00e9<\/td>\n<\/tr>\n<tr>\n<td class=\"label\">Mat\u00e9riau<\/td>\n<td>Alliage d'amiminum<\/td>\n<\/tr>\n<tr>\n<td class=\"label\">Grade<\/td>\n<td>6063, 6060, 6061, 6005, 6005A, 6082, 6101B, 6463, 3003, 5052, 5083<\/td>\n<\/tr>\n<tr>\n<td class=\"label\">Temp\u00e9rer<\/td>\n<td>F, T4, T5, T6<\/td>\n<\/tr>\n<tr>\n<td class=\"label\">Standard<\/td>\n<td>GB\/T 6892-2006, GB\/T 14846-2008, GB\/T 1804-2000<\/td>\n<\/tr>\n<tr>\n<td class=\"label\">Certification<\/td>\n<td>ISO9001, ISO14001, OHSAS18001, SGS, ROHS<\/td>\n<\/tr>\n<tr>\n<td class=\"label\">Application<\/td>\n<td>Industriel, architectural<\/td>\n<\/tr>\n<tr>\n<td class=\"label\">Traitement de surface<\/td>\n<td>Anodisation, \u00e9lectrophor\u00e8se, teinture par immersion, rev\u00eatement par poudre, grain de bois, polissage, brossage, sablage<\/td>\n<\/tr>\n<tr>\n<td class=\"label\">Couleur<\/td>\n<td>Nature, Argent, Noir, Bronze, Champagne, Or<\/td>\n<\/tr>\n<tr>\n<td class=\"label\">Traitement en profondeur<\/td>\n<td>Poin\u00e7onnage, per\u00e7age, taraudage, fraisage, pliage, cisaillement, soudage<\/td>\n<\/tr>\n<tr>\n<td class=\"label\">MOQ<\/td>\n<td>200 KG<\/td>\n<\/tr>\n<tr>\n<td class=\"label\">D\u00e9lai de paiement<\/td>\n<td>30% d\u00e9p\u00f4t par T\/T, le solde pay\u00e9 avant la livraison<\/td>\n<\/tr>\n<tr>\n<td class=\"label\">Emballage<\/td>\n<td>Chaque pi\u00e8ce est prot\u00e9g\u00e9e par une feuille de mousse PE ou un sac en poly\u00e9thyl\u00e8ne, puis 8 ou 10 pi\u00e8ces dans un carton, ou emball\u00e9es selon les besoins du client.<\/td>\n<\/tr>\n<tr>\n<td class=\"label\">Temps de production<\/td>\n<td>30-40 jours pour la premi\u00e8re commande apr\u00e8s r\u00e9ception de l'acompte et confirmation de l'\u00e9chantillon, 20-30 jours pour les commandes r\u00e9p\u00e9t\u00e9es.<\/td>\n<\/tr>\n<tr>\n<td class=\"label\">Port<\/td>\n<td>Guangzhou Foshan ou Shenzhen<\/td>\n<\/tr>\n<tr>\n<td class=\"label\">Terme du commerce<\/td>\n<td>FOB<\/td>\n<\/tr>\n<\/table>\n<h2>Notre base de production<\/h2>\n<h3>Panorama de l'usine<\/h3>\n<p><img decoding=\"async\" src=\"\/wp-content\/uploads\/factory-01.webp\"\/><\/p>\n<h3>Atelier de fabrication de barres d'aluminium<\/h3>\n<p><img decoding=\"async\" src=\"\/wp-content\/uploads\/factory-02.webp\"\/><\/p>\n<p><img decoding=\"async\" src=\"\/wp-content\/uploads\/factory-03.webp\"\/><\/p>\n<h3>Entrep\u00f4t de stockage des moules<\/h3>\n<p><img decoding=\"async\" src=\"\/wp-content\/uploads\/factory-04.webp\"\/><\/p>\n<h3>43 lignes d'extrusion d'aluminium (500 \u00e0 5500 tonnes)<\/h3>\n<p><img decoding=\"async\" src=\"\/wp-content\/uploads\/factory-05.webp\"\/><\/p>\n<p><img decoding=\"async\" src=\"\/wp-content\/uploads\/factory-06.webp\"\/><\/p>\n<p><img decoding=\"async\" src=\"\/wp-content\/uploads\/factory-07.webp\"\/><\/p>\n<h3>Atelier de peinture en poudre<\/h3>\n<p><img decoding=\"async\" src=\"\/wp-content\/uploads\/factory-09.webp\"\/><\/p>\n<h3>Atelier d'anodisation<\/h3>\n<p><img decoding=\"async\" src=\"\/wp-content\/uploads\/factory-10.webp\"\/><\/p>\n<h3>Atelier sur le traitement en profondeur<\/h3>\n<p><img decoding=\"async\" src=\"\/wp-content\/uploads\/factory-11.webp\"\/><\/p>\n<h3>Atelier d'usinage de pr\u00e9cision CNC<\/h3>\n<p><img decoding=\"async\" src=\"\/wp-content\/uploads\/factory-11.5.webp\"\/><\/p>\n<h3>Entrep\u00f4t de produits finis et d'exportation<\/h3>\n<p><img decoding=\"async\" src=\"\/wp-content\/uploads\/factory-12.webp\"\/><\/p>\n<p><img decoding=\"async\" src=\"\/wp-content\/uploads\/factory-13.webp\"\/><\/p>\n<p><img decoding=\"async\" src=\"\/wp-content\/uploads\/factory-14.webp\"\/><\/p>\n<h2>FAQ<\/h2>\n<p><p><b>1. \u00e0 quoi sert un tube en aluminium anodis\u00e9 ?<\/b><\/p>\n<p>Le tube en aluminium anodis\u00e9 est utilis\u00e9 dans les projets architecturaux, les pi\u00e8ces automobiles, les bo\u00eetiers \u00e9lectroniques et les structures ext\u00e9rieures pour am\u00e9liorer la durabilit\u00e9 et la r\u00e9sistance \u00e0 la corrosion.<br \/>\n<\/p><br \/>\n<br \/>\n<p><b>2) Quels sont les principaux avantages d'un tube en aluminium anodis\u00e9 ?<\/b><\/p>\n<p>Un tube en aluminium anodis\u00e9 offre une r\u00e9sistance sup\u00e9rieure \u00e0 la corrosion, une duret\u00e9 de surface accrue et une finition d\u00e9corative qui am\u00e9liore \u00e0 la fois la fonction et l'esth\u00e9tique.<br \/>\n<\/p><br \/>\n<br \/>\n<p><b>3. Comment le processus d'anodisation am\u00e9liore-t-il les performances des tubes en aluminium ?<\/b><\/p>\n<p>L'anodisation cr\u00e9e une couche d'oxyde protectrice sur le tube d'aluminium, ce qui am\u00e9liore la r\u00e9sistance \u00e0 l'usure, la stabilit\u00e9 aux UV et l'adh\u00e9rence des peintures ou des adh\u00e9sifs.<br \/>\n<\/p><br \/>\n<br \/>\n<p><b>4) Pourquoi choisir un tube en aluminium anodis\u00e9 plut\u00f4t qu'en aluminium nu ?<\/b><\/p>\n<p>Un tube en aluminium anodis\u00e9 offre une durabilit\u00e9 \u00e0 long terme, une r\u00e9sistance aux rayures et une stabilit\u00e9 des couleurs par rapport \u00e0 l'aluminium non trait\u00e9, ce qui r\u00e9duit les besoins d'entretien.<br \/>\n<\/p><br \/>\n<br \/>\n<p><b>5. les tubes en aluminium anodis\u00e9 peuvent-ils \u00eatre utilis\u00e9s \u00e0 l'ext\u00e9rieur ?<\/b><\/p>\n<p>Oui, les tubes en aluminium anodis\u00e9 sont tr\u00e8s r\u00e9sistants aux intemp\u00e9ries, \u00e0 l'humidit\u00e9 et \u00e0 l'exposition aux UV, ce qui les rend id\u00e9aux pour les applications ext\u00e9rieures et marines.<br \/>\n<\/p><br \/>\n<br \/>\n<p><b>6. les tubes en aluminium anodis\u00e9 peuvent-ils \u00eatre personnalis\u00e9s ?<\/b><\/p>\n<p>Oui, les tubes en aluminium anodis\u00e9 peuvent \u00eatre personnalis\u00e9s en termes de diam\u00e8tre, d'\u00e9paisseur de paroi, de longueur, de qualit\u00e9 d'alliage et de couleur d'anodisation afin de r\u00e9pondre aux exigences sp\u00e9cifiques d'un projet.<br \/>\n<\/p><br \/>\n<br \/>\n<p><b>7) Quelles sont les couleurs et les finitions disponibles pour les tubes en aluminium anodis\u00e9 ?<\/b><\/p>\n<p>Les tubes en aluminium anodis\u00e9 sont disponibles dans une large gamme de couleurs naturelles ou teint\u00e9es, allant du clair au bronze en passant par le noir et les teintes personnalis\u00e9es, avec des finitions mates ou brillantes.<br \/>\n<\/p><br \/>\n<br \/>\n<p><b>8) Quelle est la dur\u00e9e de vie d'un tube en aluminium anodis\u00e9 ?<\/b><\/p>\n<p>Avec un entretien appropri\u00e9, un tube en aluminium anodis\u00e9 peut conserver ses propri\u00e9t\u00e9s protectrices et d\u00e9coratives pendant des d\u00e9cennies, offrant ainsi une longue dur\u00e9e de vie dans des environnements exigeants.<br \/>\n<\/p><br \/><\/p>","protected":false},"featured_media":6362,"template":"","categories":[60],"class_list":["post-6363","product","type-product","status-publish","has-post-thumbnail","hentry","category-general-tubes-and-bars"],"meta_box":{"hilight_text_group":{"product_hilight_text":"<li>Enhanced corrosion resistance through high-quality anodizing process<\/li>\r\r\n<li>Improved surface hardness for better wear and scratch resistance<\/li>\r\r\n<li>Available in various colors and finishes for aesthetic appeal<\/li>\r\r\n<li>Lightweight and strong, suitable for industrial and architectural use<\/li>\r\r\n<li>Custom sizes and lengths available to meet specific project needs<\/li>","product_chanpin_blog":"<ul>\r\r\n<li><a href=\"https:\/\/sinoextrud.com\/t-slot-v-slot-differences\/\" target=\"_blank\">t slot vs v slot<\/a><\/li>\r\r\n<li><a href=\"https:\/\/sinoextrud.com\/what-is-4040-aluminium-extrud\/\" target=\"_blank\">4040 aluminium extrusion<\/a><\/li>\r\r\n<li><a href=\"https:\/\/sinoextrud.com\/what-is-4040-aluminium-extrud\/\" target=\"_blank\">aluminum extrusions for industrial racks<\/a><\/li>\r\r\n<li><a href=\"https:\/\/sinoextrud.com\/powder-coating-aluminium-process\/\" target=\"_blank\">powder coating aluminium<\/a><\/li>\r\r\n<li><a href=\"https:\/\/sinoextrud.com\/what-is-an-aluminium-strip-ceiling\/\" target=\"_blank\">aluminium strip ceiling<\/a><\/li>\r\r\n<li><a href=\"https:\/\/sinoextrud.com\/what-is-a-heat-sink\/\" target=\"_blank\">what is a heat sink<\/a><\/li>\r\r\n<\/ul>","product_chanpin_chanpin":"<li><a href=\"https:\/\/sinoextrud.com\/product\/20mm-x-20mm-aluminum-extrusion\/\" target=\"_blank\">20mm X 20mm Aluminum Extrusion<\/a><\/li>\r\n<li><a href=\"https:\/\/sinoextrud.com\/product\/aluminium-pipe\/\" target=\"_blank\">Aluminium Pipe<\/a><\/li>\r\n<li><a href=\"https:\/\/sinoextrud.com\/product\/extruded-aluminium-square-tube\/\" target=\"_blank\">Extruded Aluminium Square Tube<\/a><\/li>\r\n<li><a href=\"https:\/\/sinoextrud.com\/product\/extruded-aluminium-retangular-tube\/\" target=\"_blank\">Extruded Aluminium Retangular Tube<\/a><\/li>\r\n<li><a href=\"https:\/\/sinoextrud.com\/product\/anodized-aluminium-tube\/\" target=\"_blank\">anodized aluminium tube<\/a><\/li>\r\n<li><a href=\"https:\/\/sinoextrud.com\/product\/40x40-aluminium-extrusion\/\" target=\"_blank\">40\u00c3\u201440 Aluminium Extrusion<\/a><\/li>\r\n<li><a href=\"https:\/\/sinoextrud.com\/product\/aluminium-precision-tubing\/\" target=\"_blank\">Aluminium Precision Tubing<\/a><\/li>\r\n<li><a href=\"https:\/\/sinoextrud.com\/product\/aluminium-pipes-tubes\/\" target=\"_blank\">Aluminium Pipes Tubes<\/a><\/li>\r\n<li><a href=\"https:\/\/sinoextrud.com\/product\/extruded-aluminum-t-bar\/\" target=\"_blank\">Extruded Aluminum T Bar<\/a><\/li>\r\n<li><a href=\"https:\/\/sinoextrud.com\/product\/aluminium-profiles-doors-windows-wood-imitation\/\" target=\"_blank\">Aluminium Profiles Doors Windows Wood Imitation<\/a><\/li>\r\n<li><a href=\"https:\/\/sinoextrud.com\/product\/modular-framing-systems\/\" target=\"_blank\">Modular Framing Systems<\/a><\/li>"},"feature_list":[]},"_links":{"self":[{"href":"https:\/\/sinoextrud.com\/fr\/wp-json\/wp\/v2\/product\/6363","targetHints":{"allow":["GET"]}}],"collection":[{"href":"https:\/\/sinoextrud.com\/fr\/wp-json\/wp\/v2\/product"}],"about":[{"href":"https:\/\/sinoextrud.com\/fr\/wp-json\/wp\/v2\/types\/product"}],"wp:featuredmedia":[{"embeddable":true,"href":"https:\/\/sinoextrud.com\/fr\/wp-json\/wp\/v2\/media\/6362"}],"wp:attachment":[{"href":"https:\/\/sinoextrud.com\/fr\/wp-json\/wp\/v2\/media?parent=6363"}],"wp:term":[{"taxonomy":"category","embeddable":true,"href":"https:\/\/sinoextrud.com\/fr\/wp-json\/wp\/v2\/categories?post=6363"}],"curies":[{"name":"wp","href":"https:\/\/api.w.org\/{rel}","templated":true}]}}