{"id":6357,"date":"2025-05-27T03:35:09","date_gmt":"2025-05-27T03:35:09","guid":{"rendered":"https:\/\/sinoextrud.com\/product\/aluminium-pipe\/"},"modified":"2025-06-24T06:10:50","modified_gmt":"2025-06-24T06:10:50","slug":"tube-en-aluminium-2","status":"publish","type":"product","link":"https:\/\/sinoextrud.com\/fr\/product\/aluminium-pipe\/","title":{"rendered":"Tube en aluminium"},"content":{"rendered":"<h2>D\u00e9tails des produits<\/h2>\n<table class=\"custom-table\">\n<tr>\n<td class=\"label\">Objet<\/td>\n<td>Tube en aluminium,tube en aluminium,profil de tube rond en aluminium,profil de tube carr\u00e9 en aluminium,tube triangulaire en aluminium<\/td>\n<\/tr>\n<tr>\n<td class=\"label\">Mat\u00e9riau<\/td>\n<td>S\u00e9rie 6000Aluminium<\/td>\n<\/tr>\n<tr>\n<td class=\"label\">Temp\u00e9rer<\/td>\n<td>T4,T5,T6<\/td>\n<\/tr>\n<tr>\n<td class=\"label\">Taille\/\u00c9paisseur<\/td>\n<td>Profil g\u00e9n\u00e9ral : \u00e9paisseur de 0,8 \u00e0 5,0 mm, longueur de 1 \u00e0 9 m ou sur mesure ; film de protection anodis\u00e9 : \u00e9paisseur de 8 \u00e0 20 mm, rev\u00eatement en poudre de 40 \u00e0 120 mm.<\/td>\n<\/tr>\n<tr>\n<td class=\"label\">Forme<\/td>\n<td>carr\u00e9, rond, rectangulaire, triangle, personnalis\u00e9<\/td>\n<\/tr>\n<tr>\n<td class=\"label\">Application<\/td>\n<td>Ameublement, fen\u00eatres et portes, d\u00e9coration, industrie, construction et bient\u00f4t<\/td>\n<\/tr>\n<tr>\n<td class=\"label\">Traitement de surface<\/td>\n<td>peinture en poudre, anodisation, grain de bois, \u00e9lectrophor\u00e8se, brossage, polissage et bient\u00f4t.<\/td>\n<\/tr>\n<tr>\n<td class=\"label\">Couleurs<\/td>\n<td>Feuille de couleurs pour le rev\u00eatement par poudre et couleurs personnalis\u00e9es disponibles<\/td>\n<\/tr>\n<tr>\n<td class=\"label\">Deepprocess<\/td>\n<td>CNC, per\u00e7age, fraisage, d\u00e9coupe, soudage, pliage, assemblage<\/td>\n<\/tr>\n<tr>\n<td class=\"label\">MOQ<\/td>\n<td>200KG pour chaque article<\/td>\n<\/tr>\n<tr>\n<td class=\"label\">D\u00e9tails de l'emballage<\/td>\n<td>(1) Int\u00e9rieur : emball\u00e9 avec un film plastique protecteur pour prot\u00e9ger chaque pi\u00e8ce.<\/td>\n<\/tr>\n<tr>\n<td class=\"label\"><\/td>\n<td>(2)Ext\u00e9rieur:Envelopperlesfardeauxdansdupapier d'emballage imperm\u00e9able \u00e0 l'eau<\/td>\n<\/tr>\n<tr>\n<td class=\"label\">D\u00e9lai de livraison<\/td>\n<td>(1) Mise au point de la matrice et test des \u00e9chantillons : 10-15 jours.<\/td>\n<\/tr>\n<tr>\n<td class=\"label\"><\/td>\n<td>(2) Production de masse : 20-30 jours apr\u00e8s confirmation de l'\u00e9chantillon par l'acheteur.<\/td>\n<\/tr>\n<tr>\n<td class=\"label\">FOBPort<\/td>\n<td>Guangzhou, Foshan, Shenzhen<\/td>\n<\/tr>\n<tr>\n<td class=\"label\">conditions de paiement<\/td>\n<td>T\/T,30%downment paymentwhilebalanceshallbepaidoffbeforelivery<\/td>\n<\/tr>\n<tr>\n<td class=\"label\">r\u00e8glement du litige<\/td>\n<td>Facturer en fonction du poids r\u00e9el final ou en fonction du poids th\u00e9orique.<\/td>\n<\/tr>\n<tr>\n<td class=\"label\">capacit\u00e9 de production<\/td>\n<td>2400-3000Metrictonespermonth<\/td>\n<\/tr>\n<tr>\n<td class=\"label\">Traitement<\/td>\n<td>Demande de renseignements - \u00e9chantillon ou dessin CAO (fourni par le client) - dessin CAO (notre soci\u00e9t\u00e9) - confirmation du dessin - fabrication de moules - \u00e9chantillon de transformation - production de masse - inspection<\/td>\n<td>Livraison<\/td>\n<\/tr>\n<tr>\n<td class=\"label\">Certification disponible :<\/td>\n<td>ISO:9001, SONCAP, certificat BVC ou certificat du client disponibles<\/td>\n<\/tr>\n<tr>\n<td class=\"label\">Garantie<\/td>\n<td>La couleur de surface peut rester stable pendant 10~20 ans en utilisation int\u00e9rieure.<\/td>\n<\/tr>\n<\/table>\n<h2>Notre base de production<\/h2>\n<h3>Panorama de l'usine<\/h3>\n<p><img decoding=\"async\" src=\"\/wp-content\/uploads\/factory-01.webp\"\/><\/p>\n<h3>Atelier de fabrication de barres d'aluminium<\/h3>\n<p><img decoding=\"async\" src=\"\/wp-content\/uploads\/factory-02.webp\"\/><\/p>\n<p><img decoding=\"async\" src=\"\/wp-content\/uploads\/factory-03.webp\"\/><\/p>\n<h3>Entrep\u00f4t de stockage des moules<\/h3>\n<p><img decoding=\"async\" src=\"\/wp-content\/uploads\/factory-04.webp\"\/><\/p>\n<h3>43 lignes d'extrusion d'aluminium (500 \u00e0 5500 tonnes)<\/h3>\n<p><img decoding=\"async\" src=\"\/wp-content\/uploads\/factory-05.webp\"\/><\/p>\n<p><img decoding=\"async\" src=\"\/wp-content\/uploads\/factory-06.webp\"\/><\/p>\n<p><img decoding=\"async\" src=\"\/wp-content\/uploads\/factory-07.webp\"\/><\/p>\n<h3>Atelier de peinture en poudre<\/h3>\n<p><img decoding=\"async\" src=\"\/wp-content\/uploads\/factory-09.webp\"\/><\/p>\n<h3>Atelier d'anodisation<\/h3>\n<p><img decoding=\"async\" src=\"\/wp-content\/uploads\/factory-10.webp\"\/><\/p>\n<h3>Atelier sur le traitement en profondeur<\/h3>\n<p><img decoding=\"async\" src=\"\/wp-content\/uploads\/factory-11.webp\"\/><\/p>\n<h3>Atelier d'usinage de pr\u00e9cision CNC<\/h3>\n<p><img decoding=\"async\" src=\"\/wp-content\/uploads\/factory-11.5.webp\"\/><\/p>\n<h3>Entrep\u00f4t de produits finis et d'exportation<\/h3>\n<p><img decoding=\"async\" src=\"\/wp-content\/uploads\/factory-12.webp\"\/><\/p>\n<p><img decoding=\"async\" src=\"\/wp-content\/uploads\/factory-13.webp\"\/><\/p>\n<p><img decoding=\"async\" src=\"\/wp-content\/uploads\/factory-14.webp\"\/><\/p>\n<h2>FAQ<\/h2>\n<p><p><b>1. \u00e0 quoi sert le tube en aluminium ?<\/b><\/p>\n<p>Les tubes en aluminium sont utilis\u00e9s dans les secteurs de la construction, de l'automobile, de la marine, du chauffage, de la ventilation et de la climatisation, ainsi que dans des applications industrielles en raison de leur l\u00e9g\u00e8ret\u00e9, de leur r\u00e9sistance \u00e0 la corrosion et de leur solidit\u00e9.<br \/>\n<\/p><br \/>\n<br \/>\n<p><b>2) Quels sont les principaux avantages des tubes en aluminium ?<\/b><\/p>\n<p>Les tubes en aluminium offrent un rapport r\u00e9sistance\/poids \u00e9lev\u00e9, une excellente r\u00e9sistance \u00e0 la corrosion, une facilit\u00e9 d'usinage et une longue dur\u00e9e de vie dans des environnements exigeants.<br \/>\n<\/p><br \/>\n<br \/>\n<p><b>3 Pourquoi choisir un tube en aluminium plut\u00f4t qu'un tube en acier ou en plastique ?<\/b><\/p>\n<p>Les tuyaux en aluminium sont plus l\u00e9gers que l'acier et plus durables que le plastique. Ils constituent une solution r\u00e9sistante \u00e0 la rouille et efficace sur le plan \u00e9nerg\u00e9tique pour diverses applications.<br \/>\n<\/p><br \/>\n<br \/>\n<p><b>4. les tubes en aluminium peuvent-ils \u00eatre personnalis\u00e9s ?<\/b><\/p>\n<p>Oui, les tubes en aluminium peuvent \u00eatre personnalis\u00e9s en termes de diam\u00e8tre, d'\u00e9paisseur de paroi, de longueur et de type d'alliage afin de r\u00e9pondre \u00e0 des exigences sp\u00e9cifiques en mati\u00e8re de performances et de conception.<br \/>\n<\/p><br \/>\n<br \/>\n<p><b>5. Quelles sont les finitions de surface disponibles pour les tubes en aluminium ?<\/b><\/p>\n<p>Les finitions les plus courantes sont l'anodisation, le rev\u00eatement par poudre et la finition en usine, chacune am\u00e9liorant la protection contre la corrosion, la r\u00e9sistance \u00e0 l'usure et l'apparence.<br \/>\n<\/p><br \/>\n<br \/>\n<p><b>6. les tuyaux en aluminium conviennent-ils \u00e0 une utilisation en ext\u00e9rieur et en mer ?<\/b><\/p>\n<p>Oui, les tuyaux en aluminium sont id\u00e9aux pour les environnements ext\u00e9rieurs et marins en raison de leur r\u00e9sistance naturelle \u00e0 la corrosion et de leur capacit\u00e9 \u00e0 supporter des conditions m\u00e9t\u00e9orologiques difficiles.<br \/>\n<\/p><br \/>\n<br \/>\n<p><b>7. Comment les tubes en aluminium contribuent-ils \u00e0 la construction durable ?<\/b><\/p>\n<p>L'aluminium est 100% recyclable et sa production est \u00e9conome en \u00e9nergie, ce qui fait des tuyaux en aluminium un choix durable pour la construction \u00e9cologique et la fabrication respectueuse de l'environnement.<br \/>\n<\/p><br \/><\/p>","protected":false},"featured_media":6356,"template":"","categories":[60],"class_list":["post-6357","product","type-product","status-publish","has-post-thumbnail","hentry","category-general-tubes-and-bars"],"meta_box":{"hilight_text_group":{"product_hilight_text":"<li>Lightweight and durable, suitable for a wide range of applications<\/li>\r\r\n<li>Excellent corrosion resistance for long-term outdoor and industrial use<\/li>\r\r\n<li>Available in multiple sizes, alloys, and wall thicknesses<\/li>\r\r\n<li>Easy to cut, weld, and machine for custom fabrication<\/li>\r\r\n<li>Supports bulk supply with consistent quality and fast delivery<\/li>","product_chanpin_blog":"<ul>\r\r\n<li><a href=\"https:\/\/sinoextrud.com\/t-slot-v-slot-differences\/\" target=\"_blank\">t slot vs v slot<\/a><\/li>\r\r\n<li><a href=\"https:\/\/sinoextrud.com\/what-is-4040-aluminium-extrud\/\" target=\"_blank\">4040 aluminium extrusion<\/a><\/li>\r\r\n<li><a href=\"https:\/\/sinoextrud.com\/what-is-4040-aluminium-extrud\/\" target=\"_blank\">aluminum extrusions for industrial racks<\/a><\/li>\r\r\n<li><a href=\"https:\/\/sinoextrud.com\/powder-coating-aluminium-process\/\" target=\"_blank\">powder coating aluminium<\/a><\/li>\r\r\n<li><a href=\"https:\/\/sinoextrud.com\/what-is-an-aluminium-strip-ceiling\/\" target=\"_blank\">aluminium strip ceiling<\/a><\/li>\r\r\n<li><a href=\"https:\/\/sinoextrud.com\/what-is-a-heat-sink\/\" target=\"_blank\">what is a heat sink<\/a><\/li>\r\r\n<\/ul>","product_chanpin_chanpin":"<li><a href=\"https:\/\/sinoextrud.com\/product\/powder-coated-aluminum-tube\/\" target=\"_blank\">Powder Coated Aluminum Tube<\/a><\/li>\r\n<li><a href=\"https:\/\/sinoextrud.com\/product\/3003-round-aluminum-tube-extrusion-in-stock\/\" target=\"_blank\">3003 Round Aluminum Tube Extrusion In Stock<\/a><\/li>\r\n<li><a href=\"https:\/\/sinoextrud.com\/product\/aluminum-round-tube-extrusion\/\" target=\"_blank\">Aluminum Round Tube Extrusion<\/a><\/li>\r\n<li><a href=\"https:\/\/sinoextrud.com\/product\/20mm-x-20mm-aluminum-extrusion\/\" target=\"_blank\">20mm X 20mm Aluminum Extrusion<\/a><\/li>\r\n<li><a href=\"https:\/\/sinoextrud.com\/product\/aluminium-pipe\/\" target=\"_blank\">Aluminium Pipe<\/a><\/li>\r\n<li><a href=\"https:\/\/sinoextrud.com\/product\/extruded-aluminium-square-tube\/\" target=\"_blank\">Extruded Aluminium Square Tube<\/a><\/li>\r\n<li><a href=\"https:\/\/sinoextrud.com\/product\/extruded-aluminium-retangular-tube\/\" target=\"_blank\">Extruded Aluminium Retangular Tube<\/a><\/li>\r\n<li><a href=\"https:\/\/sinoextrud.com\/product\/anodized-aluminium-tube\/\" target=\"_blank\">anodized aluminium tube<\/a><\/li>\r\n<li><a href=\"https:\/\/sinoextrud.com\/product\/40x40-aluminium-extrusion\/\" target=\"_blank\">40\u00c3\u201440 Aluminium Extrusion<\/a><\/li>\r\n<li><a href=\"https:\/\/sinoextrud.com\/product\/aluminum-slatwall-panel-insert-profile\/\" target=\"_blank\">Aluminum Slatwall Panel Insert Profile<\/a><\/li>\r\n<li><a href=\"https:\/\/sinoextrud.com\/product\/anodized-small-machining-aluminum-parts\/\" target=\"_blank\">Anodized Small Machining Aluminum Parts<\/a><\/li>"},"feature_list":[]},"_links":{"self":[{"href":"https:\/\/sinoextrud.com\/fr\/wp-json\/wp\/v2\/product\/6357","targetHints":{"allow":["GET"]}}],"collection":[{"href":"https:\/\/sinoextrud.com\/fr\/wp-json\/wp\/v2\/product"}],"about":[{"href":"https:\/\/sinoextrud.com\/fr\/wp-json\/wp\/v2\/types\/product"}],"wp:featuredmedia":[{"embeddable":true,"href":"https:\/\/sinoextrud.com\/fr\/wp-json\/wp\/v2\/media\/6356"}],"wp:attachment":[{"href":"https:\/\/sinoextrud.com\/fr\/wp-json\/wp\/v2\/media?parent=6357"}],"wp:term":[{"taxonomy":"category","embeddable":true,"href":"https:\/\/sinoextrud.com\/fr\/wp-json\/wp\/v2\/categories?post=6357"}],"curies":[{"name":"wp","href":"https:\/\/api.w.org\/{rel}","templated":true}]}}