{"id":6349,"date":"2025-05-27T03:12:06","date_gmt":"2025-05-27T03:12:06","guid":{"rendered":"https:\/\/sinoextrud.com\/product\/powder-coated-aluminum-tube\/"},"modified":"2025-06-24T06:10:48","modified_gmt":"2025-06-24T06:10:48","slug":"tube-en-aluminium-peint-par-poudrage","status":"publish","type":"product","link":"https:\/\/sinoextrud.com\/fr\/product\/powder-coated-aluminum-tube\/","title":{"rendered":"Tube en aluminium rev\u00eatu de poudre"},"content":{"rendered":"<h2>D\u00e9tails des produits<\/h2>\n<table class=\"custom-table\">\n<tr>\n<td class=\"label\">Article :<\/td>\n<td>Tube en aluminium rev\u00eatu de poudre<\/td>\n<\/tr>\n<tr>\n<td class=\"label\">Mat\u00e9riau :<\/td>\n<td>100% profil\u00e9 en aluminium<\/td>\n<\/tr>\n<tr>\n<td class=\"label\">alliage :<\/td>\n<td>6063-T5,6061-T6,6463-T5,6082etc<\/td>\n<\/tr>\n<tr>\n<td class=\"label\">Taille :<\/td>\n<td>1m-9m ou taille personnalis\u00e9e<\/td>\n<\/tr>\n<tr>\n<td class=\"label\">Application :<\/td>\n<td>Meubles, fen\u00eatres et portes, d\u00e9corations, industrie, construction, etc.<\/td>\n<\/tr>\n<tr>\n<td class=\"label\">Couleurs :<\/td>\n<td>Anodis\u00e9, grain de bois, rev\u00eatement par poudre, anodis\u00e9 poli et bross\u00e9, \u00e9lectrophor\u00e8se, rev\u00eatement par poudre au flurocarbone, etc.<\/td>\n<\/tr>\n<tr>\n<td class=\"label\">MOQ :<\/td>\n<td>200KG pour chaque profil<\/td>\n<\/tr>\n<tr>\n<td class=\"label\">Service OEM :<\/td>\n<td>sur la base de dessins ou d'\u00e9chantillons con\u00e7us par le client<\/td>\n<\/tr>\n<tr>\n<td class=\"label\">Certification disponible :<\/td>\n<td>ISO:9001, SONCAP, certificat BV ou certificat du client disponible<\/td>\n<\/tr>\n<tr>\n<td class=\"label\">D\u00e9tails de l'emballage :<\/td>\n<td>(1) A l'int\u00e9rieur : emball\u00e9 avec un film plastique de protection pour prot\u00e9ger chaque profil.<br \/>(2) Ext\u00e9rieur : emball\u00e9 avec du papier artisanal imperm\u00e9able.<\/td>\n<\/tr>\n<tr>\n<td class=\"label\">D\u00e9lai de livraison :<\/td>\n<td>(1) D\u00e9veloppement de l'outil et test de l'\u00e9chantillon : 12-18 jours<br \/>(1) Dur\u00e9e de production : 20-25 jours apr\u00e8s confirmation de l'\u00e9chantillon par l'acheteur.<\/td>\n<\/tr>\n<tr>\n<td class=\"label\">Conditions de paiement :<\/td>\n<td>T\/T, 30% acompte et solde avant la livraison<\/td>\n<\/tr>\n<tr>\n<td class=\"label\">D\u00e9lai de r\u00e8glement :<\/td>\n<td>Le paiement final est bas\u00e9 sur le poids physique r\u00e9el final.<\/td>\n<\/tr>\n<tr>\n<td class=\"label\">Capacit\u00e9 de production :<\/td>\n<td>10 000+ tonalit\u00e9s par mois<\/td>\n<\/tr>\n<tr>\n<td class=\"label\">Garantie de production<\/td>\n<td>La couleur de la surface peut \u00eatre maintenue pendant 10 \u00e0 20 ans pour une utilisation \u00e0 l'int\u00e9rieur.<\/td>\n<\/tr>\n<tr>\n<td class=\"label\">Port :<\/td>\n<td>Pour Shenzhen, Guangzhou, Foshan<\/td>\n<\/tr>\n<\/table>\n<h2>Notre base de production<\/h2>\n<h3>Panorama de l'usine<\/h3>\n<p><img decoding=\"async\" src=\"\/wp-content\/uploads\/factory-01.webp\"\/><\/p>\n<h3>Atelier de fabrication de barres d'aluminium<\/h3>\n<p><img decoding=\"async\" src=\"\/wp-content\/uploads\/factory-02.webp\"\/><\/p>\n<\/p>\n<p><img decoding=\"async\" src=\"\/wp-content\/uploads\/factory-03.webp\"\/><\/p>\n<h3>Entrep\u00f4t de stockage des moules<\/h3>\n<p><img decoding=\"async\" src=\"\/wp-content\/uploads\/factory-04.webp\"\/><\/p>\n<h3>43 lignes d'extrusion d'aluminium (500 \u00e0 5500 tonnes)<\/h3>\n<p><img decoding=\"async\" src=\"\/wp-content\/uploads\/factory-05.webp\"\/><\/p>\n<p><img decoding=\"async\" src=\"\/wp-content\/uploads\/factory-06.webp\"\/><\/p>\n<p><img decoding=\"async\" src=\"\/wp-content\/uploads\/factory-07.webp\"\/><\/p>\n<h3>Atelier de peinture en poudre<\/h3>\n<p><img decoding=\"async\" src=\"\/wp-content\/uploads\/factory-09.webp\"\/><\/p>\n<h3>Atelier d'anodisation<\/h3>\n<p><img decoding=\"async\" src=\"\/wp-content\/uploads\/factory-10.webp\"\/><\/p>\n<h3>Atelier sur le traitement en profondeur<\/h3>\n<p><img decoding=\"async\" src=\"\/wp-content\/uploads\/factory-11.webp\"\/><\/p>\n<h3>Atelier d'usinage de pr\u00e9cision CNC<\/h3>\n<p><img decoding=\"async\" src=\"\/wp-content\/uploads\/factory-11.5.webp\"\/><\/p>\n<h3>Entrep\u00f4t de produits finis et d'exportation<\/h3>\n<p><img decoding=\"async\" src=\"\/wp-content\/uploads\/factory-12.webp\"\/><\/p>\n<p><img decoding=\"async\" src=\"\/wp-content\/uploads\/factory-13.webp\"\/><\/p>\n<p><img decoding=\"async\" src=\"\/wp-content\/uploads\/factory-14.webp\"\/><\/p>\n<h2>FAQ<\/h2>\n<p><b>1. \u00e0 quoi sert un tube en aluminium rev\u00eatu par poudre ?<\/b><\/p>\n<p>Les tubes d'aluminium rev\u00eatus par poudre sont utilis\u00e9s dans la construction, l'ameublement, les cl\u00f4tures et les structures ext\u00e9rieures pour leur durabilit\u00e9 accrue et leur finition d\u00e9corative.\n<\/p>\n<p><\/p>\n<p><b>2) Quels sont les principaux avantages des tubes en aluminium rev\u00eatus par poudre ?<\/b><\/p>\n<p>Les tubes en aluminium rev\u00eatus par poudre offrent une r\u00e9sistance sup\u00e9rieure \u00e0 la corrosion, une finition durable et une vari\u00e9t\u00e9 de couleurs pour des applications fonctionnelles et esth\u00e9tiques.\n<\/p>\n<p><\/p>\n<p><b>3. pourquoi choisir des tubes en aluminium rev\u00eatus par poudre plut\u00f4t qu'anodis\u00e9s ou en aluminium nu ?<\/b><\/p>\n<p>Le rev\u00eatement par poudre offre une couche protectrice plus \u00e9paisse et plus uniforme qui r\u00e9siste mieux \u00e0 l'\u00e9caillage, \u00e0 la d\u00e9coloration et aux rayures que l'anodisation ou la finition en usine.\n<\/p>\n<p><\/p>\n<p><b>4. les tubes en aluminium rev\u00eatus par poudre peuvent-ils \u00eatre personnalis\u00e9s ?<\/b><\/p>\n<p>Oui, les tubes en aluminium rev\u00eatus par poudre peuvent \u00eatre personnalis\u00e9s en termes de diam\u00e8tre, d'\u00e9paisseur de paroi, de longueur, de couleur et de finition pour r\u00e9pondre \u00e0 des exigences sp\u00e9cifiques en mati\u00e8re de conception et de performance.\n<\/p>\n<p><\/p>\n<p><b>5. les tubes en aluminium rev\u00eatus par poudre conviennent-ils pour une utilisation en ext\u00e9rieur ?<\/b><\/p>\n<p>Oui, le rev\u00eatement en poudre offre une excellente r\u00e9sistance aux intemp\u00e9ries, aux UV et \u00e0 l'humidit\u00e9, ce qui rend ces tubes id\u00e9aux pour les environnements ext\u00e9rieurs et marins.\n<\/p>\n<p><\/p>\n<p><b>6) Quelles sont les couleurs et les finitions disponibles pour les tubes d'aluminium rev\u00eatus par poudre ?<\/b><\/p>\n<p>Une large gamme de couleurs, de niveaux de brillance et de textures est disponible pour s'adapter aux styles architecturaux et aux besoins de la marque.\n<\/p>\n<p><\/p>\n<p><b>7. Comment les tubes en aluminium rev\u00eatus par poudre contribuent-ils \u00e0 la construction durable ?<\/b><\/p>\n<p>Le rev\u00eatement par poudre est un processus respectueux de l'environnement, qui g\u00e9n\u00e8re peu de d\u00e9chets, et l'aluminium est recyclable \u00e0 100%, ce qui fait des tubes en aluminium rev\u00eatus par poudre un mat\u00e9riau de construction \u00e9cologique.\n<\/p>\n<p><\/p>","protected":false},"featured_media":6348,"template":"","categories":[60],"class_list":["post-6349","product","type-product","status-publish","has-post-thumbnail","hentry","category-general-tubes-and-bars"],"meta_box":{"hilight_text_group":{"product_hilight_text":"<li>Durable powder-coated surface enhances corrosion and wear resistance<\/li>\r\r\n<li>Available in various colors and finishes for decorative and functional use<\/li>\r\r\n<li>Lightweight aluminum construction with high strength-to-weight ratio<\/li>\r\r\n<li>Ideal for outdoor structures, furniture, and architectural projects<\/li>\r\r\n<li>Supports custom dimensions and bulk orders with consistent quality<\/li>","product_chanpin_blog":"<ul>\r\r\n<li><a href=\"https:\/\/sinoextrud.com\/t-slot-v-slot-differences\/\" target=\"_blank\">t slot vs v slot<\/a><\/li>\r\r\n<li><a href=\"https:\/\/sinoextrud.com\/what-is-4040-aluminium-extrud\/\" target=\"_blank\">4040 aluminium extrusion<\/a><\/li>\r\r\n<li><a href=\"https:\/\/sinoextrud.com\/what-is-4040-aluminium-extrud\/\" target=\"_blank\">aluminum extrusions for industrial racks<\/a><\/li>\r\r\n<li><a href=\"https:\/\/sinoextrud.com\/powder-coating-aluminium-process\/\" target=\"_blank\">powder coating aluminium<\/a><\/li>\r\r\n<li><a href=\"https:\/\/sinoextrud.com\/what-is-an-aluminium-strip-ceiling\/\" target=\"_blank\">aluminium strip ceiling<\/a><\/li>\r\r\n<li><a href=\"https:\/\/sinoextrud.com\/what-is-a-heat-sink\/\" target=\"_blank\">what is a heat sink<\/a><\/li>\r\r\n<\/ul>","product_chanpin_chanpin":"<li><a href=\"https:\/\/sinoextrud.com\/product\/extruded-aluminum-bar\/\" target=\"_blank\">Extruded Aluminum Bar<\/a><\/li>\r\n<li><a href=\"https:\/\/sinoextrud.com\/product\/aluminium-profile-10x10\/\" target=\"_blank\">Aluminium Profile 10\u00c3\u201410<\/a><\/li>\r\n<li><a href=\"https:\/\/sinoextrud.com\/product\/aluminium-square-tubes\/\" target=\"_blank\">Aluminium Square tubes<\/a><\/li>\r\n<li><a href=\"https:\/\/sinoextrud.com\/product\/oval-aluminum-extrusion\/\" target=\"_blank\">Oval Aluminum Extrusion<\/a><\/li>\r\n<li><a href=\"https:\/\/sinoextrud.com\/product\/powder-coated-aluminum-tube\/\" target=\"_blank\">Powder Coated Aluminum Tube<\/a><\/li>\r\n<li><a href=\"https:\/\/sinoextrud.com\/product\/3003-round-aluminum-tube-extrusion-in-stock\/\" target=\"_blank\">3003 Round Aluminum Tube Extrusion In Stock<\/a><\/li>\r\n<li><a href=\"https:\/\/sinoextrud.com\/product\/aluminum-round-tube-extrusion\/\" target=\"_blank\">Aluminum Round Tube Extrusion<\/a><\/li>\r\n<li><a href=\"https:\/\/sinoextrud.com\/product\/20mm-x-20mm-aluminum-extrusion\/\" target=\"_blank\">20mm X 20mm Aluminum Extrusion<\/a><\/li>\r\n<li><a href=\"https:\/\/sinoextrud.com\/product\/aluminium-pipe\/\" target=\"_blank\">Aluminium Pipe<\/a><\/li>\r\n<li><a href=\"https:\/\/sinoextrud.com\/product\/extrusion-aluminum-shutter-profile-free-mould\/\" target=\"_blank\">Extrusion Aluminum Shutter Profile Free Mould<\/a><\/li>\r\n<li><a href=\"https:\/\/sinoextrud.com\/product\/aluminum-extrusion-6101b-conductive-rail-aluminum-profile\/\" target=\"_blank\">Aluminum Extrusion 6101B Conductive Rail Aluminum Profile<\/a><\/li>"},"feature_list":[]},"_links":{"self":[{"href":"https:\/\/sinoextrud.com\/fr\/wp-json\/wp\/v2\/product\/6349","targetHints":{"allow":["GET"]}}],"collection":[{"href":"https:\/\/sinoextrud.com\/fr\/wp-json\/wp\/v2\/product"}],"about":[{"href":"https:\/\/sinoextrud.com\/fr\/wp-json\/wp\/v2\/types\/product"}],"wp:featuredmedia":[{"embeddable":true,"href":"https:\/\/sinoextrud.com\/fr\/wp-json\/wp\/v2\/media\/6348"}],"wp:attachment":[{"href":"https:\/\/sinoextrud.com\/fr\/wp-json\/wp\/v2\/media?parent=6349"}],"wp:term":[{"taxonomy":"category","embeddable":true,"href":"https:\/\/sinoextrud.com\/fr\/wp-json\/wp\/v2\/categories?post=6349"}],"curies":[{"name":"wp","href":"https:\/\/api.w.org\/{rel}","templated":true}]}}