{"id":6347,"date":"2025-05-27T03:09:45","date_gmt":"2025-05-27T03:09:45","guid":{"rendered":"https:\/\/sinoextrud.com\/product\/oval-aluminum-extrusion\/"},"modified":"2025-06-24T06:10:48","modified_gmt":"2025-06-24T06:10:48","slug":"extrusion-daluminium-ovale","status":"publish","type":"product","link":"https:\/\/sinoextrud.com\/fr\/product\/oval-aluminum-extrusion\/","title":{"rendered":"Extrusion d'aluminium ovale"},"content":{"rendered":"<h2>D\u00e9tails des produits<\/h2>\n<table class=\"custom-table\">\n<tr>\n<td class=\"label\">Nom du produit :<\/td>\n<td>Extrusion d'aluminium ovale<\/td>\n<\/tr>\n<tr>\n<td class=\"label\">Alliage :<\/td>\n<td>6063, 6060, 6005, 6061, 6082, 6101, 6106, etc.<\/td>\n<\/tr>\n<tr>\n<td class=\"label\">Certificat :<\/td>\n<td>CE, ISO9001,OHSAS18001,ISO14001<\/td>\n<\/tr>\n<tr>\n<td class=\"label\">Traitement de surface :<\/td>\n<td>Anodisation, rev\u00eatement par poudre, rev\u00eatement du bois, \u00e9lectrophor\u00e8se, PVDF, etc.<\/td>\n<\/tr>\n<tr>\n<td class=\"label\">Taille :<\/td>\n<td>0.5m - 11.85m, personnalis\u00e9.<\/td>\n<\/tr>\n<tr>\n<td class=\"label\">Forme :<\/td>\n<td>Sur mesure.<\/td>\n<\/tr>\n<tr>\n<td class=\"label\">\u00c9paisseur :<\/td>\n<td>Sur mesure.<\/td>\n<\/tr>\n<tr>\n<td class=\"label\">Application :<\/td>\n<td>Architectural, industriel, d\u00e9coration, etc.<\/td>\n<\/tr>\n<tr>\n<td class=\"label\">Processus :<\/td>\n<td>Per\u00e7age, pliage, soudage, d\u00e9coupe pr\u00e9cise, poin\u00e7onnage, etc.<\/td>\n<\/tr>\n<\/table>\n<h2>Notre base de production<\/h2>\n<h3>Panorama de l'usine<\/h3>\n<p><img decoding=\"async\" src=\"\/wp-content\/uploads\/factory-01.webp\"\/><\/p>\n<h3>Atelier de fabrication de barres d'aluminium<\/h3>\n<p><img decoding=\"async\" src=\"\/wp-content\/uploads\/factory-02.webp\"\/><\/p>\n<p><img decoding=\"async\" src=\"\/wp-content\/uploads\/factory-03.webp\"\/><\/p>\n<h3>Entrep\u00f4t de stockage des moules<\/h3>\n<p><img decoding=\"async\" src=\"\/wp-content\/uploads\/factory-04.webp\"\/><\/p>\n<h3>43 lignes d'extrusion d'aluminium (500 \u00e0 5500 tonnes)<\/h3>\n<p><img decoding=\"async\" src=\"\/wp-content\/uploads\/factory-05.webp\"\/><\/p>\n<p><img decoding=\"async\" src=\"\/wp-content\/uploads\/factory-06.webp\"\/><\/p>\n<p><img decoding=\"async\" src=\"\/wp-content\/uploads\/factory-07.webp\"\/><\/p>\n<h3>Atelier de peinture en poudre<\/h3>\n<p><img decoding=\"async\" src=\"\/wp-content\/uploads\/factory-09.webp\"\/><\/p>\n<h3>Atelier d'anodisation<\/h3>\n<p><img decoding=\"async\" src=\"\/wp-content\/uploads\/factory-10.webp\"\/><\/p>\n<h3>Atelier sur le traitement en profondeur<\/h3>\n<p><img decoding=\"async\" src=\"\/wp-content\/uploads\/factory-11.webp\"\/><\/p>\n<h3>Atelier d'usinage de pr\u00e9cision CNC<\/h3>\n<p><img decoding=\"async\" src=\"\/wp-content\/uploads\/factory-11.5.webp\"\/><\/p>\n<h3>Entrep\u00f4t de produits finis et d'exportation<\/h3>\n<p><img decoding=\"async\" src=\"\/wp-content\/uploads\/factory-12.webp\"\/><\/p>\n<p><img decoding=\"async\" src=\"\/wp-content\/uploads\/factory-13.webp\"\/><\/p>\n<p><img decoding=\"async\" src=\"\/wp-content\/uploads\/factory-14.webp\"\/><\/p>\n<h2>FAQ<\/h2>\n<p><p><b>1. \u00e0 quoi sert l'extrusion d'aluminium ovale ?<\/b><\/p>\n<p>L'extrusion d'aluminium ovale est couramment utilis\u00e9e dans l'ameublement, l'automobile, la marine et les applications architecturales en raison de sa forme a\u00e9rodynamique et de son aspect moderne.<br \/>\n<\/p><br \/>\n<br \/>\n<p><b>2) Quels sont les principaux avantages de l'extrusion ovale d'aluminium ?<\/b><\/p>\n<p>Les extrusions d'aluminium ovales offrent une solidit\u00e9 l\u00e9g\u00e8re, une r\u00e9sistance \u00e0 la corrosion, une esth\u00e9tique \u00e9l\u00e9gante et un a\u00e9rodynamisme am\u00e9lior\u00e9 pour des utilisations fonctionnelles et d\u00e9coratives.<br \/>\n<\/p><br \/>\n<br \/>\n<p><b>3. pourquoi choisir l'extrusion d'aluminium ovale plut\u00f4t que les profils ronds ou carr\u00e9s ?<\/b><\/p>\n<p>Les profils ovales offrent un aspect unique, de meilleures performances en mati\u00e8re de flux d'air et une int\u00e9grit\u00e9 structurelle, ce qui les rend id\u00e9aux pour les applications ax\u00e9es sur le design et les performances.<br \/>\n<\/p><br \/>\n<br \/>\n<p><b>4. les extrusions d'aluminium ovales peuvent-elles \u00eatre personnalis\u00e9es ?<\/b><\/p>\n<p>Oui, les profil\u00e9s ovales en aluminium peuvent \u00eatre personnalis\u00e9s en termes de taille, d'\u00e9paisseur de paroi, d'alliage et de finition de surface pour r\u00e9pondre aux exigences sp\u00e9cifiques d'un projet.<br \/>\n<\/p><br \/>\n<br \/>\n<p><b>5) Quelles sont les finitions de surface disponibles pour les profil\u00e9s ovales en aluminium ?<\/b><\/p>\n<p>Les finitions disponibles comprennent l'anodisation, le rev\u00eatement en poudre et la finition en usine, qui am\u00e9liorent toutes la r\u00e9sistance \u00e0 la corrosion, la durabilit\u00e9 et l'attrait visuel.<br \/>\n<\/p><br \/>\n<br \/>\n<p><b>6. les profil\u00e9s ovales en aluminium conviennent-ils pour des applications ext\u00e9rieures ?<\/b><\/p>\n<p>Oui, avec des traitements de surface appropri\u00e9s, les profil\u00e9s ovales en aluminium sont tr\u00e8s r\u00e9sistants aux intemp\u00e9ries, \u00e0 l'exposition aux UV et \u00e0 la corrosion dans les environnements ext\u00e9rieurs.<br \/>\n<\/p><br \/>\n<br \/>\n<p><b>7. Comment les profil\u00e9s ovales en aluminium contribuent-ils \u00e0 une conception durable ?<\/b><\/p>\n<p>L'aluminium est 100% recyclable et l\u00e9ger, ce qui fait des extrusions ovales un choix durable et \u00e9conome en \u00e9nergie pour la construction \u00e9cologique et la conception de produits.<br \/>\n<\/p><br \/><\/p>","protected":false},"featured_media":6346,"template":"","categories":[60],"class_list":["post-6347","product","type-product","status-publish","has-post-thumbnail","hentry","category-general-tubes-and-bars"],"meta_box":{"hilight_text_group":{"product_hilight_text":"<li>Sleek oval design ideal for aesthetic and aerodynamic applications<\/li>\r\r\n<li>Made from high-quality aluminum for strength and durability<\/li>\r\r\n<li>Corrosion-resistant surface suitable for indoor and outdoor use<\/li>\r\r\n<li>Available in custom sizes, wall thicknesses, and finishes<\/li>\r\r\n<li>Supports OEM services and bulk production for various industries<\/li>","product_chanpin_blog":"<ul>\r\r\n<li><a href=\"https:\/\/sinoextrud.com\/t-slot-v-slot-differences\/\" target=\"_blank\">t slot vs v slot<\/a><\/li>\r\r\n<li><a href=\"https:\/\/sinoextrud.com\/what-is-4040-aluminium-extrud\/\" target=\"_blank\">4040 aluminium extrusion<\/a><\/li>\r\r\n<li><a href=\"https:\/\/sinoextrud.com\/what-is-4040-aluminium-extrud\/\" target=\"_blank\">aluminum extrusions for industrial racks<\/a><\/li>\r\r\n<li><a href=\"https:\/\/sinoextrud.com\/powder-coating-aluminium-process\/\" target=\"_blank\">powder coating aluminium<\/a><\/li>\r\r\n<li><a href=\"https:\/\/sinoextrud.com\/what-is-an-aluminium-strip-ceiling\/\" target=\"_blank\">aluminium strip ceiling<\/a><\/li>\r\r\n<li><a href=\"https:\/\/sinoextrud.com\/what-is-a-heat-sink\/\" target=\"_blank\">what is a heat sink<\/a><\/li>\r\r\n<\/ul>","product_chanpin_chanpin":"<li><a href=\"https:\/\/sinoextrud.com\/product\/quarter-round-aluminum-extrusion\/\" target=\"_blank\">Quarter Round Aluminum Extrusion<\/a><\/li>\r\n<li><a href=\"https:\/\/sinoextrud.com\/product\/extruded-aluminum-bar\/\" target=\"_blank\">Extruded Aluminum Bar<\/a><\/li>\r\n<li><a href=\"https:\/\/sinoextrud.com\/product\/aluminium-profile-10x10\/\" target=\"_blank\">Aluminium Profile 10\u00c3\u201410<\/a><\/li>\r\n<li><a href=\"https:\/\/sinoextrud.com\/product\/aluminium-square-tubes\/\" target=\"_blank\">Aluminium Square tubes<\/a><\/li>\r\n<li><a href=\"https:\/\/sinoextrud.com\/product\/oval-aluminum-extrusion\/\" target=\"_blank\">Oval Aluminum Extrusion<\/a><\/li>\r\n<li><a href=\"https:\/\/sinoextrud.com\/product\/powder-coated-aluminum-tube\/\" target=\"_blank\">Powder Coated Aluminum Tube<\/a><\/li>\r\n<li><a href=\"https:\/\/sinoextrud.com\/product\/3003-round-aluminum-tube-extrusion-in-stock\/\" target=\"_blank\">3003 Round Aluminum Tube Extrusion In Stock<\/a><\/li>\r\n<li><a href=\"https:\/\/sinoextrud.com\/product\/aluminum-round-tube-extrusion\/\" target=\"_blank\">Aluminum Round Tube Extrusion<\/a><\/li>\r\n<li><a href=\"https:\/\/sinoextrud.com\/product\/20mm-x-20mm-aluminum-extrusion\/\" target=\"_blank\">20mm X 20mm Aluminum Extrusion<\/a><\/li>\r\n<li><a href=\"https:\/\/sinoextrud.com\/product\/aluminium-sliding-door-matt-grey\/\" target=\"_blank\">Aluminium Sliding Door Matt Grey<\/a><\/li>\r\n<li><a href=\"https:\/\/sinoextrud.com\/product\/oem-aluminum-extrusion-profile-for-windows-and-doors\/\" target=\"_blank\">OEM Aluminum Extrusion Profile for Windows and Doors<\/a><\/li>"},"feature_list":[]},"_links":{"self":[{"href":"https:\/\/sinoextrud.com\/fr\/wp-json\/wp\/v2\/product\/6347","targetHints":{"allow":["GET"]}}],"collection":[{"href":"https:\/\/sinoextrud.com\/fr\/wp-json\/wp\/v2\/product"}],"about":[{"href":"https:\/\/sinoextrud.com\/fr\/wp-json\/wp\/v2\/types\/product"}],"wp:featuredmedia":[{"embeddable":true,"href":"https:\/\/sinoextrud.com\/fr\/wp-json\/wp\/v2\/media\/6346"}],"wp:attachment":[{"href":"https:\/\/sinoextrud.com\/fr\/wp-json\/wp\/v2\/media?parent=6347"}],"wp:term":[{"taxonomy":"category","embeddable":true,"href":"https:\/\/sinoextrud.com\/fr\/wp-json\/wp\/v2\/categories?post=6347"}],"curies":[{"name":"wp","href":"https:\/\/api.w.org\/{rel}","templated":true}]}}