{"id":6339,"date":"2025-05-27T02:53:10","date_gmt":"2025-05-27T02:53:10","guid":{"rendered":"https:\/\/sinoextrud.com\/product\/extruded-aluminum-bar\/"},"modified":"2025-06-24T06:10:47","modified_gmt":"2025-06-24T06:10:47","slug":"barre-en-aluminium-extrude","status":"publish","type":"product","link":"https:\/\/sinoextrud.com\/fr\/product\/extruded-aluminum-bar\/","title":{"rendered":"Barre d'aluminium extrud\u00e9"},"content":{"rendered":"<h2>D\u00e9tails des produits<\/h2>\n<table class=\"custom-table\">\n<tr>\n<td class=\"label\">Nom<\/td>\n<td>Barre en aluminium extrud\u00e9<\/td>\n<\/tr>\n<tr>\n<td class=\"label\">Marque<\/td>\n<td>Sinoextrud<\/td>\n<\/tr>\n<tr>\n<td class=\"label\">Cat\u00e9gorie<\/td>\n<td>Sections en aluminium<\/td>\n<\/tr>\n<tr>\n<td class=\"label\">Type<\/td>\n<td>Type lourd ou l\u00e9ger disponible<\/td>\n<\/tr>\n<tr>\n<td class=\"label\">Mat\u00e9riau<\/td>\n<td>La norme 6061 est largement utilis\u00e9e. 6063, 6463, 6005, 6082 sont \u00e9galement disponibles.<\/td>\n<\/tr>\n<tr>\n<td class=\"label\">Temp\u00e9rer<\/td>\n<td>T5-T8<\/td>\n<\/tr>\n<tr>\n<td class=\"label\">Longueur<\/td>\n<td>1-9m ou personnalisation<\/td>\n<\/tr>\n<tr>\n<td class=\"label\">Taille (mm)<\/td>\n<td>Selon le dessin<\/td>\n<\/tr>\n<tr>\n<td class=\"label\">Forme<\/td>\n<td>Barre plate\/forme L\/forme U\/forme T\/forme Y\/personnalisation<\/td>\n<\/tr>\n<tr>\n<td class=\"label\">Traitement de surface<\/td>\n<td>Finition en usine, anodisation, sablage, \u00e9lectrophor\u00e8se, rev\u00eatement, etc.<\/td>\n<\/tr>\n<tr>\n<td class=\"label\">Couleur<\/td>\n<td>Argent, noir, blanc, rouge, jaune, champagne ou couleur personnalis\u00e9e<\/td>\n<\/tr>\n<tr>\n<td class=\"label\">Standard<\/td>\n<td>ASTM, GB, DIN<\/td>\n<\/tr>\n<tr>\n<td class=\"label\">De<\/td>\n<td>Guangdong, Chine<\/td>\n<\/tr>\n<tr>\n<td class=\"label\">Application<\/td>\n<td>Profil de l'industrie, b\u00e2timent, d\u00e9coration, portes et fen\u00eatres<\/td>\n<\/tr>\n<tr>\n<td class=\"label\"><\/td>\n<td><\/td>\n<\/tr>\n<\/table>\n<h2>Notre base de production<\/h2>\n<h3>Panorama de l'usine<\/h3>\n<p><img decoding=\"async\" src=\"\/wp-content\/uploads\/factory-01.webp\"\/><\/p>\n<h3>Atelier de fabrication de barres d'aluminium<\/h3>\n<p><img decoding=\"async\" src=\"\/wp-content\/uploads\/factory-02.webp\"\/><\/p>\n<\/p>\n<p><img decoding=\"async\" src=\"\/wp-content\/uploads\/factory-03.webp\"\/><\/p>\n<h3>Entrep\u00f4t de stockage des moules<\/h3>\n<p><img decoding=\"async\" src=\"\/wp-content\/uploads\/factory-04.webp\"\/><\/p>\n<h3>43 lignes d'extrusion d'aluminium (500 \u00e0 5500 tonnes)<\/h3>\n<p><img decoding=\"async\" src=\"\/wp-content\/uploads\/factory-05.webp\"\/><\/p>\n<p><img decoding=\"async\" src=\"\/wp-content\/uploads\/factory-06.webp\"\/><\/p>\n<p><img decoding=\"async\" src=\"\/wp-content\/uploads\/factory-07.webp\"\/><\/p>\n<h3>Atelier de peinture en poudre<\/h3>\n<p><img decoding=\"async\" src=\"\/wp-content\/uploads\/factory-09.webp\"\/><\/p>\n<h3>Atelier d'anodisation<\/h3>\n<p><img decoding=\"async\" src=\"\/wp-content\/uploads\/factory-10.webp\"\/><\/p>\n<h3>Atelier sur le traitement en profondeur<\/h3>\n<p><img decoding=\"async\" src=\"\/wp-content\/uploads\/factory-11.webp\"\/><\/p>\n<h3>Atelier d'usinage de pr\u00e9cision CNC<\/h3>\n<p><img decoding=\"async\" src=\"\/wp-content\/uploads\/factory-11.5.webp\"\/><\/p>\n<h3>Entrep\u00f4t de produits finis et d'exportation<\/h3>\n<p><img decoding=\"async\" src=\"\/wp-content\/uploads\/factory-12.webp\"\/><\/p>\n<p><img decoding=\"async\" src=\"\/wp-content\/uploads\/factory-13.webp\"\/><\/p>\n<p><img decoding=\"async\" src=\"\/wp-content\/uploads\/factory-14.webp\"\/><\/p>\n<h2>FAQ<\/h2>\n<p><b>1. \u00e0 quoi sert une barre d'aluminium extrud\u00e9e ?<\/b><\/p>\n<p>Les barres d'aluminium extrud\u00e9es sont largement utilis\u00e9es dans la construction, le transport, les machines et la fabrication en raison de leur r\u00e9sistance, de leur facilit\u00e9 d'usinage et de leur l\u00e9g\u00e8ret\u00e9.\n<\/p>\n<p><\/p>\n<p><b>2) Quels sont les principaux avantages des barres d'aluminium extrud\u00e9es ?<\/b><\/p>\n<p>Les barres d'aluminium extrud\u00e9es offrent un excellent rapport poids\/r\u00e9sistance, une bonne r\u00e9sistance \u00e0 la corrosion et une grande pr\u00e9cision dimensionnelle, ce qui les rend id\u00e9ales pour les applications structurelles et industrielles.\n<\/p>\n<p><\/p>\n<p><b>3. pourquoi choisir des barres d'aluminium extrud\u00e9 plut\u00f4t que d'autres barres m\u00e9talliques ?<\/b><\/p>\n<p>Les barres d'aluminium sont plus l\u00e9g\u00e8res, plus r\u00e9sistantes \u00e0 la corrosion et plus faciles \u00e0 usiner que l'acier ou le cuivre, offrant ainsi des performances rentables et durables.\n<\/p>\n<p><\/p>\n<p><b>4. les barres d'aluminium extrud\u00e9es peuvent-elles \u00eatre personnalis\u00e9es ?<\/b><\/p>\n<p>Oui, les barres d'aluminium extrud\u00e9es peuvent \u00eatre personnalis\u00e9es en termes de forme, de taille, de nuance d'alliage et de finition de surface pour r\u00e9pondre \u00e0 des exigences sp\u00e9cifiques en mati\u00e8re d'ing\u00e9nierie et de conception.\n<\/p>\n<p><\/p>\n<p><b>5.Quels sont les \u00e9tats de surface disponibles pour les barres d'aluminium extrud\u00e9es ?<\/b><\/p>\n<p>Les finitions disponibles comprennent l'anodisation, le rev\u00eatement en poudre et la finition en usine pour am\u00e9liorer l'aspect, la r\u00e9sistance \u00e0 l'usure et la protection contre la corrosion.\n<\/p>\n<p><\/p>\n<p><b>6. les barres en aluminium extrud\u00e9 sont-elles adapt\u00e9es \u00e0 une utilisation en ext\u00e9rieur ?<\/b><\/p>\n<p>Oui, avec un traitement de surface appropri\u00e9, les barres d'aluminium extrud\u00e9 sont tr\u00e8s r\u00e9sistantes aux intemp\u00e9ries, \u00e0 l'humidit\u00e9 et \u00e0 l'exposition aux UV, ce qui les rend id\u00e9ales pour les applications ext\u00e9rieures.\n<\/p>\n<p><\/p>\n<p><b>7. Comment les barres d'aluminium extrud\u00e9 soutiennent-elles la fabrication durable ?<\/b><\/p>\n<p>L'aluminium est 100% recyclable et sa production est \u00e9conome en \u00e9nergie, ce qui fait des barres d'aluminium extrud\u00e9es une option respectueuse de l'environnement pour les industries modernes.\n<\/p>\n<p><\/p>","protected":false},"featured_media":6338,"template":"","categories":[60],"class_list":["post-6339","product","type-product","status-publish","has-post-thumbnail","hentry","category-general-tubes-and-bars"],"meta_box":{"hilight_text_group":{"product_hilight_text":"<li>High-strength extruded aluminum bar for structural and industrial use<\/li>\r\r\n<li>Precision manufacturing ensures uniform shape and size<\/li>\r\r\n<li>Corrosion-resistant and suitable for indoor and outdoor environments<\/li>\r\r\n<li>Available in various alloys, lengths, and cross-section shapes<\/li>\r\r\n<li>Supports custom fabrication and large-volume orders<\/li>","product_chanpin_blog":"<ul>\r\r\n<li><a href=\"https:\/\/sinoextrud.com\/t-slot-v-slot-differences\/\" target=\"_blank\">t slot vs v slot<\/a><\/li>\r\r\n<li><a href=\"https:\/\/sinoextrud.com\/what-is-4040-aluminium-extrud\/\" target=\"_blank\">4040 aluminium extrusion<\/a><\/li>\r\r\n<li><a href=\"https:\/\/sinoextrud.com\/what-is-4040-aluminium-extrud\/\" target=\"_blank\">aluminum extrusions for industrial racks<\/a><\/li>\r\r\n<li><a href=\"https:\/\/sinoextrud.com\/powder-coating-aluminium-process\/\" target=\"_blank\">powder coating aluminium<\/a><\/li>\r\r\n<li><a href=\"https:\/\/sinoextrud.com\/what-is-an-aluminium-strip-ceiling\/\" target=\"_blank\">aluminium strip ceiling<\/a><\/li>\r\r\n<li><a href=\"https:\/\/sinoextrud.com\/what-is-a-heat-sink\/\" target=\"_blank\">what is a heat sink<\/a><\/li>\r\r\n<\/ul>","product_chanpin_chanpin":"<li><a href=\"https:\/\/sinoextrud.com\/product\/extruded-aluminum-tubing-shapes\/\" target=\"_blank\">Extruded Aluminum Tubing Shapes<\/a><\/li>\r\n<li><a href=\"https:\/\/sinoextrud.com\/product\/aluminum-triangle-tube-profile\/\" target=\"_blank\">Aluminum Triangle Tube Profile<\/a><\/li>\r\n<li><a href=\"https:\/\/sinoextrud.com\/product\/aluminum-tube-suppliers\/\" target=\"_blank\">Aluminum Tube Suppliers<\/a><\/li>\r\n<li><a href=\"https:\/\/sinoextrud.com\/product\/quarter-round-aluminum-extrusion\/\" target=\"_blank\">Quarter Round Aluminum Extrusion<\/a><\/li>\r\n<li><a href=\"https:\/\/sinoextrud.com\/product\/extruded-aluminum-bar\/\" target=\"_blank\">Extruded Aluminum Bar<\/a><\/li>\r\n<li><a href=\"https:\/\/sinoextrud.com\/product\/aluminium-profile-10x10\/\" target=\"_blank\">Aluminium Profile 10\u00c3\u201410<\/a><\/li>\r\n<li><a href=\"https:\/\/sinoextrud.com\/product\/aluminium-square-tubes\/\" target=\"_blank\">Aluminium Square tubes<\/a><\/li>\r\n<li><a href=\"https:\/\/sinoextrud.com\/product\/oval-aluminum-extrusion\/\" target=\"_blank\">Oval Aluminum Extrusion<\/a><\/li>\r\n<li><a href=\"https:\/\/sinoextrud.com\/product\/powder-coated-aluminum-tube\/\" target=\"_blank\">Powder Coated Aluminum Tube<\/a><\/li>\r\n<li><a href=\"https:\/\/sinoextrud.com\/product\/aluminum-profile-for-cnc\/\" target=\"_blank\">Aluminum Profile For CNC<\/a><\/li>\r\n<li><a href=\"https:\/\/sinoextrud.com\/product\/extruded-aluminum-rail-system\/\" target=\"_blank\">Extruded Aluminum Rail System<\/a><\/li>"},"feature_list":[]},"_links":{"self":[{"href":"https:\/\/sinoextrud.com\/fr\/wp-json\/wp\/v2\/product\/6339","targetHints":{"allow":["GET"]}}],"collection":[{"href":"https:\/\/sinoextrud.com\/fr\/wp-json\/wp\/v2\/product"}],"about":[{"href":"https:\/\/sinoextrud.com\/fr\/wp-json\/wp\/v2\/types\/product"}],"wp:featuredmedia":[{"embeddable":true,"href":"https:\/\/sinoextrud.com\/fr\/wp-json\/wp\/v2\/media\/6338"}],"wp:attachment":[{"href":"https:\/\/sinoextrud.com\/fr\/wp-json\/wp\/v2\/media?parent=6339"}],"wp:term":[{"taxonomy":"category","embeddable":true,"href":"https:\/\/sinoextrud.com\/fr\/wp-json\/wp\/v2\/categories?post=6339"}],"curies":[{"name":"wp","href":"https:\/\/api.w.org\/{rel}","templated":true}]}}