{"id":6333,"date":"2025-05-27T02:09:39","date_gmt":"2025-05-27T02:09:39","guid":{"rendered":"https:\/\/sinoextrud.com\/product\/aluminum-triangle-tube-profile\/"},"modified":"2025-06-24T06:10:45","modified_gmt":"2025-06-24T06:10:45","slug":"profile-tubulaire-triangulaire-en-aluminium","status":"publish","type":"product","link":"https:\/\/sinoextrud.com\/fr\/product\/aluminum-triangle-tube-profile\/","title":{"rendered":"Profil\u00e9 de tube triangulaire en aluminium"},"content":{"rendered":"<h2>D\u00e9tails des produits<\/h2>\n<table class=\"custom-table\">\n<tr>\n<td class=\"label\">Nom du produit<\/td>\n<td>Profil\u00e9 de tube triangulaire en aluminium<\/td>\n<\/tr>\n<tr>\n<td class=\"label\">Mat\u00e9riau<\/td>\n<td>6063, 6061, 6463, 6082 Alliage d'aluminium<\/td>\n<\/tr>\n<tr>\n<td class=\"label\">Couleur<\/td>\n<td>Sur mesure<\/td>\n<\/tr>\n<tr>\n<td class=\"label\">Standard<\/td>\n<td>GB2008<\/td>\n<\/tr>\n<tr>\n<td class=\"label\">Grade<\/td>\n<td>S\u00e9rie 6000<\/td>\n<\/tr>\n<tr>\n<td class=\"label\">\u00c9paisseur<\/td>\n<td>Sur mesure<\/td>\n<\/tr>\n<tr>\n<td class=\"label\">Utilisation<\/td>\n<td>D\u00e9coration<\/td>\n<\/tr>\n<tr>\n<td class=\"label\">Temp\u00e9rer<\/td>\n<td>T3-T8<\/td>\n<\/tr>\n<tr>\n<td class=\"label\">Longueur<\/td>\n<td>Sur mesure<\/td>\n<\/tr>\n<tr>\n<td class=\"label\">Traitement de surface<\/td>\n<td>Rev\u00eatement en poudre, finition en usine, PVDF, anodis\u00e9, grain de bois, poli, bross\u00e9, etc.<\/td>\n<\/tr>\n<tr>\n<td class=\"label\">Orgin<\/td>\n<td>CHINE<\/td>\n<\/tr>\n<tr>\n<td class=\"label\">Est-il en alliage ou non ?<\/td>\n<td>Est un alliage<\/td>\n<\/tr>\n<tr>\n<td class=\"label\">Port<\/td>\n<td>Guangzhou, Shenzhen, Foshan<\/td>\n<\/tr>\n<\/table>\n<h2>Notre base de production<\/h2>\n<h3>Panorama de l'usine<\/h3>\n<p><img decoding=\"async\" src=\"\/wp-content\/uploads\/factory-01.webp\"\/><\/p>\n<h3>Atelier de fabrication de barres d'aluminium<\/h3>\n<p><img decoding=\"async\" src=\"\/wp-content\/uploads\/factory-02.webp\"\/><\/p>\n<p><img decoding=\"async\" src=\"\/wp-content\/uploads\/factory-03.webp\"\/><\/p>\n<h3>Entrep\u00f4t de stockage des moules<\/h3>\n<p><img decoding=\"async\" src=\"\/wp-content\/uploads\/factory-04.webp\"\/><\/p>\n<h3>43 lignes d'extrusion d'aluminium (500 \u00e0 5500 tonnes)<\/h3>\n<p><img decoding=\"async\" src=\"\/wp-content\/uploads\/factory-05.webp\"\/><\/p>\n<p><img decoding=\"async\" src=\"\/wp-content\/uploads\/factory-06.webp\"\/><\/p>\n<p><img decoding=\"async\" src=\"\/wp-content\/uploads\/factory-07.webp\"\/><\/p>\n<h3>Atelier de peinture en poudre<\/h3>\n<p><img decoding=\"async\" src=\"\/wp-content\/uploads\/factory-09.webp\"\/><\/p>\n<h3>Atelier d'anodisation<\/h3>\n<p><img decoding=\"async\" src=\"\/wp-content\/uploads\/factory-10.webp\"\/><\/p>\n<h3>Atelier sur le traitement en profondeur<\/h3>\n<p><img decoding=\"async\" src=\"\/wp-content\/uploads\/factory-11.webp\"\/><\/p>\n<h3>Atelier d'usinage de pr\u00e9cision CNC<\/h3>\n<p><img decoding=\"async\" src=\"\/wp-content\/uploads\/factory-11.5.webp\"\/><\/p>\n<h3>Entrep\u00f4t de produits finis et d'exportation<\/h3>\n<p><img decoding=\"async\" src=\"\/wp-content\/uploads\/factory-12.webp\"\/><\/p>\n<p><img decoding=\"async\" src=\"\/wp-content\/uploads\/factory-13.webp\"\/><\/p>\n<p><img decoding=\"async\" src=\"\/wp-content\/uploads\/factory-14.webp\"\/><\/p>\n<h2>FAQ<\/h2>\n<p><p><b>1) A quoi sert un profil\u00e9 triangulaire en aluminium ?<\/b><\/p>\n<p>Les profil\u00e9s tubulaires triangulaires en aluminium sont utilis\u00e9s dans la conception architecturale, la charpente, l'ameublement et les applications d\u00e9coratives en raison de leur g\u00e9om\u00e9trie unique et de leur esth\u00e9tique moderne.<br \/>\n<\/p><br \/>\n<br \/>\n<p><b>2) Quels sont les principaux avantages des profil\u00e9s tubulaires triangulaires en aluminium ?<\/b><\/p>\n<p>Les profil\u00e9s tubulaires triangulaires en aluminium offrent une structure solide et l\u00e9g\u00e8re, une excellente r\u00e9sistance \u00e0 la corrosion et un design \u00e9l\u00e9gant id\u00e9al pour les constructions innovantes.<br \/>\n<\/p><br \/>\n<br \/>\n<p><b>3) Pourquoi choisir un profil\u00e9 triangulaire en aluminium plut\u00f4t que des formes traditionnelles ?<\/b><\/p>\n<p>Les profil\u00e9s tubulaires triangulaires offrent une rigidit\u00e9 accrue, une r\u00e9partition efficace des charges et un aspect distinctif par rapport aux tubes ronds ou carr\u00e9s standard.<br \/>\n<\/p><br \/>\n<br \/>\n<p><b>4. les profil\u00e9s tubulaires triangulaires en aluminium peuvent-ils \u00eatre personnalis\u00e9s ?<\/b><\/p>\n<p>Oui, les tubes triangulaires en aluminium peuvent \u00eatre personnalis\u00e9s en termes de taille, d'\u00e9paisseur de paroi, de type d'alliage et de finition de surface pour r\u00e9pondre aux besoins d'applications sp\u00e9cifiques.<br \/>\n<\/p><br \/>\n<br \/>\n<p><b>5) Quelles sont les finitions de surface disponibles pour les profil\u00e9s tubulaires triangulaires en aluminium ?<\/b><\/p>\n<p>Les finitions disponibles comprennent l'anodisation, le rev\u00eatement en poudre et la finition en usine, qui am\u00e9liorent la durabilit\u00e9, la r\u00e9sistance \u00e0 la corrosion et l'apparence.<br \/>\n<\/p><br \/>\n<br \/>\n<p><b>6. les profil\u00e9s tubulaires triangulaires en aluminium conviennent-ils pour une utilisation en ext\u00e9rieur ?<\/b><\/p>\n<p>Oui, avec un traitement de surface appropri\u00e9, les profil\u00e9s tubulaires triangulaires sont tr\u00e8s r\u00e9sistants aux intemp\u00e9ries, aux rayons UV et \u00e0 l'humidit\u00e9, ce qui les rend id\u00e9aux pour les applications ext\u00e9rieures.<br \/>\n<\/p><br \/>\n<br \/>\n<p><b>7. Comment les profil\u00e9s tubulaires triangulaires en aluminium contribuent-ils \u00e0 la construction durable ?<\/b><\/p>\n<p>L'aluminium est 100% recyclable et l\u00e9ger, ce qui fait des profil\u00e9s tubulaires triangulaires un choix \u00e9cologique pour les projets de construction respectueux de l'environnement et de l'efficacit\u00e9 \u00e9nerg\u00e9tique.<br \/>\n<\/p><br \/><\/p>","protected":false},"featured_media":6332,"template":"","categories":[60],"class_list":["post-6333","product","type-product","status-publish","has-post-thumbnail","hentry","category-general-tubes-and-bars"],"meta_box":{"hilight_text_group":{"product_hilight_text":"<li>Unique triangle shape ideal for design and structural applications<\/li>\r\r\n<li>Made from high-quality aluminum with excellent strength-to-weight ratio<\/li>\r\r\n<li>Corrosion-resistant for both indoor and outdoor use<\/li>\r\r\n<li>Available in various sizes and surface finishes<\/li>\r\r\n<li>Supports OEM customization and bulk production<\/li>","product_chanpin_blog":"<ul>\r\r\n<li><a href=\"https:\/\/sinoextrud.com\/t-slot-v-slot-differences\/\" target=\"_blank\">t slot vs v slot<\/a><\/li>\r\r\n<li><a href=\"https:\/\/sinoextrud.com\/what-is-4040-aluminium-extrud\/\" target=\"_blank\">4040 aluminium extrusion<\/a><\/li>\r\r\n<li><a href=\"https:\/\/sinoextrud.com\/what-is-4040-aluminium-extrud\/\" target=\"_blank\">aluminum extrusions for industrial racks<\/a><\/li>\r\r\n<li><a href=\"https:\/\/sinoextrud.com\/powder-coating-aluminium-process\/\" target=\"_blank\">powder coating aluminium<\/a><\/li>\r\r\n<li><a href=\"https:\/\/sinoextrud.com\/what-is-an-aluminium-strip-ceiling\/\" target=\"_blank\">aluminium strip ceiling<\/a><\/li>\r\r\n<li><a href=\"https:\/\/sinoextrud.com\/what-is-a-heat-sink\/\" target=\"_blank\">what is a heat sink<\/a><\/li>\r\r\n<\/ul>","product_chanpin_chanpin":"<li><a href=\"https:\/\/sinoextrud.com\/product\/aluminum-channel\/\" target=\"_blank\">Aluminum Channel<\/a><\/li>\r\n<li><a href=\"https:\/\/sinoextrud.com\/product\/square-extruded-aluminum\/\" target=\"_blank\">Square Extruded Aluminum<\/a><\/li>\r\n<li><a href=\"https:\/\/sinoextrud.com\/product\/square-tube-standard-aluminium-sections\/\" target=\"_blank\">Square Tube Standard Aluminium Sections<\/a><\/li>\r\n<li><a href=\"https:\/\/sinoextrud.com\/product\/extruded-aluminum-tubing-shapes\/\" target=\"_blank\">Extruded Aluminum Tubing Shapes<\/a><\/li>\r\n<li><a href=\"https:\/\/sinoextrud.com\/product\/aluminum-triangle-tube-profile\/\" target=\"_blank\">Aluminum Triangle Tube Profile<\/a><\/li>\r\n<li><a href=\"https:\/\/sinoextrud.com\/product\/aluminum-tube-suppliers\/\" target=\"_blank\">Aluminum Tube Suppliers<\/a><\/li>\r\n<li><a href=\"https:\/\/sinoextrud.com\/product\/quarter-round-aluminum-extrusion\/\" target=\"_blank\">Quarter Round Aluminum Extrusion<\/a><\/li>\r\n<li><a href=\"https:\/\/sinoextrud.com\/product\/extruded-aluminum-bar\/\" target=\"_blank\">Extruded Aluminum Bar<\/a><\/li>\r\n<li><a href=\"https:\/\/sinoextrud.com\/product\/aluminium-profile-10x10\/\" target=\"_blank\">Aluminium Profile 10\u00c3\u201410<\/a><\/li>\r\n<li><a href=\"https:\/\/sinoextrud.com\/product\/modular-extruded-aluminum-framing\/\" target=\"_blank\">Modular Extruded Aluminum Framing<\/a><\/li>\r\n<li><a href=\"https:\/\/sinoextrud.com\/product\/customized-led-aluminium-profile-led-aluminum-extrusion\/\" target=\"_blank\">Customized LED Aluminium Profile  LED Aluminum Extrusion<\/a><\/li>"},"feature_list":[]},"_links":{"self":[{"href":"https:\/\/sinoextrud.com\/fr\/wp-json\/wp\/v2\/product\/6333","targetHints":{"allow":["GET"]}}],"collection":[{"href":"https:\/\/sinoextrud.com\/fr\/wp-json\/wp\/v2\/product"}],"about":[{"href":"https:\/\/sinoextrud.com\/fr\/wp-json\/wp\/v2\/types\/product"}],"wp:featuredmedia":[{"embeddable":true,"href":"https:\/\/sinoextrud.com\/fr\/wp-json\/wp\/v2\/media\/6332"}],"wp:attachment":[{"href":"https:\/\/sinoextrud.com\/fr\/wp-json\/wp\/v2\/media?parent=6333"}],"wp:term":[{"taxonomy":"category","embeddable":true,"href":"https:\/\/sinoextrud.com\/fr\/wp-json\/wp\/v2\/categories?post=6333"}],"curies":[{"name":"wp","href":"https:\/\/api.w.org\/{rel}","templated":true}]}}