{"id":6329,"date":"2025-05-27T01:45:25","date_gmt":"2025-05-27T01:45:25","guid":{"rendered":"https:\/\/sinoextrud.com\/product\/extruded-aluminum-tubing-shapes\/"},"modified":"2025-06-24T06:10:45","modified_gmt":"2025-06-24T06:10:45","slug":"formes-de-tubes-en-aluminium-extrude","status":"publish","type":"product","link":"https:\/\/sinoextrud.com\/fr\/product\/extruded-aluminum-tubing-shapes\/","title":{"rendered":"Formes de tubes en aluminium extrud\u00e9"},"content":{"rendered":"<h2>D\u00e9tails des produits<\/h2>\n<table class=\"custom-table\">\n<tr>\n<td class=\"label\">Materila :<\/td>\n<td>6063-t5<\/td>\n<\/tr>\n<tr>\n<td class=\"label\">Forme :<\/td>\n<td>identique aux photos. Possibilit\u00e9 de personnalisation.<\/td>\n<\/tr>\n<tr>\n<td class=\"label\">\u00c9paississement du profil :<\/td>\n<td>1,0 mm au-dessus.<\/td>\n<\/tr>\n<tr>\n<td class=\"label\">Traitement de surface :<\/td>\n<td>bois grain\u00e9<\/td>\n<\/tr>\n<tr>\n<td class=\"label\">Entreprise de rev\u00eatement :<\/td>\n<td>80-120 um.<\/td>\n<\/tr>\n<tr>\n<td class=\"label\">Utilisation :<\/td>\n<td>plafond, cl\u00f4ture, pergola<\/td>\n<\/tr>\n<tr>\n<td class=\"label\">MOQ :<\/td>\n<td>1000 kgs pour chaque article<\/td>\n<\/tr>\n<tr>\n<td class=\"label\">Garantie :<\/td>\n<td>La couleur de la surface peut rester stable pendant 10 ans en cas d'utilisation \u00e0 l'int\u00e9rieur.<\/td>\n<\/tr>\n<tr>\n<td class=\"label\">Traitement en profondeur<\/td>\n<td>comme le per\u00e7age, le fraisage, la d\u00e9coupe, le soudage et le pliage.<\/td>\n<\/tr>\n<tr>\n<td class=\"label\">Origine :<\/td>\n<td>Foshan, Guangdong.<\/td>\n<\/tr>\n<tr>\n<td class=\"label\">Code HS :<\/td>\n<td>761699000<\/td>\n<\/tr>\n<\/table>\n<h2>Notre base de production<\/h2>\n<h3>Panorama de l'usine<\/h3>\n<p><img decoding=\"async\" src=\"\/wp-content\/uploads\/factory-01.webp\"\/><\/p>\n<h3>Atelier de fabrication de barres d'aluminium<\/h3>\n<p><img decoding=\"async\" src=\"\/wp-content\/uploads\/factory-02.webp\"\/><\/p>\n<\/p>\n<p><img decoding=\"async\" src=\"\/wp-content\/uploads\/factory-03.webp\"\/><\/p>\n<h3>Entrep\u00f4t de stockage des moules<\/h3>\n<p><img decoding=\"async\" src=\"\/wp-content\/uploads\/factory-04.webp\"\/><\/p>\n<h3>43 lignes d'extrusion d'aluminium (500 \u00e0 5500 tonnes)<\/h3>\n<p><img decoding=\"async\" src=\"\/wp-content\/uploads\/factory-05.webp\"\/><\/p>\n<p><img decoding=\"async\" src=\"\/wp-content\/uploads\/factory-06.webp\"\/><\/p>\n<p><img decoding=\"async\" src=\"\/wp-content\/uploads\/factory-07.webp\"\/><\/p>\n<h3>Atelier de peinture en poudre<\/h3>\n<p><img decoding=\"async\" src=\"\/wp-content\/uploads\/factory-09.webp\"\/><\/p>\n<h3>Atelier d'anodisation<\/h3>\n<p><img decoding=\"async\" src=\"\/wp-content\/uploads\/factory-10.webp\"\/><\/p>\n<h3>Atelier sur le traitement en profondeur<\/h3>\n<p><img decoding=\"async\" src=\"\/wp-content\/uploads\/factory-11.webp\"\/><\/p>\n<h3>Atelier d'usinage de pr\u00e9cision CNC<\/h3>\n<p><img decoding=\"async\" src=\"\/wp-content\/uploads\/factory-11.5.webp\"\/><\/p>\n<h3>Entrep\u00f4t de produits finis et d'exportation<\/h3>\n<p><img decoding=\"async\" src=\"\/wp-content\/uploads\/factory-12.webp\"\/><\/p>\n<p><img decoding=\"async\" src=\"\/wp-content\/uploads\/factory-13.webp\"\/><\/p>\n<p><img decoding=\"async\" src=\"\/wp-content\/uploads\/factory-14.webp\"\/><\/p>\n<h2>FAQ<\/h2>\n<p><b>1) A quoi servent les tubes d'aluminium extrud\u00e9s ?<\/b><\/p>\n<p>Les formes de tubes en aluminium extrud\u00e9 sont utilis\u00e9es dans la construction, l'automobile, l'a\u00e9rospatiale et les applications industrielles pour le soutien structurel, le transport des fluides et les charpentes l\u00e9g\u00e8res.\n<\/p>\n<p><\/p>\n<p><b>2) Quels sont les principaux avantages des tubes d'aluminium extrud\u00e9s ?<\/b><\/p>\n<p>Les formes de tubes en aluminium extrud\u00e9 offrent un excellent rapport poids\/r\u00e9sistance, une r\u00e9sistance \u00e0 la corrosion et une g\u00e9om\u00e9trie pr\u00e9cise pour des performances \u00e9lev\u00e9es et une utilisation durable.\n<\/p>\n<p><\/p>\n<p><b>3) Pourquoi choisir un tube en aluminium extrud\u00e9 plut\u00f4t qu'un autre tube en m\u00e9tal ?<\/b><\/p>\n<p>Les tubes en aluminium extrud\u00e9 sont plus l\u00e9gers, plus faciles \u00e0 usiner et plus r\u00e9sistants \u00e0 la corrosion que l'acier ou le cuivre, ce qui les rend id\u00e9aux pour des solutions rentables et durables.\n<\/p>\n<p><\/p>\n<p><b>4) Quels sont les types de formes disponibles pour les tubes d'aluminium extrud\u00e9s ?<\/b><\/p>\n<p>Les formes courantes comprennent les profils ronds, carr\u00e9s, rectangulaires, ovales et personnalis\u00e9s, ce qui offre une grande souplesse pour r\u00e9pondre aux diff\u00e9rentes exigences en mati\u00e8re de conception et de structure.\n<\/p>\n<p><\/p>\n<p><b>5. les formes des tubes en aluminium extrud\u00e9 peuvent-elles \u00eatre personnalis\u00e9es ?<\/b><\/p>\n<p>Oui, les formes de tubes peuvent \u00eatre personnalis\u00e9es en termes de taille, d'\u00e9paisseur de paroi, d'alliage et de finition de surface afin de r\u00e9pondre aux normes sp\u00e9cifiques d'un projet ou d'une industrie.\n<\/p>\n<p><\/p>\n<p><b>6) Quelles sont les finitions de surface disponibles pour les tubes en aluminium extrud\u00e9 ?<\/b><\/p>\n<p>L'anodisation, le rev\u00eatement par poudre et la finition en usine sont disponibles pour am\u00e9liorer la protection contre la corrosion, la durabilit\u00e9 de la surface et l'attrait visuel.\n<\/p>\n<p><\/p>\n<p><b>7. les formes de tubes en aluminium extrud\u00e9 conviennent-elles aux applications ext\u00e9rieures ?<\/b><\/p>\n<p>Oui, avec des traitements de surface appropri\u00e9s, les formes de tubes en aluminium sont tr\u00e8s r\u00e9sistantes aux intemp\u00e9ries, \u00e0 l'exposition aux UV et \u00e0 la corrosion, ce qui les rend id\u00e9ales pour une utilisation en ext\u00e9rieur.\n<\/p>\n<p><\/p>\n<p><b>8. Comment les formes des tubes en aluminium extrud\u00e9 contribuent-elles \u00e0 la conception durable ?<\/b><\/p>\n<p>L'aluminium est 100% recyclable et sa production est \u00e9conome en \u00e9nergie, ce qui fait des tubes extrud\u00e9s une option \u00e9cologique pour l'ing\u00e9nierie et la construction durables.\n<\/p>\n<p><\/p>","protected":false},"featured_media":6328,"template":"","categories":[60],"class_list":["post-6329","product","type-product","status-publish","has-post-thumbnail","hentry","category-general-tubes-and-bars"],"meta_box":{"hilight_text_group":{"product_hilight_text":"<li>Offered in a variety of shapes including round, square, and rectangular<\/li>\r\r\n<li>High-precision extrusion ensures consistent dimensions and quality<\/li>\r\r\n<li>Lightweight yet strong, ideal for structural and decorative use<\/li>\r\r\n<li>Corrosion-resistant with options for anodized or powder-coated finishes<\/li>\r\r\n<li>Custom shapes and sizes available for specific project needs<\/li>","product_chanpin_blog":"<ul>\r\r\n<li><a href=\"https:\/\/sinoextrud.com\/t-slot-v-slot-differences\/\" target=\"_blank\">t slot vs v slot<\/a><\/li>\r\r\n<li><a href=\"https:\/\/sinoextrud.com\/what-is-4040-aluminium-extrud\/\" target=\"_blank\">4040 aluminium extrusion<\/a><\/li>\r\r\n<li><a href=\"https:\/\/sinoextrud.com\/what-is-4040-aluminium-extrud\/\" target=\"_blank\">aluminum extrusions for industrial racks<\/a><\/li>\r\r\n<li><a href=\"https:\/\/sinoextrud.com\/powder-coating-aluminium-process\/\" target=\"_blank\">powder coating aluminium<\/a><\/li>\r\r\n<li><a href=\"https:\/\/sinoextrud.com\/what-is-an-aluminium-strip-ceiling\/\" target=\"_blank\">aluminium strip ceiling<\/a><\/li>\r\r\n<li><a href=\"https:\/\/sinoextrud.com\/what-is-a-heat-sink\/\" target=\"_blank\">what is a heat sink<\/a><\/li>\r\r\n<\/ul>","product_chanpin_chanpin":"<li><a href=\"https:\/\/sinoextrud.com\/product\/aluminum-rectangular-extrusion\/\" target=\"_blank\">Aluminum Rectangular Extrusion<\/a><\/li>\r\n<li><a href=\"https:\/\/sinoextrud.com\/product\/aluminum-channel\/\" target=\"_blank\">Aluminum Channel<\/a><\/li>\r\n<li><a href=\"https:\/\/sinoextrud.com\/product\/square-extruded-aluminum\/\" target=\"_blank\">Square Extruded Aluminum<\/a><\/li>\r\n<li><a href=\"https:\/\/sinoextrud.com\/product\/square-tube-standard-aluminium-sections\/\" target=\"_blank\">Square Tube Standard Aluminium Sections<\/a><\/li>\r\n<li><a href=\"https:\/\/sinoextrud.com\/product\/extruded-aluminum-tubing-shapes\/\" target=\"_blank\">Extruded Aluminum Tubing Shapes<\/a><\/li>\r\n<li><a href=\"https:\/\/sinoextrud.com\/product\/aluminum-triangle-tube-profile\/\" target=\"_blank\">Aluminum Triangle Tube Profile<\/a><\/li>\r\n<li><a href=\"https:\/\/sinoextrud.com\/product\/aluminum-tube-suppliers\/\" target=\"_blank\">Aluminum Tube Suppliers<\/a><\/li>\r\n<li><a href=\"https:\/\/sinoextrud.com\/product\/quarter-round-aluminum-extrusion\/\" target=\"_blank\">Quarter Round Aluminum Extrusion<\/a><\/li>\r\n<li><a href=\"https:\/\/sinoextrud.com\/product\/extruded-aluminum-bar\/\" target=\"_blank\">Extruded Aluminum Bar<\/a><\/li>\r\n<li><a href=\"https:\/\/sinoextrud.com\/product\/anodized-aluminum-frame-extrusion-for-picture-price-per-pound\/\" target=\"_blank\">anodized aluminum frame extrusion for picture price per pound<\/a><\/li>\r\n<li><a href=\"https:\/\/sinoextrud.com\/product\/oval-aluminum-extrusion-profile\/\" target=\"_blank\">Oval Aluminum Extrusion Profile<\/a><\/li>"},"feature_list":[]},"_links":{"self":[{"href":"https:\/\/sinoextrud.com\/fr\/wp-json\/wp\/v2\/product\/6329","targetHints":{"allow":["GET"]}}],"collection":[{"href":"https:\/\/sinoextrud.com\/fr\/wp-json\/wp\/v2\/product"}],"about":[{"href":"https:\/\/sinoextrud.com\/fr\/wp-json\/wp\/v2\/types\/product"}],"wp:featuredmedia":[{"embeddable":true,"href":"https:\/\/sinoextrud.com\/fr\/wp-json\/wp\/v2\/media\/6328"}],"wp:attachment":[{"href":"https:\/\/sinoextrud.com\/fr\/wp-json\/wp\/v2\/media?parent=6329"}],"wp:term":[{"taxonomy":"category","embeddable":true,"href":"https:\/\/sinoextrud.com\/fr\/wp-json\/wp\/v2\/categories?post=6329"}],"curies":[{"name":"wp","href":"https:\/\/api.w.org\/{rel}","templated":true}]}}