{"id":6323,"date":"2025-05-26T15:01:28","date_gmt":"2025-05-26T15:01:28","guid":{"rendered":"https:\/\/sinoextrud.com\/product\/aluminum-channel\/"},"modified":"2025-06-24T06:10:45","modified_gmt":"2025-06-24T06:10:45","slug":"canal-en-aluminium","status":"publish","type":"product","link":"https:\/\/sinoextrud.com\/fr\/product\/aluminum-channel\/","title":{"rendered":"Canal en aluminium"},"content":{"rendered":"<h2>D\u00e9tails des produits<\/h2>\n<table class=\"custom-table\">\n<tr>\n<td class=\"label\">Mod\u00e8le NO :<\/td>\n<td>profil\u00e9 en aluminium - forme en U<\/td>\n<\/tr>\n<tr>\n<td class=\"label\">Nom du produit :<\/td>\n<td>  profil du canal aluinum u<\/td>\n<\/tr>\n<tr>\n<td class=\"label\">Caract\u00e9ristiques principales :<\/td>\n<td> 15*19mm<\/td>\n<\/tr>\n<tr>\n<td class=\"label\">Thicnkess :<\/td>\n<td> 2,0 mm<\/td>\n<\/tr>\n<tr>\n<td class=\"label\">Tol\u00e9rance de travail :<\/td>\n<td>+\/- 0,1 mm<\/td>\n<\/tr>\n<tr>\n<td class=\"label\">Certification :<\/td>\n<td> ISO9001 :<\/td>\n<td>2008<\/td>\n<\/tr>\n<tr>\n<td class=\"label\">\u00c9chantillon :<\/td>\n<td>polissage, \u00e9chantillons de rev\u00eatement bross\u00e9 disponibles<\/td>\n<\/tr>\n<tr>\n<td class=\"label\">Servir pour :<\/td>\n<td> salle d'exposition, cadre de porte d'armoire, cadre de porte d'armoire, etc.<\/td>\n<\/tr>\n<tr>\n<td class=\"label\">D\u00e9tail de l'emballage :<\/td>\n<td> Chaque unit\u00e9 est emball\u00e9e dans un sac en poly\u00e9thyl\u00e8ne, 60 unit\u00e9s sont emball\u00e9es dans un paquet. Possibilit\u00e9 de personnalisation.<\/td>\n<\/tr>\n<tr>\n<td class=\"label\">MOQ :<\/td>\n<td> 1000 kgs<\/td>\n<\/tr>\n<tr>\n<td class=\"label\">Livraison :<\/td>\n<td> 20-25 jours<\/td>\n<\/tr>\n<tr>\n<td class=\"label\">Origine :<\/td>\n<td> Foshan, Guangdong. Chine<\/td>\n<\/tr>\n<\/table>\n<h2>Notre base de production<\/h2>\n<h3>Panorama de l'usine<\/h3>\n<p><img decoding=\"async\" src=\"\/wp-content\/uploads\/factory-01.webp\"\/><\/p>\n<h3>Atelier de fabrication de barres d'aluminium<\/h3>\n<p><img decoding=\"async\" src=\"\/wp-content\/uploads\/factory-02.webp\"\/><\/p>\n<p><img decoding=\"async\" src=\"\/wp-content\/uploads\/factory-03.webp\"\/><\/p>\n<h3>Entrep\u00f4t de stockage des moules<\/h3>\n<p><img decoding=\"async\" src=\"\/wp-content\/uploads\/factory-04.webp\"\/><\/p>\n<h3>43 lignes d'extrusion d'aluminium (500 \u00e0 5500 tonnes)<\/h3>\n<p><img decoding=\"async\" src=\"\/wp-content\/uploads\/factory-05.webp\"\/><\/p>\n<p><img decoding=\"async\" src=\"\/wp-content\/uploads\/factory-06.webp\"\/><\/p>\n<p><img decoding=\"async\" src=\"\/wp-content\/uploads\/factory-07.webp\"\/><\/p>\n<h3>Atelier de peinture en poudre<\/h3>\n<p><img decoding=\"async\" src=\"\/wp-content\/uploads\/factory-09.webp\"\/><\/p>\n<h3>Atelier d'anodisation<\/h3>\n<p><img decoding=\"async\" src=\"\/wp-content\/uploads\/factory-10.webp\"\/><\/p>\n<h3>Atelier sur le traitement en profondeur<\/h3>\n<p><img decoding=\"async\" src=\"\/wp-content\/uploads\/factory-11.webp\"\/><\/p>\n<h3>Atelier d'usinage de pr\u00e9cision CNC<\/h3>\n<p><img decoding=\"async\" src=\"\/wp-content\/uploads\/factory-11.5.webp\"\/><\/p>\n<h3>Entrep\u00f4t de produits finis et d'exportation<\/h3>\n<p><img decoding=\"async\" src=\"\/wp-content\/uploads\/factory-12.webp\"\/><\/p>\n<p><img decoding=\"async\" src=\"\/wp-content\/uploads\/factory-13.webp\"\/><\/p>\n<p><img decoding=\"async\" src=\"\/wp-content\/uploads\/factory-14.webp\"\/><\/p>\n<h2>FAQ<\/h2>\n<p><p><b>1. \u00e0 quoi sert un profil\u00e9 en aluminium ?<\/b><\/p>\n<p>Les profil\u00e9s en aluminium sont couramment utilis\u00e9s dans les charpentes, les supports structurels, les bordures et les applications architecturales en raison de leur r\u00e9sistance et de leur l\u00e9g\u00e8ret\u00e9.<br \/>\n<\/p><br \/>\n<br \/>\n<p><b>2) Quels sont les principaux avantages des profil\u00e9s en aluminium ?<\/b><\/p>\n<p>Les profil\u00e9s en aluminium offrent un rapport r\u00e9sistance\/poids \u00e9lev\u00e9, une excellente r\u00e9sistance \u00e0 la corrosion et une grande facilit\u00e9 d'usinage, ce qui les rend id\u00e9aux pour une utilisation \u00e0 l'int\u00e9rieur et \u00e0 l'ext\u00e9rieur.<br \/>\n<\/p><br \/>\n<br \/>\n<p><b>3. pourquoi choisir des canaux en aluminium plut\u00f4t qu'en acier ou en plastique ?<\/b><\/p>\n<p>Les canaux en aluminium sont plus l\u00e9gers et plus r\u00e9sistants \u00e0 la corrosion que l'acier, et plus solides et plus durables que le plastique, offrant ainsi un \u00e9quilibre parfait entre performance et co\u00fbt.<br \/>\n<\/p><br \/>\n<br \/>\n<p><b>4. les caniveaux en aluminium peuvent-ils \u00eatre personnalis\u00e9s pour des applications sp\u00e9cifiques ?<\/b><\/p>\n<p>Oui, les profil\u00e9s en aluminium peuvent \u00eatre adapt\u00e9s en termes de dimensions, de type d'alliage et de finition de surface pour r\u00e9pondre aux exigences pr\u00e9cises du projet.<br \/>\n<\/p><br \/>\n<br \/>\n<p><b>5. Quelles sont les finitions de surface disponibles pour les profil\u00e9s en aluminium ?<\/b><\/p>\n<p>Les finitions les plus courantes sont l'anodisation, le rev\u00eatement par poudre et la finition en usine, qui am\u00e9liorent toutes l'aspect, la r\u00e9sistance \u00e0 la corrosion et la durabilit\u00e9.<br \/>\n<\/p><br \/>\n<br \/>\n<p><b>6. les caniveaux en aluminium conviennent-ils aux environnements ext\u00e9rieurs ?<\/b><\/p>\n<p>Oui, les profil\u00e9s en aluminium anodis\u00e9 ou rev\u00eatu par poudre sont particuli\u00e8rement performants dans les environnements ext\u00e9rieurs et marins en raison de leur r\u00e9sistance aux intemp\u00e9ries.<br \/>\n<\/p><br \/>\n<br \/>\n<p><b>7. Comment les canaux en aluminium soutiennent-ils la construction durable ?<\/b><\/p>\n<p>Les profil\u00e9s en aluminium sont fabriqu\u00e9s \u00e0 partir de mat\u00e9riaux recyclables, ce qui contribue \u00e0 une construction et \u00e0 une fabrication \u00e9conomes en \u00e9nergie et respectueuses de l'environnement.<br \/>\n<\/p><br \/><\/p>","protected":false},"featured_media":6322,"template":"","categories":[60],"class_list":["post-6323","product","type-product","status-publish","has-post-thumbnail","hentry","category-general-tubes-and-bars"],"meta_box":{"hilight_text_group":{"product_hilight_text":"<li>Durable aluminum channel ideal for structural and framing applications<\/li>\r\r\n<li>Lightweight with excellent corrosion resistance<\/li>\r\r\n<li>Available in various sizes and finishes to suit different projects<\/li>\r\r\n<li>Easy to cut, drill, and machine for custom fabrication<\/li>\r\r\n<li>Supports bulk orders with consistent quality and fast delivery<\/li>","product_chanpin_blog":"<ul>\r\r\n<li><a href=\"https:\/\/sinoextrud.com\/product\/aluminum-extrusion-6061-6063-aluminum-profile-for-lamppost\/\" target=\"_blank\">Aluminum Extrusion 6061 6063 Aluminum Profile For Lamppost<\/a><\/li>\r\r\n<li><a href=\"https:\/\/sinoextrud.com\/product\/6061-6063-6082-street-lamp-column-aluminum-profile\/#brxe-a0f13f\" target=\"_blank\">6061 6063 6082 Street Lamp Column Aluminum Profile<\/a><\/li>\r\r\n<li><a href=\"https:\/\/sinoextrud.com\/product\/aluminum-extrusion-linear-led-lighting-aluminum-profile\/\" target=\"_blank\">Aluminum Extrusion Linear LED Lighting Aluminum Profile<\/a><\/li>\r\r\n<li><a href=\"https:\/\/sinoextrud.com\/product\/aluminum-extrusion-electroplated-shower-room-aluminum-profile\/\" target=\"_blank\">Aluminum Extrusion Electroplated Shower Room Aluminum Profile<\/a><\/li>\r\r\n<li><a href=\"https:\/\/sinoextrud.com\/product\/aluminum-extrusion-hard-anodizing-aluminum-profiles\/\" target=\"_blank\">Aluminum Extrusion Hard Anodizing Aluminum Profiles<\/a><\/li>\r\r\n<li><a href=\"https:\/\/sinoextrud.com\/product\/aluminum-extrusion-2024-7001-7003-aluminum-profile\/\" target=\"_blank\">Aluminum Extrusion 2024 7001 7003 Aluminum Profile<\/a><\/li>\r\r\n<\/ul>","product_chanpin_chanpin":"<li><a href=\"https:\/\/sinoextrud.com\/product\/round-aluminum-extrusion-profiles\/\" target=\"_blank\">Round Aluminum Extrusion Profiles<\/a><\/li>\r\n<li><a href=\"https:\/\/sinoextrud.com\/product\/extruded-aluminum-stock-shapes\/\" target=\"_blank\">Extruded Aluminum Stock Shapes<\/a><\/li>\r\n<li><a href=\"https:\/\/sinoextrud.com\/product\/aluminium-tube-profiles\/\" target=\"_blank\">Aluminium Tube Profiles<\/a><\/li>\r\n<li><a href=\"https:\/\/sinoextrud.com\/product\/aluminum-rectangular-extrusion\/\" target=\"_blank\">Aluminum Rectangular Extrusion<\/a><\/li>\r\n<li><a href=\"https:\/\/sinoextrud.com\/product\/aluminum-channel\/\" target=\"_blank\">Aluminum Channel<\/a><\/li>\r\n<li><a href=\"https:\/\/sinoextrud.com\/product\/square-extruded-aluminum\/\" target=\"_blank\">Square Extruded Aluminum<\/a><\/li>\r\n<li><a href=\"https:\/\/sinoextrud.com\/product\/square-tube-standard-aluminium-sections\/\" target=\"_blank\">Square Tube Standard Aluminium Sections<\/a><\/li>\r\n<li><a href=\"https:\/\/sinoextrud.com\/product\/extruded-aluminum-tubing-shapes\/\" target=\"_blank\">Extruded Aluminum Tubing Shapes<\/a><\/li>\r\n<li><a href=\"https:\/\/sinoextrud.com\/product\/aluminum-triangle-tube-profile\/\" target=\"_blank\">Aluminum Triangle Tube Profile<\/a><\/li>\r\n<li><a href=\"https:\/\/sinoextrud.com\/product\/aluminium-window-trim-profiles\/\" target=\"_blank\">Aluminium Window Trim Profiles<\/a><\/li>\r\n<li><a href=\"https:\/\/sinoextrud.com\/product\/pvdf-coating-aluminum-profile\/\" target=\"_blank\">PVDF Coating Aluminum Profile<\/a><\/li>"},"feature_list":[]},"_links":{"self":[{"href":"https:\/\/sinoextrud.com\/fr\/wp-json\/wp\/v2\/product\/6323","targetHints":{"allow":["GET"]}}],"collection":[{"href":"https:\/\/sinoextrud.com\/fr\/wp-json\/wp\/v2\/product"}],"about":[{"href":"https:\/\/sinoextrud.com\/fr\/wp-json\/wp\/v2\/types\/product"}],"wp:featuredmedia":[{"embeddable":true,"href":"https:\/\/sinoextrud.com\/fr\/wp-json\/wp\/v2\/media\/6322"}],"wp:attachment":[{"href":"https:\/\/sinoextrud.com\/fr\/wp-json\/wp\/v2\/media?parent=6323"}],"wp:term":[{"taxonomy":"category","embeddable":true,"href":"https:\/\/sinoextrud.com\/fr\/wp-json\/wp\/v2\/categories?post=6323"}],"curies":[{"name":"wp","href":"https:\/\/api.w.org\/{rel}","templated":true}]}}