{"id":6308,"date":"2025-05-26T09:38:20","date_gmt":"2025-05-26T09:38:20","guid":{"rendered":"https:\/\/sinoextrud.com\/product\/aluminum-oval-tubing-with-competitive-price\/"},"modified":"2025-06-24T06:10:40","modified_gmt":"2025-06-24T06:10:40","slug":"tube-ovale-en-aluminium-a-prix-competitif","status":"publish","type":"product","link":"https:\/\/sinoextrud.com\/fr\/product\/aluminum-oval-tubing-with-competitive-price\/","title":{"rendered":"Tubes ovales en aluminium \u00e0 prix comp\u00e9titif"},"content":{"rendered":"<h2>D\u00e9tails des produits<\/h2>\n<table class=\"custom-table\">\n<tr>\n<td class=\"label\">Objet<\/td>\n<td>Tubes ovales en aluminium \u00e0 prix comp\u00e9titif<\/td>\n<\/tr>\n<tr>\n<td class=\"label\">Mat\u00e9riau<\/td>\n<td>Alliage 6063 T5<\/td>\n<\/tr>\n<tr>\n<td class=\"label\">Application<\/td>\n<td>Tubes ovales en aluminium pour la construction<\/td>\n<\/tr>\n<tr>\n<td class=\"label\">Certificat<\/td>\n<td>ISO9001, ISO14001<\/td>\n<\/tr>\n<tr>\n<td class=\"label\">Capacit\u00e9<\/td>\n<td>Production annuelle sup\u00e9rieure \u00e0 60 000 tonnes<\/td>\n<\/tr>\n<tr>\n<td class=\"label\">Couleur<\/td>\n<td>Personnalis\u00e9 disponible<\/td>\n<\/tr>\n<tr>\n<td class=\"label\">Longueur<\/td>\n<td>1-9 m\u00e8tres ou sur mesure<\/td>\n<\/tr>\n<tr>\n<td class=\"label\">\u00c9paisseur<\/td>\n<td>Sur mesure<\/td>\n<\/tr>\n<tr>\n<td class=\"label\">Finition de la surface<\/td>\n<td>finition en usine, anodisation, rev\u00eatement en poudre, transfert de grain de bois, rev\u00eatement, etc.<\/td>\n<\/tr>\n<tr>\n<td class=\"label\">Application<\/td>\n<td>section de fen\u00eatre et de porte, main courante, mur-rideau<br \/>Chargement, Port de Foshan<\/td>\n<\/tr>\n<tr>\n<td class=\"label\">Paiement<\/td>\n<td>T\/T, 30% acompte et solde avant la livraison<\/td>\n<\/tr>\n<tr>\n<td class=\"label\">Paquet<\/td>\n<td>1. \u00e0 l'int\u00e9rieur : emball\u00e9 avec un film protecteur en plastique pour prot\u00e9ger chaque profil.<br \/>2.Ext\u00e9rieur : emball\u00e9 dans du papier craft imperm\u00e9able<\/td>\n<\/tr>\n<tr>\n<td class=\"label\">Livraison<\/td>\n<td>25-30 jours apr\u00e8s le versement de l'acompte<\/td>\n<\/tr>\n<tr>\n<td class=\"label\">Ordre de passage<\/td>\n<td>1. Confirmer les dessins, le traitement de surface et le prix ;<br \/>2. Payez les frais de moulage et nous commencerons \u00e0 fabriquer les moules ;<br \/>3. Nous vous envoyons des \u00e9chantillons pour confirmation ;<br \/>4. Paiement de la caution 30%, lancement de la production ;<\/td>\n<\/tr>\n<\/table>\n<h2>Notre base de production<\/h2>\n<h3>Panorama de l'usine<\/h3>\n<p><img decoding=\"async\" src=\"\/wp-content\/uploads\/factory-01.webp\"\/><\/p>\n<h3>Atelier de fabrication de barres d'aluminium<\/h3>\n<p><img decoding=\"async\" src=\"\/wp-content\/uploads\/factory-02.webp\"\/><\/p>\n<p><img decoding=\"async\" src=\"\/wp-content\/uploads\/factory-03.webp\"\/><\/p>\n<h3>Entrep\u00f4t de stockage des moules<\/h3>\n<p><img decoding=\"async\" src=\"\/wp-content\/uploads\/factory-04.webp\"\/><\/p>\n<h3>43 lignes d'extrusion d'aluminium (500 \u00e0 5500 tonnes)<\/h3>\n<p><img decoding=\"async\" src=\"\/wp-content\/uploads\/factory-05.webp\"\/><\/p>\n<p><img decoding=\"async\" src=\"\/wp-content\/uploads\/factory-06.webp\"\/><\/p>\n<p><img decoding=\"async\" src=\"\/wp-content\/uploads\/factory-07.webp\"\/><\/p>\n<h3>Atelier de peinture en poudre<\/h3>\n<p><img decoding=\"async\" src=\"\/wp-content\/uploads\/factory-09.webp\"\/><\/p>\n<h3>Atelier d'anodisation<\/h3>\n<p><img decoding=\"async\" src=\"\/wp-content\/uploads\/factory-10.webp\"\/><\/p>\n<h3>Atelier sur le traitement en profondeur<\/h3>\n<p><img decoding=\"async\" src=\"\/wp-content\/uploads\/factory-11.webp\"\/><\/p>\n<h3>Atelier d'usinage de pr\u00e9cision CNC<\/h3>\n<p><img decoding=\"async\" src=\"\/wp-content\/uploads\/factory-11.5.webp\"\/><\/p>\n<h3>Entrep\u00f4t de produits finis et d'exportation<\/h3>\n<p><img decoding=\"async\" src=\"\/wp-content\/uploads\/factory-12.webp\"\/><\/p>\n<p><img decoding=\"async\" src=\"\/wp-content\/uploads\/factory-13.webp\"\/><\/p>\n<p><img decoding=\"async\" src=\"\/wp-content\/uploads\/factory-14.webp\"\/><\/p>\n<h2>FAQ<\/h2>\n<p><p><b>1. \u00e0 quoi sert le tube ovale en aluminium ?<\/b><\/p>\n<p>Les tubes ovales en aluminium sont couramment utilis\u00e9s dans l'ameublement, l'automobile, la marine et les applications architecturales en raison de leur forme unique, de leur r\u00e9sistance et de leur l\u00e9g\u00e8ret\u00e9.<br \/>\n<\/p><br \/>\n<br \/>\n<p><b>2) Quels sont les principaux avantages des tubes ovales en aluminium \u00e0 prix comp\u00e9titif ?<\/b><\/p>\n<p>Les tubes ovales en aluminium offrent un excellent \u00e9quilibre entre solidit\u00e9, r\u00e9sistance \u00e0 la corrosion et rentabilit\u00e9, ce qui les rend id\u00e9aux pour un usage fonctionnel et d\u00e9coratif.<br \/>\n<\/p><br \/>\n<br \/>\n<p><b>3. pourquoi choisir un tube ovale en aluminium plut\u00f4t qu'un tube rond ou carr\u00e9 ?<\/b><\/p>\n<p>Les tubes ovales en aluminium offrent un aspect esth\u00e9tique et rationalis\u00e9 et am\u00e9liorent l'a\u00e9rodynamisme, ce qui les rend adapt\u00e9s au design moderne et aux projets ax\u00e9s sur la performance.<br \/>\n<\/p><br \/>\n<br \/>\n<p><b>4. les tubes ovales en aluminium sont-ils disponibles \u00e0 un prix comp\u00e9titif ?<\/b><\/p>\n<p>Oui, de nombreux fournisseurs proposent des tubes ovales en aluminium \u00e0 des prix comp\u00e9titifs tout en maintenant des normes de haute qualit\u00e9 et des options personnalisables.<br \/>\n<\/p><br \/>\n<br \/>\n<p><b>5. les tubes ovales en aluminium peuvent-ils \u00eatre personnalis\u00e9s pour des applications sp\u00e9cifiques ?<\/b><\/p>\n<p>Oui, les tubes ovales en aluminium peuvent \u00eatre adapt\u00e9s en termes de taille, d'\u00e9paisseur de paroi, d'alliage et de finition de surface pour r\u00e9pondre \u00e0 des exigences sp\u00e9cifiques en mati\u00e8re d'ing\u00e9nierie ou de conception.<br \/>\n<\/p><br \/>\n<br \/>\n<p><b>6) Quelles sont les finitions de surface disponibles pour les tubes ovales en aluminium ?<\/b><\/p>\n<p>Les finitions les plus courantes sont l'anodisation, le rev\u00eatement en poudre et la finition en usine, qui am\u00e9liorent la r\u00e9sistance \u00e0 la corrosion, la durabilit\u00e9 et l'attrait visuel.<br \/>\n<\/p><br \/>\n<br \/>\n<p><b>7. le tube ovale en aluminium est-il adapt\u00e9 aux environnements ext\u00e9rieurs ou marins ?<\/b><\/p>\n<p>Oui, les tubes ovales en aluminium sont tr\u00e8s r\u00e9sistants \u00e0 la rouille et aux intemp\u00e9ries, ce qui les rend id\u00e9aux pour une utilisation en ext\u00e9rieur et en mer avec des performances durables.<br \/>\n<\/p><br \/><\/p>","protected":false},"featured_media":6307,"template":"","categories":[60],"class_list":["post-6308","product","type-product","status-publish","has-post-thumbnail","hentry","category-general-tubes-and-bars"],"meta_box":{"hilight_text_group":{"product_hilight_text":"<li>Unique oval shape ideal for decorative and structural applications<\/li>\r\r\n<li>Lightweight with good strength and corrosion resistance<\/li>\r\r\n<li>Offered at competitive prices for cost-effective solutions<\/li>\r\r\n<li>Available in various sizes, finishes, and wall thicknesses<\/li>\r\r\n<li>Supports OEM customization and bulk supply<\/li>","product_chanpin_chanpin":"<li><a href=\"https:\/\/sinoextrud.com\/product\/aluminum-irrigation-pipe-for-sale\/\" target=\"_blank\">Aluminum Irrigation Pipe For Sale<\/a><\/li>\r\n<li><a href=\"https:\/\/sinoextrud.com\/product\/professional-aluminium-tubing\/\" target=\"_blank\">Professional Aluminium Tubing<\/a><\/li>\r\n<li><a href=\"https:\/\/sinoextrud.com\/product\/extruded-aluminum-pipe\/\" target=\"_blank\">Extruded Aluminum Pipe<\/a><\/li>\r\n<li><a href=\"https:\/\/sinoextrud.com\/product\/large-diameter-aluminum-pipe-for-sale\/\" target=\"_blank\">Large Diameter Aluminum Pipe For Sale<\/a><\/li>\r\n<li><a href=\"https:\/\/sinoextrud.com\/product\/aluminum-oval-tubing-with-competitive-price\/\" target=\"_blank\">Aluminum Oval Tubing With Competitive Price<\/a><\/li>\r\n<li><a href=\"https:\/\/sinoextrud.com\/product\/anodized-aluminum-alloy-pipe-supplier\/\" target=\"_blank\">Anodized Aluminum Alloy Pipe Supplier<\/a><\/li>\r\n<li><a href=\"https:\/\/sinoextrud.com\/product\/aluminium-extrusion-channel-profiles\/\" target=\"_blank\">Aluminium Extrusion Channel Profiles<\/a><\/li>\r\n<li><a href=\"https:\/\/sinoextrud.com\/product\/round-aluminum-extrusion-profiles\/\" target=\"_blank\">Round Aluminum Extrusion Profiles<\/a><\/li>\r\n<li><a href=\"https:\/\/sinoextrud.com\/product\/extruded-aluminum-stock-shapes\/\" target=\"_blank\">Extruded Aluminum Stock Shapes<\/a><\/li>\r\n<li><a href=\"https:\/\/sinoextrud.com\/product\/thick-wall-large-diameter-aluminium-pipe\/\" target=\"_blank\">Thick Wall Large Diameter Aluminium Pipe<\/a><\/li>\r\n<li><a href=\"https:\/\/sinoextrud.com\/product\/aluminum-profile-t-slot-led-frame\/\" target=\"_blank\">Aluminum Profile T Slot Led Frame<\/a><\/li>"},"feature_list":[]},"_links":{"self":[{"href":"https:\/\/sinoextrud.com\/fr\/wp-json\/wp\/v2\/product\/6308","targetHints":{"allow":["GET"]}}],"collection":[{"href":"https:\/\/sinoextrud.com\/fr\/wp-json\/wp\/v2\/product"}],"about":[{"href":"https:\/\/sinoextrud.com\/fr\/wp-json\/wp\/v2\/types\/product"}],"wp:featuredmedia":[{"embeddable":true,"href":"https:\/\/sinoextrud.com\/fr\/wp-json\/wp\/v2\/media\/6307"}],"wp:attachment":[{"href":"https:\/\/sinoextrud.com\/fr\/wp-json\/wp\/v2\/media?parent=6308"}],"wp:term":[{"taxonomy":"category","embeddable":true,"href":"https:\/\/sinoextrud.com\/fr\/wp-json\/wp\/v2\/categories?post=6308"}],"curies":[{"name":"wp","href":"https:\/\/api.w.org\/{rel}","templated":true}]}}