{"id":6304,"date":"2025-05-26T09:26:14","date_gmt":"2025-05-26T09:26:14","guid":{"rendered":"https:\/\/sinoextrud.com\/product\/extruded-aluminum-pipe\/"},"modified":"2025-06-24T06:10:40","modified_gmt":"2025-06-24T06:10:40","slug":"tuyau-en-aluminium-extrude","status":"publish","type":"product","link":"https:\/\/sinoextrud.com\/fr\/product\/extruded-aluminum-pipe\/","title":{"rendered":"Tube en aluminium extrud\u00e9"},"content":{"rendered":"<h2>D\u00e9tails des produits<\/h2>\n<table class=\"custom-table\">\n<tr>\n<td class=\"label\">Traitement de surface :<\/td>\n<td>Anodis\u00e9, grain de bois, poli, bross\u00e9, etc.<\/td>\n<\/tr>\n<tr>\n<td class=\"label\">Alliage :<\/td>\n<td>Alliage<\/td>\n<\/tr>\n<tr>\n<td class=\"label\">Garantie :<\/td>\n<td>La couleur de la surface peut \u00eatre conserv\u00e9e pendant 10 \u00e0 20 ans.<\/td>\n<\/tr>\n<tr>\n<td class=\"label\">Mat\u00e9riau :<\/td>\n<td>6063-T5, 6061-T6, 6463-T5, 7075-T6, 6082<\/td>\n<\/tr>\n<tr>\n<td class=\"label\">Marque d\u00e9pos\u00e9e :<\/td>\n<td>OEM<\/td>\n<\/tr>\n<tr>\n<td class=\"label\">Sp\u00e9cification :<\/td>\n<td>1m-9m ou taille personnalis\u00e9e<\/td>\n<\/tr>\n<tr>\n<td class=\"label\">Code HS :<\/td>\n<td>76042100<\/td>\n<\/tr>\n<tr>\n<td class=\"label\">Forme :<\/td>\n<td>Carr\u00e9, rond, personnalis\u00e9<\/td>\n<\/tr>\n<tr>\n<td class=\"label\">MOQ :<\/td>\n<td>200KG pour chaque article. Tuyaux en stock disponibles.<\/td>\n<\/tr>\n<\/table>\n<h2>Notre base de production<\/h2>\n<h3>Panorama de l'usine<\/h3>\n<p><img decoding=\"async\" src=\"\/wp-content\/uploads\/factory-01.webp\"\/><\/p>\n<h3>Atelier de fabrication de barres d'aluminium<\/h3>\n<p><img decoding=\"async\" src=\"\/wp-content\/uploads\/factory-02.webp\"\/><\/p>\n<p><img decoding=\"async\" src=\"\/wp-content\/uploads\/factory-03.webp\"\/><\/p>\n<h3>Entrep\u00f4t de stockage des moules<\/h3>\n<p><img decoding=\"async\" src=\"\/wp-content\/uploads\/factory-04.webp\"\/><\/p>\n<h3>43 lignes d'extrusion d'aluminium (500 \u00e0 5500 tonnes)<\/h3>\n<p><img decoding=\"async\" src=\"\/wp-content\/uploads\/factory-05.webp\"\/><\/p>\n<p><img decoding=\"async\" src=\"\/wp-content\/uploads\/factory-06.webp\"\/><\/p>\n<p><img decoding=\"async\" src=\"\/wp-content\/uploads\/factory-07.webp\"\/><\/p>\n<h3>Atelier de peinture en poudre<\/h3>\n<p><img decoding=\"async\" src=\"\/wp-content\/uploads\/factory-09.webp\"\/><\/p>\n<h3>Atelier d'anodisation<\/h3>\n<p><img decoding=\"async\" src=\"\/wp-content\/uploads\/factory-10.webp\"\/><\/p>\n<h3>Atelier sur le traitement en profondeur<\/h3>\n<p><img decoding=\"async\" src=\"\/wp-content\/uploads\/factory-11.webp\"\/><\/p>\n<h3>Atelier d'usinage de pr\u00e9cision CNC<\/h3>\n<p><img decoding=\"async\" src=\"\/wp-content\/uploads\/factory-11.5.webp\"\/><\/p>\n<h3>Entrep\u00f4t de produits finis et d'exportation<\/h3>\n<p><img decoding=\"async\" src=\"\/wp-content\/uploads\/factory-12.webp\"\/><\/p>\n<p><img decoding=\"async\" src=\"\/wp-content\/uploads\/factory-13.webp\"\/><\/p>\n<p><img decoding=\"async\" src=\"\/wp-content\/uploads\/factory-14.webp\"\/><\/p>\n<h2>FAQ<\/h2>\n<p><p><b>1. \u00e0 quoi sert un tube en aluminium extrud\u00e9 ?<\/b><\/p>\n<p>Les tuyaux en aluminium extrud\u00e9 sont couramment utilis\u00e9s dans les secteurs de la construction, de l'automobile, de l'a\u00e9rospatiale et de la marine en raison de leur solidit\u00e9, de leur l\u00e9g\u00e8ret\u00e9 et de leur r\u00e9sistance \u00e0 la corrosion.<br \/>\n<\/p><br \/>\n<br \/>\n<p><b>2) Quels sont les principaux avantages des tubes en aluminium extrud\u00e9 ?<\/b><\/p>\n<p>Les tubes en aluminium extrud\u00e9 offrent un rapport poids\/r\u00e9sistance \u00e9lev\u00e9, une excellente r\u00e9sistance \u00e0 la corrosion et des dimensions pr\u00e9cises pour des performances fiables.<br \/>\n<\/p><br \/>\n<br \/>\n<p><b>3. pourquoi choisir un tube en aluminium extrud\u00e9 plut\u00f4t qu'un tube soud\u00e9 ou moul\u00e9 ?<\/b><\/p>\n<p>Les tubes en aluminium extrud\u00e9 pr\u00e9sentent une section transversale uniforme, une finition de surface plus lisse et des propri\u00e9t\u00e9s m\u00e9caniques sup\u00e9rieures \u00e0 celles des tubes soud\u00e9s ou moul\u00e9s.<br \/>\n<\/p><br \/>\n<br \/>\n<p><b>4. Les tuyaux en aluminium extrud\u00e9 peuvent-ils \u00eatre personnalis\u00e9s pour des applications sp\u00e9cifiques ?<\/b><\/p>\n<p>Oui, les tuyaux en aluminium extrud\u00e9 peuvent \u00eatre adapt\u00e9s en termes de diam\u00e8tre, d'\u00e9paisseur de paroi et de longueur pour r\u00e9pondre aux besoins exacts de votre projet ou de votre secteur d'activit\u00e9.<br \/>\n<\/p><br \/>\n<br \/>\n<p><b>5. Quels sont les traitements de surface disponibles pour les tubes en aluminium extrud\u00e9 ?<\/b><\/p>\n<p>Les finitions disponibles comprennent l'anodisation, le rev\u00eatement en poudre et la finition en usine, qui am\u00e9liorent la r\u00e9sistance \u00e0 la corrosion, la durabilit\u00e9 et l'apparence.<br \/>\n<\/p><br \/>\n<br \/>\n<p><b>6. Les tuyaux en aluminium extrud\u00e9 conviennent-ils \u00e0 une utilisation en ext\u00e9rieur ?<\/b><\/p>\n<p>Oui, avec un traitement de surface appropri\u00e9, les tubes en aluminium extrud\u00e9 sont exceptionnellement performants dans les environnements ext\u00e9rieurs et difficiles.<br \/>\n<\/p><br \/>\n<br \/>\n<p><b>7. Comment l'extrusion am\u00e9liore-t-elle la qualit\u00e9 des tubes en aluminium ?<\/b><\/p>\n<p>Le processus d'extrusion garantit des dimensions constantes, une meilleure r\u00e9sistance et une surface sans soudure, ce qui rend les tuyaux en aluminium extrud\u00e9 id\u00e9aux pour les applications de haute performance.<br \/>\n<\/p><br \/><\/p>","protected":false},"featured_media":6303,"template":"","categories":[60],"class_list":["post-6304","product","type-product","status-publish","has-post-thumbnail","hentry","category-general-tubes-and-bars"],"meta_box":{"hilight_text_group":{"product_hilight_text":"<li>High-precision extrusion ensures consistent dimensions and smooth surface<\/li>\r\r\n<li>Lightweight yet durable, ideal for structural and fluid transport applications<\/li>\r\r\n<li>Excellent corrosion resistance for indoor and outdoor use<\/li>\r\r\n<li>Available in various sizes, wall thicknesses, and alloys<\/li>\r\r\n<li>Supports custom fabrication and bulk supply for industrial projects<\/li>","product_chanpin_chanpin":"<li><a href=\"https:\/\/sinoextrud.com\/product\/aluminium-hollow-tube\/\" target=\"_blank\">Aluminium Hollow Tube<\/a><\/li>\r\n<li><a href=\"https:\/\/sinoextrud.com\/product\/customized-6063-extruded-aluminum-flat-bar\/\" target=\"_blank\">Customized 6063 Extruded Aluminum Flat Bar<\/a><\/li>\r\n<li><a href=\"https:\/\/sinoextrud.com\/product\/aluminum-irrigation-pipe-for-sale\/\" target=\"_blank\">Aluminum Irrigation Pipe For Sale<\/a><\/li>\r\n<li><a href=\"https:\/\/sinoextrud.com\/product\/professional-aluminium-tubing\/\" target=\"_blank\">Professional Aluminium Tubing<\/a><\/li>\r\n<li><a href=\"https:\/\/sinoextrud.com\/product\/extruded-aluminum-pipe\/\" target=\"_blank\">Extruded Aluminum Pipe<\/a><\/li>\r\n<li><a href=\"https:\/\/sinoextrud.com\/product\/large-diameter-aluminum-pipe-for-sale\/\" target=\"_blank\">Large Diameter Aluminum Pipe For Sale<\/a><\/li>\r\n<li><a href=\"https:\/\/sinoextrud.com\/product\/aluminum-oval-tubing-with-competitive-price\/\" target=\"_blank\">Aluminum Oval Tubing With Competitive Price<\/a><\/li>\r\n<li><a href=\"https:\/\/sinoextrud.com\/product\/anodized-aluminum-alloy-pipe-supplier\/\" target=\"_blank\">Anodized Aluminum Alloy Pipe Supplier<\/a><\/li>\r\n<li><a href=\"https:\/\/sinoextrud.com\/product\/aluminium-extrusion-channel-profiles\/\" target=\"_blank\">Aluminium Extrusion Channel Profiles<\/a><\/li>\r\n<li><a href=\"https:\/\/sinoextrud.com\/product\/types-of-aluminum-profiles\/\" target=\"_blank\">Types Of Aluminum Profiles<\/a><\/li>\r\n<li><a href=\"https:\/\/sinoextrud.com\/product\/aluminum-profile-doors\/\" target=\"_blank\">Aluminum Profile Doors<\/a><\/li>"},"feature_list":[]},"_links":{"self":[{"href":"https:\/\/sinoextrud.com\/fr\/wp-json\/wp\/v2\/product\/6304","targetHints":{"allow":["GET"]}}],"collection":[{"href":"https:\/\/sinoextrud.com\/fr\/wp-json\/wp\/v2\/product"}],"about":[{"href":"https:\/\/sinoextrud.com\/fr\/wp-json\/wp\/v2\/types\/product"}],"wp:featuredmedia":[{"embeddable":true,"href":"https:\/\/sinoextrud.com\/fr\/wp-json\/wp\/v2\/media\/6303"}],"wp:attachment":[{"href":"https:\/\/sinoextrud.com\/fr\/wp-json\/wp\/v2\/media?parent=6304"}],"wp:term":[{"taxonomy":"category","embeddable":true,"href":"https:\/\/sinoextrud.com\/fr\/wp-json\/wp\/v2\/categories?post=6304"}],"curies":[{"name":"wp","href":"https:\/\/api.w.org\/{rel}","templated":true}]}}