{"id":6296,"date":"2025-05-26T09:11:12","date_gmt":"2025-05-26T09:11:12","guid":{"rendered":"https:\/\/sinoextrud.com\/product\/aluminium-hollow-tube\/"},"modified":"2025-06-24T06:10:37","modified_gmt":"2025-06-24T06:10:37","slug":"tube-creux-en-aluminium","status":"publish","type":"product","link":"https:\/\/sinoextrud.com\/fr\/product\/aluminium-hollow-tube\/","title":{"rendered":"Tube creux en aluminium"},"content":{"rendered":"<h2>D\u00e9tails des produits<\/h2>\n<table class=\"custom-table\">\n<tr>\n<td class=\"label\">Article :<\/td>\n<td>Tube creux en aluminium, tube rond\/tube creux en aluminium, tube carr\u00e9\/tube creux en aluminium, tube rectangulaire\/tube creux en aluminium, tube triangulaire\/tube creux en aluminium<\/td>\n<\/tr>\n<tr>\n<td class=\"label\">Mat\u00e9riau :<\/td>\n<td>100% profil\u00e9 en aluminium<\/td>\n<\/tr>\n<tr>\n<td class=\"label\">alliage :<\/td>\n<td>6063-T5,6061-T6,6463-T5,6082etc<\/td>\n<\/tr>\n<tr>\n<td class=\"label\">Taille :<\/td>\n<td>1m-9m ou taille personnalis\u00e9e<\/td>\n<\/tr>\n<tr>\n<td class=\"label\">Application :<\/td>\n<td>Meubles, fen\u00eatres et portes, d\u00e9corations, industrie, construction, etc.<\/td>\n<\/tr>\n<tr>\n<td class=\"label\">Couleurs :<\/td>\n<td>Anodis\u00e9, grain de bois, rev\u00eatement par poudre, anodis\u00e9 poli et bross\u00e9, \u00e9lectrophor\u00e8se, rev\u00eatement par poudre au flurocarbone, etc.<\/td>\n<\/tr>\n<tr>\n<td class=\"label\">MOQ :<\/td>\n<td>200KG pour chaque profil<\/td>\n<\/tr>\n<tr>\n<td class=\"label\">Service OEM :<\/td>\n<td>sur la base de dessins ou d'\u00e9chantillons con\u00e7us par le client<\/td>\n<\/tr>\n<tr>\n<td class=\"label\">Certification disponible :<\/td>\n<td>ISO:9001, SONCAP, certificat BV ou certificat du client disponible<\/td>\n<\/tr>\n<tr>\n<td class=\"label\">D\u00e9tails de l'emballage :<\/td>\n<td>(1) A l'int\u00e9rieur : emball\u00e9 avec un film plastique de protection pour prot\u00e9ger chaque profil.<br \/>(2) Ext\u00e9rieur : emball\u00e9 avec du papier artisanal imperm\u00e9able.<\/td>\n<\/tr>\n<tr>\n<td class=\"label\">D\u00e9lai de livraison :<\/td>\n<td>(1) D\u00e9veloppement de l'outil et test de l'\u00e9chantillon : 12-18 jours<br \/>(1) Dur\u00e9e de production : 20-25 jours apr\u00e8s confirmation de l'\u00e9chantillon par l'acheteur.<\/td>\n<\/tr>\n<tr>\n<td class=\"label\">Conditions de paiement :<\/td>\n<td>T\/T, 30% acompte et solde avant la livraison<\/td>\n<\/tr>\n<tr>\n<td class=\"label\">D\u00e9lai de r\u00e8glement :<\/td>\n<td>Le paiement final est bas\u00e9 sur le poids physique r\u00e9el final.<\/td>\n<\/tr>\n<tr>\n<td class=\"label\">Garantie de production<\/td>\n<td>La couleur de la surface peut \u00eatre maintenue pendant 10 \u00e0 20 ans pour une utilisation \u00e0 l'int\u00e9rieur.<\/td>\n<\/tr>\n<tr>\n<td class=\"label\">Port :<\/td>\n<td>Pour Shenzhen, Guangzhou, Foshan<\/td>\n<\/tr>\n<\/table>\n<h2>Notre base de production<\/h2>\n<h3>Panorama de l'usine<\/h3>\n<p><img decoding=\"async\" src=\"\/wp-content\/uploads\/factory-01.webp\"\/><\/p>\n<h3>Atelier de fabrication de barres d'aluminium<\/h3>\n<p><img decoding=\"async\" src=\"\/wp-content\/uploads\/factory-02.webp\"\/><\/p>\n<\/p>\n<p><img decoding=\"async\" src=\"\/wp-content\/uploads\/factory-03.webp\"\/><\/p>\n<h3>Entrep\u00f4t de stockage des moules<\/h3>\n<p><img decoding=\"async\" src=\"\/wp-content\/uploads\/factory-04.webp\"\/><\/p>\n<h3>43 lignes d'extrusion d'aluminium (500 \u00e0 5500 tonnes)<\/h3>\n<p><img decoding=\"async\" src=\"\/wp-content\/uploads\/factory-05.webp\"\/><\/p>\n<p><img decoding=\"async\" src=\"\/wp-content\/uploads\/factory-06.webp\"\/><\/p>\n<p><img decoding=\"async\" src=\"\/wp-content\/uploads\/factory-07.webp\"\/><\/p>\n<h3>Atelier de peinture en poudre<\/h3>\n<p><img decoding=\"async\" src=\"\/wp-content\/uploads\/factory-09.webp\"\/><\/p>\n<h3>Atelier d'anodisation<\/h3>\n<p><img decoding=\"async\" src=\"\/wp-content\/uploads\/factory-10.webp\"\/><\/p>\n<h3>Atelier sur le traitement en profondeur<\/h3>\n<p><img decoding=\"async\" src=\"\/wp-content\/uploads\/factory-11.webp\"\/><\/p>\n<h3>Atelier d'usinage de pr\u00e9cision CNC<\/h3>\n<p><img decoding=\"async\" src=\"\/wp-content\/uploads\/factory-11.5.webp\"\/><\/p>\n<h3>Entrep\u00f4t de produits finis et d'exportation<\/h3>\n<p><img decoding=\"async\" src=\"\/wp-content\/uploads\/factory-12.webp\"\/><\/p>\n<p><img decoding=\"async\" src=\"\/wp-content\/uploads\/factory-13.webp\"\/><\/p>\n<p><img decoding=\"async\" src=\"\/wp-content\/uploads\/factory-14.webp\"\/><\/p>\n<h2>FAQ<\/h2>\n<p><b>1. \u00e0 quoi sert un tube creux en aluminium ?<\/b><\/p>\n<p>Les tubes creux en aluminium sont largement utilis\u00e9s dans les secteurs de la construction, de l'automobile, de l'ameublement et de l'a\u00e9rospatiale en raison de leur l\u00e9g\u00e8ret\u00e9 et de leur efficacit\u00e9 structurelle.\n<\/p>\n<p><\/p>\n<p><b>2) Quels sont les principaux avantages des tubes creux en aluminium ?<\/b><\/p>\n<p>Les tubes creux en aluminium offrent un rapport r\u00e9sistance\/poids \u00e9lev\u00e9, une r\u00e9sistance \u00e0 la corrosion et une grande facilit\u00e9 d'usinage, ce qui les rend id\u00e9aux pour les applications fonctionnelles et d\u00e9coratives.\n<\/p>\n<p><\/p>\n<p><b>3. pourquoi choisir les tubes creux en aluminium plut\u00f4t que les barres pleines ?<\/b><\/p>\n<p>Les tubes creux en aluminium offrent une r\u00e9sistance similaire avec moins de mat\u00e9riau, ce qui permet de r\u00e9duire le poids et le co\u00fbt tout en conservant l'int\u00e9grit\u00e9 structurelle.\n<\/p>\n<p><\/p>\n<p><b>4. les tubes creux en aluminium peuvent-ils \u00eatre personnalis\u00e9s ?<\/b><\/p>\n<p>Oui, les tubes creux en aluminium peuvent \u00eatre adapt\u00e9s en termes de diam\u00e8tre, d'\u00e9paisseur de paroi, de longueur et de finition de surface pour r\u00e9pondre \u00e0 des besoins sp\u00e9cifiques en mati\u00e8re de conception et d'ing\u00e9nierie.\n<\/p>\n<p><\/p>\n<p><b>5) Quelles sont les finitions de surface disponibles pour les tubes creux en aluminium ?<\/b><\/p>\n<p>Les finitions les plus courantes sont l'anodisation, le rev\u00eatement en poudre et la finition en usine, qui renforcent la r\u00e9sistance \u00e0 la corrosion et l'attrait visuel.\n<\/p>\n<p><\/p>\n<p><b>6. les tubes creux en aluminium peuvent-ils \u00eatre utilis\u00e9s \u00e0 l'ext\u00e9rieur ?<\/b><\/p>\n<p>Oui, les tubes creux en aluminium sont tr\u00e8s r\u00e9sistants aux intemp\u00e9ries et \u00e0 la rouille, ce qui en fait un excellent choix pour les environnements ext\u00e9rieurs et marins.\n<\/p>\n<p><\/p>\n<p><b>7. Comment les tubes creux en aluminium contribuent-ils \u00e0 la construction \u00e9cologique ?<\/b><\/p>\n<p>L'aluminium est 100% recyclable et sa production est \u00e9conome en \u00e9nergie, ce qui fait des tubes creux en aluminium une option durable pour les projets de construction \u00e9cologiques.\n<\/p>\n<p><\/p>","protected":false},"featured_media":6295,"template":"","categories":[60],"class_list":["post-6296","product","type-product","status-publish","has-post-thumbnail","hentry","category-general-tubes-and-bars"],"meta_box":{"hilight_text_group":{"product_hilight_text":"<li>Lightweight hollow design reduces material cost and overall weight<\/li>\r\r\n<li>High strength-to-weight ratio suitable for structural applications<\/li>\r\r\n<li>Excellent corrosion resistance for indoor and outdoor use<\/li>\r\r\n<li>Available in various diameters, wall thicknesses, and lengths<\/li>\r\r\n<li>Supports custom fabrication, surface treatment, and bulk orders<\/li>","product_chanpin_chanpin":"<li><a href=\"https:\/\/sinoextrud.com\/product\/aluminium-curtain-guide-rail\/\" target=\"_blank\">Aluminium Curtain Guide Rail<\/a><\/li>\r\n<li><a href=\"https:\/\/sinoextrud.com\/product\/round-aluminium-profile\/\" target=\"_blank\">Round Aluminium Profile<\/a><\/li>\r\n<li><a href=\"https:\/\/sinoextrud.com\/product\/aluminium-tube\/\" target=\"_blank\">Aluminium Tube<\/a><\/li>\r\n<li><a href=\"https:\/\/sinoextrud.com\/product\/extruded-aluminium-profile-for-triangle-and-rectangle-pipe-with-6063-alloy-anodized-mill-finish-surface\/\" target=\"_blank\">Extruded Aluminium Profile For Triangle And Rectangle Pipe With 6063 Alloy Anodized Mill Finish Surface<\/a><\/li>\r\n<li><a href=\"https:\/\/sinoextrud.com\/product\/aluminium-hollow-tube\/\" target=\"_blank\">Aluminium Hollow Tube<\/a><\/li>\r\n<li><a href=\"https:\/\/sinoextrud.com\/product\/customized-6063-extruded-aluminum-flat-bar\/\" target=\"_blank\">Customized 6063 Extruded Aluminum Flat Bar<\/a><\/li>\r\n<li><a href=\"https:\/\/sinoextrud.com\/product\/aluminum-irrigation-pipe-for-sale\/\" target=\"_blank\">Aluminum Irrigation Pipe For Sale<\/a><\/li>\r\n<li><a href=\"https:\/\/sinoextrud.com\/product\/professional-aluminium-tubing\/\" target=\"_blank\">Professional Aluminium Tubing<\/a><\/li>\r\n<li><a href=\"https:\/\/sinoextrud.com\/product\/extruded-aluminum-pipe\/\" target=\"_blank\">Extruded Aluminum Pipe<\/a><\/li>\r\n<li><a href=\"https:\/\/sinoextrud.com\/product\/pvdf-aluminum-extrusion-curtain-wall-profile\/\" target=\"_blank\">PVDF Aluminum Extrusion Curtain Wall Profile<\/a><\/li>\r\n<li><a href=\"https:\/\/sinoextrud.com\/product\/t-section-aluminium-extrusion\/\" target=\"_blank\">T Section Aluminium Extrusion<\/a><\/li>"},"feature_list":[]},"_links":{"self":[{"href":"https:\/\/sinoextrud.com\/fr\/wp-json\/wp\/v2\/product\/6296","targetHints":{"allow":["GET"]}}],"collection":[{"href":"https:\/\/sinoextrud.com\/fr\/wp-json\/wp\/v2\/product"}],"about":[{"href":"https:\/\/sinoextrud.com\/fr\/wp-json\/wp\/v2\/types\/product"}],"wp:featuredmedia":[{"embeddable":true,"href":"https:\/\/sinoextrud.com\/fr\/wp-json\/wp\/v2\/media\/6295"}],"wp:attachment":[{"href":"https:\/\/sinoextrud.com\/fr\/wp-json\/wp\/v2\/media?parent=6296"}],"wp:term":[{"taxonomy":"category","embeddable":true,"href":"https:\/\/sinoextrud.com\/fr\/wp-json\/wp\/v2\/categories?post=6296"}],"curies":[{"name":"wp","href":"https:\/\/api.w.org\/{rel}","templated":true}]}}