{"id":6294,"date":"2025-05-26T09:07:59","date_gmt":"2025-05-26T09:07:59","guid":{"rendered":"https:\/\/sinoextrud.com\/product\/extruded-aluminium-profile-for-triangle-and-rectangle-pipe-with-6063-alloy-anodized-mill-finish-surface\/"},"modified":"2025-06-24T06:10:37","modified_gmt":"2025-06-24T06:10:37","slug":"profile-en-aluminium-extrude-pour-tubes-triangulaires-et-rectangulaires-avec-surface-anodisee-en-alliage-6063","status":"publish","type":"product","link":"https:\/\/sinoextrud.com\/fr\/product\/extruded-aluminium-profile-for-triangle-and-rectangle-pipe-with-6063-alloy-anodized-mill-finish-surface\/","title":{"rendered":"Profil\u00e9s extrud\u00e9s en aluminium pour tubes triangulaires et rectangulaires en alliage 6063 anodis\u00e9 avec finition en usine"},"content":{"rendered":"<h2>D\u00e9tails des produits<\/h2>\n<table class=\"custom-table\">\n<tr>\n<td class=\"label\">Mat\u00e9riau<\/td>\n<td>Alliage 6063-T5, 6063-T6, 6061-T5, 6061-T6<\/td>\n<\/tr>\n<tr>\n<td class=\"label\">Application<\/td>\n<td>Profil\u00e9 en aluminium Tube triangulaire et rectangulaire<\/td>\n<\/tr>\n<tr>\n<td class=\"label\">Certificat<\/td>\n<td>ISO9001, ISO14001<\/td>\n<\/tr>\n<tr>\n<td class=\"label\">Capacit\u00e9<\/td>\n<td>Production annuelle sup\u00e9rieure \u00e0 60 000 tonnes<\/td>\n<\/tr>\n<tr>\n<td class=\"label\">Couleur<\/td>\n<td>Personnalis\u00e9 disponible<\/td>\n<\/tr>\n<tr>\n<td class=\"label\">Longueur<\/td>\n<td>1-9 m\u00e8tres ou sur mesure<\/td>\n<\/tr>\n<tr>\n<td class=\"label\">\u00c9paisseur<\/td>\n<td>Sur mesure<\/td>\n<\/tr>\n<tr>\n<td class=\"label\">Finition de la surface<\/td>\n<td>finition en usine, anodisation, rev\u00eatement en poudre, transfert de grain de bois, rev\u00eatement, etc.<\/td>\n<\/tr>\n<tr>\n<td class=\"label\">Application<\/td>\n<td>section de fen\u00eatre et de porte, main courante, mur-rideau<br \/>Chargement, Port de Foshan<\/td>\n<\/tr>\n<tr>\n<td class=\"label\">Paiement<\/td>\n<td>T\/T, 30% acompte et solde avant la livraison<\/td>\n<\/tr>\n<tr>\n<td class=\"label\">Paquet<\/td>\n<td>1. \u00e0 l'int\u00e9rieur : emball\u00e9 avec un film protecteur en plastique pour prot\u00e9ger chaque profil.<br \/>2.Ext\u00e9rieur : emball\u00e9 dans du papier craft imperm\u00e9able<\/td>\n<\/tr>\n<tr>\n<td class=\"label\">Livraison<\/td>\n<td>25-30 jours apr\u00e8s le versement de l'acompte<\/td>\n<\/tr>\n<tr>\n<td class=\"label\">Ordre de passage<\/td>\n<td>1. Confirmer les dessins, le traitement de surface et le prix ;<br \/>2. Payez les frais de moulage et nous commencerons \u00e0 fabriquer les moules ;<br \/>3. Nous vous envoyons des \u00e9chantillons pour confirmation ;<br \/>4. Paiement de la caution 30%, lancement de la production ;<\/td>\n<\/tr>\n<\/table>\n<h2>Notre base de production<\/h2>\n<h3>Panorama de l'usine<\/h3>\n<p><img decoding=\"async\" src=\"\/wp-content\/uploads\/factory-01.webp\"\/><\/p>\n<h3>Atelier de fabrication de barres d'aluminium<\/h3>\n<p><img decoding=\"async\" src=\"\/wp-content\/uploads\/factory-02.webp\"\/><\/p>\n<p><img decoding=\"async\" src=\"\/wp-content\/uploads\/factory-03.webp\"\/><\/p>\n<h3>Entrep\u00f4t de stockage des moules<\/h3>\n<p><img decoding=\"async\" src=\"\/wp-content\/uploads\/factory-04.webp\"\/><\/p>\n<h3>43 lignes d'extrusion d'aluminium (500 \u00e0 5500 tonnes)<\/h3>\n<p><img decoding=\"async\" src=\"\/wp-content\/uploads\/factory-05.webp\"\/><\/p>\n<p><img decoding=\"async\" src=\"\/wp-content\/uploads\/factory-06.webp\"\/><\/p>\n<p><img decoding=\"async\" src=\"\/wp-content\/uploads\/factory-07.webp\"\/><\/p>\n<h3>Atelier de peinture en poudre<\/h3>\n<p><img decoding=\"async\" src=\"\/wp-content\/uploads\/factory-09.webp\"\/><\/p>\n<h3>Atelier d'anodisation<\/h3>\n<p><img decoding=\"async\" src=\"\/wp-content\/uploads\/factory-10.webp\"\/><\/p>\n<h3>Atelier sur le traitement en profondeur<\/h3>\n<p><img decoding=\"async\" src=\"\/wp-content\/uploads\/factory-11.webp\"\/><\/p>\n<h3>Atelier d'usinage de pr\u00e9cision CNC<\/h3>\n<p><img decoding=\"async\" src=\"\/wp-content\/uploads\/factory-11.5.webp\"\/><\/p>\n<h3>Entrep\u00f4t de produits finis et d'exportation<\/h3>\n<p><img decoding=\"async\" src=\"\/wp-content\/uploads\/factory-12.webp\"\/><\/p>\n<p><img decoding=\"async\" src=\"\/wp-content\/uploads\/factory-13.webp\"\/><\/p>\n<p><img decoding=\"async\" src=\"\/wp-content\/uploads\/factory-14.webp\"\/><\/p>\n<h2>FAQ<\/h2>\n<p><p><b>1) A quoi sert un profil\u00e9 en aluminium extrud\u00e9 pour tubes triangulaires et rectangulaires ?<\/b><\/p>\n<p>Les profil\u00e9s extrud\u00e9s en aluminium pour tubes triangulaires et rectangulaires sont couramment utilis\u00e9s dans les applications architecturales, structurelles et industrielles en raison de leur polyvalence g\u00e9om\u00e9trique et de leur r\u00e9sistance.<br \/>\n<\/p><br \/>\n<br \/>\n<p><b>2) Quels sont les avantages de l'utilisation de l'alliage 6063 dans les profil\u00e9s d'aluminium extrud\u00e9s ?<\/b><\/p>\n<p>L'alliage d'aluminium 6063 offre une excellente r\u00e9sistance \u00e0 la corrosion, une bonne soudabilit\u00e9 et une finition de surface lisse, ce qui le rend id\u00e9al pour l'anodisation et l'utilisation architecturale.<br \/>\n<\/p><br \/>\n<br \/>\n<p><b>3. pourquoi choisir les profil\u00e9s triangulaires et rectangulaires en aluminium ?<\/b><\/p>\n<p>Les profil\u00e9s triangulaires et rectangulaires en aluminium offrent des options de conception uniques, des performances structurelles optimis\u00e9es et des solutions peu encombrantes pour diverses applications.<br \/>\n<\/p><br \/>\n<br \/>\n<p><b>4. Quelles sont les finitions de surface disponibles pour ces profil\u00e9s en aluminium ?<\/b><\/p>\n<p>Ces profil\u00e9s sont disponibles en finition anodis\u00e9e ou frais\u00e9e, offrant ainsi une meilleure protection contre la corrosion, une plus grande durabilit\u00e9 et un plus grand attrait esth\u00e9tique.<br \/>\n<\/p><br \/>\n<br \/>\n<p><b>5. Quels sont les avantages de l'anodisation pour les profil\u00e9s en aluminium 6063 ?<\/b><\/p>\n<p>L'anodisation am\u00e9liore la duret\u00e9 de la surface, la r\u00e9sistance \u00e0 la corrosion et la stabilit\u00e9 des couleurs, ce qui rend les profil\u00e9s en aluminium 6063 plus durables et plus attrayants.<br \/>\n<\/p><br \/>\n<br \/>\n<p><b>6. Les tubes extrud\u00e9s en aluminium de forme triangulaire et rectangulaire sont-ils personnalisables ?<\/b><\/p>\n<p>Oui, ils peuvent \u00eatre con\u00e7us sur mesure en termes de taille, d'\u00e9paisseur de paroi et de traitement de surface pour r\u00e9pondre \u00e0 des exigences sp\u00e9cifiques en termes de projet et de fonctionnalit\u00e9.<br \/>\n<\/p><br \/>\n<br \/>\n<p><b>7) Quelles sont les industries qui utilisent le plus souvent des profil\u00e9s en aluminium extrud\u00e9 en alliage 6063 ?<\/b><\/p>\n<p>Les industries telles que la construction, le transport, l'ameublement et l'\u00e9nergie solaire utilisent les profil\u00e9s en aluminium extrud\u00e9 6063 pour leur r\u00e9sistance, leur formabilit\u00e9 et leur qualit\u00e9 visuelle.<br \/>\n<\/p><br \/><\/p>","protected":false},"featured_media":6293,"template":"","categories":[60],"class_list":["post-6294","product","type-product","status-publish","has-post-thumbnail","hentry","category-general-tubes-and-bars"],"meta_box":{"hilight_text_group":{"product_hilight_text":"<li>Made from 6063 alloy for excellent strength and corrosion resistance<\/li>\r\r\n<li>Available in triangle and rectangle shapes for versatile structural use<\/li>\r\r\n<li>Extruded with high precision for consistent dimensions and quality<\/li>\r\r\n<li>Surface options include anodized and mill finish for different needs<\/li>\r\r\n<li>Ideal for architectural, construction, and framing applications<\/li>","product_chanpin_chanpin":"<li><a href=\"https:\/\/sinoextrud.com\/product\/oem-aluminum-channel-tube-and-pipe-extrusions-profile-for-constuction\/\" target=\"_blank\">OEM Aluminum Channel Tube And Pipe Extrusions Profile For Constuction<\/a><\/li>\r\n<li><a href=\"https:\/\/sinoextrud.com\/product\/aluminium-curtain-guide-rail\/\" target=\"_blank\">Aluminium Curtain Guide Rail<\/a><\/li>\r\n<li><a href=\"https:\/\/sinoextrud.com\/product\/round-aluminium-profile\/\" target=\"_blank\">Round Aluminium Profile<\/a><\/li>\r\n<li><a href=\"https:\/\/sinoextrud.com\/product\/aluminium-tube\/\" target=\"_blank\">Aluminium Tube<\/a><\/li>\r\n<li><a href=\"https:\/\/sinoextrud.com\/product\/extruded-aluminium-profile-for-triangle-and-rectangle-pipe-with-6063-alloy-anodized-mill-finish-surface\/\" target=\"_blank\">Extruded Aluminium Profile For Triangle And Rectangle Pipe With 6063 Alloy Anodized Mill Finish Surface<\/a><\/li>\r\n<li><a href=\"https:\/\/sinoextrud.com\/product\/aluminium-hollow-tube\/\" target=\"_blank\">Aluminium Hollow Tube<\/a><\/li>\r\n<li><a href=\"https:\/\/sinoextrud.com\/product\/customized-6063-extruded-aluminum-flat-bar\/\" target=\"_blank\">Customized 6063 Extruded Aluminum Flat Bar<\/a><\/li>\r\n<li><a href=\"https:\/\/sinoextrud.com\/product\/aluminum-irrigation-pipe-for-sale\/\" target=\"_blank\">Aluminum Irrigation Pipe For Sale<\/a><\/li>\r\n<li><a href=\"https:\/\/sinoextrud.com\/product\/professional-aluminium-tubing\/\" target=\"_blank\">Professional Aluminium Tubing<\/a><\/li>\r\n<li><a href=\"https:\/\/sinoextrud.com\/product\/anodized-extruded-aluminum-j-channel\/\" target=\"_blank\">Anodized Extruded Aluminum J Channel<\/a><\/li>\r\n<li><a href=\"https:\/\/sinoextrud.com\/product\/linear-rail-aluminium-extrusion\/\" target=\"_blank\">Linear Rail Aluminium Extrusion<\/a><\/li>"},"feature_list":[]},"_links":{"self":[{"href":"https:\/\/sinoextrud.com\/fr\/wp-json\/wp\/v2\/product\/6294","targetHints":{"allow":["GET"]}}],"collection":[{"href":"https:\/\/sinoextrud.com\/fr\/wp-json\/wp\/v2\/product"}],"about":[{"href":"https:\/\/sinoextrud.com\/fr\/wp-json\/wp\/v2\/types\/product"}],"wp:featuredmedia":[{"embeddable":true,"href":"https:\/\/sinoextrud.com\/fr\/wp-json\/wp\/v2\/media\/6293"}],"wp:attachment":[{"href":"https:\/\/sinoextrud.com\/fr\/wp-json\/wp\/v2\/media?parent=6294"}],"wp:term":[{"taxonomy":"category","embeddable":true,"href":"https:\/\/sinoextrud.com\/fr\/wp-json\/wp\/v2\/categories?post=6294"}],"curies":[{"name":"wp","href":"https:\/\/api.w.org\/{rel}","templated":true}]}}