{"id":6274,"date":"2025-05-26T07:28:37","date_gmt":"2025-05-26T07:28:37","guid":{"rendered":"https:\/\/sinoextrud.com\/product\/aluminium-gate-fence\/"},"modified":"2025-06-24T03:59:43","modified_gmt":"2025-06-24T03:59:43","slug":"cloture-de-portail-en-aluminium","status":"publish","type":"product","link":"https:\/\/sinoextrud.com\/fr\/product\/aluminium-gate-fence\/","title":{"rendered":"Cl\u00f4ture de portail en aluminium"},"content":{"rendered":"<h2>D\u00e9tails des produits<\/h2>\n<table class=\"custom-table\">\n<tr>\n<td class=\"label\">Nom du produit<\/td>\n<td>Portail en aluminium Cl\u00f4ture<\/td>\n<\/tr>\n<tr>\n<td class=\"label\">Alliage d'aluminium<\/td>\n<td>S\u00e9rie 1000, s\u00e9rie 200, s\u00e9rie 3000, s\u00e9rie 5000, s\u00e9rie 6000, s\u00e9rie 7000<\/td>\n<\/tr>\n<tr>\n<td class=\"label\">Temp\u00e9rer<\/td>\n<td>T3-T8<\/td>\n<\/tr>\n<tr>\n<td class=\"label\">Forme<\/td>\n<td>personnalisation<\/td>\n<\/tr>\n<tr>\n<td class=\"label\">Couleur<\/td>\n<td>personnalisation<\/td>\n<\/tr>\n<tr>\n<td class=\"label\">Traitement de surface<\/td>\n<td>finition en usine, anodisation, grain de bois, rev\u00eatement en poudre, sablage, \u00e9lectrophor\u00e8se, brossage, polissage, etc.<\/td>\n<\/tr>\n<tr>\n<td class=\"label\">Traitement en profondeur CNC<\/td>\n<td>couper, percer, usiner, poin\u00e7onner, plier, tarauder, etc.<\/td>\n<\/tr>\n<tr>\n<td class=\"label\">Certifications<\/td>\n<td>CE, ISO, SGS, TUV, ROHS<\/td>\n<\/tr>\n<tr>\n<td class=\"label\">\u00c9chantillons<\/td>\n<td>\u00e9chantillon gratuit. Livraison en 1-3 jours.<\/td>\n<\/tr>\n<tr>\n<td class=\"label\">MOQ<\/td>\n<td>200KG pour chaque profil<\/td>\n<\/tr>\n<tr>\n<td class=\"label\">D\u00e9lai de livraison<\/td>\n<td>La mise au point du moule et la confirmation de l'\u00e9chantillon prennent 12 \u00e0 15 jours, puis la production prend 15 \u00e0 25 jours apr\u00e8s r\u00e9ception de l'acompte de l'acheteur.<\/td>\n<\/tr>\n<tr>\n<td class=\"label\">Conditions de paiement<\/td>\n<td>30% d\u00e9p\u00f4t avant la production, et le solde avant l'exp\u00e9dition.<br \/>, etc.<\/td>\n<\/tr>\n<\/table>\n<h2>Notre base de production<\/h2>\n<h3>Panorama de l'usine<\/h3>\n<p><img decoding=\"async\" src=\"\/wp-content\/uploads\/factory-01.webp\"\/><\/p>\n<h3>Atelier de fabrication de barres d'aluminium<\/h3>\n<p><img decoding=\"async\" src=\"\/wp-content\/uploads\/factory-02.webp\"\/><\/p>\n<p><img decoding=\"async\" src=\"\/wp-content\/uploads\/factory-03.webp\"\/><\/p>\n<h3>Entrep\u00f4t de stockage des moules<\/h3>\n<p><img decoding=\"async\" src=\"\/wp-content\/uploads\/factory-04.webp\"\/><\/p>\n<h3>43 lignes d'extrusion d'aluminium (500 \u00e0 5500 tonnes)<\/h3>\n<p><img decoding=\"async\" src=\"\/wp-content\/uploads\/factory-05.webp\"\/><\/p>\n<p><img decoding=\"async\" src=\"\/wp-content\/uploads\/factory-06.webp\"\/><\/p>\n<p><img decoding=\"async\" src=\"\/wp-content\/uploads\/factory-07.webp\"\/><\/p>\n<h3>Atelier de peinture en poudre<\/h3>\n<p><img decoding=\"async\" src=\"\/wp-content\/uploads\/factory-09.webp\"\/><\/p>\n<h3>Atelier d'anodisation<\/h3>\n<p><img decoding=\"async\" src=\"\/wp-content\/uploads\/factory-10.webp\"\/><\/p>\n<h3>Atelier sur le traitement en profondeur<\/h3>\n<p><img decoding=\"async\" src=\"\/wp-content\/uploads\/factory-11.webp\"\/><\/p>\n<h3>Atelier d'usinage de pr\u00e9cision CNC<\/h3>\n<p><img decoding=\"async\" src=\"\/wp-content\/uploads\/factory-11.5.webp\"\/><\/p>\n<h3>Entrep\u00f4t de produits finis et d'exportation<\/h3>\n<p><img decoding=\"async\" src=\"\/wp-content\/uploads\/factory-12.webp\"\/><\/p>\n<p><img decoding=\"async\" src=\"\/wp-content\/uploads\/factory-13.webp\"\/><\/p>\n<p><img decoding=\"async\" src=\"\/wp-content\/uploads\/factory-14.webp\"\/><\/p>\n<h2>FAQ<\/h2>\n<p><p><b>1. qu'est-ce qu'une cl\u00f4ture de portail en aluminium ?<\/b><\/p>\n<p>Une cl\u00f4ture de portail en aluminium est un syst\u00e8me de barri\u00e8re robuste fabriqu\u00e9 \u00e0 partir d'un alliage d'aluminium de haute qualit\u00e9, con\u00e7u pour s\u00e9curiser les limites d'une propri\u00e9t\u00e9 gr\u00e2ce \u00e0 sa l\u00e9g\u00e8ret\u00e9 et sa durabilit\u00e9.<br \/>\n<\/p><br \/>\n<br \/>\n<p><b>2. pourquoi choisir une cl\u00f4ture de portail en aluminium ?<\/b><\/p>\n<p>Une cl\u00f4ture en aluminium offre une r\u00e9sistance sup\u00e9rieure \u00e0 la corrosion, un entretien r\u00e9duit et une esth\u00e9tique moderne et \u00e9l\u00e9gante par rapport aux alternatives en fer ou en acier.<br \/>\n<\/p><br \/>\n<br \/>\n<p><b>3. Quels sont les avantages de la r\u00e9sistance \u00e0 la corrosion pour une cl\u00f4ture de portail en aluminium ?<\/b><\/p>\n<p>Les panneaux de cl\u00f4ture en aluminium r\u00e9sistants \u00e0 la corrosion supportent la pluie, l'air salin et l'exposition aux UV, garantissant des performances \u00e0 long terme sans rouille ni d\u00e9gradation.<br \/>\n<\/p><br \/>\n<br \/>\n<p><b>4. les cl\u00f4tures de portail en aluminium n\u00e9cessitent-elles peu d'entretien ?<\/b><\/p>\n<p>Oui, les cl\u00f4tures en aluminium ne n\u00e9cessitent qu'un nettoyage et une inspection occasionnels pour conserver leur finition et leur int\u00e9grit\u00e9 structurelle au fil du temps.<br \/>\n<\/p><br \/>\n<br \/>\n<p><b>5. les cl\u00f4tures de portail en aluminium peuvent-elles \u00eatre personnalis\u00e9es ?<\/b><\/p>\n<p>Les barri\u00e8res en aluminium peuvent \u00eatre personnalis\u00e9es en termes de hauteur, de largeur, de couleur de laquage et de motifs d\u00e9coratifs pour s'adapter \u00e0 tous les styles architecturaux.<br \/>\n<\/p><br \/>\n<br \/>\n<p><b>6. En quoi une cl\u00f4ture de portail en aluminium renforce-t-elle la s\u00e9curit\u00e9 ?<\/b><\/p>\n<p>Une cl\u00f4ture en aluminium offre une protection p\u00e9rim\u00e9trique robuste gr\u00e2ce \u00e0 des poteaux renforc\u00e9s, des portes verrouillables et des ferrures inviolables.<br \/>\n<\/p><br \/>\n<br \/>\n<p><b>7. Quelles sont les options de conception disponibles pour les cl\u00f4tures de portail en aluminium ?<\/b><\/p>\n<p>Les options de conception des cl\u00f4tures de portail en aluminium comprennent des styles de lattes, de piquets, de treillis et de panneaux, ainsi que des fonctions d'\u00e9clairage et d'automatisation int\u00e9gr\u00e9es.<br \/>\n<\/p><br \/>\n<br \/>\n<p><b>8. les cl\u00f4tures en aluminium sont-elles \u00e9cologiques ?<\/b><\/p>\n<p>Les cl\u00f4tures en aluminium sont enti\u00e8rement recyclables, leur production n\u00e9cessite moins d'\u00e9nergie que celle de l'acier et elles contribuent aux pratiques de construction durable.<br \/>\n<\/p><br \/>\n<br \/>\n<p><b>9. Quel est le comportement des cl\u00f4tures en aluminium en cas de conditions climatiques difficiles ?<\/b><\/p>\n<p>Les cl\u00f4tures en aluminium r\u00e9sistantes aux intemp\u00e9ries conservent leur solidit\u00e9 structurelle et la stabilit\u00e9 de leur couleur en cas de temp\u00e9ratures extr\u00eames, de vent et de pr\u00e9cipitations.<br \/>\n<\/p><br \/>\n<br \/>\n<p><b>10. o\u00f9 puis-je trouver des solutions de cl\u00f4ture de portail en aluminium de haute qualit\u00e9 ?<\/b><\/p>\n<p>Les principaux fabricants de syst\u00e8mes de cl\u00f4ture pour portails en aluminium proposent des produits certifi\u00e9s ISO, une distribution mondiale et une assistance technique compl\u00e8te.<br \/>\n<\/p><br \/><\/p>","protected":false},"featured_media":6273,"template":"","categories":[59],"class_list":["post-6274","product","type-product","status-publish","has-post-thumbnail","hentry","category-aluminum-window-door-system"],"meta_box":{"hilight_text_group":{"product_hilight_text":"<li>Made from 6063-T5 aluminum alloy for high strength and corrosion resistance<\/li>\r\r\n<li>Hard-anodized or powder-coated surface for oxidation resistance and easy cleaning<\/li>\r\r\n<li>Modular design with customizable dimensions to suit various installation requirements<\/li>\r\r\n<li>Lightweight construction reduces shipping and installation costs<\/li>\r\r\n<li>Compatible with various locks and accessories for enhanced security<\/li>\r\r\n<li>Integrated drainage channels effectively prevent water accumulation and corrosion<\/li>\r\r\n<li>Certified to ISO and CE standards for reliable quality assurance<\/li>\r\r\n<li>Low maintenance costs with long service life, maximizing cost-effectiveness<\/li>","product_chanpin_chanpin":"<li><a href=\"https:\/\/sinoextrud.com\/product\/aluminum-profile-windows-extrusion-companies-in-china\/\" target=\"_blank\">aluminum profile windows extrusion companies in china<\/a><\/li>\r\n<li><a href=\"https:\/\/sinoextrud.com\/product\/thermal-break-aluminium-profiles\/\" target=\"_blank\">Thermal Break Aluminium Profiles<\/a><\/li>\r\n<li><a href=\"https:\/\/sinoextrud.com\/product\/aluminium-mosquito-net-windows-and-door\/\" target=\"_blank\">Aluminium Mosquito Net Windows And Door<\/a><\/li>\r\n<li><a href=\"https:\/\/sinoextrud.com\/product\/aluminum-profile-doors\/\" target=\"_blank\">Aluminum Profile Doors<\/a><\/li>\r\n<li><a href=\"https:\/\/sinoextrud.com\/product\/aluminium-gate-fence\/\" target=\"_blank\">Aluminium gate fence<\/a><\/li>\r\n<li><a href=\"https:\/\/sinoextrud.com\/product\/aluminum-windows-and-doors\/\" target=\"_blank\">Aluminum Windows And Doors<\/a><\/li>\r\n<li><a href=\"https:\/\/sinoextrud.com\/product\/oem-aluminum-extrusion-profile-for-windows-and-doors\/\" target=\"_blank\">OEM Aluminum Extrusion Profile for Windows and Doors<\/a><\/li>\r\n<li><a href=\"https:\/\/sinoextrud.com\/product\/aluminium-tube-suppliers-offer-extruded-aluminium-square-tube-profile-with-anodized-powder-coating-surface-treatment\/\" target=\"_blank\">Aluminium Tube Suppliers Offer Extruded Aluminium Square Tube Profile With Anodized Powder Coating Surface Treatment<\/a><\/li>\r\n<li><a href=\"https:\/\/sinoextrud.com\/product\/oem-aluminum-channel-tube-and-pipe-extrusions-profile-for-constuction\/\" target=\"_blank\">OEM Aluminum Channel Tube And Pipe Extrusions Profile For Constuction<\/a><\/li>\r\n<li><a href=\"https:\/\/sinoextrud.com\/product\/round-t-slot-extrusion\/\" target=\"_blank\">Round T Slot Extrusion<\/a><\/li>\r\n<li><a href=\"https:\/\/sinoextrud.com\/product\/aluminium-window-frame-section\/\" target=\"_blank\">Aluminium Window Frame Section<\/a><\/li>"},"feature_list":[]},"_links":{"self":[{"href":"https:\/\/sinoextrud.com\/fr\/wp-json\/wp\/v2\/product\/6274","targetHints":{"allow":["GET"]}}],"collection":[{"href":"https:\/\/sinoextrud.com\/fr\/wp-json\/wp\/v2\/product"}],"about":[{"href":"https:\/\/sinoextrud.com\/fr\/wp-json\/wp\/v2\/types\/product"}],"wp:featuredmedia":[{"embeddable":true,"href":"https:\/\/sinoextrud.com\/fr\/wp-json\/wp\/v2\/media\/6273"}],"wp:attachment":[{"href":"https:\/\/sinoextrud.com\/fr\/wp-json\/wp\/v2\/media?parent=6274"}],"wp:term":[{"taxonomy":"category","embeddable":true,"href":"https:\/\/sinoextrud.com\/fr\/wp-json\/wp\/v2\/categories?post=6274"}],"curies":[{"name":"wp","href":"https:\/\/api.w.org\/{rel}","templated":true}]}}