{"id":6270,"date":"2025-05-26T07:23:26","date_gmt":"2025-05-26T07:23:26","guid":{"rendered":"https:\/\/sinoextrud.com\/product\/aluminium-mosquito-net-windows-and-door\/"},"modified":"2025-06-24T03:59:15","modified_gmt":"2025-06-24T03:59:15","slug":"fenetres-et-portes-moustiquaires-en-aluminium","status":"publish","type":"product","link":"https:\/\/sinoextrud.com\/fr\/product\/aluminium-mosquito-net-windows-and-door\/","title":{"rendered":"Moustiquaires en aluminium pour fen\u00eatres et portes"},"content":{"rendered":"<h2>D\u00e9tails des produits<\/h2>\n<table class=\"custom-table\">\n<tr>\n<td class=\"label\">Num\u00e9ro d'article<\/td>\n<td>Moustiquaires en aluminium pour fen\u00eatres et portes<\/td>\n<\/tr>\n<tr>\n<td class=\"label\">Nom<\/td>\n<td>Couleurs selon les besoins des clients Porte moustiquaire en aluminium pour le jardin<\/td>\n<\/tr>\n<tr>\n<td class=\"label\">Mat\u00e9riau<\/td>\n<td>Cadre de l'\u00e9cran - Alliage d'aluminium 6063T5<\/td>\n<\/tr>\n<tr>\n<td class=\"label\">TAILLE<\/td>\n<td>Comme vous le demandez<\/td>\n<\/tr>\n<tr>\n<td class=\"label\">Couleur de la maille<\/td>\n<td>Noir, gris<\/td>\n<\/tr>\n<tr>\n<td class=\"label\">Couleur du cadre de l'\u00e9cran<\/td>\n<td>Blanc, gris, couleur bronze, vert invisible, gris fonc\u00e9, acier imit\u00e9, couleur bois jaune, couleur bois rouge, etc. ou sur mesure.<\/td>\n<\/tr>\n<tr>\n<td class=\"label\">Mode d'achat<\/td>\n<td>Mat\u00e9riaux semi-finis \/ Taille fixe<\/td>\n<\/tr>\n<tr>\n<td class=\"label\">Caract\u00e9ristiques principales<\/td>\n<td>Convivialit\u00e9, robustesse et modernit\u00e9 ;<br \/>L'absence de guides au sol facilite le nettoyage et le transit.<br \/>Facile \u00e0 installer et \u00e0 enlever gr\u00e2ce \u00e0 des attaches en plastique sp\u00e9ciales.<br \/>Possibilit\u00e9 de connecter plus d'une porte, ce qui permet de couvrir des largeurs consid\u00e9rables<br \/>Disponible pour toutes vos portes existantes, simples\/doubles<br \/>Id\u00e9al pour les grands balcons, les v\u00e9randas, les portes-fen\u00eatres, les portes pliantes et les garages, etc.<br \/>Tous les accessoires peuvent \u00eatre fournis individuellement<\/td>\n<\/tr>\n<tr>\n<td class=\"label\">Emballage<\/td>\n<td>Int\u00e9rieur : Sac PE r\u00e9tract\u00e9, emball\u00e9 dans un sac \u00e0 bulles<\/td>\n<\/tr>\n<tr>\n<td class=\"label\">D\u00e9lai de livraison<\/td>\n<td>15 jours apr\u00e8s r\u00e9ception du paiement<\/td>\n<\/tr>\n<tr>\n<td class=\"label\">Clause de livraison<\/td>\n<td>FOB FOSHAN ,GUANGZHOU ,SHENZHEN<\/td>\n<\/tr>\n<tr>\n<td class=\"label\">Conditions de paiement<\/td>\n<td>T\/T et L\/C pr\u00e9pay\u00e9s<\/td>\n<\/tr>\n<\/table>\n<h2>Notre base de production<\/h2>\n<h3>Panorama de l'usine<\/h3>\n<p><img decoding=\"async\" src=\"\/wp-content\/uploads\/factory-01.webp\"\/><\/p>\n<h3>Atelier de fabrication de barres d'aluminium<\/h3>\n<p><img decoding=\"async\" src=\"\/wp-content\/uploads\/factory-02.webp\"\/><\/p>\n<p><img decoding=\"async\" src=\"\/wp-content\/uploads\/factory-03.webp\"\/><\/p>\n<h3>Entrep\u00f4t de stockage des moules<\/h3>\n<p><img decoding=\"async\" src=\"\/wp-content\/uploads\/factory-04.webp\"\/><\/p>\n<h3>43 lignes d'extrusion d'aluminium (500 \u00e0 5500 tonnes)<\/h3>\n<p><img decoding=\"async\" src=\"\/wp-content\/uploads\/factory-05.webp\"\/><\/p>\n<p><img decoding=\"async\" src=\"\/wp-content\/uploads\/factory-06.webp\"\/><\/p>\n<p><img decoding=\"async\" src=\"\/wp-content\/uploads\/factory-07.webp\"\/><\/p>\n<h3>Atelier de peinture en poudre<\/h3>\n<p><img decoding=\"async\" src=\"\/wp-content\/uploads\/factory-09.webp\"\/><\/p>\n<h3>Atelier d'anodisation<\/h3>\n<p><img decoding=\"async\" src=\"\/wp-content\/uploads\/factory-10.webp\"\/><\/p>\n<h3>Atelier sur le traitement en profondeur<\/h3>\n<p><img decoding=\"async\" src=\"\/wp-content\/uploads\/factory-11.webp\"\/><\/p>\n<h3>Atelier d'usinage de pr\u00e9cision CNC<\/h3>\n<p><img decoding=\"async\" src=\"\/wp-content\/uploads\/factory-11.5.webp\"\/><\/p>\n<h3>Entrep\u00f4t de produits finis et d'exportation<\/h3>\n<p><img decoding=\"async\" src=\"\/wp-content\/uploads\/factory-12.webp\"\/><\/p>\n<p><img decoding=\"async\" src=\"\/wp-content\/uploads\/factory-13.webp\"\/><\/p>\n<p><img decoding=\"async\" src=\"\/wp-content\/uploads\/factory-14.webp\"\/><\/p>\n<h2>FAQ<\/h2>\n<p><p><b>1) Qu'est-ce qu'une fen\u00eatre et une porte moustiquaire en aluminium ?<\/b><\/p>\n<p>Une fen\u00eatre et une porte moustiquaire en aluminium est un syst\u00e8me de cadre durable, r\u00e9sistant \u00e0 la corrosion, avec des moustiquaires \u00e0 mailles fines int\u00e9gr\u00e9es pour la protection contre les insectes et l'a\u00e9ration.<br \/>\n<\/p><br \/>\n<br \/>\n<p><b>2) Pourquoi choisir une fen\u00eatre et une porte moustiquaire en aluminium ?<\/b><\/p>\n<p>Les fen\u00eatres et portes moustiquaires en aluminium allient l\u00e9g\u00e8ret\u00e9, r\u00e9sistance \u00e0 la rouille et facilit\u00e9 d'utilisation \u00e0 une protection efficace contre les moustiques et les nuisibles.<br \/>\n<\/p><br \/>\n<br \/>\n<p><b>3. Comment une fen\u00eatre et une porte moustiquaire en aluminium am\u00e9liorent-elles la circulation de l'air ?<\/b><\/p>\n<p>Les mailles fines des fen\u00eatres et portes moustiquaires en aluminium permettent une circulation maximale de l'air tout en emp\u00eachant les insectes d'entrer, ce qui am\u00e9liore la qualit\u00e9 de l'air int\u00e9rieur.<br \/>\n<\/p><br \/>\n<br \/>\n<p><b>4. les cadres de fen\u00eatres et de portes moustiquaires en aluminium n\u00e9cessitent-ils peu d'entretien ?<\/b><\/p>\n<p>Oui, les fen\u00eatres et portes moustiquaires en aluminium ne n\u00e9cessitent qu'un nettoyage p\u00e9riodique des cadres et des moustiquaires pour conserver leur r\u00e9sistance \u00e0 la corrosion et leur bon fonctionnement.<br \/>\n<\/p><br \/>\n<br \/>\n<p><b>5. les moustiquaires en aluminium pour portes et fen\u00eatres peuvent-elles \u00eatre personnalis\u00e9es ?<\/b><\/p>\n<p>Les moustiquaires de fen\u00eatre et de porte en aluminium permettent de personnaliser la densit\u00e9 des mailles, la couleur des cadres et les dimensions pour s'adapter \u00e0 n'importe quelle ouverture de fen\u00eatre ou de porte.<br \/>\n<\/p><br \/>\n<br \/>\n<p><b>6) Comment les cadres de fen\u00eatres et de portes moustiquaires en aluminium se comportent-ils dans les climats rigoureux ?<\/b><\/p>\n<p>Les fen\u00eatres et portes moustiquaires en aluminium r\u00e9sistent aux UV, \u00e0 l'air salin et \u00e0 l'humidit\u00e9 sans se d\u00e9former ni se d\u00e9colorer.<br \/>\n<\/p><br \/>\n<br \/>\n<p><b>7) Quelles sont les caract\u00e9ristiques de s\u00e9curit\u00e9 des fen\u00eatres et portes moustiquaires en aluminium ?<\/b><\/p>\n<p>Les cadres de fen\u00eatres et de portes \u00e0 moustiquaire renforc\u00e9e en aluminium peuvent \u00eatre \u00e9quip\u00e9s de serrures multipoints et de mailles renforc\u00e9es pour une s\u00e9curit\u00e9 accrue et une plus grande tranquillit\u00e9 d'esprit.<br \/>\n<\/p><br \/>\n<br \/>\n<p><b>8. les syst\u00e8mes de portes et fen\u00eatres moustiquaires en aluminium sont-ils faciles \u00e0 installer ?<\/b><\/p>\n<p>Les kits de moustiquaires en aluminium pour fen\u00eatres et portes sont dot\u00e9s de cadres pr\u00e9-perc\u00e9s et de mailles encliquetables pour une installation rapide par des bricoleurs ou des professionnels.<br \/>\n<\/p><br \/>\n<br \/>\n<p><b>9. Dans quelle mesure les produits en aluminium pour fen\u00eatres et portes moustiquaires sont-ils respectueux de l'environnement ?<\/b><\/p>\n<p>Les fen\u00eatres et portes moustiquaires en aluminium sont enti\u00e8rement recyclables, leur production est \u00e9conome en \u00e9nergie et elles contribuent aux pratiques de construction durable.<br \/>\n<\/p><br \/>\n<br \/>\n<p><b>10. o\u00f9 puis-je trouver des solutions de qualit\u00e9 pour les fen\u00eatres et les portes en aluminium avec moustiquaire ?<\/b><\/p>\n<p>Les principaux fabricants de portes et fen\u00eatres moustiquaires en aluminium proposent des produits certifi\u00e9s ISO, une distribution mondiale et une assistance technique d\u00e9di\u00e9e.<br \/>\n<\/p><br \/><\/p>","protected":false},"featured_media":6269,"template":"","categories":[59],"class_list":["post-6270","product","type-product","status-publish","has-post-thumbnail","hentry","category-aluminum-window-door-system"],"meta_box":{"hilight_text_group":{"product_hilight_text":"<li>Multi-chamber thermal break design for superior insulation and reduced energy costs<\/li>\r\r\n<li>High-strength 6063-T5 alloy construction ensuring structural rigidity<\/li>\r\r\n<li>Precision extrusion with \u00c2\u00b10.1 mm tolerance for seamless assembly<\/li>\r\r\n<li>Customizable profiles and lengths to suit diverse architectural requirements<\/li>\r\r\n<li>Optional finishes (anodized, powder-coated) for corrosion protection and aesthetics<\/li>\r\r\n<li>Integrated drainage and condensation channels for reliable water management<\/li>\r\r\n<li>Compliant with international thermal performance standards (EN, ASTM)<\/li>\r\r\n<li>RoHS-compliant and fully recyclable for sustainable building practices<\/li>","product_chanpin_chanpin":"<li><a href=\"https:\/\/sinoextrud.com\/product\/aluminum-casement-window-double-hung-single-hung-jalousie-security-door-and-window\/\" target=\"_blank\">aluminum casement window Double Hung Single Hung Jalousie Security Door And Window<\/a><\/li>\r\n<li><a href=\"https:\/\/sinoextrud.com\/product\/aluminum-window\/\" target=\"_blank\">Aluminum Window<\/a><\/li>\r\n<li><a href=\"https:\/\/sinoextrud.com\/product\/aluminum-profile-windows-extrusion-companies-in-china\/\" target=\"_blank\">aluminum profile windows extrusion companies in china<\/a><\/li>\r\n<li><a href=\"https:\/\/sinoextrud.com\/product\/thermal-break-aluminium-profiles\/\" target=\"_blank\">Thermal Break Aluminium Profiles<\/a><\/li>\r\n<li><a href=\"https:\/\/sinoextrud.com\/product\/aluminium-mosquito-net-windows-and-door\/\" target=\"_blank\">Aluminium Mosquito Net Windows And Door<\/a><\/li>\r\n<li><a href=\"https:\/\/sinoextrud.com\/product\/aluminum-profile-doors\/\" target=\"_blank\">Aluminum Profile Doors<\/a><\/li>\r\n<li><a href=\"https:\/\/sinoextrud.com\/product\/aluminium-gate-fence\/\" target=\"_blank\">Aluminium gate fence<\/a><\/li>\r\n<li><a href=\"https:\/\/sinoextrud.com\/product\/aluminum-windows-and-doors\/\" target=\"_blank\">Aluminum Windows And Doors<\/a><\/li>\r\n<li><a href=\"https:\/\/sinoextrud.com\/product\/oem-aluminum-extrusion-profile-for-windows-and-doors\/\" target=\"_blank\">OEM Aluminum Extrusion Profile for Windows and Doors<\/a><\/li>\r\n<li><a href=\"https:\/\/sinoextrud.com\/product\/aluminium-enclosure\/\" target=\"_blank\">Aluminium Enclosure<\/a><\/li>\r\n<li><a href=\"https:\/\/sinoextrud.com\/product\/aluminum-hydraulic-oil-tank\/\" target=\"_blank\">Aluminum Hydraulic Oil Tank<\/a><\/li>"},"feature_list":[]},"_links":{"self":[{"href":"https:\/\/sinoextrud.com\/fr\/wp-json\/wp\/v2\/product\/6270","targetHints":{"allow":["GET"]}}],"collection":[{"href":"https:\/\/sinoextrud.com\/fr\/wp-json\/wp\/v2\/product"}],"about":[{"href":"https:\/\/sinoextrud.com\/fr\/wp-json\/wp\/v2\/types\/product"}],"wp:featuredmedia":[{"embeddable":true,"href":"https:\/\/sinoextrud.com\/fr\/wp-json\/wp\/v2\/media\/6269"}],"wp:attachment":[{"href":"https:\/\/sinoextrud.com\/fr\/wp-json\/wp\/v2\/media?parent=6270"}],"wp:term":[{"taxonomy":"category","embeddable":true,"href":"https:\/\/sinoextrud.com\/fr\/wp-json\/wp\/v2\/categories?post=6270"}],"curies":[{"name":"wp","href":"https:\/\/api.w.org\/{rel}","templated":true}]}}