{"id":6268,"date":"2025-05-26T07:20:44","date_gmt":"2025-05-26T07:20:44","guid":{"rendered":"https:\/\/sinoextrud.com\/product\/thermal-break-aluminium-profiles\/"},"modified":"2025-06-24T03:59:01","modified_gmt":"2025-06-24T03:59:01","slug":"profiles-daluminium-a-rupture-de-pont-thermique","status":"publish","type":"product","link":"https:\/\/sinoextrud.com\/fr\/product\/thermal-break-aluminium-profiles\/","title":{"rendered":"Profil\u00e9s en aluminium \u00e0 rupture thermique"},"content":{"rendered":"<h2>D\u00e9tails des produits<\/h2>\n<table class=\"custom-table\">\n<tr>\n<td class=\"label\">Titre<\/td>\n<td>Profil\u00e9s en aluminium \u00e0 rupture de pont thermique<\/td>\n<\/tr>\n<tr>\n<td class=\"label\">Mat\u00e9riau<\/td>\n<td>Alliage d'aluminium (6063, 6061, 6463, 6005, 6082)<\/td>\n<\/tr>\n<tr>\n<td class=\"label\">Temp\u00e9rer<\/td>\n<td>T5<\/td>\n<\/tr>\n<tr>\n<td class=\"label\">Taille<\/td>\n<td>Selon le dessin<\/td>\n<\/tr>\n<tr>\n<td class=\"label\">Traitement de surface<\/td>\n<td>Anodisation, sablage, polissage, \u00e9lectrophor\u00e8se, rev\u00eatement \u00e9lectrique<\/td>\n<\/tr>\n<tr>\n<td class=\"label\">Couleur<\/td>\n<td>Possibilit\u00e9 de personnalisation<\/td>\n<\/tr>\n<tr>\n<td class=\"label\">Certificat<\/td>\n<td>TUV, ASTM, GB<\/td>\n<\/tr>\n<tr>\n<td class=\"label\">De<\/td>\n<td>Guangdong, Chine<\/td>\n<\/tr>\n<\/table>\n<h2>Notre base de production<\/h2>\n<h3>Panorama de l'usine<\/h3>\n<p><img decoding=\"async\" src=\"\/wp-content\/uploads\/factory-01.webp\"\/><\/p>\n<h3>Atelier de fabrication de barres d'aluminium<\/h3>\n<p><img decoding=\"async\" src=\"\/wp-content\/uploads\/factory-02.webp\"\/><\/p>\n<p><img decoding=\"async\" src=\"\/wp-content\/uploads\/factory-03.webp\"\/><\/p>\n<h3>Entrep\u00f4t de stockage des moules<\/h3>\n<p><img decoding=\"async\" src=\"\/wp-content\/uploads\/factory-04.webp\"\/><\/p>\n<h3>43 lignes d'extrusion d'aluminium (500 \u00e0 5500 tonnes)<\/h3>\n<p><img decoding=\"async\" src=\"\/wp-content\/uploads\/factory-05.webp\"\/><\/p>\n<p><img decoding=\"async\" src=\"\/wp-content\/uploads\/factory-06.webp\"\/><\/p>\n<p><img decoding=\"async\" src=\"\/wp-content\/uploads\/factory-07.webp\"\/><\/p>\n<h3>Atelier de peinture en poudre<\/h3>\n<p><img decoding=\"async\" src=\"\/wp-content\/uploads\/factory-09.webp\"\/><\/p>\n<h3>Atelier d'anodisation<\/h3>\n<p><img decoding=\"async\" src=\"\/wp-content\/uploads\/factory-10.webp\"\/><\/p>\n<h3>Atelier sur le traitement en profondeur<\/h3>\n<p><img decoding=\"async\" src=\"\/wp-content\/uploads\/factory-11.webp\"\/><\/p>\n<h3>Atelier d'usinage de pr\u00e9cision CNC<\/h3>\n<p><img decoding=\"async\" src=\"\/wp-content\/uploads\/factory-11.5.webp\"\/><\/p>\n<h3>Entrep\u00f4t de produits finis et d'exportation<\/h3>\n<p><img decoding=\"async\" src=\"\/wp-content\/uploads\/factory-12.webp\"\/><\/p>\n<p><img decoding=\"async\" src=\"\/wp-content\/uploads\/factory-13.webp\"\/><\/p>\n<p><img decoding=\"async\" src=\"\/wp-content\/uploads\/factory-14.webp\"\/><\/p>\n<h2>FAQ<\/h2>\n<p><p><b>1) Qu'est-ce qu'un profil\u00e9 aluminium \u00e0 rupture thermique ?<\/b><\/p>\n<p>Les profil\u00e9s d'aluminium \u00e0 rupture thermique sont des profil\u00e9s d'aluminium extrud\u00e9s dot\u00e9s d'une barri\u00e8re polym\u00e8re non conductrice qui r\u00e9duit le transfert de chaleur et am\u00e9liore l'isolation des b\u00e2timents.<br \/>\n<\/p><br \/>\n<br \/>\n<p><b>2. Comment les profil\u00e9s aluminium \u00e0 rupture thermique am\u00e9liorent-ils l'efficacit\u00e9 \u00e9nerg\u00e9tique ?<\/b><\/p>\n<p>En int\u00e9grant une barri\u00e8re thermique, ces profil\u00e9s minimisent les ponts thermiques, r\u00e9duisent les valeurs U et aident \u00e0 atteindre les objectifs d'\u00e9conomie d'\u00e9nergie et les normes de construction \u00e9cologique.<br \/>\n<\/p><br \/>\n<br \/>\n<p><b>3) Quelles sont les applications qui b\u00e9n\u00e9ficient des profil\u00e9s aluminium \u00e0 rupture thermique ?<\/b><\/p>\n<p>Les profil\u00e9s aluminium \u00e0 rupture thermique sont id\u00e9aux pour les fen\u00eatres, les portes, les murs-rideaux, les fa\u00e7ades et les puits de lumi\u00e8re o\u00f9 la performance thermique et le contr\u00f4le de la condensation sont essentiels.<br \/>\n<\/p><br \/>\n<br \/>\n<p><b>4) Pourquoi choisir les profil\u00e9s aluminium \u00e0 rupture thermique plut\u00f4t que l'aluminium standard ?<\/b><\/p>\n<p>Les profil\u00e9s d'aluminium \u00e0 rupture thermique offrent une isolation sup\u00e9rieure, r\u00e9duisent les co\u00fbts de chauffage et de refroidissement et emp\u00eachent la condensation \u00e0 l'int\u00e9rieur par rapport aux profil\u00e9s sans rupture thermique.<br \/>\n<\/p><br \/>\n<br \/>\n<p><b>5. les profil\u00e9s aluminium \u00e0 rupture thermique peuvent-ils \u00eatre personnalis\u00e9s ?<\/b><\/p>\n<p>Oui, les profil\u00e9s en aluminium \u00e0 rupture thermique permettent de personnaliser les sections transversales, les types de mat\u00e9riaux de rupture, les finitions et les longueurs afin de r\u00e9pondre \u00e0 des exigences architecturales et de performance sp\u00e9cifiques.<br \/>\n<\/p><br \/>\n<br \/>\n<p><b>6. quels sont les mat\u00e9riaux utilis\u00e9s dans les profil\u00e9s aluminium \u00e0 rupture thermique ?<\/b><\/p>\n<p>Ces profil\u00e9s combinent des alliages d'aluminium \u00e0 haute r\u00e9sistance (par exemple, 6063-T6) avec des barri\u00e8res thermiques durables en PA66 ou en polyamide renforc\u00e9 de fibres de verre pour une r\u00e9sistance et une isolation optimales.<br \/>\n<\/p><br \/>\n<br \/>\n<p><b>7. Comment fonctionne l'installation des profil\u00e9s aluminium \u00e0 rupture thermique ?<\/b><\/p>\n<p>L'installation consiste \u00e0 aligner les profil\u00e9s extrud\u00e9s, \u00e0 les fixer \u00e0 l'aide d'attaches m\u00e9caniques et \u00e0 coller les composants de la barri\u00e8re thermique afin de maintenir une isolation continue.<br \/>\n<\/p><br \/>\n<br \/>\n<p><b>8.Les profil\u00e9s en aluminium \u00e0 rupture thermique sont-ils durables ?<\/b><\/p>\n<p>Les profil\u00e9s en aluminium \u00e0 rupture thermique sont enti\u00e8rement recyclables, contribuent \u00e0 r\u00e9duire la consommation d'\u00e9nergie des b\u00e2timents et permettent d'obtenir les certifications LEED, BREEAM et autres certifications de construction durable.<br \/>\n<\/p><br \/>\n<br \/>\n<p><b>9. quel est l'entretien n\u00e9cessaire pour les profil\u00e9s aluminium \u00e0 rupture thermique ?<\/b><\/p>\n<p>Les profil\u00e9s en aluminium \u00e0 rupture thermique n\u00e9cessitent peu d'entretien, il suffit de nettoyer p\u00e9riodiquement les surfaces en aluminium et d'inspecter les joints pour conserver les performances thermiques.<br \/>\n<\/p><br \/>\n<br \/>\n<p><b>10. o\u00f9 puis-je me procurer des profil\u00e9s aluminium \u00e0 rupture thermique de haute qualit\u00e9 ?<\/b><\/p>\n<p>Les principaux extrudeurs d'aluminium fournissent des profil\u00e9s d'aluminium \u00e0 rupture thermique certifi\u00e9s conformes aux normes ISO 9001, EN 14024 et AAMA, ainsi qu'une assistance technique et un service d'exp\u00e9dition international.<br \/>\n<\/p><br \/><\/p>","protected":false},"featured_media":6267,"template":"","categories":[59],"class_list":["post-6268","product","type-product","status-publish","has-post-thumbnail","hentry","category-aluminum-window-door-system"],"meta_box":{"hilight_text_group":{"product_hilight_text":"<li>Multi-chamber thermal break design for superior insulation and reduced energy costs<\/li>\r\r\n<li>High-strength 6063-T5 alloy construction ensuring structural rigidity<\/li>\r\r\n<li>Precision extrusion with \u00c2\u00b10.1 mm tolerance for seamless assembly<\/li>\r\r\n<li>Customizable profiles and lengths to suit diverse architectural requirements<\/li>\r\r\n<li>Optional finishes (anodized, powder-coated) for corrosion protection and aesthetics<\/li>\r\r\n<li>Integrated drainage and condensation channels for reliable water management<\/li>\r\r\n<li>Compliant with international thermal performance standards (EN, ASTM)<\/li>\r\r\n<li>RoHS-compliant and fully recyclable for sustainable building practices<\/li>","product_chanpin_chanpin":"<li><a href=\"https:\/\/sinoextrud.com\/product\/aluminum-window-profile\/\" target=\"_blank\">Aluminum Window Profile<\/a><\/li>\r\n<li><a href=\"https:\/\/sinoextrud.com\/product\/aluminum-casement-window-double-hung-single-hung-jalousie-security-door-and-window\/\" target=\"_blank\">aluminum casement window Double Hung Single Hung Jalousie Security Door And Window<\/a><\/li>\r\n<li><a href=\"https:\/\/sinoextrud.com\/product\/aluminum-window\/\" target=\"_blank\">Aluminum Window<\/a><\/li>\r\n<li><a href=\"https:\/\/sinoextrud.com\/product\/aluminum-profile-windows-extrusion-companies-in-china\/\" target=\"_blank\">aluminum profile windows extrusion companies in china<\/a><\/li>\r\n<li><a href=\"https:\/\/sinoextrud.com\/product\/thermal-break-aluminium-profiles\/\" target=\"_blank\">Thermal Break Aluminium Profiles<\/a><\/li>\r\n<li><a href=\"https:\/\/sinoextrud.com\/product\/aluminium-mosquito-net-windows-and-door\/\" target=\"_blank\">Aluminium Mosquito Net Windows And Door<\/a><\/li>\r\n<li><a href=\"https:\/\/sinoextrud.com\/product\/aluminum-profile-doors\/\" target=\"_blank\">Aluminum Profile Doors<\/a><\/li>\r\n<li><a href=\"https:\/\/sinoextrud.com\/product\/aluminium-gate-fence\/\" target=\"_blank\">Aluminium gate fence<\/a><\/li>\r\n<li><a href=\"https:\/\/sinoextrud.com\/product\/aluminum-windows-and-doors\/\" target=\"_blank\">Aluminum Windows And Doors<\/a><\/li>\r\n<li><a href=\"https:\/\/sinoextrud.com\/product\/china-aluminum-extrusion-6061-6063-anodized-aluminum-pipe\/\" target=\"_blank\">China Aluminum Extrusion 6061 6063 Anodized Aluminum Pipe<\/a><\/li>\r\n<li><a href=\"https:\/\/sinoextrud.com\/product\/aluminium-extruded-sections\/\" target=\"_blank\">Aluminium Extruded Sections<\/a><\/li>"},"feature_list":[]},"_links":{"self":[{"href":"https:\/\/sinoextrud.com\/fr\/wp-json\/wp\/v2\/product\/6268","targetHints":{"allow":["GET"]}}],"collection":[{"href":"https:\/\/sinoextrud.com\/fr\/wp-json\/wp\/v2\/product"}],"about":[{"href":"https:\/\/sinoextrud.com\/fr\/wp-json\/wp\/v2\/types\/product"}],"wp:featuredmedia":[{"embeddable":true,"href":"https:\/\/sinoextrud.com\/fr\/wp-json\/wp\/v2\/media\/6267"}],"wp:attachment":[{"href":"https:\/\/sinoextrud.com\/fr\/wp-json\/wp\/v2\/media?parent=6268"}],"wp:term":[{"taxonomy":"category","embeddable":true,"href":"https:\/\/sinoextrud.com\/fr\/wp-json\/wp\/v2\/categories?post=6268"}],"curies":[{"name":"wp","href":"https:\/\/api.w.org\/{rel}","templated":true}]}}