{"id":6266,"date":"2025-05-26T07:16:30","date_gmt":"2025-05-26T07:16:30","guid":{"rendered":"https:\/\/sinoextrud.com\/product\/aluminum-profile-windows-extrusion-companies-in-china\/"},"modified":"2025-06-24T03:58:39","modified_gmt":"2025-06-24T03:58:39","slug":"profile-aluminium-fenetres-extrusion-entreprises-en-chine","status":"publish","type":"product","link":"https:\/\/sinoextrud.com\/fr\/product\/aluminum-profile-windows-extrusion-companies-in-china\/","title":{"rendered":"profil\u00e9 aluminium fen\u00eatres extrusion entreprises en chine"},"content":{"rendered":"<h2>D\u00e9tails des produits<\/h2>\n<table class=\"custom-table\">\n<tr>\n<td class=\"label\">Mod\u00e8le NO :<\/td>\n<td>6063 t5 profil\u00e9 aluminium fen\u00eatres extrusion entreprises en Chine avec photos de pr\u00e9sentation<\/td>\n<\/tr>\n<tr>\n<td class=\"label\">Type :<\/td>\n<td> fen\u00eatres en profil\u00e9s d'aluminium<\/td>\n<\/tr>\n<tr>\n<td class=\"label\">Forme :<\/td>\n<td> Soci\u00e9t\u00e9s d'aluminium en Chine S\u00e9rie 80<\/td>\n<\/tr>\n<tr>\n<td class=\"label\">Finition de la surface :<\/td>\n<td>Electrophor\u00e8se or<\/td>\n<\/tr>\n<tr>\n<td class=\"label\">Ingr\u00e9dient d'alliage :<\/td>\n<td>6063<\/td>\n<\/tr>\n<tr>\n<td class=\"label\">Certification :<\/td>\n<td>CE, ISO entreprises d'aluminium en Chine<\/td>\n<\/tr>\n<tr>\n<td class=\"label\">Aluminium poli Profil :<\/td>\n<td>Polissage chimique<\/td>\n<\/tr>\n<tr>\n<td class=\"label\">Nom du produit :<\/td>\n<td>Profil\u00e9s de fen\u00eatre en aluminium par extrusion pour la vente<\/td>\n<\/tr>\n<tr>\n<td class=\"label\">Traitement de surface :<\/td>\n<td>Anodis\u00e9, rev\u00eatement en poudre, grain de bois, etc.<\/td>\n<\/tr>\n<tr>\n<td class=\"label\">Couleur :<\/td>\n<td>Sur mesure<\/td>\n<\/tr>\n<tr>\n<td class=\"label\">Mat\u00e9riau :<\/td>\n<td>Alliage d'aluminium<\/td>\n<\/tr>\n<tr>\n<td class=\"label\">Type d'aluminium :<\/td>\n<td>6063-T5<\/td>\n<\/tr>\n<tr>\n<td class=\"label\">Marque d\u00e9pos\u00e9e :<\/td>\n<td> Sinoextrud<\/td>\n<\/tr>\n<tr>\n<td class=\"label\">Origine :<\/td>\n<td> Guangdong<\/td>\n<\/tr>\n<tr>\n<td class=\"label\">Code HS :<\/td>\n<td>76042100<\/td>\n<\/tr>\n<\/table>\n<h2>Notre base de production<\/h2>\n<h3>Panorama de l'usine<\/h3>\n<p><img decoding=\"async\" src=\"\/wp-content\/uploads\/factory-01.webp\"\/><\/p>\n<h3>Atelier de fabrication de barres d'aluminium<\/h3>\n<p><img decoding=\"async\" src=\"\/wp-content\/uploads\/factory-02.webp\"\/><\/p>\n<\/p>\n<p><img decoding=\"async\" src=\"\/wp-content\/uploads\/factory-03.webp\"\/><\/p>\n<h3>Entrep\u00f4t de stockage des moules<\/h3>\n<p><img decoding=\"async\" src=\"\/wp-content\/uploads\/factory-04.webp\"\/><\/p>\n<h3>43 lignes d'extrusion d'aluminium (500 \u00e0 5500 tonnes)<\/h3>\n<p><img decoding=\"async\" src=\"\/wp-content\/uploads\/factory-05.webp\"\/><\/p>\n<p><img decoding=\"async\" src=\"\/wp-content\/uploads\/factory-06.webp\"\/><\/p>\n<p><img decoding=\"async\" src=\"\/wp-content\/uploads\/factory-07.webp\"\/><\/p>\n<h3>Atelier de peinture en poudre<\/h3>\n<p><img decoding=\"async\" src=\"\/wp-content\/uploads\/factory-09.webp\"\/><\/p>\n<h3>Atelier d'anodisation<\/h3>\n<p><img decoding=\"async\" src=\"\/wp-content\/uploads\/factory-10.webp\"\/><\/p>\n<h3>Atelier sur le traitement en profondeur<\/h3>\n<p><img decoding=\"async\" src=\"\/wp-content\/uploads\/factory-11.webp\"\/><\/p>\n<h3>Atelier d'usinage de pr\u00e9cision CNC<\/h3>\n<p><img decoding=\"async\" src=\"\/wp-content\/uploads\/factory-11.5.webp\"\/><\/p>\n<h3>Entrep\u00f4t de produits finis et d'exportation<\/h3>\n<p><img decoding=\"async\" src=\"\/wp-content\/uploads\/factory-12.webp\"\/><\/p>\n<p><img decoding=\"async\" src=\"\/wp-content\/uploads\/factory-13.webp\"\/><\/p>\n<p><img decoding=\"async\" src=\"\/wp-content\/uploads\/factory-14.webp\"\/><\/p>\n<h2>FAQ<\/h2>\n<p><b>1) Quelles sont les entreprises d'extrusion de profil\u00e9s aluminium en Chine avec des photos de pr\u00e9sentation ?<\/b><\/p>\n<p>Il s'agit de fabricants chinois de premier plan, sp\u00e9cialis\u00e9s dans l'extrusion d'aluminium de pr\u00e9cision pour les profil\u00e9s de fen\u00eatres, qui pr\u00e9sentent leurs portefeuilles de produits \u00e0 l'aide d'images haute r\u00e9solution.\n<\/p>\n<p><\/p>\n<p><b>2) Pourquoi choisir les entreprises d'extrusion de profil\u00e9s aluminium en Chine avec des photos de pr\u00e9sentation ?<\/b><\/p>\n<p>Ils combinent une technologie d'extrusion avanc\u00e9e, des prix comp\u00e9titifs et des pr\u00e9sentations d'images d\u00e9taill\u00e9es pour une visualisation claire du produit et une assurance qualit\u00e9.\n<\/p>\n<p><\/p>\n<p><b>3. Comment les entreprises d'extrusion de profil\u00e9s d'aluminium en Chine utilisent-elles les pr\u00e9sentations par l'image ?<\/b><\/p>\n<p>Ces entreprises cr\u00e9ent des catalogues visuels professionnels avec une pr\u00e9sentation d'images actualis\u00e9es pour mettre en \u00e9vidence les profils d'extrusion, les finitions de surface et les exemples d'installation.\n<\/p>\n<p><\/p>\n<p><b>4. quels sont les avantages offerts par les entreprises chinoises d'extrusion de profil\u00e9s en aluminium ?<\/b><\/p>\n<p>Ils fournissent des prototypes rapides, une capacit\u00e9 de production \u00e0 grande \u00e9chelle et des pr\u00e9sentations d'images compl\u00e8tes afin de rationaliser l'approbation des sp\u00e9cifications et de la conception.\n<\/p>\n<p><\/p>\n<p><b>5) Puis-je personnaliser des fen\u00eatres en profil\u00e9 aluminium avec des photos de pr\u00e9sentation d'extrudeurs chinois ?<\/b><\/p>\n<p>Oui, la plupart des entreprises d'extrusion de profil\u00e9s en aluminium en Chine proposent des formes et des finitions personnalis\u00e9es, ainsi que des pr\u00e9sentations d'images annot\u00e9es pour r\u00e9pondre \u00e0 toutes les exigences architecturales.\n<\/p>\n<p><\/p>\n<p><b>6) Comment la pr\u00e9sentation des images peut-elle am\u00e9liorer les commandes aupr\u00e8s des entreprises d'extrusion chinoises ?<\/b><\/p>\n<p>La pr\u00e9sentation d'images d\u00e9taill\u00e9es r\u00e9duit les erreurs de communication, acc\u00e9l\u00e8re l'\u00e9tablissement des devis et garantit que les fen\u00eatres en profil\u00e9 d'aluminium correspondent exactement aux sp\u00e9cifications avant la production.\n<\/p>\n<p><\/p>\n<p><b>7. quelles normes de qualit\u00e9 les entreprises d'extrusion de profil\u00e9s d'aluminium pour fen\u00eatres en Chine respectent-elles ?<\/b><\/p>\n<p>Les meilleures entreprises d'extrusion en Chine respectent les normes ISO 9001, CE et ASTM et joignent des rapports d'essai certifi\u00e9s aux photos pour plus de transparence.\n<\/p>\n<p><\/p>\n<p><b>8. les entreprises d'extrusion de profil\u00e9s d'aluminium pour fen\u00eatres en Chine sont-elles rentables ?<\/b><\/p>\n<p>Les entreprises d'extrusion bas\u00e9es en Chine tirent parti des \u00e9conomies d'\u00e9chelle pour proposer des prix comp\u00e9titifs sur les fen\u00eatres en profil\u00e9 d'aluminium, compl\u00e9t\u00e9s par des pr\u00e9sentations de photos gratuites pour confirmer la conception.\n<\/p>\n<p><\/p>\n<p><b>9. comment \u00e9valuer les entreprises d'extrusion de profil\u00e9s d'aluminium en Chine ?<\/b><\/p>\n<p>Examinez leur portefeuille d'extrusion de profil\u00e9s en aluminium, consultez les photos de pr\u00e9sentation en haute d\u00e9finition, v\u00e9rifiez les t\u00e9moignages de leurs clients et les certifications.\n<\/p>\n<p><\/p>\n<p><b>10. o\u00f9 puis-je trouver les photos des entreprises d'extrusion de profil\u00e9s en aluminium en Chine ?<\/b><\/p>\n<p>Visitez les sites web officiels ou les catalogues de produits des principaux extrudeurs chinois pour t\u00e9l\u00e9charger des pr\u00e9sentations d'images et des fiches techniques compl\u00e8tes.\n<\/p>\n<p><\/p>","protected":false},"featured_media":6265,"template":"","categories":[59],"class_list":["post-6266","product","type-product","status-publish","has-post-thumbnail","hentry","category-aluminum-window-door-system"],"meta_box":{"hilight_text_group":{"product_hilight_text":"<li>Over 20 years of extrusion expertise with annual capacity of 50,000 tons, ensuring stable supply<\/li>\r\r\n<li>Advanced CNC machining and anodizing lines to deliver precise window profiles with diverse finishes<\/li>\r\r\n<li>Comprehensive picture presentations and digital catalogs showcasing profiles, applications, and installations<\/li>\r\r\n<li>Customized design services with 3D renderings and physical samples to meet specific project needs<\/li>\r\r\n<li>ISO 9001, CE, and GAI-Labs certified for consistent quality and global compliance<\/li>\r\r\n<li>Strong OEM\/ODM capabilities supported by a dedicated R&D team for innovative extrusion solutions<\/li>\r\r\n<li>Global export experience to 50+ countries with reliable logistics partners and on-time delivery<\/li>\r\r\n<li>Full after-sales support including technical consultation, installation guidance, and spare parts supply<\/li>","product_chanpin_chanpin":"<li><a href=\"https:\/\/sinoextrud.com\/product\/aluminum-window-frame\/\" target=\"_blank\">Aluminum Window Frame<\/a><\/li>\r\n<li><a href=\"https:\/\/sinoextrud.com\/product\/aluminum-window-profile\/\" target=\"_blank\">Aluminum Window Profile<\/a><\/li>\r\n<li><a href=\"https:\/\/sinoextrud.com\/product\/aluminum-casement-window-double-hung-single-hung-jalousie-security-door-and-window\/\" target=\"_blank\">aluminum casement window Double Hung Single Hung Jalousie Security Door And Window<\/a><\/li>\r\n<li><a href=\"https:\/\/sinoextrud.com\/product\/aluminum-window\/\" target=\"_blank\">Aluminum Window<\/a><\/li>\r\n<li><a href=\"https:\/\/sinoextrud.com\/product\/aluminum-profile-windows-extrusion-companies-in-china\/\" target=\"_blank\">aluminum profile windows extrusion companies in china<\/a><\/li>\r\n<li><a href=\"https:\/\/sinoextrud.com\/product\/thermal-break-aluminium-profiles\/\" target=\"_blank\">Thermal Break Aluminium Profiles<\/a><\/li>\r\n<li><a href=\"https:\/\/sinoextrud.com\/product\/aluminium-mosquito-net-windows-and-door\/\" target=\"_blank\">Aluminium Mosquito Net Windows And Door<\/a><\/li>\r\n<li><a href=\"https:\/\/sinoextrud.com\/product\/aluminum-profile-doors\/\" target=\"_blank\">Aluminum Profile Doors<\/a><\/li>\r\n<li><a href=\"https:\/\/sinoextrud.com\/product\/aluminium-gate-fence\/\" target=\"_blank\">Aluminium gate fence<\/a><\/li>\r\n<li><a href=\"https:\/\/sinoextrud.com\/product\/aluminium-profile-workbench\/\" target=\"_blank\">Aluminium Profile Workbench<\/a><\/li>\r\n<li><a href=\"https:\/\/sinoextrud.com\/product\/anodized-extrusion-precise-round-square-aluminum-tube\/\" target=\"_blank\">Anodized Extrusion Precise Round Square Aluminum Tube<\/a><\/li>"},"feature_list":[]},"_links":{"self":[{"href":"https:\/\/sinoextrud.com\/fr\/wp-json\/wp\/v2\/product\/6266","targetHints":{"allow":["GET"]}}],"collection":[{"href":"https:\/\/sinoextrud.com\/fr\/wp-json\/wp\/v2\/product"}],"about":[{"href":"https:\/\/sinoextrud.com\/fr\/wp-json\/wp\/v2\/types\/product"}],"wp:featuredmedia":[{"embeddable":true,"href":"https:\/\/sinoextrud.com\/fr\/wp-json\/wp\/v2\/media\/6265"}],"wp:attachment":[{"href":"https:\/\/sinoextrud.com\/fr\/wp-json\/wp\/v2\/media?parent=6266"}],"wp:term":[{"taxonomy":"category","embeddable":true,"href":"https:\/\/sinoextrud.com\/fr\/wp-json\/wp\/v2\/categories?post=6266"}],"curies":[{"name":"wp","href":"https:\/\/api.w.org\/{rel}","templated":true}]}}