{"id":6264,"date":"2025-05-26T07:12:00","date_gmt":"2025-05-26T07:12:00","guid":{"rendered":"https:\/\/sinoextrud.com\/product\/aluminum-window\/"},"modified":"2025-06-24T03:57:58","modified_gmt":"2025-06-24T03:57:58","slug":"fenetre-en-aluminium","status":"publish","type":"product","link":"https:\/\/sinoextrud.com\/fr\/product\/aluminum-window\/","title":{"rendered":"Fen\u00eatre en aluminium"},"content":{"rendered":"<h2>D\u00e9tails des produits<\/h2>\n<table class=\"custom-table\">\n<tr>\n<td class=\"label\">Mod\u00e8le NO :<\/td>\n<td> syst\u00e8me de fen\u00eatres en aluminium<\/td>\n<\/tr>\n<tr>\n<td class=\"label\">Traitement de surface :<\/td>\n<td> bois grain\u00e9<\/td>\n<\/tr>\n<tr>\n<td class=\"label\">Garantie :<\/td>\n<td> Surface Color for 10~20 Years in door<\/td>\n<\/tr>\n<tr>\n<td class=\"label\">Sp\u00e9cification :<\/td>\n<td> 1,5(l)*1,8(h) m<\/td>\n<\/tr>\n<tr>\n<td class=\"label\">MOQ :<\/td>\n<td> 200 m\u00e8tres carr\u00e9s<\/td>\n<\/tr>\n<tr>\n<td class=\"label\">Le march\u00e9 :<\/td>\n<td> Europe, Moyen-Orient, Afrique.<\/td>\n<\/tr>\n<tr>\n<td class=\"label\">Code HS :<\/td>\n<td> 76101000<\/td>\n<\/tr>\n<tr>\n<td class=\"label\">Forme :<\/td>\n<td> carr\u00e9<\/td>\n<\/tr>\n<tr>\n<td class=\"label\">Port :<\/td>\n<td> Shenzhen, Guangzhou, Foshan<\/td>\n<\/tr>\n<tr>\n<td class=\"label\">Processus en profondeur :<\/td>\n<td> Per\u00e7age, d\u00e9coupe, assemblage<\/td>\n<\/tr>\n<tr>\n<td class=\"label\">Paquet de transport :<\/td>\n<td> Film plastique ou sac en poly\u00e9thyl\u00e8ne, papier de bricolage imperm\u00e9able<\/td>\n<\/tr>\n<tr>\n<td class=\"label\">Origine :<\/td>\n<td> Foshan, Chine<\/td>\n<\/tr>\n<\/table>\n<h2>Notre base de production<\/h2>\n<h3>Panorama de l'usine<\/h3>\n<p><img decoding=\"async\" src=\"\/wp-content\/uploads\/factory-01.webp\"\/><\/p>\n<h3>Atelier de fabrication de barres d'aluminium<\/h3>\n<p><img decoding=\"async\" src=\"\/wp-content\/uploads\/factory-02.webp\"\/><\/p>\n<p><img decoding=\"async\" src=\"\/wp-content\/uploads\/factory-03.webp\"\/><\/p>\n<h3>Entrep\u00f4t de stockage des moules<\/h3>\n<p><img decoding=\"async\" src=\"\/wp-content\/uploads\/factory-04.webp\"\/><\/p>\n<h3>43 lignes d'extrusion d'aluminium (500-5500 tonnes)<\/h3>\n<p><img decoding=\"async\" src=\"\/wp-content\/uploads\/factory-05.webp\"\/><\/p>\n<p><img decoding=\"async\" src=\"\/wp-content\/uploads\/factory-06.webp\"\/><\/p>\n<p><img decoding=\"async\" src=\"\/wp-content\/uploads\/factory-07.webp\"\/><\/p>\n<h3>Atelier de peinture en poudre<\/h3>\n<p><img decoding=\"async\" src=\"\/wp-content\/uploads\/factory-09.webp\"\/><\/p>\n<h3>Atelier d'anodisation<\/h3>\n<p><img decoding=\"async\" src=\"\/wp-content\/uploads\/factory-10.webp\"\/><\/p>\n<h3>Atelier sur le traitement en profondeur<\/h3>\n<p><img decoding=\"async\" src=\"\/wp-content\/uploads\/factory-11.webp\"\/><\/p>\n<h3>Atelier d'usinage de pr\u00e9cision CNC<\/h3>\n<p><img decoding=\"async\" src=\"\/wp-content\/uploads\/factory-11.5.webp\"\/><\/p>\n<h3>Entrep\u00f4t de produits finis et d'exportation<\/h3>\n<p><img decoding=\"async\" src=\"\/wp-content\/uploads\/factory-12.webp\"\/><\/p>\n<p><img decoding=\"async\" src=\"\/wp-content\/uploads\/factory-13.webp\"\/><\/p>\n<p><img decoding=\"async\" src=\"\/wp-content\/uploads\/factory-14.webp\"\/><\/p>\n<h2>FAQ<\/h2>\n<p><p><b>1. qu'est-ce qu'une fen\u00eatre en aluminium ?<\/b><\/p>\n<p>Une fen\u00eatre en aluminium est un syst\u00e8me de fen\u00eatre durable et l\u00e9ger fabriqu\u00e9 \u00e0 partir d'un alliage d'aluminium \u00e0 haute r\u00e9sistance pour des applications architecturales modernes.<br \/>\n<\/p><br \/>\n<br \/>\n<p><b>2. pourquoi choisir une fen\u00eatre en aluminium pour votre b\u00e2timent ?<\/b><\/p>\n<p>Les fen\u00eatres en aluminium offrent un rapport poids\/r\u00e9sistance sup\u00e9rieur, une r\u00e9sistance \u00e0 la corrosion et un design \u00e9l\u00e9gant qui am\u00e9liorent l'esth\u00e9tique et la performance des b\u00e2timents.<br \/>\n<\/p><br \/>\n<br \/>\n<p><b>3. Comment les fen\u00eatres en aluminium am\u00e9liorent-elles l'efficacit\u00e9 \u00e9nerg\u00e9tique ?<\/b><\/p>\n<p>Les fen\u00eatres en aluminium \u00e0 haut rendement \u00e9nerg\u00e9tique sont dot\u00e9es de ruptures thermiques, de cadres \u00e0 chambres multiples et d'un double vitrage afin de r\u00e9duire le transfert de chaleur et de diminuer les co\u00fbts d'utilisation.<br \/>\n<\/p><br \/>\n<br \/>\n<p><b>4. les fen\u00eatres en aluminium n\u00e9cessitent-elles peu d'entretien ?<\/b><\/p>\n<p>Oui, les fen\u00eatres en aluminium ne n\u00e9cessitent qu'un entretien minimal - un nettoyage et une lubrification p\u00e9riodiques suffisent \u00e0 pr\u00e9server leur apparence et leur fonctionnalit\u00e9.<br \/>\n<\/p><br \/>\n<br \/>\n<p><b>5. les fen\u00eatres en aluminium peuvent-elles r\u00e9sister aux intemp\u00e9ries ?<\/b><\/p>\n<p>Les fen\u00eatres en aluminium r\u00e9sistent \u00e0 l'exposition aux UV, \u00e0 l'humidit\u00e9 et aux temp\u00e9ratures extr\u00eames sans se d\u00e9former ni se d\u00e9colorer, garantissant ainsi une durabilit\u00e9 \u00e0 long terme.<br \/>\n<\/p><br \/>\n<br \/>\n<p><b>6. les fen\u00eatres en aluminium renforcent-elles la s\u00e9curit\u00e9 ?<\/b><\/p>\n<p>Les cadres de fen\u00eatres en aluminium renforc\u00e9 sont dot\u00e9s d'un syst\u00e8me de verrouillage multipoints et d'un verre r\u00e9sistant aux chocs pour une protection solide contre les intrusions.<br \/>\n<\/p><br \/>\n<br \/>\n<p><b>7. quelles sont les possibilit\u00e9s de conception des fen\u00eatres en aluminium ?<\/b><\/p>\n<p>Les fen\u00eatres en aluminium offrent des profils, des finitions, des couleurs de peinture en poudre et des options de vitrage personnalisables pour s'adapter \u00e0 tous les styles architecturaux.<br \/>\n<\/p><br \/>\n<br \/>\n<p><b>8. les fen\u00eatres en aluminium sont-elles respectueuses de l'environnement ?<\/b><\/p>\n<p>Les fen\u00eatres en aluminium sont enti\u00e8rement recyclables, consomment moins d'\u00e9nergie \u00e0 la production que l'acier et sont compatibles avec les certifications de construction durable telles que LEED.<br \/>\n<\/p><br \/>\n<br \/>\n<p><b>9) Quelle est l'isolation acoustique des fen\u00eatres en aluminium ?<\/b><\/p>\n<p>Les fen\u00eatres en aluminium avec double ou triple vitrage et joints d'\u00e9tanch\u00e9it\u00e9 avanc\u00e9s offrent d'excellentes performances acoustiques pour r\u00e9duire les bruits ext\u00e9rieurs.<br \/>\n<\/p><br \/>\n<br \/>\n<p><b>10. o\u00f9 puis-je trouver des fen\u00eatres en aluminium de qualit\u00e9 ?<\/b><\/p>\n<p>Les principaux fabricants proposent des fen\u00eatres en aluminium certifi\u00e9es conformes aux normes ISO, distribu\u00e9es dans le monde entier et b\u00e9n\u00e9ficiant d'une assistance technique pour une int\u00e9gration sans faille.<br \/>\n<\/p><br \/><\/p>","protected":false},"featured_media":6263,"template":"","categories":[59],"class_list":["post-6264","product","type-product","status-publish","has-post-thumbnail","hentry","category-aluminum-window-door-system"],"meta_box":{"hilight_text_group":{"product_hilight_text":"<li>Constructed from 6063-T5 aluminum alloy for high strength and corrosion resistance<\/li>\r\r\n<li>Precision-extruded profiles with \u00c2\u00b10.1 mm tolerance for perfect fit and smooth operation<\/li>\r\r\n<li>Optional thermal break design to improve insulation and reduce energy consumption<\/li>\r\r\n<li>Variety of finish options (anodized, powder-coated) for design flexibility and durability<\/li>\r\r\n<li>Integrated drainage and ventilation channels to prevent water buildup and drafts<\/li>\r\r\n<li>Heavy-duty hardware and multi-point locking for enhanced security and reliability<\/li>\r\r\n<li>Pre-drilled mounting holes and snap-fit corners for fast, error-free installation<\/li>\r\r\n<li>RoHS-compliant, fully recyclable, and low-maintenance for sustainable building projects<\/li>","product_chanpin_chanpin":"<li><a href=\"https:\/\/sinoextrud.com\/product\/sliding-window-aluminum-window-track\/\" target=\"_blank\">Sliding Window Aluminum Window Track<\/a><\/li>\r\n<li><a href=\"https:\/\/sinoextrud.com\/product\/aluminum-window-frame\/\" target=\"_blank\">Aluminum Window Frame<\/a><\/li>\r\n<li><a href=\"https:\/\/sinoextrud.com\/product\/aluminum-window-profile\/\" target=\"_blank\">Aluminum Window Profile<\/a><\/li>\r\n<li><a href=\"https:\/\/sinoextrud.com\/product\/aluminum-casement-window-double-hung-single-hung-jalousie-security-door-and-window\/\" target=\"_blank\">aluminum casement window Double Hung Single Hung Jalousie Security Door And Window<\/a><\/li>\r\n<li><a href=\"https:\/\/sinoextrud.com\/product\/aluminum-window\/\" target=\"_blank\">Aluminum Window<\/a><\/li>\r\n<li><a href=\"https:\/\/sinoextrud.com\/product\/aluminum-profile-windows-extrusion-companies-in-china\/\" target=\"_blank\">aluminum profile windows extrusion companies in china<\/a><\/li>\r\n<li><a href=\"https:\/\/sinoextrud.com\/product\/thermal-break-aluminium-profiles\/\" target=\"_blank\">Thermal Break Aluminium Profiles<\/a><\/li>\r\n<li><a href=\"https:\/\/sinoextrud.com\/product\/aluminium-mosquito-net-windows-and-door\/\" target=\"_blank\">Aluminium Mosquito Net Windows And Door<\/a><\/li>\r\n<li><a href=\"https:\/\/sinoextrud.com\/product\/aluminum-profile-doors\/\" target=\"_blank\">Aluminum Profile Doors<\/a><\/li>\r\n<li><a href=\"https:\/\/sinoextrud.com\/product\/solar-frames-aluminum-extrusions\/\" target=\"_blank\">Solar Frames Aluminum Extrusions<\/a><\/li>\r\n<li><a href=\"https:\/\/sinoextrud.com\/product\/wood-grain-aluminum-decking\/\" target=\"_blank\">Wood Grain Aluminum Decking<\/a><\/li>"},"feature_list":[]},"_links":{"self":[{"href":"https:\/\/sinoextrud.com\/fr\/wp-json\/wp\/v2\/product\/6264","targetHints":{"allow":["GET"]}}],"collection":[{"href":"https:\/\/sinoextrud.com\/fr\/wp-json\/wp\/v2\/product"}],"about":[{"href":"https:\/\/sinoextrud.com\/fr\/wp-json\/wp\/v2\/types\/product"}],"wp:featuredmedia":[{"embeddable":true,"href":"https:\/\/sinoextrud.com\/fr\/wp-json\/wp\/v2\/media\/6263"}],"wp:attachment":[{"href":"https:\/\/sinoextrud.com\/fr\/wp-json\/wp\/v2\/media?parent=6264"}],"wp:term":[{"taxonomy":"category","embeddable":true,"href":"https:\/\/sinoextrud.com\/fr\/wp-json\/wp\/v2\/categories?post=6264"}],"curies":[{"name":"wp","href":"https:\/\/api.w.org\/{rel}","templated":true}]}}