{"id":6256,"date":"2025-05-26T06:56:48","date_gmt":"2025-05-26T06:56:48","guid":{"rendered":"https:\/\/sinoextrud.com\/product\/sliding-window-aluminum-window-track\/"},"modified":"2025-06-24T03:56:01","modified_gmt":"2025-06-24T03:56:01","slug":"fenetre-coulissante-rail-de-fenetre-en-aluminium","status":"publish","type":"product","link":"https:\/\/sinoextrud.com\/fr\/product\/sliding-window-aluminum-window-track\/","title":{"rendered":"Fen\u00eatre coulissante Rail de fen\u00eatre en aluminium"},"content":{"rendered":"<h2>D\u00e9tails des produits<\/h2>\n<table class=\"custom-table\">\n<tr>\n<td class=\"label\">Objet<\/td>\n<td>Fen\u00eatre coulissante Rail de fen\u00eatre en aluminium<\/td>\n<\/tr>\n<tr>\n<td class=\"label\">Grade<\/td>\n<td>S\u00e9rie 6000<\/td>\n<\/tr>\n<tr>\n<td class=\"label\">Temp\u00e9rer<\/td>\n<td>T3-T8<\/td>\n<\/tr>\n<tr>\n<td class=\"label\">Application<\/td>\n<td>D\u00e9corations, Robot Frame, postes de travail, etc.<\/td>\n<\/tr>\n<tr>\n<td class=\"label\">Forme<\/td>\n<td>fen\u00eatre coulissante rail de fen\u00eatre en aluminium<\/td>\n<\/tr>\n<tr>\n<td class=\"label\">Alliage ou non<\/td>\n<td>Est un alliage<\/td>\n<\/tr>\n<tr>\n<td class=\"label\">Nom du produit<\/td>\n<td>profil\u00e9s en aluminium pour fen\u00eatres et portes<\/td>\n<\/tr>\n<tr>\n<td class=\"label\">Traitement de surface<\/td>\n<td>Anodisation<\/td>\n<\/tr>\n<tr>\n<td class=\"label\">Couleur<\/td>\n<td>Argent, bronze, noir, or, bleu, gris, champagne, etc.<\/td>\n<\/tr>\n<tr>\n<td class=\"label\">Mat\u00e9riau<\/td>\n<td>Alliage 6063\/6061\/6005\/6060 T5\/T6<\/td>\n<\/tr>\n<tr>\n<td class=\"label\">Longueur<\/td>\n<td>Selon votre demande<\/td>\n<\/tr>\n<tr>\n<td class=\"label\">Certification<\/td>\n<td>ISO9001:2008<\/td>\n<\/tr>\n<tr>\n<td class=\"label\">MOQ<\/td>\n<td>1Kg<\/td>\n<\/tr>\n<tr>\n<td class=\"label\">Taille<\/td>\n<td>Dessins<\/td>\n<\/tr>\n<tr>\n<td class=\"label\">D\u00e9lai de paiement<\/td>\n<td>T\/T<\/td>\n<\/tr>\n<\/table>\n<h2>Notre base de production<\/h2>\n<h3>Panorama de l'usine<\/h3>\n<p><img decoding=\"async\" src=\"\/wp-content\/uploads\/factory-01.webp\"\/><\/p>\n<h3>Atelier de fabrication de barres d'aluminium<\/h3>\n<p><img decoding=\"async\" src=\"\/wp-content\/uploads\/factory-02.webp\"\/><\/p>\n<p><img decoding=\"async\" src=\"\/wp-content\/uploads\/factory-03.webp\"\/><\/p>\n<h3>Entrep\u00f4t de stockage des moules<\/h3>\n<p><img decoding=\"async\" src=\"\/wp-content\/uploads\/factory-04.webp\"\/><\/p>\n<h3>43 lignes d'extrusion d'aluminium (500-5500 tonnes)<\/h3>\n<p><img decoding=\"async\" src=\"\/wp-content\/uploads\/factory-05.webp\"\/><\/p>\n<p><img decoding=\"async\" src=\"\/wp-content\/uploads\/factory-06.webp\"\/><\/p>\n<p><img decoding=\"async\" src=\"\/wp-content\/uploads\/factory-07.webp\"\/><\/p>\n<h3>Atelier de peinture en poudre<\/h3>\n<p><img decoding=\"async\" src=\"\/wp-content\/uploads\/factory-09.webp\"\/><\/p>\n<h3>Atelier d'anodisation<\/h3>\n<p><img decoding=\"async\" src=\"\/wp-content\/uploads\/factory-10.webp\"\/><\/p>\n<h3>Atelier sur le traitement en profondeur<\/h3>\n<p><img decoding=\"async\" src=\"\/wp-content\/uploads\/factory-11.webp\"\/><\/p>\n<h3>Atelier d'usinage de pr\u00e9cision CNC<\/h3>\n<p><img decoding=\"async\" src=\"\/wp-content\/uploads\/factory-11.5.webp\"\/><\/p>\n<h3>Entrep\u00f4t de produits finis et d'exportation<\/h3>\n<p><img decoding=\"async\" src=\"\/wp-content\/uploads\/factory-12.webp\"\/><\/p>\n<p><img decoding=\"async\" src=\"\/wp-content\/uploads\/factory-13.webp\"\/><\/p>\n<p><img decoding=\"async\" src=\"\/wp-content\/uploads\/factory-14.webp\"\/><\/p>\n<h2>FAQ<\/h2>\n<p><p><b>1) Qu'est-ce qu'un rail de fen\u00eatre coulissante en aluminium ?<\/b><\/p>\n<p>Un rail de fen\u00eatre coulissante en aluminium est un canal extrud\u00e9 de pr\u00e9cision qui guide et soutient les ch\u00e2ssis de fen\u00eatres coulissantes pour un fonctionnement fluide et fiable.<br \/>\n<\/p><br \/>\n<br \/>\n<p><b>2. pourquoi choisir un rail de fen\u00eatre coulissante en aluminium ?<\/b><\/p>\n<p>Les rails de fen\u00eatres coulissantes en aluminium offrent une durabilit\u00e9 sup\u00e9rieure, une r\u00e9sistance \u00e0 la corrosion et une faible friction par rapport aux rails en plastique ou en acier.<br \/>\n<\/p><br \/>\n<br \/>\n<p><b>3. Comment un rail de fen\u00eatre coulissante en aluminium am\u00e9liore-t-il le fonctionnement de la fen\u00eatre ?<\/b><\/p>\n<p>La surface \u00e0 faible friction et les tol\u00e9rances serr\u00e9es d'un rail de fen\u00eatre coulissante en aluminium garantissent un glissement sans effort et une usure r\u00e9duite des galets.<br \/>\n<\/p><br \/>\n<br \/>\n<p><b>4. les rails de fen\u00eatres coulissantes en aluminium peuvent-ils \u00eatre personnalis\u00e9s ?<\/b><\/p>\n<p>Oui, les rails en aluminium pour fen\u00eatres coulissantes peuvent \u00eatre extrud\u00e9s sur mesure avec diff\u00e9rentes sections transversales, diff\u00e9rents mod\u00e8les de fentes et diff\u00e9rentes finitions anodis\u00e9es pour s'adapter \u00e0 n'importe quel syst\u00e8me de fen\u00eatre.<br \/>\n<\/p><br \/>\n<br \/>\n<p><b>5) Quel est l'entretien n\u00e9cessaire pour un rail de fen\u00eatre coulissante en aluminium ?<\/b><\/p>\n<p>Les rails de fen\u00eatres coulissantes en aluminium n\u00e9cessitent un minimum d'entretien : un nettoyage p\u00e9riodique et une l\u00e9g\u00e8re lubrification permettent de maintenir le rail exempt de d\u00e9bris et d'assurer un glissement en douceur.<br \/>\n<\/p><br \/>\n<br \/>\n<p><b>6. Quels sont les avantages de la r\u00e9sistance \u00e0 la corrosion pour les rails de fen\u00eatres coulissantes en aluminium ?<\/b><\/p>\n<p>Les rails de fen\u00eatres coulissantes en aluminium r\u00e9sistants \u00e0 la corrosion supportent l'humidit\u00e9 et l'air salin, prolongeant ainsi leur dur\u00e9e de vie dans les environnements c\u00f4tiers et humides.<br \/>\n<\/p><br \/>\n<br \/>\n<p><b>7. les rails en aluminium des fen\u00eatres coulissantes sont-ils efficaces sur le plan \u00e9nerg\u00e9tique ?<\/b><\/p>\n<p>Les rails de fen\u00eatres coulissantes en aluminium peuvent int\u00e9grer des inserts de rupture de pont thermique pour am\u00e9liorer l'isolation et r\u00e9duire le transfert de chaleur dans les assemblages de fen\u00eatres.<br \/>\n<\/p><br \/>\n<br \/>\n<p><b>8) Quelle capacit\u00e9 de charge les rails en aluminium pour fen\u00eatres coulissantes peuvent-ils supporter ?<\/b><\/p>\n<p>Les rails de fen\u00eatres coulissantes en aluminium \u00e0 haute r\u00e9sistance sont con\u00e7us pour supporter des ch\u00e2ssis en verre lourds et de grands panneaux de fen\u00eatres sans se plier ni fl\u00e9chir.<br \/>\n<\/p><br \/>\n<br \/>\n<p><b>9. o\u00f9 les rails en aluminium pour fen\u00eatres coulissantes sont-ils couramment utilis\u00e9s ?<\/b><\/p>\n<p>Les rails en aluminium pour fen\u00eatres coulissantes sont id\u00e9aux pour les patios r\u00e9sidentiels, les vitrines commerciales, les cl\u00f4tures de balcon et les fen\u00eatres architecturales \u00e0 usage intensif.<br \/>\n<\/p><br \/>\n<br \/>\n<p><b>10. o\u00f9 puis-je trouver des rails en aluminium pour fen\u00eatres coulissantes de haute qualit\u00e9 ?<\/b><\/p>\n<p>Les principaux fournisseurs d'extrusion proposent des rails en aluminium pour fen\u00eatres coulissantes certifi\u00e9s avec une assurance qualit\u00e9 ISO, une distribution mondiale et une assistance technique.<br \/>\n<\/p><br \/><\/p>","protected":false},"featured_media":6255,"template":"","categories":[59],"class_list":["post-6256","product","type-product","status-publish","has-post-thumbnail","hentry","category-aluminum-window-door-system"],"meta_box":{"hilight_text_group":{"product_hilight_text":"<li>High-precision extruded aluminum track for smooth sliding and reduced operational noise<\/li>\r\r\n<li>Durable hard-anodized finish resists corrosion and wear in diverse environments<\/li>\r\r\n<li>Standardized profile compatible with multiple sliding window systems for easy integration<\/li>\r\r\n<li>Integrated drainage channels prevent water accumulation and maintain track cleanliness<\/li>\r\r\n<li>Low-friction design with optional self-lubricating inserts for minimal maintenance<\/li>\r\r\n<li>Lightweight 6063-T6 construction combines strength with ease of handling<\/li>\r\r\n<li>Customizable lengths and groove dimensions to suit various project requirements<\/li>\r\r\n<li>RoHS-compliant and fully recyclable for sustainable building practices<\/li>","product_chanpin_chanpin":"<li><a href=\"https:\/\/sinoextrud.com\/product\/aluminum-casement-door\/\" target=\"_blank\">Aluminum Casement Door<\/a><\/li>\r\n<li><a href=\"https:\/\/sinoextrud.com\/product\/6063t6-aluminium-profile-corner\/\" target=\"_blank\">6063T6 Aluminium Profile Corner<\/a><\/li>\r\n<li><a href=\"https:\/\/sinoextrud.com\/product\/extruded-aluminum-sliding-channel\/\" target=\"_blank\">Extruded Aluminum Sliding Channel<\/a><\/li>\r\n<li><a href=\"https:\/\/sinoextrud.com\/product\/aluminum-door-frame-profile\/\" target=\"_blank\">Aluminum Door Frame Profile<\/a><\/li>\r\n<li><a href=\"https:\/\/sinoextrud.com\/product\/sliding-window-aluminum-window-track\/\" target=\"_blank\">Sliding Window Aluminum Window Track<\/a><\/li>\r\n<li><a href=\"https:\/\/sinoextrud.com\/product\/aluminum-window-frame\/\" target=\"_blank\">Aluminum Window Frame<\/a><\/li>\r\n<li><a href=\"https:\/\/sinoextrud.com\/product\/aluminum-window-profile\/\" target=\"_blank\">Aluminum Window Profile<\/a><\/li>\r\n<li><a href=\"https:\/\/sinoextrud.com\/product\/aluminum-casement-window-double-hung-single-hung-jalousie-security-door-and-window\/\" target=\"_blank\">aluminum casement window Double Hung Single Hung Jalousie Security Door And Window<\/a><\/li>\r\n<li><a href=\"https:\/\/sinoextrud.com\/product\/aluminum-window\/\" target=\"_blank\">Aluminum Window<\/a><\/li>\r\n<li><a href=\"https:\/\/sinoextrud.com\/product\/aluminum-extrusion-gate-barrier-arm-aluminum-profile\/\" target=\"_blank\">Aluminum Extrusion Gate Barrier Arm Aluminum Profile<\/a><\/li>\r\n<li><a href=\"https:\/\/sinoextrud.com\/product\/t-aluminum-profile\/\" target=\"_blank\">T Aluminum Profile<\/a><\/li>"},"feature_list":[]},"_links":{"self":[{"href":"https:\/\/sinoextrud.com\/fr\/wp-json\/wp\/v2\/product\/6256","targetHints":{"allow":["GET"]}}],"collection":[{"href":"https:\/\/sinoextrud.com\/fr\/wp-json\/wp\/v2\/product"}],"about":[{"href":"https:\/\/sinoextrud.com\/fr\/wp-json\/wp\/v2\/types\/product"}],"wp:featuredmedia":[{"embeddable":true,"href":"https:\/\/sinoextrud.com\/fr\/wp-json\/wp\/v2\/media\/6255"}],"wp:attachment":[{"href":"https:\/\/sinoextrud.com\/fr\/wp-json\/wp\/v2\/media?parent=6256"}],"wp:term":[{"taxonomy":"category","embeddable":true,"href":"https:\/\/sinoextrud.com\/fr\/wp-json\/wp\/v2\/categories?post=6256"}],"curies":[{"name":"wp","href":"https:\/\/api.w.org\/{rel}","templated":true}]}}