{"id":6250,"date":"2025-05-26T06:33:58","date_gmt":"2025-05-26T06:33:58","guid":{"rendered":"https:\/\/sinoextrud.com\/product\/6063t6-aluminium-profile-corner\/"},"modified":"2025-06-24T03:55:46","modified_gmt":"2025-06-24T03:55:46","slug":"profile-dangle-en-aluminium-6063t6","status":"publish","type":"product","link":"https:\/\/sinoextrud.com\/fr\/product\/6063t6-aluminium-profile-corner\/","title":{"rendered":"Profil\u00e9 d'angle en aluminium 6063T6"},"content":{"rendered":"<h2>D\u00e9tails des produits<\/h2>\n<table class=\"custom-table\">\n<tr>\n<td class=\"label\">Nom du produit<\/td>\n<td>Profil\u00e9 aluminium \u00e0 angle triangulaire, profil\u00e9 aluminium \u00e0 angle, profil\u00e9 aluminium \u00e0 angle, profil\u00e9 aluminium \u00e0 angle 6063T6<\/td>\n<\/tr>\n<tr>\n<td class=\"label\">Mat\u00e9riau<\/td>\n<td>Alliage d'aluminium 6063, 6005, 6005A, 6061, 6082, 6463<\/td>\n<\/tr>\n<tr>\n<td class=\"label\">Temp\u00e9rer<\/td>\n<td>T3-T8 pour profil\u00e9 d'angle en aluminium<\/td>\n<\/tr>\n<tr>\n<td class=\"label\">Fini<\/td>\n<td>Finition en usine, anodisation, rev\u00eatement en poudre, PVDF, grain de bois, brosse, etc.<\/td>\n<\/tr>\n<tr>\n<td class=\"label\">Coler<\/td>\n<td>Argent, noir, champagne, bronze, blanc, couleurs RAL, or, couleur bois, etc.<\/td>\n<\/tr>\n<tr>\n<td class=\"label\">MOQ<\/td>\n<td>200KGS<\/td>\n<\/tr>\n<tr>\n<td class=\"label\">Application<\/td>\n<td>Construction, industrie, \u00e9nergie, transport, etc.<\/td>\n<\/tr>\n<tr>\n<td class=\"label\">Service de fabrication<\/td>\n<td>Le poin\u00e7onnage, le per\u00e7age, le soudage, le pliage et le service de machines CNC peuvent \u00eatre propos\u00e9s si n\u00e9cessaire.<\/td>\n<\/tr>\n<\/table>\n<h2>Notre base de production<\/h2>\n<h3>Panorama de l'usine<\/h3>\n<p><img decoding=\"async\" src=\"\/wp-content\/uploads\/factory-01.webp\"\/><\/p>\n<h3>Atelier de fabrication de barres d'aluminium<\/h3>\n<p><img decoding=\"async\" src=\"\/wp-content\/uploads\/factory-02.webp\"\/><\/p>\n<p><img decoding=\"async\" src=\"\/wp-content\/uploads\/factory-03.webp\"\/><\/p>\n<h3>Entrep\u00f4t de stockage des moules<\/h3>\n<p><img decoding=\"async\" src=\"\/wp-content\/uploads\/factory-04.webp\"\/><\/p>\n<h3>43 lignes d'extrusion d'aluminium (500 \u00e0 5500 tonnes)<\/h3>\n<p><img decoding=\"async\" src=\"\/wp-content\/uploads\/factory-05.webp\"\/><\/p>\n<p><img decoding=\"async\" src=\"\/wp-content\/uploads\/factory-06.webp\"\/><\/p>\n<p><img decoding=\"async\" src=\"\/wp-content\/uploads\/factory-07.webp\"\/><\/p>\n<h3>Atelier de peinture en poudre<\/h3>\n<p><img decoding=\"async\" src=\"\/wp-content\/uploads\/factory-09.webp\"\/><\/p>\n<h3>Atelier d'anodisation<\/h3>\n<p><img decoding=\"async\" src=\"\/wp-content\/uploads\/factory-10.webp\"\/><\/p>\n<h3>Atelier sur le traitement en profondeur<\/h3>\n<p><img decoding=\"async\" src=\"\/wp-content\/uploads\/factory-11.webp\"\/><\/p>\n<h3>Atelier d'usinage de pr\u00e9cision CNC<\/h3>\n<p><img decoding=\"async\" src=\"\/wp-content\/uploads\/factory-11.5.webp\"\/><\/p>\n<h3>Entrep\u00f4t de produits finis et d'exportation<\/h3>\n<p><img decoding=\"async\" src=\"\/wp-content\/uploads\/factory-12.webp\"\/><\/p>\n<p><img decoding=\"async\" src=\"\/wp-content\/uploads\/factory-13.webp\"\/><\/p>\n<p><img decoding=\"async\" src=\"\/wp-content\/uploads\/factory-14.webp\"\/><\/p>\n<h2>FAQ<\/h2>\n<p><p><b>1) Qu'est-ce qu'un coin de profil\u00e9 en aluminium 6063T6 ?<\/b><\/p>\n<p>Le profil\u00e9 d'angle en aluminium 6063T6 est un profil\u00e9 d'angle extrud\u00e9 avec pr\u00e9cision en alliage d'aluminium 6063-T6, con\u00e7u pour des applications d'encadrement et de bordures robustes.<br \/>\n<\/p><br \/>\n<br \/>\n<p><b>2) Pourquoi choisir le profil\u00e9 d'angle en aluminium 6063T6 pour l'encadrement ?<\/b><\/p>\n<p>Les coins profil\u00e9s en aluminium 6063T6 offrent un excellent rapport r\u00e9sistance\/poids, garantissant un support structurel l\u00e9ger mais durable dans les cadres architecturaux et industriels.<br \/>\n<\/p><br \/>\n<br \/>\n<p><b>3) Quelle est la r\u00e9sistance \u00e0 la corrosion du profil\u00e9 d'angle en aluminium 6063T6 ?<\/b><\/p>\n<p>Les coins profil\u00e9s en aluminium 6063T6 pr\u00e9sentent une r\u00e9sistance sup\u00e9rieure \u00e0 la corrosion, ce qui les rend id\u00e9aux pour les environnements int\u00e9rieurs et ext\u00e9rieurs sans d\u00e9gradation de la surface.<br \/>\n<\/p><br \/>\n<br \/>\n<p><b>4. le coin de profil\u00e9 en aluminium 6063T6 peut-il \u00eatre anodis\u00e9 ?<\/b><\/p>\n<p>Oui, les coins des profil\u00e9s en aluminium 6063T6 peuvent \u00eatre anodis\u00e9s ou rev\u00eatus par poudre pour am\u00e9liorer la duret\u00e9 de la surface, l'esth\u00e9tique et la r\u00e9sistance aux intemp\u00e9ries \u00e0 long terme.<br \/>\n<\/p><br \/>\n<br \/>\n<p><b>5. quel est le processus de fabrication des coins de profil\u00e9s en aluminium 6063T6 ?<\/b><\/p>\n<p>Les coins profil\u00e9s en aluminium 6063T6 sont produits par extrusion d'aluminium de haute pr\u00e9cision, ce qui garantit des sections transversales constantes et des tol\u00e9rances dimensionnelles \u00e9troites.<br \/>\n<\/p><br \/>\n<br \/>\n<p><b>6. quels sont les principaux avantages d'un profil\u00e9 d'angle en aluminium 6063T6 ?<\/b><\/p>\n<p>Les principaux avantages sont une grande usinabilit\u00e9, une excellente soudabilit\u00e9, une finition uniforme et la possibilit\u00e9 de former des g\u00e9om\u00e9tries d'angle complexes avec un minimum de traitement secondaire.<br \/>\n<\/p><br \/>\n<br \/>\n<p><b>7. En quoi les performances thermiques du profil\u00e9 en aluminium 6063T6 Corner sont-elles b\u00e9n\u00e9fiques pour les applications ?<\/b><\/p>\n<p>Les coins de profil\u00e9s en aluminium 6063T6 pr\u00e9sentent une bonne conductivit\u00e9 thermique et une bonne stabilit\u00e9, ce qui les rend appropri\u00e9s pour les cadres dissipateurs de chaleur dans l'\u00e9lectronique et les syst\u00e8mes de vitrage.<br \/>\n<\/p><br \/>\n<br \/>\n<p><b>8. les coins de profil\u00e9s en aluminium 6063T6 sont-ils \u00e9cologiques ?<\/b><\/p>\n<p>Oui, les coins profil\u00e9s en aluminium 6063T6 sont enti\u00e8rement recyclables, ce qui r\u00e9duit l'impact sur l'environnement et favorise les pratiques de construction et de fabrication durables.<br \/>\n<\/p><br \/>\n<br \/>\n<p><b>9. Quelles sont les possibilit\u00e9s de personnalisation du profil\u00e9 d'angle en aluminium 6063T6 ?<\/b><\/p>\n<p>Les fabricants proposent des longueurs, des angles, des rainures et des traitements de surface personnalis\u00e9s pour les coins de profil\u00e9s en aluminium 6063T6 afin de r\u00e9pondre aux exigences sp\u00e9cifiques des projets.<br \/>\n<\/p><br \/>\n<br \/>\n<p><b>10. o\u00f9 puis-je me procurer des coins de profil\u00e9s en aluminium 6063T6 de haute qualit\u00e9 ?<\/b><\/p>\n<p>Les principaux fournisseurs d'extrusion d'aluminium fournissent des coins de profil\u00e9s en aluminium 6063T6 certifi\u00e9s avec une assurance qualit\u00e9 ISO et une distribution mondiale pour une livraison fiable.<br \/>\n<\/p><br \/><\/p>","protected":false},"featured_media":6249,"template":"","categories":[59],"class_list":["post-6250","product","type-product","status-publish","has-post-thumbnail","hentry","category-aluminum-window-door-system"],"meta_box":{"hilight_text_group":{"product_hilight_text":"<li>Made from 6063-T6 aluminum alloy with tensile strength \u2265220 MPa for robust structural support<\/li>\r\r\n<li>Angle accuracy of 90\u00b0 \u00b1 0.1\u00b0 ensures precise assembly without secondary machining<\/li>\r\r\n<li>Optional anodized or powder-coated finishes for superior corrosion and wear resistance<\/li>\r\r\n<li>Standardized T-slot design compatible with a wide range of connectors and accessories<\/li>\r\r\n<li>Lightweight construction at 2.70 g\/cm3 reduces overall weight for easier handling and transport<\/li>\r\r\n<li>Customizable lengths and cross-sections to meet diverse project requirements<\/li>\r\r\n<li>Eco-friendly and fully recyclable, compliant with RoHS and REACH regulations<\/li>\r\r\n<li>Comprehensive in-process QC, including dimensional checks and hardness tests for consistent quality<\/li>","product_chanpin_chanpin":"<li><a href=\"https:\/\/sinoextrud.com\/product\/aluminium-extrusion-frameless-glass-railing-aluminum-profiles\/\" target=\"_blank\">Aluminium Extrusion Frameless Glass Railing Aluminum Profiles<\/a><\/li>\r\n<li><a href=\"https:\/\/sinoextrud.com\/product\/extruded-aluminum-alloy-profile-for-glass-floor-channel\/\" target=\"_blank\">Extruded Aluminum Alloy Profile For Glass Floor Channel<\/a><\/li>\r\n<li><a href=\"https:\/\/sinoextrud.com\/product\/aluminum-extrusion-aerospace-grade-2024-aluminum-alloy-tubes\/\" target=\"_blank\">Aluminum Extrusion Aerospace-Grade 2024 Aluminum Alloy Tubes<\/a><\/li>\r\n<li><a href=\"https:\/\/sinoextrud.com\/product\/aluminum-casement-door\/\" target=\"_blank\">Aluminum Casement Door<\/a><\/li>\r\n<li><a href=\"https:\/\/sinoextrud.com\/product\/6063t6-aluminium-profile-corner\/\" target=\"_blank\">6063T6 Aluminium Profile Corner<\/a><\/li>\r\n<li><a href=\"https:\/\/sinoextrud.com\/product\/extruded-aluminum-sliding-channel\/\" target=\"_blank\">Extruded Aluminum Sliding Channel<\/a><\/li>\r\n<li><a href=\"https:\/\/sinoextrud.com\/product\/aluminum-door-frame-profile\/\" target=\"_blank\">Aluminum Door Frame Profile<\/a><\/li>\r\n<li><a href=\"https:\/\/sinoextrud.com\/product\/sliding-window-aluminum-window-track\/\" target=\"_blank\">Sliding Window Aluminum Window Track<\/a><\/li>\r\n<li><a href=\"https:\/\/sinoextrud.com\/product\/aluminum-window-frame\/\" target=\"_blank\">Aluminum Window Frame<\/a><\/li>\r\n<li><a href=\"https:\/\/sinoextrud.com\/product\/aluminum-extrusion-brackets\/\" target=\"_blank\">Aluminum Extrusion Brackets<\/a><\/li>\r\n<li><a href=\"https:\/\/sinoextrud.com\/product\/extruded-aluminum-slide\/\" target=\"_blank\">Extruded Aluminum Slide<\/a><\/li>"},"feature_list":[]},"_links":{"self":[{"href":"https:\/\/sinoextrud.com\/fr\/wp-json\/wp\/v2\/product\/6250","targetHints":{"allow":["GET"]}}],"collection":[{"href":"https:\/\/sinoextrud.com\/fr\/wp-json\/wp\/v2\/product"}],"about":[{"href":"https:\/\/sinoextrud.com\/fr\/wp-json\/wp\/v2\/types\/product"}],"wp:featuredmedia":[{"embeddable":true,"href":"https:\/\/sinoextrud.com\/fr\/wp-json\/wp\/v2\/media\/6249"}],"wp:attachment":[{"href":"https:\/\/sinoextrud.com\/fr\/wp-json\/wp\/v2\/media?parent=6250"}],"wp:term":[{"taxonomy":"category","embeddable":true,"href":"https:\/\/sinoextrud.com\/fr\/wp-json\/wp\/v2\/categories?post=6250"}],"curies":[{"name":"wp","href":"https:\/\/api.w.org\/{rel}","templated":true}]}}