{"id":6248,"date":"2025-05-26T06:31:29","date_gmt":"2025-05-26T06:31:29","guid":{"rendered":"https:\/\/sinoextrud.com\/product\/aluminum-casement-door\/"},"modified":"2025-06-24T03:55:41","modified_gmt":"2025-06-24T03:55:41","slug":"porte-a-battant-en-aluminium","status":"publish","type":"product","link":"https:\/\/sinoextrud.com\/fr\/product\/aluminum-casement-door\/","title":{"rendered":"Porte \u00e0 battant en aluminium"},"content":{"rendered":"<h2>D\u00e9tails des produits<\/h2>\n<table class=\"custom-table\">\n<tr>\n<td class=\"label\">Nom du produit<\/td>\n<td>Porte \u00e0 battants en aluminium<\/td>\n<\/tr>\n<tr>\n<td class=\"label\">Mat\u00e9riau<\/td>\n<td>6063, 6061, 6463, 6082 Alliage d'aluminium<\/td>\n<\/tr>\n<tr>\n<td class=\"label\">Couleur<\/td>\n<td>Sur mesure<\/td>\n<\/tr>\n<tr>\n<td class=\"label\">Standard<\/td>\n<td>GB2008<\/td>\n<\/tr>\n<tr>\n<td class=\"label\">Grade<\/td>\n<td>S\u00e9rie 6000<\/td>\n<\/tr>\n<tr>\n<td class=\"label\">\u00c9paisseur<\/td>\n<td>Sur mesure<\/td>\n<\/tr>\n<tr>\n<td class=\"label\">Utilisation<\/td>\n<td>D\u00e9coration<\/td>\n<\/tr>\n<tr>\n<td class=\"label\">Temp\u00e9rer<\/td>\n<td>T3-T8<\/td>\n<\/tr>\n<tr>\n<td class=\"label\">Longueur<\/td>\n<td>Sur mesure<\/td>\n<\/tr>\n<tr>\n<td class=\"label\">Traitement de surface<\/td>\n<td>Rev\u00eatement en poudre, finition en usine, PVDF, anodis\u00e9, grain de bois, poli, bross\u00e9, etc.<\/td>\n<\/tr>\n<tr>\n<td class=\"label\">Orgin<\/td>\n<td>CHINE<\/td>\n<\/tr>\n<tr>\n<td class=\"label\">Est-il en alliage ou non ?<\/td>\n<td>Est un alliage<\/td>\n<\/tr>\n<tr>\n<td class=\"label\">Port<\/td>\n<td>Guangzhou, Shenzhen, Foshan<\/td>\n<\/tr>\n<\/table>\n<h2>Notre base de production<\/h2>\n<h3>Panorama de l'usine<\/h3>\n<p><img decoding=\"async\" src=\"\/wp-content\/uploads\/factory-01.webp\"\/><\/p>\n<h3>Atelier de fabrication de barres d'aluminium<\/h3>\n<p><img decoding=\"async\" src=\"\/wp-content\/uploads\/factory-02.webp\"\/><\/p>\n<p><img decoding=\"async\" src=\"\/wp-content\/uploads\/factory-03.webp\"\/><\/p>\n<h3>Entrep\u00f4t de stockage des moules<\/h3>\n<p><img decoding=\"async\" src=\"\/wp-content\/uploads\/factory-04.webp\"\/><\/p>\n<h3>43 lignes d'extrusion d'aluminium (500 \u00e0 5500 tonnes)<\/h3>\n<p><img decoding=\"async\" src=\"\/wp-content\/uploads\/factory-05.webp\"\/><\/p>\n<p><img decoding=\"async\" src=\"\/wp-content\/uploads\/factory-06.webp\"\/><\/p>\n<p><img decoding=\"async\" src=\"\/wp-content\/uploads\/factory-07.webp\"\/><\/p>\n<h3>Atelier de peinture en poudre<\/h3>\n<p><img decoding=\"async\" src=\"\/wp-content\/uploads\/factory-09.webp\"\/><\/p>\n<h3>Atelier d'anodisation<\/h3>\n<p><img decoding=\"async\" src=\"\/wp-content\/uploads\/factory-10.webp\"\/><\/p>\n<h3>Atelier sur le traitement en profondeur<\/h3>\n<p><img decoding=\"async\" src=\"\/wp-content\/uploads\/factory-11.webp\"\/><\/p>\n<h3>Atelier d'usinage de pr\u00e9cision CNC<\/h3>\n<p><img decoding=\"async\" src=\"\/wp-content\/uploads\/factory-11.5.webp\"\/><\/p>\n<h3>Entrep\u00f4t de produits finis et d'exportation<\/h3>\n<p><img decoding=\"async\" src=\"\/wp-content\/uploads\/factory-12.webp\"\/><\/p>\n<p><img decoding=\"async\" src=\"\/wp-content\/uploads\/factory-13.webp\"\/><\/p>\n<p><img decoding=\"async\" src=\"\/wp-content\/uploads\/factory-14.webp\"\/><\/p>\n<h2>FAQ<\/h2>\n<p><p><b>1. qu'est-ce qu'une porte \u00e0 battant en aluminium ?<\/b><\/p>\n<p>Une porte \u00e0 battant en aluminium est un syst\u00e8me de porte \u00e0 charni\u00e8res lat\u00e9rales fabriqu\u00e9 \u00e0 partir d'aluminium tr\u00e8s r\u00e9sistant, offrant une esth\u00e9tique moderne et \u00e9l\u00e9gante et des performances fiables.<br \/>\n<\/p><br \/>\n<br \/>\n<p><b>2. pourquoi choisir une porte \u00e0 battants en aluminium ?<\/b><\/p>\n<p>Les portes \u00e0 battants en aluminium offrent une durabilit\u00e9 sup\u00e9rieure, un entretien r\u00e9duit et une r\u00e9sistance durable \u00e0 la corrosion par rapport aux mat\u00e9riaux traditionnels.<br \/>\n<\/p><br \/>\n<br \/>\n<p><b>3. Comment une porte \u00e0 battant en aluminium am\u00e9liore-t-elle l'efficacit\u00e9 \u00e9nerg\u00e9tique ?<\/b><\/p>\n<p>Les portes \u00e0 battants en aluminium \u00e0 haut rendement \u00e9nerg\u00e9tique sont dot\u00e9es de profils \u00e0 chambres multiples et d'une technologie de rupture thermique qui r\u00e9duit le transfert de chaleur et diminue les factures d'\u00e9lectricit\u00e9.<br \/>\n<\/p><br \/>\n<br \/>\n<p><b>4. les portes \u00e0 battants en aluminium sont-elles s\u00fbres ?<\/b><\/p>\n<p>Les portes \u00e0 battants en aluminium sont dot\u00e9es de m\u00e9canismes de verrouillage multipoints et de cadres renforc\u00e9s pour une s\u00e9curit\u00e9 accrue et une plus grande tranquillit\u00e9 d'esprit.<br \/>\n<\/p><br \/>\n<br \/>\n<p><b>5. quelles sont les options de conception disponibles pour les portes \u00e0 battants en aluminium ?<\/b><\/p>\n<p>Les portes \u00e0 battants en aluminium offrent des finitions personnalisables, des couleurs de peinture en poudre, des styles de quincaillerie et des options de verre pour un attrait architectural sur mesure.<br \/>\n<\/p><br \/>\n<br \/>\n<p><b>6. Comment les portes \u00e0 battants en aluminium se comportent-elles dans les climats rigoureux ?<\/b><\/p>\n<p>Les portes \u00e0 battants en aluminium r\u00e9sistantes aux intemp\u00e9ries supportent les temp\u00e9ratures extr\u00eames, l'exposition aux UV et les fortes pluies sans se d\u00e9former ni se d\u00e9colorer.<br \/>\n<\/p><br \/>\n<br \/>\n<p><b>7. les portes \u00e0 battants en aluminium peuvent-elles am\u00e9liorer le confort int\u00e9rieur ?<\/b><\/p>\n<p>Oui, les joints \u00e9tanches et les joints avanc\u00e9s des portes \u00e0 battants en aluminium bloquent les courants d'air, le bruit et l'humidit\u00e9 pour cr\u00e9er un espace de vie plus confortable.<br \/>\n<\/p><br \/>\n<br \/>\n<p><b>8) Quel est l'entretien requis pour les portes \u00e0 battants en aluminium ?<\/b><\/p>\n<p>Les portes \u00e0 battants en aluminium n\u00e9cessitant peu d'entretien, il suffit de nettoyer et de lubrifier p\u00e9riodiquement les charni\u00e8res pour qu'elles conservent un fonctionnement et un aspect optimaux.<br \/>\n<\/p><br \/>\n<br \/>\n<p><b>9. Comment les portes \u00e0 battants en aluminium contribuent-elles \u00e0 la construction durable ?<\/b><\/p>\n<p>Les portes \u00e0 battants en aluminium recyclable r\u00e9duisent l'impact sur l'environnement, soutiennent les certifications de construction \u00e9cologique et r\u00e9duisent la consommation d'\u00e9nergie tout au long du cycle de vie.<br \/>\n<\/p><br \/>\n<br \/>\n<p><b>10. o\u00f9 puis-je installer des portes \u00e0 battants en aluminium ?<\/b><\/p>\n<p>Les portes \u00e0 battants en aluminium polyvalentes sont id\u00e9ales pour les patios r\u00e9sidentiels, les vitrines commerciales, les balcons et les cloisons int\u00e9rieures dans les constructions modernes.<br \/>\n<\/p><br \/><\/p>","protected":false},"featured_media":6247,"template":"","categories":[59],"class_list":["post-6248","product","type-product","status-publish","has-post-thumbnail","hentry","category-aluminum-window-door-system"],"meta_box":{"hilight_text_group":{"product_hilight_text":"<li>Durable aluminum frame with corrosion-resistant finish for long service life<\/li>\r\r\n<li>Multi-point locking system for enhanced security in commercial applications<\/li>\r\r\n<li>Thermal break design to improve energy efficiency and reduce HVAC costs<\/li>\r\r\n<li>Customizable sizes and powder-coated color options to match architectural aesthetics<\/li>\r\r\n<li>High-performance weather seals for superior wind and water tightness<\/li>\r\r\n<li>Integrated insect screen option for improved ventilation without pests<\/li>\r\r\n<li>Easy installation with pre-drilled mounting holes and adjustable hinges<\/li>\r\r\n<li>Low-maintenance operation with smooth hardware and corrosion-proof components<\/li>","product_chanpin_chanpin":"<li><a href=\"https:\/\/sinoextrud.com\/product\/aluminium-window-extrusion-profile\/\" target=\"_blank\">Aluminium Window Extrusion Profile<\/a><\/li>\r\n<li><a href=\"https:\/\/sinoextrud.com\/product\/aluminium-extrusion-frameless-glass-railing-aluminum-profiles\/\" target=\"_blank\">Aluminium Extrusion Frameless Glass Railing Aluminum Profiles<\/a><\/li>\r\n<li><a href=\"https:\/\/sinoextrud.com\/product\/extruded-aluminum-alloy-profile-for-glass-floor-channel\/\" target=\"_blank\">Extruded Aluminum Alloy Profile For Glass Floor Channel<\/a><\/li>\r\n<li><a href=\"https:\/\/sinoextrud.com\/product\/aluminum-extrusion-aerospace-grade-2024-aluminum-alloy-tubes\/\" target=\"_blank\">Aluminum Extrusion Aerospace-Grade 2024 Aluminum Alloy Tubes<\/a><\/li>\r\n<li><a href=\"https:\/\/sinoextrud.com\/product\/aluminum-casement-door\/\" target=\"_blank\">Aluminum Casement Door<\/a><\/li>\r\n<li><a href=\"https:\/\/sinoextrud.com\/product\/6063t6-aluminium-profile-corner\/\" target=\"_blank\">6063T6 Aluminium Profile Corner<\/a><\/li>\r\n<li><a href=\"https:\/\/sinoextrud.com\/product\/extruded-aluminum-sliding-channel\/\" target=\"_blank\">Extruded Aluminum Sliding Channel<\/a><\/li>\r\n<li><a href=\"https:\/\/sinoextrud.com\/product\/aluminum-door-frame-profile\/\" target=\"_blank\">Aluminum Door Frame Profile<\/a><\/li>\r\n<li><a href=\"https:\/\/sinoextrud.com\/product\/sliding-window-aluminum-window-track\/\" target=\"_blank\">Sliding Window Aluminum Window Track<\/a><\/li>\r\n<li><a href=\"https:\/\/sinoextrud.com\/product\/aluminium-extrusion-curtain-wall-profile-with-powder-coated-surface-manufacturer-direct-selling\/\" target=\"_blank\">Aluminium Extrusion Curtain Wall Profile With Powder Coated Surface Manufacturer Direct Selling<\/a><\/li>\r\n<li><a href=\"https:\/\/sinoextrud.com\/product\/aluminum-sunshading-profile\/\" target=\"_blank\">Aluminum Sunshading Profile<\/a><\/li>"},"feature_list":[]},"_links":{"self":[{"href":"https:\/\/sinoextrud.com\/fr\/wp-json\/wp\/v2\/product\/6248","targetHints":{"allow":["GET"]}}],"collection":[{"href":"https:\/\/sinoextrud.com\/fr\/wp-json\/wp\/v2\/product"}],"about":[{"href":"https:\/\/sinoextrud.com\/fr\/wp-json\/wp\/v2\/types\/product"}],"wp:featuredmedia":[{"embeddable":true,"href":"https:\/\/sinoextrud.com\/fr\/wp-json\/wp\/v2\/media\/6247"}],"wp:attachment":[{"href":"https:\/\/sinoextrud.com\/fr\/wp-json\/wp\/v2\/media?parent=6248"}],"wp:term":[{"taxonomy":"category","embeddable":true,"href":"https:\/\/sinoextrud.com\/fr\/wp-json\/wp\/v2\/categories?post=6248"}],"curies":[{"name":"wp","href":"https:\/\/api.w.org\/{rel}","templated":true}]}}