{"id":6244,"date":"2025-05-26T06:23:24","date_gmt":"2025-05-26T06:23:24","guid":{"rendered":"https:\/\/sinoextrud.com\/product\/extruded-aluminum-alloy-profile-for-glass-floor-channel\/"},"modified":"2025-06-24T03:55:36","modified_gmt":"2025-06-24T03:55:36","slug":"profile-en-alliage-daluminium-extrude-pour-canal-de-plancher-en-verre","status":"publish","type":"product","link":"https:\/\/sinoextrud.com\/fr\/product\/extruded-aluminum-alloy-profile-for-glass-floor-channel\/","title":{"rendered":"Profil\u00e9 extrud\u00e9 en alliage d'aluminium pour canal de plancher en verre"},"content":{"rendered":"<h2>D\u00e9tails des produits<\/h2>\n<table class=\"custom-table\">\n<tr>\n<td class=\"label\">Objet<\/td>\n<td>Profil\u00e9 extrud\u00e9 en alliage d'aluminium pour canal de plancher en verre<\/td>\n<\/tr>\n<tr>\n<td class=\"label\">Mat\u00e9riau<\/td>\n<td>Alliage d'aluminium 6063-T6 (norme EN AW-6063)<\/td>\n<\/tr>\n<tr>\n<td class=\"label\">Temp\u00e9rer<\/td>\n<td>T6 (Traitement thermique de mise en solution et vieillissement artificiel)<\/td>\n<\/tr>\n<tr>\n<td class=\"label\">Capacit\u00e9 de charge<\/td>\n<td>Jusqu'\u00e0 200KG\/m2 de charge r\u00e9partie<\/td>\n<\/tr>\n<tr>\n<td class=\"label\">\u00c9paisseur du verre<\/td>\n<td>10-20mm (personnalisable)<\/td>\n<\/tr>\n<tr>\n<td class=\"label\">Largeur du canal<\/td>\n<td>Standard : 15-60mm (largeurs personnalis\u00e9es disponibles)<\/td>\n<\/tr>\n<tr>\n<td class=\"label\">Profondeur du profil<\/td>\n<td>20-100mm (profondeurs personnalis\u00e9es disponibles)<\/td>\n<\/tr>\n<tr>\n<td class=\"label\">Tol\u00e9rances<\/td>\n<td>\u00b10,15 mm pr\u00e9cision dimensionnelle<\/td>\n<\/tr>\n<tr>\n<td class=\"label\">Traitement de surface<\/td>\n<td>Options : Anodisation (25\u03bcm), Rev\u00eatement par poudre (60-80\u03bcm), Bross\u00e9\/Poli<\/td>\n<\/tr>\n<tr>\n<td class=\"label\">Anodisation<\/td>\n<td>- \u00c9paisseur : 20-25\u03bcm<br \/>- R\u00e9sistance au brouillard salin : 1000+ heures (ASTM B117)<\/td>\n<\/tr>\n<tr>\n<td class=\"label\">Rev\u00eatement par poudre<\/td>\n<td>- \u00c9paisseur : 60-80\u03bcm<br \/>- R\u00e9sistance aux UV : Classe 1 (ISO 2135)<\/td>\n<\/tr>\n<tr>\n<td class=\"label\">Rupture thermique<\/td>\n<td>Barri\u00e8re thermique en polyamide en option (pour les applications \u00e0 haut rendement \u00e9nerg\u00e9tique)<\/td>\n<\/tr>\n<tr>\n<td class=\"label\">Syst\u00e8me d'\u00e9tanch\u00e9it\u00e9<\/td>\n<td>Joints int\u00e9gr\u00e9s en caoutchouc EPDM (duret\u00e9 shore 70\u00b15)<\/td>\n<\/tr>\n<tr>\n<td class=\"label\">Options de finition<\/td>\n<td>Anodis\u00e9 clair\/bronze\/noir, peinture en poudre de toute couleur RAL, bross\u00e9\/poli<\/td>\n<\/tr>\n<tr>\n<td class=\"label\">Longueur<\/td>\n<td>Standard : 5,8 m<\/td>\n<\/tr>\n<tr>\n<td class=\"label\">Emballage<\/td>\n<td>Emballage protecteur en PVC + s\u00e9paration en mousse + caisses en bois (norme d'exportation)<\/td>\n<\/tr>\n<tr>\n<td class=\"label\">Certifications<\/td>\n<td>ISO 9001:2015, EN 14024 (performance thermique), marquage CE<\/td>\n<\/tr>\n<tr>\n<td class=\"label\">Normes d'essai<\/td>\n<td>- EN 12600 (r\u00e9sistance \u00e0 l'impact du verre)<br \/>- EN 1999-1-1 (performance structurelle)<\/td>\n<\/tr>\n<\/table>\n<h2>Notre base de production<\/h2>\n<h3>Panorama de l'usine<\/h3>\n<p><img decoding=\"async\" src=\"\/wp-content\/uploads\/factory-01.webp\"\/><\/p>\n<h3>Atelier de fabrication de barres d'aluminium<\/h3>\n<p><img decoding=\"async\" src=\"\/wp-content\/uploads\/factory-02.webp\"\/><\/p>\n<p><img decoding=\"async\" src=\"\/wp-content\/uploads\/factory-03.webp\"\/><\/p>\n<h3>Entrep\u00f4t de stockage des moules<\/h3>\n<p><img decoding=\"async\" src=\"\/wp-content\/uploads\/factory-04.webp\"\/><\/p>\n<h3>43 lignes d'extrusion d'aluminium (500-5500 tonnes)<\/h3>\n<p><img decoding=\"async\" src=\"\/wp-content\/uploads\/factory-05.webp\"\/><\/p>\n<p><img decoding=\"async\" src=\"\/wp-content\/uploads\/factory-06.webp\"\/><\/p>\n<p><img decoding=\"async\" src=\"\/wp-content\/uploads\/factory-07.webp\"\/><\/p>\n<h3>Atelier de peinture en poudre<\/h3>\n<p><img decoding=\"async\" src=\"\/wp-content\/uploads\/factory-09.webp\"\/><\/p>\n<h3>Atelier d'anodisation<\/h3>\n<p><img decoding=\"async\" src=\"\/wp-content\/uploads\/factory-10.webp\"\/><\/p>\n<h3>Atelier sur le traitement en profondeur<\/h3>\n<p><img decoding=\"async\" src=\"\/wp-content\/uploads\/factory-11.webp\"\/><\/p>\n<h3>Atelier d'usinage de pr\u00e9cision CNC<\/h3>\n<p><img decoding=\"async\" src=\"\/wp-content\/uploads\/factory-11.5.webp\"\/><\/p>\n<h3>Entrep\u00f4t de produits finis et d'exportation<\/h3>\n<p><img decoding=\"async\" src=\"\/wp-content\/uploads\/factory-12.webp\"\/><\/p>\n<p><img decoding=\"async\" src=\"\/wp-content\/uploads\/factory-13.webp\"\/><\/p>\n<p><img decoding=\"async\" src=\"\/wp-content\/uploads\/factory-14.webp\"\/><\/p>\n<h2>FAQ<\/h2>\n<p><p><b>1) Qu'est-ce qu'un profil\u00e9 extrud\u00e9 en alliage d'aluminium pour canal de sol en verre ?<\/b><\/p>\n<p>Un profil\u00e9 en alliage d'aluminium extrud\u00e9 pour les planchers en verre Le canal de plancher est un profil\u00e9 en aluminium fabriqu\u00e9 avec pr\u00e9cision et con\u00e7u pour accueillir en toute s\u00e9curit\u00e9 les panneaux de verre dans les installations de plancher.<br \/>\n<\/p><br \/>\n<br \/>\n<p><b>2) Quelles sont les principales caract\u00e9ristiques d'un profil\u00e9 en alliage d'aluminium pour canal de plancher en verre ?<\/b><\/p>\n<p>Les principales caract\u00e9ristiques sont l'extrusion \u00e0 haute r\u00e9sistance, la r\u00e9sistance \u00e0 la corrosion, les tol\u00e9rances pr\u00e9cises, les longueurs personnalisables et l'int\u00e9gration transparente avec les syst\u00e8mes de rev\u00eatement de sol en verre.<br \/>\n<\/p><br \/>\n<br \/>\n<p><b>3. Pourquoi choisir les profil\u00e9s extrud\u00e9s en alliage d'aluminium pour les applications de canaux de plancher en verre ?<\/b><\/p>\n<p>Les profil\u00e9s extrud\u00e9s en alliage d'aluminium offrent une capacit\u00e9 de charge sup\u00e9rieure, une conception l\u00e9g\u00e8re, une excellente durabilit\u00e9 et une esth\u00e9tique am\u00e9lior\u00e9e pour les projets architecturaux modernes.<br \/>\n<\/p><br \/>\n<br \/>\n<p><b>4. Quels sont les avantages de la r\u00e9sistance \u00e0 la corrosion pour les profil\u00e9s de sol en verre ?<\/b><\/p>\n<p>Les profil\u00e9s en alliage d'aluminium pour canaux de sol en verre, r\u00e9sistants \u00e0 la corrosion, garantissent des performances \u00e0 long terme dans des environnements humides ou ext\u00e9rieurs, r\u00e9duisant l'entretien et prolongeant la dur\u00e9e de vie.<br \/>\n<\/p><br \/>\n<br \/>\n<p><b>5. les profil\u00e9s extrud\u00e9s en alliage d'aluminium peuvent-ils \u00eatre personnalis\u00e9s pour diff\u00e9rents mod\u00e8les de canaux de plancher en verre ?<\/b><\/p>\n<p>Oui, les profil\u00e9s extrud\u00e9s en alliage d'aluminium pour canaux de plancher en verre peuvent \u00eatre personnalis\u00e9s en termes de sections, de finitions et d'anodisation pour r\u00e9pondre \u00e0 des exigences architecturales sp\u00e9cifiques.<br \/>\n<\/p><br \/>\n<br \/>\n<p><b>6. quels sont les avantages des profil\u00e9s en aluminium par rapport \u00e0 l'acier pour les syst\u00e8mes de canaux de plancher en verre ?<\/b><\/p>\n<p>Les profil\u00e9s en alliage d'aluminium pour canaux de plancher en verre sont plus l\u00e9gers, plus faciles \u00e0 installer, naturellement r\u00e9sistants \u00e0 la corrosion et offrent de meilleures performances thermiques que les profil\u00e9s en acier.<br \/>\n<\/p><br \/>\n<br \/>\n<p><b>7.Les profil\u00e9s extrud\u00e9s en alliage d'aluminium pour les planchers en verre sont-ils respectueux de l'environnement ?<\/b><\/p>\n<p>Les profil\u00e9s extrud\u00e9s en alliage d'aluminium sont recyclables, leur production est \u00e9conome en \u00e9nergie et ils contribuent aux pratiques de construction durable pour les constructions certifi\u00e9es \u00e9cologiques.<br \/>\n<\/p><br \/>\n<br \/>\n<p><b>8. comment installer un profil\u00e9 en alliage d'aluminium pour un canal de plancher en verre ?<\/b><\/p>\n<p>L'installation consiste \u00e0 placer le canal extrud\u00e9 dans le sous-plancher, \u00e0 le fixer \u00e0 l'aide d'ancrages ou d'adh\u00e9sifs et \u00e0 placer les panneaux de verre tremp\u00e9 dans la rainure du profil\u00e9.<br \/>\n<\/p><br \/>\n<br \/>\n<p><b>9. Quelles capacit\u00e9s de charge les profil\u00e9s en alliage d'aluminium pour planchers en verre peuvent-ils supporter ?<\/b><\/p>\n<p>Les profil\u00e9s extrud\u00e9s en alliage d'aluminium pour plancher en verre peuvent \u00eatre con\u00e7us pour supporter des charges de pi\u00e9tons et de v\u00e9hicules l\u00e9gers, avec des capacit\u00e9s allant jusqu'\u00e0 500 kg par m\u00e8tre lin\u00e9aire en fonction de la conception.<br \/>\n<\/p><br \/>\n<br \/>\n<p><b>10. o\u00f9 puis-je me procurer des profil\u00e9s extrud\u00e9s en alliage d'aluminium de haute qualit\u00e9 pour les canaux de plancher en verre ?<\/b><\/p>\n<p>Les principaux fabricants et fournisseurs de profil\u00e9s extrud\u00e9s en alliage d'aluminium pour planchers en verre proposent une distribution mondiale, des certifications ISO et une assistance technique pour les solutions de planchers en verre.<br \/>\n<\/p><br \/><\/p>","protected":false},"featured_media":6243,"template":"","categories":[58],"class_list":["post-6244","product","type-product","status-publish","has-post-thumbnail","hentry","category-aluminium-extrusion-profiles"],"meta_box":{"hilight_text_group":{"product_hilight_text":"<li>Precision extrusion ensures secure and stable glass floor channel installation<\/li>\r\r\n<li>High-strength aluminum alloy provides excellent load-bearing capacity<\/li>\r\r\n<li>Corrosion-resistant finish ideal for indoor and outdoor environments<\/li>\r\r\n<li>Compatible with various glass thicknesses and flooring systems<\/li>\r\r\n<li>Customizable profiles to meet specific architectural design requirements<\/li>","product_chanpin_chanpin":"<li><a href=\"https:\/\/sinoextrud.com\/product\/aluminum-extrusion-ultra-small-material-aluminum-frame-profile\/\" target=\"_blank\">Aluminum Extrusion Ultra-small Material Aluminum Frame Profile<\/a><\/li>\r\n<li><a href=\"https:\/\/sinoextrud.com\/product\/aluminum-extrusion-6061-6082-automotive-bumper-beam\/\" target=\"_blank\">Aluminum Extrusion 6061 6082 Automotive Bumper Beam<\/a><\/li>\r\n<li><a href=\"https:\/\/sinoextrud.com\/product\/aluminium-window-extrusion-profile\/\" target=\"_blank\">Aluminium Window Extrusion Profile<\/a><\/li>\r\n<li><a href=\"https:\/\/sinoextrud.com\/product\/aluminium-extrusion-frameless-glass-railing-aluminum-profiles\/\" target=\"_blank\">Aluminium Extrusion Frameless Glass Railing Aluminum Profiles<\/a><\/li>\r\n<li><a href=\"https:\/\/sinoextrud.com\/product\/extruded-aluminum-alloy-profile-for-glass-floor-channel\/\" target=\"_blank\">Extruded Aluminum Alloy Profile For Glass Floor Channel<\/a><\/li>\r\n<li><a href=\"https:\/\/sinoextrud.com\/product\/aluminum-extrusion-aerospace-grade-2024-aluminum-alloy-tubes\/\" target=\"_blank\">Aluminum Extrusion Aerospace-Grade 2024 Aluminum Alloy Tubes<\/a><\/li>\r\n<li><a href=\"https:\/\/sinoextrud.com\/product\/aluminum-casement-door\/\" target=\"_blank\">Aluminum Casement Door<\/a><\/li>\r\n<li><a href=\"https:\/\/sinoextrud.com\/product\/6063t6-aluminium-profile-corner\/\" target=\"_blank\">6063T6 Aluminium Profile Corner<\/a><\/li>\r\n<li><a href=\"https:\/\/sinoextrud.com\/product\/extruded-aluminum-sliding-channel\/\" target=\"_blank\">Extruded Aluminum Sliding Channel<\/a><\/li>\r\n<li><a href=\"https:\/\/sinoextrud.com\/product\/aluminum-profile-t-slot\/\" target=\"_blank\">Aluminum Profile T Slot<\/a><\/li>\r\n<li><a href=\"https:\/\/sinoextrud.com\/product\/extruded-profiles-aluminium\/\" target=\"_blank\">Extruded Profiles Aluminium<\/a><\/li>"},"feature_list":[]},"_links":{"self":[{"href":"https:\/\/sinoextrud.com\/fr\/wp-json\/wp\/v2\/product\/6244","targetHints":{"allow":["GET"]}}],"collection":[{"href":"https:\/\/sinoextrud.com\/fr\/wp-json\/wp\/v2\/product"}],"about":[{"href":"https:\/\/sinoextrud.com\/fr\/wp-json\/wp\/v2\/types\/product"}],"wp:featuredmedia":[{"embeddable":true,"href":"https:\/\/sinoextrud.com\/fr\/wp-json\/wp\/v2\/media\/6243"}],"wp:attachment":[{"href":"https:\/\/sinoextrud.com\/fr\/wp-json\/wp\/v2\/media?parent=6244"}],"wp:term":[{"taxonomy":"category","embeddable":true,"href":"https:\/\/sinoextrud.com\/fr\/wp-json\/wp\/v2\/categories?post=6244"}],"curies":[{"name":"wp","href":"https:\/\/api.w.org\/{rel}","templated":true}]}}