{"id":6222,"date":"2025-05-26T02:57:14","date_gmt":"2025-05-26T02:57:14","guid":{"rendered":"https:\/\/sinoextrud.com\/product\/aluminum-extrusion-l-shaped-angle-aluminum-profile-in-china\/"},"modified":"2025-06-24T03:55:13","modified_gmt":"2025-06-24T03:55:13","slug":"profile-daluminium-extrude-en-forme-de-l-profile-daluminium-en-chine","status":"publish","type":"product","link":"https:\/\/sinoextrud.com\/fr\/product\/aluminum-extrusion-l-shaped-angle-aluminum-profile-in-china\/","title":{"rendered":"Extrusion d'aluminium Profil\u00e9 d'aluminium en forme de L en Chine"},"content":{"rendered":"<h2>D\u00e9tails des produits<\/h2>\n<table class=\"custom-table\">\n<tr>\n<td class=\"label\">Article :<\/td>\n<td>Extrusion d'aluminium Profil\u00e9 d'aluminium en forme de L Fabricant et fournisseur de profil\u00e9s d'aluminium en Chine<\/td>\n<\/tr>\n<tr>\n<td class=\"label\">Application :<\/td>\n<td>Industrie, architecture, \u00e9lectronique<\/td>\n<\/tr>\n<tr>\n<td class=\"label\">Forme :<\/td>\n<td>En forme de L, en forme de I<\/td>\n<\/tr>\n<tr>\n<td class=\"label\">D\u00e9roulement du processus :<\/td>\n<td>Matrice ouverte-Extrusion-Traitement de surface-Usinage CNC<\/td>\n<\/tr>\n<tr>\n<td class=\"label\">Standard :<\/td>\n<td>qualit\u00e9 moyenne et \u00e9lev\u00e9e<\/td>\n<\/tr>\n<tr>\n<td class=\"label\">D\u00e9lai de livraison :<\/td>\n<td>25-30 jours<\/td>\n<\/tr>\n<tr>\n<td class=\"label\">D\u00e9lai de paiement :<\/td>\n<td>T\/T(30% Deposit), L\/C<\/td>\n<\/tr>\n<tr>\n<td class=\"label\">Port :<\/td>\n<td>Guangzhou, Shenzhen<\/td>\n<\/tr>\n<tr>\n<td class=\"label\">Mat\u00e9riau :<\/td>\n<td>6063, 6061<\/td>\n<\/tr>\n<tr>\n<td class=\"label\">Nom du produit :<\/td>\n<td>Angle en aluminium<\/td>\n<\/tr>\n<tr>\n<td class=\"label\">Alliage ou non :<\/td>\n<td>Alliage d'aluminium<\/td>\n<\/tr>\n<tr>\n<td class=\"label\">Garantie :<\/td>\n<td>La couleur de la surface peut rester stable pendant 10 \u00e0 20 ans.<\/td>\n<\/tr>\n<tr>\n<td class=\"label\">Traitement de surface :<\/td>\n<td>rev\u00eatement en poudre, \u00e9lectrophor\u00e8se, grain de bois, anodis\u00e9, bross\u00e9, polissage<\/td>\n<\/tr>\n<tr>\n<td class=\"label\">MOQ :<\/td>\n<td>200KG<\/td>\n<\/tr>\n<tr>\n<td class=\"label\">Service de traitement :<\/td>\n<td>Pliage, d\u00e9roulage, soudage, poin\u00e7onnage, d\u00e9coupage<\/td>\n<\/tr>\n<tr>\n<td class=\"label\">Longueur :<\/td>\n<td>1-9M ou sur mesure<\/td>\n<\/tr>\n<\/table>\n<h2>Notre base de production<\/h2>\n<h3>Panorama de l'usine<\/h3>\n<p><img decoding=\"async\" src=\"\/wp-content\/uploads\/factory-01.webp\"\/><\/p>\n<h3>Atelier de fabrication de barres d'aluminium<\/h3>\n<p><img decoding=\"async\" src=\"\/wp-content\/uploads\/factory-02.webp\"\/><\/p>\n<\/p>\n<p><img decoding=\"async\" src=\"\/wp-content\/uploads\/factory-03.webp\"\/><\/p>\n<h3>Entrep\u00f4t de stockage des moules<\/h3>\n<p><img decoding=\"async\" src=\"\/wp-content\/uploads\/factory-04.webp\"\/><\/p>\n<h3>43 lignes d'extrusion d'aluminium (500 \u00e0 5500 tonnes)<\/h3>\n<p><img decoding=\"async\" src=\"\/wp-content\/uploads\/factory-05.webp\"\/><\/p>\n<p><img decoding=\"async\" src=\"\/wp-content\/uploads\/factory-06.webp\"\/><\/p>\n<p><img decoding=\"async\" src=\"\/wp-content\/uploads\/factory-07.webp\"\/><\/p>\n<h3>Atelier de peinture en poudre<\/h3>\n<p><img decoding=\"async\" src=\"\/wp-content\/uploads\/factory-09.webp\"\/><\/p>\n<h3>Atelier d'anodisation<\/h3>\n<p><img decoding=\"async\" src=\"\/wp-content\/uploads\/factory-10.webp\"\/><\/p>\n<h3>Atelier sur le traitement en profondeur<\/h3>\n<p><img decoding=\"async\" src=\"\/wp-content\/uploads\/factory-11.webp\"\/><\/p>\n<h3>Atelier d'usinage de pr\u00e9cision CNC<\/h3>\n<p><img decoding=\"async\" src=\"\/wp-content\/uploads\/factory-11.5.webp\"\/><\/p>\n<h3>Entrep\u00f4t de produits finis et d'exportation<\/h3>\n<p><img decoding=\"async\" src=\"\/wp-content\/uploads\/factory-12.webp\"\/><\/p>\n<p><img decoding=\"async\" src=\"\/wp-content\/uploads\/factory-13.webp\"\/><\/p>\n<p><img decoding=\"async\" src=\"\/wp-content\/uploads\/factory-14.webp\"\/><\/p>\n<h2>FAQ<\/h2>\n<p><b>1) Qu'est-ce qu'un profil\u00e9 d'aluminium extrud\u00e9 en forme de L ? <\/b><\/p>\n<p> Il s'agit d'un profil\u00e9 en aluminium extrud\u00e9 avec une forme en L \u00e0 90 degr\u00e9s, couramment utilis\u00e9 pour l'ossature structurelle, la protection des bords et le soutien dans diverses applications industrielles et de construction.\n<\/p>\n<p><\/p>\n<p><b>2. quels sont les avantages de l'utilisation de profil\u00e9s en aluminium en forme de L ? <\/b><\/p>\n<p> Les profil\u00e9s en aluminium en forme de L offrent une excellente solidit\u00e9, une r\u00e9sistance \u00e0 la corrosion, des propri\u00e9t\u00e9s de l\u00e9g\u00e8ret\u00e9 et une installation facile pour une utilisation \u00e0 l'int\u00e9rieur et \u00e0 l'ext\u00e9rieur.\n<\/p>\n<p><\/p>\n<p><b>3) Pourquoi choisir un fabricant chinois de profil\u00e9s d'extrusion en aluminium \u00e0 angle droit ? <\/b><\/p>\n<p> Les fabricants bas\u00e9s en Chine offrent des prix comp\u00e9titifs, une grande capacit\u00e9 de production, des services d'extrusion sur mesure et une livraison mondiale pour les profil\u00e9s en L en aluminium.\n<\/p>\n<p><\/p>\n<p><b>4) Quelles sont les industries qui utilisent les profil\u00e9s d'extrusion en aluminium en forme de L ? <\/b><\/p>\n<p> Ces profil\u00e9s sont largement utilis\u00e9s dans la construction, l'ameublement, l'automobile, les syst\u00e8mes d'\u00e9tag\u00e8res, la charpente et les structures de support d'\u00e9clairage LED.\n<\/p>\n<p><\/p>\n<p><b>5. les fournisseurs chinois peuvent-ils personnaliser les profil\u00e9s en aluminium en forme de L ? <\/b><\/p>\n<p> Oui, les fabricants professionnels chinois proposent des longueurs, des \u00e9paisseurs, des qualit\u00e9s d'alliage, des perforations et des finitions de surface sur mesure pour les profil\u00e9s d'aluminium en forme de L.\n<\/p>\n<p><\/p>\n<p><b>6. les profil\u00e9s en L en aluminium sont-ils r\u00e9sistants \u00e0 la corrosion ? <\/b><\/p>\n<p> Les angles en L en aluminium sont naturellement r\u00e9sistants \u00e0 la corrosion et peuvent \u00eatre anodis\u00e9s ou rev\u00eatus de poudre pour une durabilit\u00e9 et une esth\u00e9tique accrues.\n<\/p>\n<p><\/p>\n<p><b>7. Quelles sont les finitions disponibles aupr\u00e8s des fournisseurs chinois pour les profil\u00e9s en aluminium en forme de L ? <\/b><\/p>\n<p> Les finitions courantes comprennent l'anodisation, le rev\u00eatement par poudre, le brossage, la peinture et la finition en usine pour r\u00e9pondre \u00e0 diff\u00e9rents besoins fonctionnels et d\u00e9coratifs.\n<\/p>\n<p><\/p>\n<p><b>8. les fabricants chinois proposent-ils des services OEM\/ODM pour les profil\u00e9s en L en aluminium ? <\/b><\/p>\n<p> Oui, de nombreux fournisseurs d'extrusion d'aluminium en Chine proposent des services OEM et ODM, y compris l'assistance \u00e0 la conception, l'outillage et la production de marques priv\u00e9es.\n<\/p>\n<p><\/p>\n<p><b>9. les profil\u00e9s en L d'extrusion d'aluminium sont-ils adapt\u00e9s aux applications structurelles ? <\/b><\/p>\n<p> Oui, gr\u00e2ce \u00e0 leur rapport r\u00e9sistance\/poids \u00e9lev\u00e9, les profil\u00e9s en aluminium en forme de L sont id\u00e9aux pour le renforcement structurel et l'assemblage d'angles dans diverses structures.\n<\/p>\n<p><\/p>\n<p><b>10. comment trouver un fournisseur fiable de profil\u00e9s en L en aluminium en Chine ? <\/b><\/p>\n<p> Recherchez des fabricants certifi\u00e9s ISO disposant d'installations d'extrusion internes, d'une solide exp\u00e9rience en mati\u00e8re d'exportation, de capacit\u00e9s de personnalisation et d'avis positifs de la part de leurs clients.\n<\/p>\n<p><\/p>","protected":false},"featured_media":6221,"template":"","categories":[58],"class_list":["post-6222","product","type-product","status-publish","has-post-thumbnail","hentry","category-aluminium-extrusion-profiles"],"meta_box":{"hilight_text_group":{"product_hilight_text":"<li>L-shaped design offers versatile support for framing and edge protection<\/li>\r\r\n<li>Made from high-quality aluminum with excellent strength-to-weight ratio<\/li>\r\r\n<li>Corrosion-resistant for indoor and outdoor applications<\/li>\r\r\n<li>Available in various sizes, thicknesses, and surface finishes<\/li>\r\r\n<li>Reliable supply and customization from experienced Chinese manufacturer<\/li>","product_chanpin_chanpin":"<li><a href=\"https:\/\/sinoextrud.com\/product\/aluminum-extrusion-aluminum-framing-profiles-for-sunroom\/\" target=\"_blank\">Aluminum Extrusion Aluminum Framing Profiles For Sunroom<\/a><\/li>\r\n<li><a href=\"https:\/\/sinoextrud.com\/product\/aluminum-extrusion-6063-large-diameter-aluminum-tube\/\" target=\"_blank\">Aluminum Extrusion 6063 Large Diameter Aluminum Tube<\/a><\/li>\r\n<li><a href=\"https:\/\/sinoextrud.com\/product\/aluminium-extrusion-3003-6082-7003-7075-aluminum-profile\/\" target=\"_blank\">Aluminium Extrusion 3003 6082 7003 7075 Aluminum Profile<\/a><\/li>\r\n<li><a href=\"https:\/\/sinoextrud.com\/product\/aluminum-extruded-aluminum-roofing-profiles\/\" target=\"_blank\">Aluminum Extruded Aluminum Roofing Profiles<\/a><\/li>\r\n<li><a href=\"https:\/\/sinoextrud.com\/product\/aluminum-extrusion-l-shaped-angle-aluminum-profile-in-china\/\" target=\"_blank\">Aluminum Extrusion L-shaped Angle Aluminum Profile in China<\/a><\/li>\r\n<li><a href=\"https:\/\/sinoextrud.com\/product\/aluminum-extrusion-1060-2024-3003-5082-6061-6082-7003-7005-7075-aluminum-alloy-profile\/\" target=\"_blank\">Aluminum Extrusion 1060 2024 3003 5082 6061 6082 7003 7005 7075 Aluminum Alloy Profile<\/a><\/li>\r\n<li><a href=\"https:\/\/sinoextrud.com\/product\/aluminum-extrusion-bathroom-mirror-cabinet-aluminum-profile\/\" target=\"_blank\">Aluminum Extrusion Bathroom Mirror Cabinet Aluminum Profile<\/a><\/li>\r\n<li><a href=\"https:\/\/sinoextrud.com\/product\/aluminum-extrusion-advertising-signs-aluminum-frame-profile\/\" target=\"_blank\">Aluminum Extrusion Advertising Signs Aluminum Frame Profile<\/a><\/li>\r\n<li><a href=\"https:\/\/sinoextrud.com\/product\/aluminum-extrusion-7003-7075-aluminum-profile-cnc\/\" target=\"_blank\">Aluminum Extrusion 7003 7075 Pilates Equipment Aluminum Profile CNC Precision Aluminum Profile<\/a><\/li>\r\n<li><a href=\"https:\/\/sinoextrud.com\/product\/aluminium-glass-profile\/\" target=\"_blank\">Aluminium Glass Profile<\/a><\/li>\r\n<li><a href=\"https:\/\/sinoextrud.com\/product\/extrusion-led-aluminum-channel\/\" target=\"_blank\">Extrusion Led Aluminum Channel<\/a><\/li>"},"feature_list":[]},"_links":{"self":[{"href":"https:\/\/sinoextrud.com\/fr\/wp-json\/wp\/v2\/product\/6222","targetHints":{"allow":["GET"]}}],"collection":[{"href":"https:\/\/sinoextrud.com\/fr\/wp-json\/wp\/v2\/product"}],"about":[{"href":"https:\/\/sinoextrud.com\/fr\/wp-json\/wp\/v2\/types\/product"}],"wp:featuredmedia":[{"embeddable":true,"href":"https:\/\/sinoextrud.com\/fr\/wp-json\/wp\/v2\/media\/6221"}],"wp:attachment":[{"href":"https:\/\/sinoextrud.com\/fr\/wp-json\/wp\/v2\/media?parent=6222"}],"wp:term":[{"taxonomy":"category","embeddable":true,"href":"https:\/\/sinoextrud.com\/fr\/wp-json\/wp\/v2\/categories?post=6222"}],"curies":[{"name":"wp","href":"https:\/\/api.w.org\/{rel}","templated":true}]}}