{"id":6216,"date":"2025-05-26T02:49:26","date_gmt":"2025-05-26T02:49:26","guid":{"rendered":"https:\/\/sinoextrud.com\/product\/aluminum-extrusion-6063-large-diameter-aluminum-tube\/"},"modified":"2025-06-24T03:55:06","modified_gmt":"2025-06-24T03:55:06","slug":"extrusion-aluminium-6063-tube-aluminium-grand-diametre","status":"publish","type":"product","link":"https:\/\/sinoextrud.com\/fr\/product\/aluminum-extrusion-6063-large-diameter-aluminum-tube\/","title":{"rendered":"Extrusion d'aluminium 6063 Tube en aluminium de grand diam\u00e8tre"},"content":{"rendered":"<h2>D\u00e9tails des produits<\/h2>\n<table class=\"custom-table\">\n<tr>\n<td class=\"label\">Objet<\/td>\n<td>extrusion aluminium 6063 tube aluminium grand diam\u00e8tre<\/td>\n<\/tr>\n<tr>\n<td class=\"label\">Mat\u00e9riau<\/td>\n<td>Alliage d'aluminium 6063<\/td>\n<\/tr>\n<tr>\n<td class=\"label\">Options de diam\u00e8tre<\/td>\n<td>Personnalisable (par exemple, 50 mm, 100 mm, 150 mm, etc.)<\/td>\n<\/tr>\n<tr>\n<td class=\"label\">\u00c9paisseur de la paroi<\/td>\n<td>Personnalisable (par exemple, 2 mm, 3 mm, 5 mm, etc.)<\/td>\n<\/tr>\n<tr>\n<td class=\"label\">Longueur<\/td>\n<td>Longueurs standard (6m) ou sur mesure<\/td>\n<\/tr>\n<tr>\n<td class=\"label\">R\u00e9sistance \u00e0 la traction<\/td>\n<td>\u2265 240 MPa<\/td>\n<\/tr>\n<tr>\n<td class=\"label\">Limite d'\u00e9lasticit\u00e9<\/td>\n<td>\u2265 160 MPa<\/td>\n<\/tr>\n<tr>\n<td class=\"label\">\u00c9longation<\/td>\n<td>\u2265 10%<\/td>\n<\/tr>\n<tr>\n<td class=\"label\">Finition de la surface<\/td>\n<td>Anodis\u00e9, rev\u00eatement par poudre, \u00e9lectrophor\u00e8se, grain de bois, bross\u00e9, polissage, finition en usine.<\/td>\n<\/tr>\n<tr>\n<td class=\"label\">R\u00e9sistance \u00e0 la corrosion<\/td>\n<td>Excellente gr\u00e2ce \u00e0 la couche d'oxyde naturel<\/td>\n<\/tr>\n<tr>\n<td class=\"label\">Poids<\/td>\n<td>L\u00e9ger (le poids sp\u00e9cifique d\u00e9pend des dimensions)<\/td>\n<\/tr>\n<tr>\n<td class=\"label\">Temp\u00e9rer<\/td>\n<td>T5, T6 (traitement thermique pour une meilleure r\u00e9sistance)<\/td>\n<\/tr>\n<tr>\n<td class=\"label\">Conformit\u00e9 aux normes<\/td>\n<td>ISO 9001, RoHS<\/td>\n<\/tr>\n<tr>\n<td class=\"label\">Emballage<\/td>\n<td>Emball\u00e9s et conditionn\u00e9s dans des caisses ou des palettes solides<\/td>\n<\/tr>\n<tr>\n<td class=\"label\">D\u00e9lai d'ex\u00e9cution<\/td>\n<td>15-25 jours, selon la taille de la commande<\/td>\n<\/tr>\n<tr>\n<td class=\"label\">Applications<\/td>\n<td>Construction, transport, machines, meubles<\/td>\n<\/tr>\n<tr>\n<td class=\"label\">Traitement en profondeur<\/td>\n<td>D\u00e9coupage, per\u00e7age, usinage, poin\u00e7onnage, pliage, taraudage, etc.<\/td>\n<\/tr>\n<\/table>\n<h2>Notre base de production<\/h2>\n<h3>Panorama de l'usine<\/h3>\n<p><img decoding=\"async\" src=\"\/wp-content\/uploads\/factory-01.webp\"\/><\/p>\n<h3>Atelier de fabrication de barres d'aluminium<\/h3>\n<p><img decoding=\"async\" src=\"\/wp-content\/uploads\/factory-02.webp\"\/><\/p>\n<p><img decoding=\"async\" src=\"\/wp-content\/uploads\/factory-03.webp\"\/><\/p>\n<h3>Entrep\u00f4t de stockage des moules<\/h3>\n<p><img decoding=\"async\" src=\"\/wp-content\/uploads\/factory-04.webp\"\/><\/p>\n<h3>43 lignes d'extrusion d'aluminium (500-5500 tonnes)<\/h3>\n<p><img decoding=\"async\" src=\"\/wp-content\/uploads\/factory-05.webp\"\/><\/p>\n<p><img decoding=\"async\" src=\"\/wp-content\/uploads\/factory-06.webp\"\/><\/p>\n<p><img decoding=\"async\" src=\"\/wp-content\/uploads\/factory-07.webp\"\/><\/p>\n<h3>Atelier de peinture en poudre<\/h3>\n<p><img decoding=\"async\" src=\"\/wp-content\/uploads\/factory-09.webp\"\/><\/p>\n<h3>Atelier d'anodisation<\/h3>\n<p><img decoding=\"async\" src=\"\/wp-content\/uploads\/factory-10.webp\"\/><\/p>\n<h3>Atelier sur le traitement en profondeur<\/h3>\n<p><img decoding=\"async\" src=\"\/wp-content\/uploads\/factory-11.webp\"\/><\/p>\n<h3>Atelier d'usinage de pr\u00e9cision CNC<\/h3>\n<p><img decoding=\"async\" src=\"\/wp-content\/uploads\/factory-11.5.webp\"\/><\/p>\n<h3>Entrep\u00f4t de produits finis et d'exportation<\/h3>\n<p><img decoding=\"async\" src=\"\/wp-content\/uploads\/factory-12.webp\"\/><\/p>\n<p><img decoding=\"async\" src=\"\/wp-content\/uploads\/factory-13.webp\"\/><\/p>\n<p><img decoding=\"async\" src=\"\/wp-content\/uploads\/factory-14.webp\"\/><\/p>\n<h2>FAQ<\/h2>\n<p><p><b>1) Qu'est-ce qu'un tube en aluminium extrud\u00e9 6063 de grand diam\u00e8tre ? <\/b><\/p>\n<p> Il s'agit d'un profil\u00e9 cylindrique creux en aluminium fabriqu\u00e9 \u00e0 partir d'un alliage 6063, pr\u00e9sentant un grand diam\u00e8tre et une surface lisse, utilis\u00e9 dans des applications structurelles et architecturales.<br \/>\n<\/p><br \/>\n<br \/>\n<p><b>2) Quels sont les avantages des tubes en aluminium 6063 de grand diam\u00e8tre ? <\/b><\/p>\n<p> Les tubes en aluminium 6063 offrent une excellente r\u00e9sistance \u00e0 la corrosion, une bonne soudabilit\u00e9, une finition de surface lisse et sont id\u00e9aux pour une r\u00e9sistance structurelle avec un attrait esth\u00e9tique.<br \/>\n<\/p><br \/>\n<br \/>\n<p><b>3. pourquoi choisir l'alliage d'aluminium 6063 pour les tubes de grand diam\u00e8tre ? <\/b><\/p>\n<p> L'alliage 6063 est connu pour sa grande r\u00e9sistance \u00e0 la corrosion, sa r\u00e9sistance mod\u00e9r\u00e9e et son excellente finition de surface, ce qui le rend parfait pour une utilisation architecturale et ext\u00e9rieure.<br \/>\n<\/p><br \/>\n<br \/>\n<p><b>4) O\u00f9 les tubes en aluminium 6063 de grand diam\u00e8tre sont-ils couramment utilis\u00e9s ? <\/b><\/p>\n<p> Ils sont utilis\u00e9s dans les structures, les colonnes architecturales, les applications marines, les syst\u00e8mes de transport et les machines industrielles.<br \/>\n<\/p><br \/>\n<br \/>\n<p><b>5. le tube en aluminium 6063 est-il adapt\u00e9 aux applications ext\u00e9rieures ? <\/b><\/p>\n<p> Oui, l'aluminium 6063 pr\u00e9sente une excellente r\u00e9sistance aux intemp\u00e9ries, \u00e0 l'exposition aux UV et \u00e0 l'humidit\u00e9, ce qui le rend id\u00e9al pour les utilisations structurelles et d\u00e9coratives \u00e0 l'ext\u00e9rieur.<br \/>\n<\/p><br \/>\n<br \/>\n<p><b>6. les tubes d'aluminium de grand diam\u00e8tre peuvent-ils \u00eatre personnalis\u00e9s ? <\/b><\/p>\n<p> Absolument, ils peuvent \u00eatre extrud\u00e9s en diff\u00e9rents diam\u00e8tres, \u00e9paisseurs de paroi, longueurs et finitions pour r\u00e9pondre \u00e0 des exigences sp\u00e9cifiques de conception et d'ing\u00e9nierie.<br \/>\n<\/p><br \/>\n<br \/>\n<p><b>7) Quelles sont les finitions de surface disponibles pour les tubes en aluminium 6063 ? <\/b><\/p>\n<p> Les finitions disponibles comprennent la finition en usine, l'anodisation, le rev\u00eatement par poudre et le brossage, assurant \u00e0 la fois la protection et l'am\u00e9lioration esth\u00e9tique.<br \/>\n<\/p><br \/>\n<br \/>\n<p><b>8. les tubes extrud\u00e9s en aluminium 6063 sont-ils faciles \u00e0 fabriquer ? <\/b><\/p>\n<p> Oui, l'aluminium 6063 est facile \u00e0 d\u00e9couper, \u00e0 percer, \u00e0 souder et \u00e0 usiner, ce qui le rend particuli\u00e8rement adapt\u00e9 \u00e0 la fabrication et \u00e0 l'assemblage sur mesure.<br \/>\n<\/p><br \/>\n<br \/>\n<p><b>9. les tubes d'aluminium de grand diam\u00e8tre offrent-ils une r\u00e9sistance structurelle ? <\/b><\/p>\n<p> En effet, malgr\u00e9 leur l\u00e9g\u00e8ret\u00e9, les tubes en aluminium 6063 de grand diam\u00e8tre offrent une forte capacit\u00e9 de charge pour une large gamme d'applications structurelles.<br \/>\n<\/p><br \/>\n<br \/>\n<p><b>10. Comment l'aluminium 6063 se compare-t-il aux autres alliages pour les tubes de grande taille ? <\/b><\/p>\n<p> Le 6063 offre une qualit\u00e9 de surface et une r\u00e9sistance \u00e0 la corrosion sup\u00e9rieures \u00e0 celles du 6061, ce qui en fait le choix privil\u00e9gi\u00e9 pour les structures architecturales et d\u00e9coratives visibles.<br \/>\n<\/p><br \/><\/p>","protected":false},"featured_media":6215,"template":"","categories":[58],"class_list":["post-6216","product","type-product","status-publish","has-post-thumbnail","hentry","category-aluminium-extrusion-profiles"],"meta_box":{"hilight_text_group":{"product_hilight_text":"<li>Made from 6063 alloy with excellent corrosion resistance and surface finish<\/li>\r\r\n<li>Large diameter ideal for structural, architectural, and transportation uses<\/li>\r\r\n<li>Good weldability and machinability for easy fabrication<\/li>\r\r\n<li>Lightweight yet strong, reducing load without compromising strength<\/li>\r\r\n<li>Available in custom lengths and wall thicknesses for specific applications<\/li>","product_chanpin_chanpin":"<li><a href=\"https:\/\/sinoextrud.com\/product\/aluminum-extrusion-car-truck-aluminum-profile\/\" target=\"_blank\">Aluminum Extrusion Car & Truck Aluminum Profile<\/a><\/li>\r\n<li><a href=\"https:\/\/sinoextrud.com\/product\/aluminum-extrusion-aluminum-fence-panel-profile\/\" target=\"_blank\">Aluminum Extrusion Aluminum Fence Panel Profile<\/a><\/li>\r\n<li><a href=\"https:\/\/sinoextrud.com\/product\/aluminum-extrusion-sunflower-aluminum-profile\/\" target=\"_blank\">Aluminum Extrusion Sunflower Aluminum Profile<\/a><\/li>\r\n<li><a href=\"https:\/\/sinoextrud.com\/product\/aluminum-extrusion-aluminum-framing-profiles-for-sunroom\/\" target=\"_blank\">Aluminum Extrusion Aluminum Framing Profiles For Sunroom<\/a><\/li>\r\n<li><a href=\"https:\/\/sinoextrud.com\/product\/aluminum-extrusion-6063-large-diameter-aluminum-tube\/\" target=\"_blank\">Aluminum Extrusion 6063 Large Diameter Aluminum Tube<\/a><\/li>\r\n<li><a href=\"https:\/\/sinoextrud.com\/product\/aluminium-extrusion-3003-6082-7003-7075-aluminum-profile\/\" target=\"_blank\">Aluminium Extrusion 3003 6082 7003 7075 Aluminum Profile<\/a><\/li>\r\n<li><a href=\"https:\/\/sinoextrud.com\/product\/aluminum-extruded-aluminum-roofing-profiles\/\" target=\"_blank\">Aluminum Extruded Aluminum Roofing Profiles<\/a><\/li>\r\n<li><a href=\"https:\/\/sinoextrud.com\/product\/aluminum-extrusion-l-shaped-angle-aluminum-profile-in-china\/\" target=\"_blank\">Aluminum Extrusion L-shaped Angle Aluminum Profile in China<\/a><\/li>\r\n<li><a href=\"https:\/\/sinoextrud.com\/product\/aluminum-extrusion-1060-2024-3003-5082-6061-6082-7003-7005-7075-aluminum-alloy-profile\/\" target=\"_blank\">Aluminum Extrusion 1060 2024 3003 5082 6061 6082 7003 7005 7075 Aluminum Alloy Profile<\/a><\/li>\r\n<li><a href=\"https:\/\/sinoextrud.com\/product\/extruded-aluminum-flat-bar-6061-7075\/\" target=\"_blank\">Extruded Aluminum Flat Bar 6061 7075<\/a><\/li>\r\n<li><a href=\"https:\/\/sinoextrud.com\/product\/high-precision-aluminum-extrusion-profile-cnc-machining-accessory-parts\/\" target=\"_blank\">High Precision Aluminum extrusion Profile CNC Machining Accessory Parts<\/a><\/li>"},"feature_list":[]},"_links":{"self":[{"href":"https:\/\/sinoextrud.com\/fr\/wp-json\/wp\/v2\/product\/6216","targetHints":{"allow":["GET"]}}],"collection":[{"href":"https:\/\/sinoextrud.com\/fr\/wp-json\/wp\/v2\/product"}],"about":[{"href":"https:\/\/sinoextrud.com\/fr\/wp-json\/wp\/v2\/types\/product"}],"wp:featuredmedia":[{"embeddable":true,"href":"https:\/\/sinoextrud.com\/fr\/wp-json\/wp\/v2\/media\/6215"}],"wp:attachment":[{"href":"https:\/\/sinoextrud.com\/fr\/wp-json\/wp\/v2\/media?parent=6216"}],"wp:term":[{"taxonomy":"category","embeddable":true,"href":"https:\/\/sinoextrud.com\/fr\/wp-json\/wp\/v2\/categories?post=6216"}],"curies":[{"name":"wp","href":"https:\/\/api.w.org\/{rel}","templated":true}]}}