{"id":6204,"date":"2025-05-26T02:10:24","date_gmt":"2025-05-26T02:10:24","guid":{"rendered":"https:\/\/sinoextrud.com\/product\/aluminum-extrusion-car-truck-aluminum-profile\/"},"modified":"2025-06-24T03:54:58","modified_gmt":"2025-06-24T03:54:58","slug":"extrusion-aluminium-profile-aluminium-voiture-camion","status":"publish","type":"product","link":"https:\/\/sinoextrud.com\/fr\/product\/aluminum-extrusion-car-truck-aluminum-profile\/","title":{"rendered":"Extrusion d'aluminium Profil\u00e9 d'aluminium pour voitures et camions"},"content":{"rendered":"<h2>D\u00e9tails des produits<\/h2>\n<table class=\"custom-table\">\n<tr>\n<td class=\"label\">Nom du produit<\/td>\n<td>extrusion d'aluminium profil\u00e9 d'aluminium pour voitures et camions<\/td>\n<\/tr>\n<tr>\n<td class=\"label\">Alliage d'aluminium<\/td>\n<td>3003, 6063, 6061, 6060, 6082, 6005, 6005A et 7075<\/td>\n<\/tr>\n<tr>\n<td class=\"label\">Temp\u00e9rer<\/td>\n<td>T3-T8<\/td>\n<\/tr>\n<tr>\n<td class=\"label\">Forme<\/td>\n<td>personnalisation<\/td>\n<\/tr>\n<tr>\n<td class=\"label\">Application<\/td>\n<td>bacs \u00e0 batterie, syst\u00e8mes de gestion des collisions, cadres, poutres, garnitures, linteaux de toit, etc.<\/td>\n<\/tr>\n<tr>\n<td class=\"label\">Traitement de surface<\/td>\n<td>finition en usine, anodisation, grain de bois, rev\u00eatement en poudre, sablage, \u00e9lectrophor\u00e8se, brossage, polissage, etc.<\/td>\n<\/tr>\n<tr>\n<td class=\"label\">Traitement en profondeur CNC<\/td>\n<td>couper, percer, usiner, poin\u00e7onner, plier, tarauder, etc.<\/td>\n<\/tr>\n<tr>\n<td class=\"label\">Certifications<\/td>\n<td>CE, ISO, SGS, TUV, ROHS<\/td>\n<\/tr>\n<tr>\n<td class=\"label\">\u00c9chantillons<\/td>\n<td>\u00e9chantillon gratuit. Livraison en 1-3 jours.<\/td>\n<\/tr>\n<tr>\n<td class=\"label\">MOQ<\/td>\n<td>200KG pour chaque profil<\/td>\n<\/tr>\n<tr>\n<td class=\"label\">D\u00e9lai de livraison<\/td>\n<td>15-25 jours<\/td>\n<\/tr>\n<tr>\n<td class=\"label\">Conditions de paiement<\/td>\n<td>30% d\u00e9p\u00f4t avant la production, et le solde avant l'exp\u00e9dition.<\/td>\n<\/tr>\n<\/table>\n<h2>Notre base de production<\/h2>\n<h3>Panorama de l'usine<\/h3>\n<p><img decoding=\"async\" src=\"\/wp-content\/uploads\/factory-01.webp\"\/><\/p>\n<h3>Atelier de fabrication de barres d'aluminium<\/h3>\n<p><img decoding=\"async\" src=\"\/wp-content\/uploads\/factory-02.webp\"\/><\/p>\n<p><img decoding=\"async\" src=\"\/wp-content\/uploads\/factory-03.webp\"\/><\/p>\n<h3>Entrep\u00f4t de stockage des moules<\/h3>\n<p><img decoding=\"async\" src=\"\/wp-content\/uploads\/factory-04.webp\"\/><\/p>\n<h3>43 lignes d'extrusion d'aluminium (500 \u00e0 5500 tonnes)<\/h3>\n<p><img decoding=\"async\" src=\"\/wp-content\/uploads\/factory-05.webp\"\/><\/p>\n<p><img decoding=\"async\" src=\"\/wp-content\/uploads\/factory-06.webp\"\/><\/p>\n<p><img decoding=\"async\" src=\"\/wp-content\/uploads\/factory-07.webp\"\/><\/p>\n<h3>Atelier de peinture en poudre<\/h3>\n<p><img decoding=\"async\" src=\"\/wp-content\/uploads\/factory-09.webp\"\/><\/p>\n<h3>Atelier d'anodisation<\/h3>\n<p><img decoding=\"async\" src=\"\/wp-content\/uploads\/factory-10.webp\"\/><\/p>\n<h3>Atelier sur le traitement en profondeur<\/h3>\n<p><img decoding=\"async\" src=\"\/wp-content\/uploads\/factory-11.webp\"\/><\/p>\n<h3>Atelier d'usinage de pr\u00e9cision CNC<\/h3>\n<p><img decoding=\"async\" src=\"\/wp-content\/uploads\/factory-11.5.webp\"\/><\/p>\n<h3>Entrep\u00f4t de produits finis et d'exportation<\/h3>\n<p><img decoding=\"async\" src=\"\/wp-content\/uploads\/factory-12.webp\"\/><\/p>\n<p><img decoding=\"async\" src=\"\/wp-content\/uploads\/factory-13.webp\"\/><\/p>\n<p><img decoding=\"async\" src=\"\/wp-content\/uploads\/factory-14.webp\"\/><\/p>\n<h2>FAQ<\/h2>\n<p><p><b>1) Qu'est-ce qu'un profil\u00e9 d'extrusion en aluminium pour voitures et camions ? <\/b><\/p>\n<p> Il s'agit de profil\u00e9s d'aluminium extrud\u00e9s sur mesure, con\u00e7us pour \u00eatre utilis\u00e9s dans les structures des automobiles et des camions, et qui offrent une l\u00e9g\u00e8ret\u00e9 et une r\u00e9sistance \u00e0 la corrosion.<br \/>\n<\/p><br \/>\n<br \/>\n<p><b>2) Quels sont les avantages de l'utilisation de profil\u00e9s en aluminium dans les voitures et les camions ? <\/b><\/p>\n<p> Les profil\u00e9s en aluminium r\u00e9duisent le poids des v\u00e9hicules, am\u00e9liorent le rendement \u00e9nerg\u00e9tique, renforcent la r\u00e9sistance \u00e0 la corrosion et offrent une excellente aptitude \u00e0 la mise en forme pour les applications automobiles.<br \/>\n<\/p><br \/>\n<br \/>\n<p><b>3. pourquoi choisir l'extrusion d'aluminium pour les profil\u00e9s automobiles ? <\/b><\/p>\n<p> L'extrusion d'aluminium permet une mise en forme pr\u00e9cise, une r\u00e9sistance structurelle \u00e9lev\u00e9e et une grande souplesse de conception, ce qui en fait un mat\u00e9riau id\u00e9al pour les ch\u00e2ssis de voiture, les barres de toit, les marchepieds et bien d'autres choses encore.<br \/>\n<\/p><br \/>\n<br \/>\n<p><b>4. O\u00f9 les profil\u00e9s d'extrusion en aluminium sont-ils utilis\u00e9s dans les v\u00e9hicules ? <\/b><\/p>\n<p> Ils sont utilis\u00e9s dans les carrosseries de voitures, les coffres de camions, les ch\u00e2ssis de remorques, les bo\u00eetiers de batteries de v\u00e9hicules \u00e9lectriques, les pare-chocs, les barres de toit et les renforts structurels.<br \/>\n<\/p><br \/>\n<br \/>\n<p><b>5. les profil\u00e9s en aluminium conviennent-ils aux applications pour poids lourds ? <\/b><\/p>\n<p> Oui, les profil\u00e9s d'extrusion en aluminium offrent une excellente capacit\u00e9 de charge et une grande durabilit\u00e9, ce qui les rend appropri\u00e9s pour les camions, les remorques et les ch\u00e2ssis de v\u00e9hicules commerciaux.<br \/>\n<\/p><br \/>\n<br \/>\n<p><b>6. Comment les profil\u00e9s en aluminium am\u00e9liorent-ils les performances des v\u00e9hicules ? <\/b><\/p>\n<p> En r\u00e9duisant le poids total et en maintenant la r\u00e9sistance structurelle, les profil\u00e9s en aluminium am\u00e9liorent l'acc\u00e9l\u00e9ration, l'\u00e9conomie de carburant et la maniabilit\u00e9 des voitures et des camions.<br \/>\n<\/p><br \/>\n<br \/>\n<p><b>7. Les profil\u00e9s en aluminium pour l'automobile peuvent-ils \u00eatre personnalis\u00e9s ? <\/b><\/p>\n<p> Dans l'absolu, les profil\u00e9s en aluminium pour voitures et camions peuvent \u00eatre adapt\u00e9s en termes de forme, de taille, de type d'alliage et de finition de surface pour r\u00e9pondre aux sp\u00e9cifications des \u00e9quipementiers.<br \/>\n<\/p><br \/>\n<br \/>\n<p><b>8. Les profil\u00e9s d'extrusion en aluminium sont-ils r\u00e9sistants \u00e0 la corrosion pour les v\u00e9hicules ? <\/b><\/p>\n<p> Oui, les profil\u00e9s en aluminium de qualit\u00e9 automobile sont tr\u00e8s r\u00e9sistants \u00e0 la rouille et peuvent \u00eatre anodis\u00e9s ou rev\u00eatus pour une meilleure durabilit\u00e9 dans toutes les conditions m\u00e9t\u00e9orologiques.<br \/>\n<\/p><br \/>\n<br \/>\n<p><b>9. Quelles sont les finitions de surface disponibles pour les profil\u00e9s en aluminium pour voitures et camions ? <\/b><\/p>\n<p> Les finitions disponibles comprennent l'anodisation, le rev\u00eatement par poudre, la peinture ou la finition en usine, en fonction des exigences en mati\u00e8re de conception et d'exposition \u00e0 l'environnement.<br \/>\n<\/p><br \/>\n<br \/>\n<p><b>10. l'extrusion d'aluminium est-elle adapt\u00e9e \u00e0 la conception de v\u00e9hicules \u00e9lectriques ? <\/b><\/p>\n<p> Oui, les profil\u00e9s en aluminium sont largement utilis\u00e9s dans les VE pour les plateaux de batterie, les bo\u00eetiers et les cadres l\u00e9gers, contribuant ainsi \u00e0 l'efficacit\u00e9 \u00e9nerg\u00e9tique et \u00e0 la gestion thermique.<br \/>\n<\/p><br \/><\/p>","protected":false},"featured_media":6203,"template":"","categories":[58],"class_list":["post-6204","product","type-product","status-publish","has-post-thumbnail","hentry","category-aluminium-extrusion-profiles"],"meta_box":{"hilight_text_group":{"product_hilight_text":"<li>High strength-to-weight ratio improves vehicle efficiency and load capacity<\/li>\r\r\n<li>Corrosion-resistant for long-term performance in all weather conditions<\/li>\r\r\n<li>Supports custom profiles for various automotive and truck components<\/li>\r\r\n<li>Enhances structural integrity while reducing overall vehicle weight<\/li>\r\r\n<li>Ideal for frames, panels, roof racks, and trim applications<\/li>","product_chanpin_chanpin":"<li><a href=\"https:\/\/sinoextrud.com\/product\/aluminum-extrusion-blackboard-whiteboard-frame-aluminum-profiles\/\" target=\"_blank\">Aluminum Extrusion Blackboard Whiteboard Frame Aluminum Profiles<\/a><\/li>\r\n<li><a href=\"https:\/\/sinoextrud.com\/product\/aluminium-extrusion-anodized-aluminum-profile\/\" target=\"_blank\">Aluminium Extrusion Anodized Aluminum Profile<\/a><\/li>\r\n<li><a href=\"https:\/\/sinoextrud.com\/product\/aluminium-extrusion-wood-grain-aluminum-profile\/\" target=\"_blank\">Aluminium Extrusion Wood Grain Aluminum Profile<\/a><\/li>\r\n<li><a href=\"https:\/\/sinoextrud.com\/product\/aluminum-extrusion-u-channel-profiles\/\" target=\"_blank\">Aluminum Extrusion U Channel Profiles<\/a><\/li>\r\n<li><a href=\"https:\/\/sinoextrud.com\/product\/aluminum-extrusion-car-truck-aluminum-profile\/\" target=\"_blank\">Aluminum Extrusion Car & Truck Aluminum Profile<\/a><\/li>\r\n<li><a href=\"https:\/\/sinoextrud.com\/product\/aluminum-extrusion-aluminum-fence-panel-profile\/\" target=\"_blank\">Aluminum Extrusion Aluminum Fence Panel Profile<\/a><\/li>\r\n<li><a href=\"https:\/\/sinoextrud.com\/product\/aluminum-extrusion-sunflower-aluminum-profile\/\" target=\"_blank\">Aluminum Extrusion Sunflower Aluminum Profile<\/a><\/li>\r\n<li><a href=\"https:\/\/sinoextrud.com\/product\/aluminum-extrusion-aluminum-framing-profiles-for-sunroom\/\" target=\"_blank\">Aluminum Extrusion Aluminum Framing Profiles For Sunroom<\/a><\/li>\r\n<li><a href=\"https:\/\/sinoextrud.com\/product\/aluminum-extrusion-6063-large-diameter-aluminum-tube\/\" target=\"_blank\">Aluminum Extrusion 6063 Large Diameter Aluminum Tube<\/a><\/li>\r\n<li><a href=\"https:\/\/sinoextrud.com\/product\/metal-extrusion-products\/\" target=\"_blank\">Metal Extrusion Products<\/a><\/li>\r\n<li><a href=\"https:\/\/sinoextrud.com\/product\/aluminum-t-section-extrusions\/\" target=\"_blank\">Aluminum T Section Extrusions<\/a><\/li>"},"feature_list":[]},"_links":{"self":[{"href":"https:\/\/sinoextrud.com\/fr\/wp-json\/wp\/v2\/product\/6204","targetHints":{"allow":["GET"]}}],"collection":[{"href":"https:\/\/sinoextrud.com\/fr\/wp-json\/wp\/v2\/product"}],"about":[{"href":"https:\/\/sinoextrud.com\/fr\/wp-json\/wp\/v2\/types\/product"}],"wp:featuredmedia":[{"embeddable":true,"href":"https:\/\/sinoextrud.com\/fr\/wp-json\/wp\/v2\/media\/6203"}],"wp:attachment":[{"href":"https:\/\/sinoextrud.com\/fr\/wp-json\/wp\/v2\/media?parent=6204"}],"wp:term":[{"taxonomy":"category","embeddable":true,"href":"https:\/\/sinoextrud.com\/fr\/wp-json\/wp\/v2\/categories?post=6204"}],"curies":[{"name":"wp","href":"https:\/\/api.w.org\/{rel}","templated":true}]}}