{"id":6202,"date":"2025-05-26T02:06:56","date_gmt":"2025-05-26T02:06:56","guid":{"rendered":"https:\/\/sinoextrud.com\/product\/aluminum-extrusion-u-channel-profiles\/"},"modified":"2025-06-24T03:54:57","modified_gmt":"2025-06-24T03:54:57","slug":"profiles-en-u-pour-lextrusion-daluminium","status":"publish","type":"product","link":"https:\/\/sinoextrud.com\/fr\/product\/aluminum-extrusion-u-channel-profiles\/","title":{"rendered":"Profil\u00e9s en U d'extrusion d'aluminium"},"content":{"rendered":"<h2>D\u00e9tails des produits<\/h2>\n<table class=\"custom-table\">\n<tr>\n<td class=\"label\">Objet<\/td>\n<td>Profil\u00e9s en U d'extrusion d'aluminium<\/td>\n<\/tr>\n<tr>\n<td class=\"label\">Mat\u00e9riau<\/td>\n<td>Alliage d'aluminium 6063, 6061<\/td>\n<\/tr>\n<tr>\n<td class=\"label\">Traitement de surface<\/td>\n<td>Anodisation, pulv\u00e9risation, rev\u00eatement en poudre, etc.<\/td>\n<\/tr>\n<tr>\n<td class=\"label\">Gamme de tailles<\/td>\n<td>Largeur : 10 mm - 200 mm ; \u00e9paisseur : 1 mm - 10 mm ; la longueur peut \u00eatre personnalis\u00e9e.<\/td>\n<\/tr>\n<tr>\n<td class=\"label\">Tol\u00e9rance<\/td>\n<td>\u00b10,1 mm (en fonction du produit sp\u00e9cifique)<\/td>\n<\/tr>\n<tr>\n<td class=\"label\">La force<\/td>\n<td>Haute r\u00e9sistance, excellentes propri\u00e9t\u00e9s m\u00e9caniques et r\u00e9sistance \u00e0 la corrosion<\/td>\n<\/tr>\n<tr>\n<td class=\"label\">Poids<\/td>\n<td>L\u00e9ger, facile \u00e0 transporter et \u00e0 installer<\/td>\n<\/tr>\n<tr>\n<td class=\"label\">Conductivit\u00e9 thermique<\/td>\n<td>Excellente conductivit\u00e9 thermique, adapt\u00e9e aux applications de dissipation de la chaleur.<\/td>\n<\/tr>\n<tr>\n<td class=\"label\">Application<\/td>\n<td>Construction, transport, \u00e9lectronique, machines, meubles, enseignes, etc.<\/td>\n<\/tr>\n<tr>\n<td class=\"label\">Emballage<\/td>\n<td>Emballage en bois, emballage sous film \u00e0 bulles, emballage personnalis\u00e9<\/td>\n<\/tr>\n<tr>\n<td class=\"label\">Normes d'inspection de la qualit\u00e9<\/td>\n<td>Syst\u00e8me de gestion de la qualit\u00e9 ISO9001, apr\u00e8s de multiples tests<\/td>\n<\/tr>\n<tr>\n<td class=\"label\">Service personnalis\u00e9<\/td>\n<td>Soutenir ODM\/OEM et fournir des solutions personnalis\u00e9es<\/td>\n<\/tr>\n<tr>\n<td class=\"label\">Services d'usinage profond CNC<\/td>\n<td>D\u00e9coupage, fraisage, per\u00e7age, meulage, etc.<\/td>\n<\/tr>\n<\/table>\n<h2>Notre base de production<\/h2>\n<h3>Panorama de l'usine<\/h3>\n<p><img decoding=\"async\" src=\"\/wp-content\/uploads\/factory-01.webp\"\/><\/p>\n<h3>Atelier de fabrication de barres d'aluminium<\/h3>\n<p><img decoding=\"async\" src=\"\/wp-content\/uploads\/factory-02.webp\"\/><\/p>\n<p><img decoding=\"async\" src=\"\/wp-content\/uploads\/factory-03.webp\"\/><\/p>\n<h3>Entrep\u00f4t de stockage des moules<\/h3>\n<p><img decoding=\"async\" src=\"\/wp-content\/uploads\/factory-04.webp\"\/><\/p>\n<h3>43 lignes d'extrusion d'aluminium (500-5500 tonnes)<\/h3>\n<p><img decoding=\"async\" src=\"\/wp-content\/uploads\/factory-05.webp\"\/><\/p>\n<p><img decoding=\"async\" src=\"\/wp-content\/uploads\/factory-06.webp\"\/><\/p>\n<p><img decoding=\"async\" src=\"\/wp-content\/uploads\/factory-07.webp\"\/><\/p>\n<h3>Atelier de peinture en poudre<\/h3>\n<p><img decoding=\"async\" src=\"\/wp-content\/uploads\/factory-09.webp\"\/><\/p>\n<h3>Atelier d'anodisation<\/h3>\n<p><img decoding=\"async\" src=\"\/wp-content\/uploads\/factory-10.webp\"\/><\/p>\n<h3>Atelier sur le traitement en profondeur<\/h3>\n<p><img decoding=\"async\" src=\"\/wp-content\/uploads\/factory-11.webp\"\/><\/p>\n<h3>Atelier d'usinage de pr\u00e9cision CNC<\/h3>\n<p><img decoding=\"async\" src=\"\/wp-content\/uploads\/factory-11.5.webp\"\/><\/p>\n<h3>Entrep\u00f4t de produits finis et d'exportation<\/h3>\n<p><img decoding=\"async\" src=\"\/wp-content\/uploads\/factory-12.webp\"\/><\/p>\n<p><img decoding=\"async\" src=\"\/wp-content\/uploads\/factory-13.webp\"\/><\/p>\n<p><img decoding=\"async\" src=\"\/wp-content\/uploads\/factory-14.webp\"\/><\/p>\n<h2>FAQ<\/h2>\n<p><p><b>1) Qu'est-ce qu'un profil\u00e9 en U d'extrusion d'aluminium ? <\/b><\/p>\n<p> Les profil\u00e9s en U d'extrusion d'aluminium sont des sections d'aluminium en forme de U produites par extrusion, couramment utilis\u00e9es pour la protection des bords, l'encadrement et le soutien structurel.<br \/>\n<\/p><br \/>\n<br \/>\n<p><b>2) Quels sont les avantages des profil\u00e9s en U en aluminium ? <\/b><\/p>\n<p> Les profil\u00e9s en U en aluminium offrent une grande l\u00e9g\u00e8ret\u00e9, une r\u00e9sistance \u00e0 la corrosion, une facilit\u00e9 d'installation et un aspect propre et moderne pour diverses applications.<br \/>\n<\/p><br \/>\n<br \/>\n<p><b>3. Pourquoi choisir l'extrusion d'aluminium pour les profil\u00e9s en U ? <\/b><\/p>\n<p> L'extrusion d'aluminium permet une mise en forme pr\u00e9cise, une qualit\u00e9 constante et une production efficace de profil\u00e9s en U adapt\u00e9s \u00e0 l'architecture, \u00e0 l'industrie et au bricolage.<br \/>\n<\/p><br \/>\n<br \/>\n<p><b>4. O\u00f9 les profil\u00e9s en U en aluminium sont-ils couramment utilis\u00e9s ? <\/b><\/p>\n<p> Les profil\u00e9s en U en aluminium sont utilis\u00e9s dans les syst\u00e8mes de vitrage, les armoires, les encadrements de panneaux, les bo\u00eetiers de bandes LED, les bo\u00eetiers et les garnitures architecturales.<br \/>\n<\/p><br \/>\n<br \/>\n<p><b>5. les profil\u00e9s en U en aluminium extrud\u00e9 sont-ils r\u00e9sistants \u00e0 la corrosion ? <\/b><\/p>\n<p> Oui, les profil\u00e9s en U en aluminium sont naturellement r\u00e9sistants \u00e0 la corrosion et peuvent \u00eatre anodis\u00e9s ou rev\u00eatus de poudre pour une meilleure durabilit\u00e9 dans les environnements difficiles.<br \/>\n<\/p><br \/>\n<br \/>\n<p><b>6. Les profil\u00e9s en U en aluminium peuvent-ils \u00eatre personnalis\u00e9s ? <\/b><\/p>\n<p> Absolument, ils peuvent \u00eatre personnalis\u00e9s en termes de dimensions, d'\u00e9paisseur de paroi, de type d'alliage et de finition de surface pour r\u00e9pondre \u00e0 des besoins sp\u00e9cifiques en mati\u00e8re de conception et de performance.<br \/>\n<\/p><br \/>\n<br \/>\n<p><b>7. Quelles sont les finitions de surface disponibles pour les profil\u00e9s en U en aluminium ? <\/b><\/p>\n<p> Les finitions les plus courantes sont la finition en usine, l'anodisation, le rev\u00eatement par poudre, le brossage et le polissage des surfaces \u00e0 des fins fonctionnelles et esth\u00e9tiques.<br \/>\n<\/p><br \/>\n<br \/>\n<p><b>8. Les profil\u00e9s en U en aluminium offrent-ils un soutien structurel ? <\/b><\/p>\n<p> Oui, les profil\u00e9s en U en aluminium offrent un soutien structurel mod\u00e9r\u00e9 et conviennent aux applications d'encadrement l\u00e9ger et de protection des bords.<br \/>\n<\/p><br \/>\n<br \/>\n<p><b>9. les profil\u00e9s en U en aluminium sont-ils faciles \u00e0 installer et \u00e0 utiliser ? <\/b><\/p>\n<p> Oui, les profil\u00e9s en U en aluminium sont faciles \u00e0 couper, \u00e0 percer et \u00e0 monter, ce qui les rend id\u00e9aux pour les professionnels et les bricoleurs.<br \/>\n<\/p><br \/>\n<br \/>\n<p><b>10. Comment les profil\u00e9s en U d'extrusion d'aluminium se comparent-ils aux profil\u00e9s en acier ? <\/b><\/p>\n<p> Les profil\u00e9s en U en aluminium sont plus l\u00e9gers, r\u00e9sistants \u00e0 la corrosion, plus faciles \u00e0 manipuler et n\u00e9cessitent moins d'entretien que les profil\u00e9s en acier dans de nombreuses applications.<br \/>\n<\/p><br \/><\/p>","protected":false},"featured_media":6201,"template":"","categories":[58],"class_list":["post-6202","product","type-product","status-publish","has-post-thumbnail","hentry","category-aluminium-extrusion-profiles"],"meta_box":{"hilight_text_group":{"product_hilight_text":"<li>Simple U-shaped design for versatile structural and decorative use<\/li>\r\r\n<li>Lightweight and durable, suitable for framing and edge protection<\/li>\r\r\n<li>Corrosion-resistant finish for long-lasting indoor and outdoor performance<\/li>\r\r\n<li>Easy to cut, drill, and install with standard tools<\/li>\r\r\n<li>Available in various sizes, finishes, and custom lengths<\/li>","product_chanpin_chanpin":"<li><a href=\"https:\/\/sinoextrud.com\/product\/aluminum-extrusion-aluminum-roof-rack-profiles\/\" target=\"_blank\">Aluminum Extrusion Aluminum Roof Rack Profiles<\/a><\/li>\r\n<li><a href=\"https:\/\/sinoextrud.com\/product\/aluminum-extrusion-blackboard-whiteboard-frame-aluminum-profiles\/\" target=\"_blank\">Aluminum Extrusion Blackboard Whiteboard Frame Aluminum Profiles<\/a><\/li>\r\n<li><a href=\"https:\/\/sinoextrud.com\/product\/aluminium-extrusion-anodized-aluminum-profile\/\" target=\"_blank\">Aluminium Extrusion Anodized Aluminum Profile<\/a><\/li>\r\n<li><a href=\"https:\/\/sinoextrud.com\/product\/aluminium-extrusion-wood-grain-aluminum-profile\/\" target=\"_blank\">Aluminium Extrusion Wood Grain Aluminum Profile<\/a><\/li>\r\n<li><a href=\"https:\/\/sinoextrud.com\/product\/aluminum-extrusion-u-channel-profiles\/\" target=\"_blank\">Aluminum Extrusion U Channel Profiles<\/a><\/li>\r\n<li><a href=\"https:\/\/sinoextrud.com\/product\/aluminum-extrusion-car-truck-aluminum-profile\/\" target=\"_blank\">Aluminum Extrusion Car & Truck Aluminum Profile<\/a><\/li>\r\n<li><a href=\"https:\/\/sinoextrud.com\/product\/aluminum-extrusion-aluminum-fence-panel-profile\/\" target=\"_blank\">Aluminum Extrusion Aluminum Fence Panel Profile<\/a><\/li>\r\n<li><a href=\"https:\/\/sinoextrud.com\/product\/aluminum-extrusion-sunflower-aluminum-profile\/\" target=\"_blank\">Aluminum Extrusion Sunflower Aluminum Profile<\/a><\/li>\r\n<li><a href=\"https:\/\/sinoextrud.com\/product\/aluminum-extrusion-aluminum-framing-profiles-for-sunroom\/\" target=\"_blank\">Aluminum Extrusion Aluminum Framing Profiles For Sunroom<\/a><\/li>\r\n<li><a href=\"https:\/\/sinoextrud.com\/product\/extruded-aluminum-alloy-profile-for-glass-floor-channel\/\" target=\"_blank\">Extruded Aluminum Alloy Profile For Glass Floor Channel<\/a><\/li>\r\n<li><a href=\"https:\/\/sinoextrud.com\/product\/triangle-ceiling-system\/\" target=\"_blank\">Triangle Ceiling System (Triangle Ceiling)<\/a><\/li>"},"feature_list":[]},"_links":{"self":[{"href":"https:\/\/sinoextrud.com\/fr\/wp-json\/wp\/v2\/product\/6202","targetHints":{"allow":["GET"]}}],"collection":[{"href":"https:\/\/sinoextrud.com\/fr\/wp-json\/wp\/v2\/product"}],"about":[{"href":"https:\/\/sinoextrud.com\/fr\/wp-json\/wp\/v2\/types\/product"}],"wp:featuredmedia":[{"embeddable":true,"href":"https:\/\/sinoextrud.com\/fr\/wp-json\/wp\/v2\/media\/6201"}],"wp:attachment":[{"href":"https:\/\/sinoextrud.com\/fr\/wp-json\/wp\/v2\/media?parent=6202"}],"wp:term":[{"taxonomy":"category","embeddable":true,"href":"https:\/\/sinoextrud.com\/fr\/wp-json\/wp\/v2\/categories?post=6202"}],"curies":[{"name":"wp","href":"https:\/\/api.w.org\/{rel}","templated":true}]}}