{"id":6198,"date":"2025-05-26T01:57:46","date_gmt":"2025-05-26T01:57:46","guid":{"rendered":"https:\/\/sinoextrud.com\/product\/aluminium-extrusion-anodized-aluminum-profile\/"},"modified":"2025-06-24T03:54:54","modified_gmt":"2025-06-24T03:54:54","slug":"extrusion-daluminium-profile-daluminium-anodise","status":"publish","type":"product","link":"https:\/\/sinoextrud.com\/fr\/product\/aluminium-extrusion-anodized-aluminum-profile\/","title":{"rendered":"Extrusion d'aluminium Profil\u00e9 d'aluminium anodis\u00e9"},"content":{"rendered":"<h2>D\u00e9tails des produits<\/h2>\n<table class=\"custom-table\">\n<tr>\n<td class=\"label\">Nom<\/td>\n<td>Extrusion d'aluminium Profil\u00e9 d'aluminium anodis\u00e9<\/td>\n<\/tr>\n<\/table>\n<h2>Notre base de production<\/h2>\n<h3>Panorama de l'usine<\/h3>\n<p><img decoding=\"async\" src=\"\/wp-content\/uploads\/factory-01.webp\"\/><\/p>\n<h3>Atelier de fabrication de barres d'aluminium<\/h3>\n<p><img decoding=\"async\" src=\"\/wp-content\/uploads\/factory-02.webp\"\/><\/p>\n<p><img decoding=\"async\" src=\"\/wp-content\/uploads\/factory-03.webp\"\/><\/p>\n<h3>Entrep\u00f4t de stockage des moules<\/h3>\n<p><img decoding=\"async\" src=\"\/wp-content\/uploads\/factory-04.webp\"\/><\/p>\n<h3>43 lignes d'extrusion d'aluminium (500 \u00e0 5500 tonnes)<\/h3>\n<p><img decoding=\"async\" src=\"\/wp-content\/uploads\/factory-05.webp\"\/><\/p>\n<p><img decoding=\"async\" src=\"\/wp-content\/uploads\/factory-06.webp\"\/><\/p>\n<p><img decoding=\"async\" src=\"\/wp-content\/uploads\/factory-07.webp\"\/><\/p>\n<h3>Atelier de peinture en poudre<\/h3>\n<p><img decoding=\"async\" src=\"\/wp-content\/uploads\/factory-09.webp\"\/><\/p>\n<h3>Atelier d'anodisation<\/h3>\n<p><img decoding=\"async\" src=\"\/wp-content\/uploads\/factory-10.webp\"\/><\/p>\n<h3>Atelier sur le traitement en profondeur<\/h3>\n<p><img decoding=\"async\" src=\"\/wp-content\/uploads\/factory-11.webp\"\/><\/p>\n<h3>Atelier d'usinage de pr\u00e9cision CNC<\/h3>\n<p><img decoding=\"async\" src=\"\/wp-content\/uploads\/factory-11.5.webp\"\/><\/p>\n<h3>Entrep\u00f4t de produits finis et d'exportation<\/h3>\n<p><img decoding=\"async\" src=\"\/wp-content\/uploads\/factory-12.webp\"\/><\/p>\n<p><img decoding=\"async\" src=\"\/wp-content\/uploads\/factory-13.webp\"\/><\/p>\n<p><img decoding=\"async\" src=\"\/wp-content\/uploads\/factory-14.webp\"\/><\/p>\n<h2>FAQ<\/h2>\n<p><p><b>1) Qu'est-ce qu'un profil\u00e9 en aluminium extrud\u00e9 et anodis\u00e9 ? <\/b><\/p>\n<p> Il s'agit d'un profil\u00e9 en aluminium fabriqu\u00e9 par extrusion et fini par un processus d'anodisation pour am\u00e9liorer la durabilit\u00e9 de la surface, la r\u00e9sistance \u00e0 la corrosion et l'apparence.<br \/>\n<\/p><br \/>\n<br \/>\n<p><b>2. quels sont les avantages des profil\u00e9s d'extrusion en aluminium anodis\u00e9 ? <\/b><\/p>\n<p> Les profil\u00e9s en aluminium anodis\u00e9 offrent une meilleure r\u00e9sistance \u00e0 la corrosion, une protection contre l'usure, une stabilit\u00e9 aux UV et une finition d\u00e9corative id\u00e9ale pour l'architecture et l'industrie.<br \/>\n<\/p><br \/>\n<br \/>\n<p><b>3. pourquoi choisir des profil\u00e9s en aluminium anodis\u00e9 plut\u00f4t qu'une finition en usine ? <\/b><\/p>\n<p> Les profil\u00e9s anodis\u00e9s ont une surface plus dure, une meilleure protection contre la corrosion et un aspect plus attrayant que l'aluminium brut de laminage.<br \/>\n<\/p><br \/>\n<br \/>\n<p><b>4. O\u00f9 les profil\u00e9s d'extrusion en aluminium anodis\u00e9 sont-ils couramment utilis\u00e9s ? <\/b><\/p>\n<p> Ces profil\u00e9s sont largement utilis\u00e9s dans les fen\u00eatres, les portes, les murs-rideaux, les bo\u00eetiers \u00e9lectroniques, les cadres de meubles et les \u00e9l\u00e9ments architecturaux d\u00e9coratifs.<br \/>\n<\/p><br \/>\n<br \/>\n<p><b>5. l'anodisation am\u00e9liore-t-elle la durabilit\u00e9 des profil\u00e9s d'extrusion en aluminium ? <\/b><\/p>\n<p> Oui, l'anodisation cr\u00e9e une couche d'oxyde r\u00e9sistante qui prot\u00e8ge la surface des rayures, de la corrosion et des intemp\u00e9ries, prolongeant ainsi la dur\u00e9e de vie du produit.<br \/>\n<\/p><br \/>\n<br \/>\n<p><b>6. Les profil\u00e9s en aluminium anodis\u00e9 peuvent-ils \u00eatre personnalis\u00e9s ? <\/b><\/p>\n<p> Dans l'absolu, les profil\u00e9s anodis\u00e9s peuvent \u00eatre adapt\u00e9s en termes de taille, de forme, de type d'alliage et de couleur d'anodisation afin de r\u00e9pondre \u00e0 des exigences sp\u00e9cifiques en mati\u00e8re de conception et de performances.<br \/>\n<\/p><br \/>\n<br \/>\n<p><b>7. les profil\u00e9s en aluminium anodis\u00e9 sont-ils respectueux de l'environnement ? <\/b><\/p>\n<p> Oui, l'anodisation est un proc\u00e9d\u00e9 non toxique et l'aluminium est enti\u00e8rement recyclable, ce qui fait des profil\u00e9s anodis\u00e9s un choix de mat\u00e9riau durable.<br \/>\n<\/p><br \/>\n<br \/>\n<p><b>8. Quelles sont les finitions anodis\u00e9es disponibles pour les profil\u00e9s d'extrusion en aluminium ? <\/b><\/p>\n<p> Les finitions comprennent le transparent, le bronze, le noir, l'or et des couleurs personnalis\u00e9es, disponibles en textures mates ou brillantes selon les pr\u00e9f\u00e9rences en mati\u00e8re de design.<br \/>\n<\/p><br \/>\n<br \/>\n<p><b>9. l'aluminium anodis\u00e9 convient-il aux applications ext\u00e9rieures ? <\/b><\/p>\n<p> Oui, les profil\u00e9s d'extrusion en aluminium anodis\u00e9 sont id\u00e9aux pour une utilisation en ext\u00e9rieur en raison de leur excellente r\u00e9sistance aux UV et de leur capacit\u00e9 \u00e0 supporter des environnements difficiles.<br \/>\n<\/p><br \/>\n<br \/>\n<p><b>10.Comment l'anodisation affecte-t-elle l'aspect des profil\u00e9s en aluminium ? <\/b><\/p>\n<p> L'anodisation am\u00e9liore l'aspect m\u00e9tallique, ajoute des options de couleur et cr\u00e9e une finition uniforme et professionnelle qui am\u00e9liore \u00e0 la fois l'esth\u00e9tique et la perception de la marque.<br \/>\n<\/p><br \/><\/p>","protected":false},"featured_media":6197,"template":"","categories":[58],"class_list":["post-6198","product","type-product","status-publish","has-post-thumbnail","hentry","category-aluminium-extrusion-profiles"],"meta_box":{"hilight_text_group":{"product_hilight_text":"<li>Anodized finish enhances corrosion and wear resistance<\/li>\r\r\n<li>Attractive surface with matte or glossy options for decorative use<\/li>\r\r\n<li>Improved durability for both indoor and outdoor applications<\/li>\r\r\n<li>Available in various colors and customizable profiles<\/li>\r\r\n<li>Ideal for architectural, industrial, and consumer product applications<\/li>","product_chanpin_chanpin":"<li><a href=\"https:\/\/sinoextrud.com\/product\/aluminum-extrusion-6005-big-size-industrial-aluminum-profile\/\" target=\"_blank\">Aluminum Extrusion 6005 Big Size Industrial Aluminum Profile<\/a><\/li>\r\n<li><a href=\"https:\/\/sinoextrud.com\/product\/aluminum-extrusion-telescopic-tube-octagon-tube\/\" target=\"_blank\">Aluminum Extrusion Telescopic Tube Octagon Tube<\/a><\/li>\r\n<li><a href=\"https:\/\/sinoextrud.com\/product\/aluminum-extrusion-aluminum-roof-rack-profiles\/\" target=\"_blank\">Aluminum Extrusion Aluminum Roof Rack Profiles<\/a><\/li>\r\n<li><a href=\"https:\/\/sinoextrud.com\/product\/aluminum-extrusion-blackboard-whiteboard-frame-aluminum-profiles\/\" target=\"_blank\">Aluminum Extrusion Blackboard Whiteboard Frame Aluminum Profiles<\/a><\/li>\r\n<li><a href=\"https:\/\/sinoextrud.com\/product\/aluminium-extrusion-anodized-aluminum-profile\/\" target=\"_blank\">Aluminium Extrusion Anodized Aluminum Profile<\/a><\/li>\r\n<li><a href=\"https:\/\/sinoextrud.com\/product\/aluminium-extrusion-wood-grain-aluminum-profile\/\" target=\"_blank\">Aluminium Extrusion Wood Grain Aluminum Profile<\/a><\/li>\r\n<li><a href=\"https:\/\/sinoextrud.com\/product\/aluminum-extrusion-u-channel-profiles\/\" target=\"_blank\">Aluminum Extrusion U Channel Profiles<\/a><\/li>\r\n<li><a href=\"https:\/\/sinoextrud.com\/product\/aluminum-extrusion-car-truck-aluminum-profile\/\" target=\"_blank\">Aluminum Extrusion Car & Truck Aluminum Profile<\/a><\/li>\r\n<li><a href=\"https:\/\/sinoextrud.com\/product\/aluminum-extrusion-aluminum-fence-panel-profile\/\" target=\"_blank\">Aluminum Extrusion Aluminum Fence Panel Profile<\/a><\/li>\r\n<li><a href=\"https:\/\/sinoextrud.com\/product\/aluminium-extrusion-6061-6082-7075-aluminum-alloy-profiles\/\" target=\"_blank\">Aluminium Extrusion 6061 6082 7075 Aluminum Alloy Profiles<\/a><\/li>\r\n<li><a href=\"https:\/\/sinoextrud.com\/product\/pyramid-open-cell-ceiling-system\/\" target=\"_blank\">Pyramid Open Cell Ceiling System<\/a><\/li>"},"feature_list":[]},"_links":{"self":[{"href":"https:\/\/sinoextrud.com\/fr\/wp-json\/wp\/v2\/product\/6198","targetHints":{"allow":["GET"]}}],"collection":[{"href":"https:\/\/sinoextrud.com\/fr\/wp-json\/wp\/v2\/product"}],"about":[{"href":"https:\/\/sinoextrud.com\/fr\/wp-json\/wp\/v2\/types\/product"}],"wp:featuredmedia":[{"embeddable":true,"href":"https:\/\/sinoextrud.com\/fr\/wp-json\/wp\/v2\/media\/6197"}],"wp:attachment":[{"href":"https:\/\/sinoextrud.com\/fr\/wp-json\/wp\/v2\/media?parent=6198"}],"wp:term":[{"taxonomy":"category","embeddable":true,"href":"https:\/\/sinoextrud.com\/fr\/wp-json\/wp\/v2\/categories?post=6198"}],"curies":[{"name":"wp","href":"https:\/\/api.w.org\/{rel}","templated":true}]}}