{"id":6192,"date":"2025-05-26T01:37:48","date_gmt":"2025-05-26T01:37:48","guid":{"rendered":"https:\/\/sinoextrud.com\/product\/aluminum-extrusion-telescopic-tube-octagon-tube\/"},"modified":"2025-06-24T03:54:48","modified_gmt":"2025-06-24T03:54:48","slug":"extrusion-aluminium-tube-telescopique-tube-octogonal","status":"publish","type":"product","link":"https:\/\/sinoextrud.com\/fr\/product\/aluminum-extrusion-telescopic-tube-octagon-tube\/","title":{"rendered":"Extrusion d'aluminium Tube t\u00e9lescopique Tube octogonal"},"content":{"rendered":"<h2>D\u00e9tails des produits<\/h2>\n<table class=\"custom-table\">\n<tr>\n<td class=\"label\">Type d'article<\/td>\n<td>Extrusion d'aluminium Tube t\u00e9lescopique Tube octogonal, Tube t\u00e9lescopique en aluminium, Tube octogonal en aluminium<\/td>\n<\/tr>\n<tr>\n<td class=\"label\">Mat\u00e9riau<\/td>\n<td>Aluminium, alliage d'aluminium<\/td>\n<\/tr>\n<tr>\n<td class=\"label\">Grade<\/td>\n<td>S\u00e9rie 6000<\/td>\n<\/tr>\n<tr>\n<td class=\"label\">Taille<\/td>\n<td>Sur mesure<\/td>\n<\/tr>\n<tr>\n<td class=\"label\">Forme<\/td>\n<td>Rond\/carr\u00e9\/rectangulaire\/ovale\/personnalis\u00e9<\/td>\n<\/tr>\n<tr>\n<td class=\"label\">Finition<\/td>\n<td>Finition en usine, anodisation, rev\u00eatement en poudre, polissage, galvanoplastie, sablage, brossage, grain de bois, etc.<\/td>\n<\/tr>\n<tr>\n<td class=\"label\">Application<\/td>\n<td>1. Industrie a\u00e9rospatiale, 2. Industrie a\u00e9rospatiale, 3. Industrie m\u00e9dicale,4. Industrie de la construction,5. Industrie maritime,6. Industrie maritime,7. Industrie automobile<\/td>\n<\/tr>\n<tr>\n<td class=\"label\">Longueur<\/td>\n<td>Personnalis\u00e9 en fonction des demandes<\/td>\n<\/tr>\n<tr>\n<td class=\"label\">D\u00e9lai de livraison<\/td>\n<td>15-25 jours ou n\u00e9goci\u00e9<\/td>\n<\/tr>\n<tr>\n<td class=\"label\">Processus en profondeur<\/td>\n<td>CNC, per\u00e7age, fraisage, d\u00e9coupage, estampage, soudage, pliage, assemblage<\/td>\n<\/tr>\n<tr>\n<td class=\"label\">Tol\u00e9rance<\/td>\n<td>\u00b10,01mm<\/td>\n<\/tr>\n<tr>\n<td class=\"label\">OEM ET ODM<\/td>\n<td>Acceptable<\/td>\n<\/tr>\n<tr>\n<td class=\"label\">Emballage<\/td>\n<td>emballage standard pour l'exportation ou comme convenu<\/td>\n<\/tr>\n<\/table>\n<h2>Notre base de production<\/h2>\n<h3>Panorama de l'usine<\/h3>\n<p><img decoding=\"async\" src=\"\/wp-content\/uploads\/factory-01.webp\"\/><\/p>\n<h3>Atelier de fabrication de barres d'aluminium<\/h3>\n<p><img decoding=\"async\" src=\"\/wp-content\/uploads\/factory-02.webp\"\/><\/p>\n<p><img decoding=\"async\" src=\"\/wp-content\/uploads\/factory-03.webp\"\/><\/p>\n<h3>Entrep\u00f4t de stockage des moules<\/h3>\n<p><img decoding=\"async\" src=\"\/wp-content\/uploads\/factory-04.webp\"\/><\/p>\n<h3>43 lignes d'extrusion d'aluminium (500-5500 tonnes)<\/h3>\n<p><img decoding=\"async\" src=\"\/wp-content\/uploads\/factory-05.webp\"\/><\/p>\n<p><img decoding=\"async\" src=\"\/wp-content\/uploads\/factory-06.webp\"\/><\/p>\n<p><img decoding=\"async\" src=\"\/wp-content\/uploads\/factory-07.webp\"\/><\/p>\n<h3>Atelier de peinture en poudre<\/h3>\n<p><img decoding=\"async\" src=\"\/wp-content\/uploads\/factory-09.webp\"\/><\/p>\n<h3>Atelier d'anodisation<\/h3>\n<p><img decoding=\"async\" src=\"\/wp-content\/uploads\/factory-10.webp\"\/><\/p>\n<h3>Atelier sur le traitement en profondeur<\/h3>\n<p><img decoding=\"async\" src=\"\/wp-content\/uploads\/factory-11.webp\"\/><\/p>\n<h3>Atelier d'usinage de pr\u00e9cision CNC<\/h3>\n<p><img decoding=\"async\" src=\"\/wp-content\/uploads\/factory-11.5.webp\"\/><\/p>\n<h3>Entrep\u00f4t de produits finis et d'exportation<\/h3>\n<p><img decoding=\"async\" src=\"\/wp-content\/uploads\/factory-12.webp\"\/><\/p>\n<p><img decoding=\"async\" src=\"\/wp-content\/uploads\/factory-13.webp\"\/><\/p>\n<p><img decoding=\"async\" src=\"\/wp-content\/uploads\/factory-14.webp\"\/><\/p>\n<h2>FAQ<\/h2>\n<p><p><b>1) Qu'est-ce qu'un tube t\u00e9lescopique en aluminium extrud\u00e9 ? <\/b><\/p>\n<p> Il s'agit d'un tube t\u00e9lescopique en aluminium de section octogonale, fabriqu\u00e9 par extrusion, couramment utilis\u00e9 dans les structures ajustables, les m\u00e2ts de drapeau et les syst\u00e8mes de support.<br \/>\n<\/p><br \/>\n<br \/>\n<p><b>2) Quels sont les avantages des tubes t\u00e9lescopiques octogonaux en aluminium ? <\/b><\/p>\n<p> Les tubes t\u00e9lescopiques octogonaux en aluminium offrent une grande solidit\u00e9, une r\u00e9sistance \u00e0 la corrosion, une conception l\u00e9g\u00e8re et un embo\u00eetement s\u00fbr pour les applications r\u00e9glables ou extensibles.<br \/>\n<\/p><br \/>\n<br \/>\n<p><b>3. pourquoi choisir une forme octogonale pour les tubes t\u00e9lescopiques en aluminium ? <\/b><\/p>\n<p> La forme octogonale offre une meilleure stabilit\u00e9 anti-rotation et une meilleure r\u00e9sistance structurelle que les tubes ronds, ce qui est id\u00e9al pour les applications n\u00e9cessitant un alignement pr\u00e9cis.<br \/>\n<\/p><br \/>\n<br \/>\n<p><b>4. O\u00f9 les tubes t\u00e9lescopiques octogonaux en aluminium sont-ils couramment utilis\u00e9s ? <\/b><\/p>\n<p> Ces tubes sont utilis\u00e9s dans les m\u00e2ts t\u00e9lescopiques, les m\u00e2ts d'antenne, les pr\u00e9sentoirs, les syst\u00e8mes d'\u00e9clairage portables et les syst\u00e8mes m\u00e9caniques r\u00e9glables.<br \/>\n<\/p><br \/>\n<br \/>\n<p><b>5. l'extrusion d'aluminium est-elle adapt\u00e9e \u00e0 la conception de tubes t\u00e9lescopiques ? <\/b><\/p>\n<p> Oui, l'extrusion d'aluminium permet un contr\u00f4le pr\u00e9cis des dimensions et de l'\u00e9paisseur des parois, ce qui garantit un fonctionnement t\u00e9lescopique en douceur et une grande int\u00e9grit\u00e9 structurelle.<br \/>\n<\/p><br \/>\n<br \/>\n<p><b>6. les tubes t\u00e9lescopiques octogonaux en aluminium sont-ils r\u00e9sistants \u00e0 la corrosion ? <\/b><\/p>\n<p> Absolument, l'aluminium est naturellement r\u00e9sistant \u00e0 la corrosion et peut \u00eatre anodis\u00e9 pour une durabilit\u00e9 accrue dans les environnements ext\u00e9rieurs ou marins.<br \/>\n<\/p><br \/>\n<br \/>\n<p><b>7. les tubes t\u00e9lescopiques en aluminium peuvent-ils \u00eatre personnalis\u00e9s ? <\/b><\/p>\n<p> Oui, les tubes octogonaux t\u00e9lescopiques peuvent \u00eatre personnalis\u00e9s en termes de longueur, d'\u00e9paisseur de paroi, de finition de surface et de m\u00e9canisme de verrouillage pour r\u00e9pondre \u00e0 des besoins d'ing\u00e9nierie sp\u00e9cifiques.<br \/>\n<\/p><br \/>\n<br \/>\n<p><b>8. comment fonctionne la fonction t\u00e9lescopique dans les tubes octogonaux ? <\/b><\/p>\n<p> Le petit tube en aluminium glisse doucement dans le grand tube octogonal avec un minimum de jeu, souvent fix\u00e9 \u00e0 l'aide de colliers ou de syst\u00e8mes de verrouillage \u00e0 bouton-poussoir.<br \/>\n<\/p><br \/>\n<br \/>\n<p><b>9. Quelles sont les finitions disponibles pour les tubes octogonaux t\u00e9lescopiques en aluminium ? <\/b><\/p>\n<p> Les finitions disponibles comprennent la finition en usine, l'anodisation et le rev\u00eatement par poudre pour am\u00e9liorer l'aspect, l'adh\u00e9rence et la r\u00e9sistance \u00e0 l'environnement.<br \/>\n<\/p><br \/>\n<br \/>\n<p><b>10. les tubes octogonaux t\u00e9lescopiques en aluminium extrud\u00e9 supportent-ils un usage intensif ? <\/b><\/p>\n<p> En effet, gr\u00e2ce \u00e0 leur stabilit\u00e9 g\u00e9om\u00e9trique et \u00e0 la r\u00e9sistance des mat\u00e9riaux, ils sont id\u00e9aux pour les applications porteuses et r\u00e9glables dans les environnements industriels et commerciaux.<br \/>\n<\/p><br \/><\/p>","protected":false},"featured_media":6191,"template":"","categories":[58],"class_list":["post-6192","product","type-product","status-publish","has-post-thumbnail","hentry","category-aluminium-extrusion-profiles"],"meta_box":{"hilight_text_group":{"product_hilight_text":"<li>Telescopic design allows adjustable length for versatile applications<\/li>\r\r\n<li>Octagon shape provides enhanced structural strength and stability<\/li>\r\r\n<li>Lightweight aluminum for easy handling and transport<\/li>\r\r\n<li>Corrosion-resistant surface suitable for indoor and outdoor use<\/li>\r\r\n<li>Ideal for flagpoles, tent frames, and extension mechanisms<\/li>","product_chanpin_chanpin":"<li><a href=\"https:\/\/sinoextrud.com\/product\/aluminium-u-channel\/\" target=\"_blank\">Aluminium U Channel<\/a><\/li>\r\n<li><a href=\"https:\/\/sinoextrud.com\/product\/aluminum-profile-roller-blinds-rails\/\" target=\"_blank\">Aluminum Profile Roller Blinds Rails<\/a><\/li>\r\n<li><a href=\"https:\/\/sinoextrud.com\/product\/aluminum-extrusion-aluminum-cladding-profile-wood-look-grain-aluminum-panels\/\" target=\"_blank\">Aluminum Extrusion Aluminum Cladding Profile Wood Look Grain Aluminum Panels<\/a><\/li>\r\n<li><a href=\"https:\/\/sinoextrud.com\/product\/aluminum-extrusion-6005-big-size-industrial-aluminum-profile\/\" target=\"_blank\">Aluminum Extrusion 6005 Big Size Industrial Aluminum Profile<\/a><\/li>\r\n<li><a href=\"https:\/\/sinoextrud.com\/product\/aluminum-extrusion-telescopic-tube-octagon-tube\/\" target=\"_blank\">Aluminum Extrusion Telescopic Tube Octagon Tube<\/a><\/li>\r\n<li><a href=\"https:\/\/sinoextrud.com\/product\/aluminum-extrusion-aluminum-roof-rack-profiles\/\" target=\"_blank\">Aluminum Extrusion Aluminum Roof Rack Profiles<\/a><\/li>\r\n<li><a href=\"https:\/\/sinoextrud.com\/product\/aluminum-extrusion-blackboard-whiteboard-frame-aluminum-profiles\/\" target=\"_blank\">Aluminum Extrusion Blackboard Whiteboard Frame Aluminum Profiles<\/a><\/li>\r\n<li><a href=\"https:\/\/sinoextrud.com\/product\/aluminium-extrusion-anodized-aluminum-profile\/\" target=\"_blank\">Aluminium Extrusion Anodized Aluminum Profile<\/a><\/li>\r\n<li><a href=\"https:\/\/sinoextrud.com\/product\/aluminium-extrusion-wood-grain-aluminum-profile\/\" target=\"_blank\">Aluminium Extrusion Wood Grain Aluminum Profile<\/a><\/li>\r\n<li><a href=\"https:\/\/sinoextrud.com\/product\/aluminum-corner-extrusion-profiles\/\" target=\"_blank\">Aluminum Corner Extrusion Profiles<\/a><\/li>\r\n<li><a href=\"https:\/\/sinoextrud.com\/product\/extruded-aluminium-track\/\" target=\"_blank\">Extruded Aluminium Track<\/a><\/li>"},"feature_list":[]},"_links":{"self":[{"href":"https:\/\/sinoextrud.com\/fr\/wp-json\/wp\/v2\/product\/6192","targetHints":{"allow":["GET"]}}],"collection":[{"href":"https:\/\/sinoextrud.com\/fr\/wp-json\/wp\/v2\/product"}],"about":[{"href":"https:\/\/sinoextrud.com\/fr\/wp-json\/wp\/v2\/types\/product"}],"wp:featuredmedia":[{"embeddable":true,"href":"https:\/\/sinoextrud.com\/fr\/wp-json\/wp\/v2\/media\/6191"}],"wp:attachment":[{"href":"https:\/\/sinoextrud.com\/fr\/wp-json\/wp\/v2\/media?parent=6192"}],"wp:term":[{"taxonomy":"category","embeddable":true,"href":"https:\/\/sinoextrud.com\/fr\/wp-json\/wp\/v2\/categories?post=6192"}],"curies":[{"name":"wp","href":"https:\/\/api.w.org\/{rel}","templated":true}]}}