{"id":6190,"date":"2025-05-26T01:34:23","date_gmt":"2025-05-26T01:34:23","guid":{"rendered":"https:\/\/sinoextrud.com\/product\/aluminum-extrusion-6005-big-size-industrial-aluminum-profile\/"},"modified":"2025-06-24T03:54:46","modified_gmt":"2025-06-24T03:54:46","slug":"extrusion-aluminium-6005-profile-aluminium-industriel-de-grande-taille","status":"publish","type":"product","link":"https:\/\/sinoextrud.com\/fr\/product\/aluminum-extrusion-6005-big-size-industrial-aluminum-profile\/","title":{"rendered":"Extrusion d'aluminium 6005 Profil\u00e9 d'aluminium industriel de grande taille"},"content":{"rendered":"<h2>D\u00e9tails des produits<\/h2>\n<table class=\"custom-table\">\n<tr>\n<td class=\"label\">Nom du produit<\/td>\n<td>Extrusion d'aluminium 6005 Profil\u00e9 d'aluminium industriel de grande taille<\/td>\n<\/tr>\n<tr>\n<td class=\"label\">Mat\u00e9riau<\/td>\n<td>S\u00e9rie 6000, profil\u00e9 d'aluminium 6005<\/td>\n<\/tr>\n<tr>\n<td class=\"label\">Gamme de produits<\/td>\n<td>Extrusion d'aluminium pour les profil\u00e9s industriels en aluminium, les profil\u00e9s en aluminium de grande taille, les profil\u00e9s en aluminium pour l'\u00e9quipement des machines, etc.<\/td>\n<\/tr>\n<tr>\n<td class=\"label\">Forme<\/td>\n<td>Personnalisation<\/td>\n<\/tr>\n<tr>\n<td class=\"label\">Application<\/td>\n<td>Construction, transport, machines et \u00e9quipements, etc.<\/td>\n<\/tr>\n<tr>\n<td class=\"label\">Traitement de surface<\/td>\n<td>finition en usine, anodisation, grain de bois, rev\u00eatement en poudre, sablage, \u00e9lectrophor\u00e8se, brossage, polissage, etc.<\/td>\n<\/tr>\n<tr>\n<td class=\"label\">Traitement en profondeur CNC<\/td>\n<td>couper, percer, usiner, poin\u00e7onner, plier, tarauder, etc.<\/td>\n<\/tr>\n<tr>\n<td class=\"label\">Standard<\/td>\n<td>Qualit\u00e9 moyenne et \u00e9lev\u00e9e<\/td>\n<\/tr>\n<tr>\n<td class=\"label\">Certifications<\/td>\n<td>CE, ISO, SGS, TUV, ROHS<\/td>\n<\/tr>\n<tr>\n<td class=\"label\">\u00c9chantillons<\/td>\n<td>\u00e9chantillon gratuit. Livraison en 1-3 jours.<\/td>\n<\/tr>\n<tr>\n<td class=\"label\">MOQ<\/td>\n<td>200KG pour chaque profil<\/td>\n<\/tr>\n<tr>\n<td class=\"label\">D\u00e9lai de livraison<\/td>\n<td>Environ 15 \u00e0 21 jours.<\/td>\n<\/tr>\n<tr>\n<td class=\"label\">Conditions de paiement<\/td>\n<td>30% d\u00e9p\u00f4t avant la production, et le solde avant l'exp\u00e9dition.<\/td>\n<\/tr>\n<\/table>\n<h2>Notre base de production<\/h2>\n<h3>Panorama de l'usine<\/h3>\n<p><img decoding=\"async\" src=\"\/wp-content\/uploads\/factory-01.webp\"\/><\/p>\n<h3>Atelier de fabrication de barres d'aluminium<\/h3>\n<p><img decoding=\"async\" src=\"\/wp-content\/uploads\/factory-02.webp\"\/><\/p>\n<p><img decoding=\"async\" src=\"\/wp-content\/uploads\/factory-03.webp\"\/><\/p>\n<h3>Entrep\u00f4t de stockage des moules<\/h3>\n<p><img decoding=\"async\" src=\"\/wp-content\/uploads\/factory-04.webp\"\/><\/p>\n<h3>43 lignes d'extrusion d'aluminium (500 \u00e0 5500 tonnes)<\/h3>\n<p><img decoding=\"async\" src=\"\/wp-content\/uploads\/factory-05.webp\"\/><\/p>\n<p><img decoding=\"async\" src=\"\/wp-content\/uploads\/factory-06.webp\"\/><\/p>\n<p><img decoding=\"async\" src=\"\/wp-content\/uploads\/factory-07.webp\"\/><\/p>\n<h3>Atelier de peinture en poudre<\/h3>\n<p><img decoding=\"async\" src=\"\/wp-content\/uploads\/factory-09.webp\"\/><\/p>\n<h3>Atelier d'anodisation<\/h3>\n<p><img decoding=\"async\" src=\"\/wp-content\/uploads\/factory-10.webp\"\/><\/p>\n<h3>Atelier sur le traitement en profondeur<\/h3>\n<p><img decoding=\"async\" src=\"\/wp-content\/uploads\/factory-11.webp\"\/><\/p>\n<h3>Atelier d'usinage de pr\u00e9cision CNC<\/h3>\n<p><img decoding=\"async\" src=\"\/wp-content\/uploads\/factory-11.5.webp\"\/><\/p>\n<h3>Entrep\u00f4t de produits finis et d'exportation<\/h3>\n<p><img decoding=\"async\" src=\"\/wp-content\/uploads\/factory-12.webp\"\/><\/p>\n<p><img decoding=\"async\" src=\"\/wp-content\/uploads\/factory-13.webp\"\/><\/p>\n<p><img decoding=\"async\" src=\"\/wp-content\/uploads\/factory-14.webp\"\/><\/p>\n<h2>FAQ<\/h2>\n<p><p><b>1) Qu'est-ce qu'un profil\u00e9 industriel en aluminium extrud\u00e9 6005 de grande taille ? <\/b><\/p>\n<p> Il s'agit d'un profil\u00e9 d'aluminium extrud\u00e9 \u00e0 grande \u00e9chelle en alliage 6005, con\u00e7u pour des applications industrielles lourdes exigeant robustesse, durabilit\u00e9 et r\u00e9sistance \u00e0 la corrosion.<br \/>\n<\/p><br \/>\n<br \/>\n<p><b>2) Quels sont les avantages de l'utilisation de l'aluminium 6005 pour les profil\u00e9s industriels de grande taille ? <\/b><\/p>\n<p> L'aluminium 6005 offre une excellente r\u00e9sistance m\u00e9canique, une bonne r\u00e9sistance \u00e0 la corrosion et une soudabilit\u00e9 sup\u00e9rieure, ce qui le rend id\u00e9al pour les utilisations structurelles et industrielles.<br \/>\n<\/p><br \/>\n<br \/>\n<p><b>3. pourquoi choisir les profil\u00e9s industriels en aluminium de grande taille en alliage 6005 ? <\/b><\/p>\n<p> Les profil\u00e9s de grande taille en alliage d'aluminium 6005 offrent une capacit\u00e9 de charge et une rigidit\u00e9 accrues pour les applications exigeantes telles que le transport, l'automatisation et la construction.<br \/>\n<\/p><br \/>\n<br \/>\n<p><b>4) O\u00f9 les profil\u00e9s d'extrusion en aluminium 6005 de grande taille sont-ils couramment utilis\u00e9s ? <\/b><\/p>\n<p> Ces profil\u00e9s sont utilis\u00e9s dans les plates-formes industrielles, les ch\u00e2ssis de machines, les \u00e9quipements de transport, les syst\u00e8mes de montage solaire et les cadres structurels.<br \/>\n<\/p><br \/>\n<br \/>\n<p><b>5. Quelle est la r\u00e9sistance des profil\u00e9s d'extrusion en aluminium 6005 ? <\/b><\/p>\n<p> L'aluminium 6005 offre une r\u00e9sistance moyenne \u00e0 \u00e9lev\u00e9e avec une bonne t\u00e9nacit\u00e9, convenant aux applications o\u00f9 l'int\u00e9grit\u00e9 structurelle et la formabilit\u00e9 sont importantes.<br \/>\n<\/p><br \/>\n<br \/>\n<p><b>6. l'aluminium 6005 est-il r\u00e9sistant \u00e0 la corrosion ? <\/b><\/p>\n<p> Oui, l'aluminium 6005 pr\u00e9sente une bonne r\u00e9sistance \u00e0 la corrosion, en particulier dans les environnements ext\u00e9rieurs et industriels, et peut \u00eatre anodis\u00e9 pour une protection accrue.<br \/>\n<\/p><br \/>\n<br \/>\n<p><b>7. Les profil\u00e9s en aluminium 6005 de grande taille peuvent-ils \u00eatre personnalis\u00e9s ? <\/b><\/p>\n<p> Absolument, les profil\u00e9s industriels en aluminium 6005 peuvent \u00eatre extrud\u00e9s sur mesure dans diff\u00e9rentes tailles, \u00e9paisseurs de paroi et formes pour r\u00e9pondre \u00e0 des exigences d'ing\u00e9nierie sp\u00e9cifiques.<br \/>\n<\/p><br \/>\n<br \/>\n<p><b>8. les grands profil\u00e9s en aluminium 6005 conviennent-ils au soudage et \u00e0 l'usinage ? <\/b><\/p>\n<p> Oui, l'aluminium 6005 pr\u00e9sente une excellente soudabilit\u00e9 et une bonne usinabilit\u00e9, ce qui le rend id\u00e9al pour la fabrication de structures industrielles complexes.<br \/>\n<\/p><br \/>\n<br \/>\n<p><b>9. Quelles sont les finitions de surface disponibles pour les profil\u00e9s d'extrusion en aluminium 6005 ? <\/b><\/p>\n<p> Les finitions comprennent la finition en usine, l'anodisation, le rev\u00eatement par poudre et le sablage, offrant \u00e0 la fois une protection fonctionnelle et un attrait visuel.<br \/>\n<\/p><br \/>\n<br \/>\n<p><b>10. Les profil\u00e9s en aluminium 6005 de grande taille peuvent-ils \u00eatre utilis\u00e9s pour des applications industrielles lourdes ? <\/b><\/p>\n<p> En effet, leur r\u00e9sistance, leur rigidit\u00e9 et leur conception personnalisable les rendent parfaits pour les applications lourdes et \u00e0 forte charge dans divers secteurs industriels.<br \/>\n<\/p><br \/><\/p>","protected":false},"featured_media":6188,"template":"","categories":[58],"class_list":["post-6190","product","type-product","status-publish","has-post-thumbnail","hentry","category-aluminium-extrusion-profiles"],"meta_box":{"hilight_text_group":{"product_hilight_text":"<li>Made from 6005 alloy, offering high strength and good corrosion resistance<\/li>\r\r\n<li>Designed for heavy-duty industrial applications and large structures<\/li>\r\r\n<li>Excellent machinability and weldability for complex assemblies<\/li>\r\r\n<li>Supports custom extrusion shapes and large cross-sections<\/li>\r\r\n<li>Ideal for automation, transportation, and structural frameworks<\/li>","product_chanpin_chanpin":"<li><a href=\"https:\/\/sinoextrud.com\/product\/aluminium-extrusion-11-5m-ultra-long-mill-finished-profiles\/\" target=\"_blank\">Aluminium Extrusion 11.5m Ultra-long Mill Finished Profiles<\/a><\/li>\r\n<li><a href=\"https:\/\/sinoextrud.com\/product\/aluminium-u-channel\/\" target=\"_blank\">Aluminium U Channel<\/a><\/li>\r\n<li><a href=\"https:\/\/sinoextrud.com\/product\/aluminum-profile-roller-blinds-rails\/\" target=\"_blank\">Aluminum Profile Roller Blinds Rails<\/a><\/li>\r\n<li><a href=\"https:\/\/sinoextrud.com\/product\/aluminum-extrusion-aluminum-cladding-profile-wood-look-grain-aluminum-panels\/\" target=\"_blank\">Aluminum Extrusion Aluminum Cladding Profile Wood Look Grain Aluminum Panels<\/a><\/li>\r\n<li><a href=\"https:\/\/sinoextrud.com\/product\/aluminum-extrusion-6005-big-size-industrial-aluminum-profile\/\" target=\"_blank\">Aluminum Extrusion 6005 Big Size Industrial Aluminum Profile<\/a><\/li>\r\n<li><a href=\"https:\/\/sinoextrud.com\/product\/aluminum-extrusion-telescopic-tube-octagon-tube\/\" target=\"_blank\">Aluminum Extrusion Telescopic Tube Octagon Tube<\/a><\/li>\r\n<li><a href=\"https:\/\/sinoextrud.com\/product\/aluminum-extrusion-aluminum-roof-rack-profiles\/\" target=\"_blank\">Aluminum Extrusion Aluminum Roof Rack Profiles<\/a><\/li>\r\n<li><a href=\"https:\/\/sinoextrud.com\/product\/aluminum-extrusion-blackboard-whiteboard-frame-aluminum-profiles\/\" target=\"_blank\">Aluminum Extrusion Blackboard Whiteboard Frame Aluminum Profiles<\/a><\/li>\r\n<li><a href=\"https:\/\/sinoextrud.com\/product\/aluminium-extrusion-anodized-aluminum-profile\/\" target=\"_blank\">Aluminium Extrusion Anodized Aluminum Profile<\/a><\/li>\r\n<li><a href=\"https:\/\/sinoextrud.com\/product\/cnc-aluminium-profile\/\" target=\"_blank\">CNC aluminium profile<\/a><\/li>\r\n<li><a href=\"https:\/\/sinoextrud.com\/product\/aluminum-extrusion-2024-aluminum-profile\/\" target=\"_blank\">Aluminum Extrusion 2024 Aluminum Profile<\/a><\/li>"},"feature_list":[]},"_links":{"self":[{"href":"https:\/\/sinoextrud.com\/fr\/wp-json\/wp\/v2\/product\/6190","targetHints":{"allow":["GET"]}}],"collection":[{"href":"https:\/\/sinoextrud.com\/fr\/wp-json\/wp\/v2\/product"}],"about":[{"href":"https:\/\/sinoextrud.com\/fr\/wp-json\/wp\/v2\/types\/product"}],"wp:featuredmedia":[{"embeddable":true,"href":"https:\/\/sinoextrud.com\/fr\/wp-json\/wp\/v2\/media\/6188"}],"wp:attachment":[{"href":"https:\/\/sinoextrud.com\/fr\/wp-json\/wp\/v2\/media?parent=6190"}],"wp:term":[{"taxonomy":"category","embeddable":true,"href":"https:\/\/sinoextrud.com\/fr\/wp-json\/wp\/v2\/categories?post=6190"}],"curies":[{"name":"wp","href":"https:\/\/api.w.org\/{rel}","templated":true}]}}