{"id":6184,"date":"2025-05-25T15:51:14","date_gmt":"2025-05-25T15:51:14","guid":{"rendered":"https:\/\/sinoextrud.com\/product\/aluminum-extrusion-aluminum-cladding-profile-wood-look-grain-aluminum-panels\/"},"modified":"2025-06-24T03:54:45","modified_gmt":"2025-06-24T03:54:45","slug":"extrusion-daluminium-profile-de-revetement-en-aluminium-panneaux-daluminium-a-grain-daspect-bois","status":"publish","type":"product","link":"https:\/\/sinoextrud.com\/fr\/product\/aluminum-extrusion-aluminum-cladding-profile-wood-look-grain-aluminum-panels\/","title":{"rendered":"Extrusion d'aluminium Profil\u00e9 de rev\u00eatement en aluminium Panneaux d'aluminium aspect bois"},"content":{"rendered":"<h2>D\u00e9tails des produits<\/h2>\n<table class=\"custom-table\">\n<tr>\n<td class=\"label\">Nom du produit<\/td>\n<td>Extrusion d'aluminium Profil\u00e9 de rev\u00eatement en aluminium Panneaux d'aluminium aspect bois<\/td>\n<\/tr>\n<tr>\n<td class=\"label\">Mod\u00e8le<\/td>\n<td>aluminium profil\u00e9 finition bois<\/td>\n<\/tr>\n<tr>\n<td class=\"label\">Application<\/td>\n<td>les b\u00e2timents, les centres commerciaux, les h\u00f4pitaux, les a\u00e9roports et les immeubles d'habitation.<\/td>\n<\/tr>\n<tr>\n<td class=\"label\">Alliage d'aluminium<\/td>\n<td>S\u00e9rie 6000, 6063<\/td>\n<\/tr>\n<tr>\n<td class=\"label\">Temp\u00e9rer<\/td>\n<td>T5-T8<\/td>\n<\/tr>\n<tr>\n<td class=\"label\">Forme<\/td>\n<td>personnalisation<\/td>\n<\/tr>\n<tr>\n<td class=\"label\">\u00c9paisseur<\/td>\n<td>0,8 mm - Sur mesure<\/td>\n<\/tr>\n<tr>\n<td class=\"label\">Traitement de surface<\/td>\n<td>Grain de bois, ou personnalisation<\/td>\n<\/tr>\n<tr>\n<td class=\"label\">Traitement en profondeur CNC<\/td>\n<td>couper, percer, usiner, poin\u00e7onner, plier, tarauder, etc.<\/td>\n<\/tr>\n<tr>\n<td class=\"label\">Certifications<\/td>\n<td>CE, ISO, SGS, TUV, ROHS<\/td>\n<\/tr>\n<tr>\n<td class=\"label\">Standard<\/td>\n<td>Qualit\u00e9 moyenne<\/td>\n<\/tr>\n<tr>\n<td class=\"label\">MOQ<\/td>\n<td>200KG pour chaque profil<\/td>\n<\/tr>\n<tr>\n<td class=\"label\">D\u00e9lai de livraison<\/td>\n<td>15-25 jours<\/td>\n<\/tr>\n<tr>\n<td class=\"label\">Conditions de paiement<\/td>\n<td>30% d\u00e9p\u00f4t avant la production, et le solde avant l'exp\u00e9dition.<\/td>\n<\/tr>\n<\/table>\n<h2>Notre base de production<\/h2>\n<h3>Panorama de l'usine<\/h3>\n<p><img decoding=\"async\" src=\"\/wp-content\/uploads\/factory-01.webp\"\/><\/p>\n<h3>Atelier de fabrication de barres d'aluminium<\/h3>\n<p><img decoding=\"async\" src=\"\/wp-content\/uploads\/factory-02.webp\"\/><\/p>\n<p><img decoding=\"async\" src=\"\/wp-content\/uploads\/factory-03.webp\"\/><\/p>\n<h3>Entrep\u00f4t de stockage des moules<\/h3>\n<p><img decoding=\"async\" src=\"\/wp-content\/uploads\/factory-04.webp\"\/><\/p>\n<h3>43 lignes d'extrusion d'aluminium (500-5500 tonnes)<\/h3>\n<p><img decoding=\"async\" src=\"\/wp-content\/uploads\/factory-05.webp\"\/><\/p>\n<p><img decoding=\"async\" src=\"\/wp-content\/uploads\/factory-06.webp\"\/><\/p>\n<p><img decoding=\"async\" src=\"\/wp-content\/uploads\/factory-07.webp\"\/><\/p>\n<h3>Atelier de peinture en poudre<\/h3>\n<p><img decoding=\"async\" src=\"\/wp-content\/uploads\/factory-09.webp\"\/><\/p>\n<h3>Atelier d'anodisation<\/h3>\n<p><img decoding=\"async\" src=\"\/wp-content\/uploads\/factory-10.webp\"\/><\/p>\n<h3>Atelier sur le traitement en profondeur<\/h3>\n<p><img decoding=\"async\" src=\"\/wp-content\/uploads\/factory-11.webp\"\/><\/p>\n<h3>Atelier d'usinage de pr\u00e9cision CNC<\/h3>\n<p><img decoding=\"async\" src=\"\/wp-content\/uploads\/factory-11.5.webp\"\/><\/p>\n<h3>Entrep\u00f4t de produits finis et d'exportation<\/h3>\n<p><img decoding=\"async\" src=\"\/wp-content\/uploads\/factory-12.webp\"\/><\/p>\n<p><img decoding=\"async\" src=\"\/wp-content\/uploads\/factory-13.webp\"\/><\/p>\n<p><img decoding=\"async\" src=\"\/wp-content\/uploads\/factory-14.webp\"\/><\/p>\n<h2>FAQ<\/h2>\n<p><p><b>1) Qu'est-ce qu'un profil\u00e9 de rev\u00eatement en aluminium extrud\u00e9 avec grain d'aspect bois ? <\/b><\/p>\n<p> Il s'agit de profil\u00e9s en aluminium extrud\u00e9 con\u00e7us pour les applications de rev\u00eatement, avec une finition en grain de bois qui imite le bois v\u00e9ritable tout en offrant la durabilit\u00e9 de l'aluminium.<br \/>\n<\/p><br \/>\n<br \/>\n<p><b>2) Quels sont les avantages des panneaux de rev\u00eatement en aluminium \u00e0 l'aspect bois ? <\/b><\/p>\n<p> Les panneaux de bardage en aluminium aspect bois offrent l'esth\u00e9tique du bois naturel avec les avantages de la r\u00e9sistance aux intemp\u00e9ries, du faible entretien, de la r\u00e9sistance au feu et de la longue dur\u00e9e de vie.<br \/>\n<\/p><br \/>\n<br \/>\n<p><b>3. Pourquoi choisir des profil\u00e9s de bardage en aluminium extrud\u00e9 pour les syst\u00e8mes de fa\u00e7ade ? <\/b><\/p>\n<p> Les profil\u00e9s d'habillage en aluminium extrud\u00e9 sont l\u00e9gers, r\u00e9sistants \u00e0 la corrosion et s'adaptent avec pr\u00e9cision, ce qui les rend id\u00e9aux pour les solutions de fa\u00e7ade modernes et durables.<br \/>\n<\/p><br \/>\n<br \/>\n<p><b>4. Comment la finition grain de bois est-elle appliqu\u00e9e aux panneaux d'aluminium ? <\/b><\/p>\n<p> La finition en grain de bois est g\u00e9n\u00e9ralement obtenue par un rev\u00eatement en poudre ou une impression par transfert thermique, offrant une texture r\u00e9aliste et une surface r\u00e9sistante aux UV.<br \/>\n<\/p><br \/>\n<br \/>\n<p><b>5. les panneaux de rev\u00eatement en aluminium grain de bois peuvent-ils \u00eatre utilis\u00e9s \u00e0 l'ext\u00e9rieur ? <\/b><\/p>\n<p> Oui, les panneaux de rev\u00eatement en aluminium \u00e0 grain de bois sont sp\u00e9cifiquement con\u00e7us pour une utilisation en ext\u00e9rieur, avec une forte r\u00e9sistance aux rayons UV, \u00e0 la pluie, \u00e0 l'humidit\u00e9 et aux fluctuations de temp\u00e9rature.<br \/>\n<\/p><br \/>\n<br \/>\n<p><b>6. les profil\u00e9s de bardage en aluminium n\u00e9cessitent-ils un entretien ? <\/b><\/p>\n<p> Non, contrairement au bois v\u00e9ritable, le rev\u00eatement en aluminium \u00e0 grain de bois ne n\u00e9cessite qu'un minimum d'entretien - juste un nettoyage occasionnel sans besoin de peinture ou de scellement.<br \/>\n<\/p><br \/>\n<br \/>\n<p><b>7. les panneaux de rev\u00eatement en aluminium extrud\u00e9 peuvent-ils \u00eatre personnalis\u00e9s ? <\/b><\/p>\n<p> Dans l'absolu, ces panneaux peuvent \u00eatre personnalis\u00e9s en termes de taille, de forme, de grain de bois et de couleur pour s'adapter aux diff\u00e9rents styles architecturaux et aux exigences des projets.<br \/>\n<\/p><br \/>\n<br \/>\n<p><b>8. les panneaux aluminium aspect bois sont-ils \u00e9cologiques ? <\/b><\/p>\n<p> Oui, l'aluminium est recyclable et durable, et les finitions en grain de bois r\u00e9duisent la n\u00e9cessit\u00e9 d'utiliser du bois v\u00e9ritable, ce qui favorise les pratiques de construction durable.<br \/>\n<\/p><br \/>\n<br \/>\n<p><b>9. o\u00f9 les profil\u00e9s de rev\u00eatement en aluminium \u00e0 grain de bois sont-ils couramment utilis\u00e9s ? <\/b><\/p>\n<p> Ces profil\u00e9s sont utilis\u00e9s pour les fa\u00e7ades de b\u00e2timents, les soffites, les plafonds, les cl\u00f4tures, les portails et les panneaux muraux d\u00e9coratifs pour les projets r\u00e9sidentiels et commerciaux.<br \/>\n<\/p><br \/>\n<br \/>\n<p><b>10. les profil\u00e9s de rev\u00eatement en aluminium am\u00e9liorent-ils l'esth\u00e9tique des b\u00e2timents ? <\/b><\/p>\n<p> Oui, ils offrent un aspect bois naturel et chaleureux avec des lignes \u00e9pur\u00e9es et des finitions modernes, mettant en valeur l'attrait architectural de toute structure.<br \/>\n<\/p><br \/><\/p>","protected":false},"featured_media":6183,"template":"","categories":[58],"class_list":["post-6184","product","type-product","status-publish","has-post-thumbnail","hentry","category-aluminium-extrusion-profiles"],"meta_box":{"hilight_text_group":{"product_hilight_text":"<li>Wood grain finish offers natural aesthetics with aluminum durability<\/li>\r\r\n<li>Weatherproof and corrosion-resistant for exterior cladding<\/li>\r\r\n<li>Lightweight panels reduce structural load and ease installation<\/li>\r\r\n<li>Low maintenance alternative to real wood siding<\/li>\r\r\n<li>Custom profiles and colors available for architectural flexibility<\/li>","product_chanpin_chanpin":"<li><a href=\"https:\/\/sinoextrud.com\/product\/aluminium-extrusion-caravan-awning-aluminum-profile\/\" target=\"_blank\">Aluminium Extrusion Caravan Awning Aluminum Profile<\/a><\/li>\r\n<li><a href=\"https:\/\/sinoextrud.com\/product\/aluminium-extrusion-11-5m-ultra-long-mill-finished-profiles\/\" target=\"_blank\">Aluminium Extrusion 11.5m Ultra-long Mill Finished Profiles<\/a><\/li>\r\n<li><a href=\"https:\/\/sinoextrud.com\/product\/aluminium-u-channel\/\" target=\"_blank\">Aluminium U Channel<\/a><\/li>\r\n<li><a href=\"https:\/\/sinoextrud.com\/product\/aluminum-profile-roller-blinds-rails\/\" target=\"_blank\">Aluminum Profile Roller Blinds Rails<\/a><\/li>\r\n<li><a href=\"https:\/\/sinoextrud.com\/product\/aluminum-extrusion-aluminum-cladding-profile-wood-look-grain-aluminum-panels\/\" target=\"_blank\">Aluminum Extrusion Aluminum Cladding Profile Wood Look Grain Aluminum Panels<\/a><\/li>\r\n<li><a href=\"https:\/\/sinoextrud.com\/product\/aluminum-extrusion-6005-big-size-industrial-aluminum-profile\/\" target=\"_blank\">Aluminum Extrusion 6005 Big Size Industrial Aluminum Profile<\/a><\/li>\r\n<li><a href=\"https:\/\/sinoextrud.com\/product\/aluminum-extrusion-telescopic-tube-octagon-tube\/\" target=\"_blank\">Aluminum Extrusion Telescopic Tube Octagon Tube<\/a><\/li>\r\n<li><a href=\"https:\/\/sinoextrud.com\/product\/aluminum-extrusion-aluminum-roof-rack-profiles\/\" target=\"_blank\">Aluminum Extrusion Aluminum Roof Rack Profiles<\/a><\/li>\r\n<li><a href=\"https:\/\/sinoextrud.com\/product\/aluminum-extrusion-blackboard-whiteboard-frame-aluminum-profiles\/\" target=\"_blank\">Aluminum Extrusion Blackboard Whiteboard Frame Aluminum Profiles<\/a><\/li>\r\n<li><a href=\"https:\/\/sinoextrud.com\/product\/aluminum-solar-panel-frame\/\" target=\"_blank\">Aluminum Solar Panel Frame<\/a><\/li>\r\n<li><a href=\"https:\/\/sinoextrud.com\/product\/aluminium-extrusion-caravan-profiles\/\" target=\"_blank\">Aluminium Extrusion Caravan Profiles<\/a><\/li>"},"feature_list":[]},"_links":{"self":[{"href":"https:\/\/sinoextrud.com\/fr\/wp-json\/wp\/v2\/product\/6184","targetHints":{"allow":["GET"]}}],"collection":[{"href":"https:\/\/sinoextrud.com\/fr\/wp-json\/wp\/v2\/product"}],"about":[{"href":"https:\/\/sinoextrud.com\/fr\/wp-json\/wp\/v2\/types\/product"}],"wp:featuredmedia":[{"embeddable":true,"href":"https:\/\/sinoextrud.com\/fr\/wp-json\/wp\/v2\/media\/6183"}],"wp:attachment":[{"href":"https:\/\/sinoextrud.com\/fr\/wp-json\/wp\/v2\/media?parent=6184"}],"wp:term":[{"taxonomy":"category","embeddable":true,"href":"https:\/\/sinoextrud.com\/fr\/wp-json\/wp\/v2\/categories?post=6184"}],"curies":[{"name":"wp","href":"https:\/\/api.w.org\/{rel}","templated":true}]}}