{"id":6180,"date":"2025-05-25T15:45:18","date_gmt":"2025-05-25T15:45:18","guid":{"rendered":"https:\/\/sinoextrud.com\/product\/aluminium-u-channel\/"},"modified":"2025-06-24T03:54:40","modified_gmt":"2025-06-24T03:54:40","slug":"profile-en-u-en-aluminium","status":"publish","type":"product","link":"https:\/\/sinoextrud.com\/fr\/product\/aluminium-u-channel\/","title":{"rendered":"Canal en U en aluminium"},"content":{"rendered":"<h2>D\u00e9tails des produits<\/h2>\n<table class=\"custom-table\">\n<tr>\n<td class=\"label\">Article :<\/td>\n<td>Canal en U en aluminium<\/td>\n<\/tr>\n<tr>\n<td class=\"label\">Temp\u00e9rer :<\/td>\n<td>T3-T8<\/td>\n<\/tr>\n<tr>\n<td class=\"label\">Forme :<\/td>\n<td>Sur mesure<\/td>\n<\/tr>\n<tr>\n<td class=\"label\">Mat\u00e9riau :<\/td>\n<td>6063<\/td>\n<\/tr>\n<tr>\n<td class=\"label\">Couleur :<\/td>\n<td>Couleur personnalis\u00e9e<\/td>\n<\/tr>\n<tr>\n<td class=\"label\">D\u00e9lai de livraison :<\/td>\n<td>25-30 jours<\/td>\n<\/tr>\n<tr>\n<td class=\"label\">D\u00e9lai de paiement :<\/td>\n<td>30% d\u00e9p\u00f4t, 70% solde avant livraison<\/td>\n<\/tr>\n<tr>\n<td class=\"label\">Port :<\/td>\n<td>Guangzhou, Shenzhen<\/td>\n<\/tr>\n<tr>\n<td class=\"label\">Grade :<\/td>\n<td>S\u00e9rie 6000<\/td>\n<\/tr>\n<tr>\n<td class=\"label\">Lieu d'origine :<\/td>\n<td>Foshan, Guangdong<\/td>\n<\/tr>\n<tr>\n<td class=\"label\">Alliage ou non :<\/td>\n<td>Alliage<\/td>\n<\/tr>\n<tr>\n<td class=\"label\">Marque :<\/td>\n<td>ZHL<\/td>\n<\/tr>\n<tr>\n<td class=\"label\">Traitement de surface :<\/td>\n<td>Anodis\u00e9, rev\u00eatement par poudre, bross\u00e9, sablage, grain de bois<\/td>\n<\/tr>\n<tr>\n<td class=\"label\">MOQ :<\/td>\n<td>200KG<\/td>\n<\/tr>\n<tr>\n<td class=\"label\">Service de traitement :<\/td>\n<td>Pliage, d\u00e9roulage, soudage, poin\u00e7onnage, d\u00e9coupage<\/td>\n<\/tr>\n<tr>\n<td class=\"label\">Garantie :<\/td>\n<td>certificat du client ,comme BV, Soncap ,ISO<\/td>\n<\/tr>\n<\/table>\n<h2>Notre base de production<\/h2>\n<h3>Panorama de l'usine<\/h3>\n<p><img decoding=\"async\" src=\"\/wp-content\/uploads\/factory-01.webp\"\/><\/p>\n<h3>Atelier de fabrication de barres d'aluminium<\/h3>\n<p><img decoding=\"async\" src=\"\/wp-content\/uploads\/factory-02.webp\"\/><\/p>\n<p><img decoding=\"async\" src=\"\/wp-content\/uploads\/factory-03.webp\"\/><\/p>\n<h3>Entrep\u00f4t de stockage des moules<\/h3>\n<p><img decoding=\"async\" src=\"\/wp-content\/uploads\/factory-04.webp\"\/><\/p>\n<h3>43 lignes d'extrusion d'aluminium (500 \u00e0 5500 tonnes)<\/h3>\n<p><img decoding=\"async\" src=\"\/wp-content\/uploads\/factory-05.webp\"\/><\/p>\n<p><img decoding=\"async\" src=\"\/wp-content\/uploads\/factory-06.webp\"\/><\/p>\n<p><img decoding=\"async\" src=\"\/wp-content\/uploads\/factory-07.webp\"\/><\/p>\n<h3>Atelier de peinture en poudre<\/h3>\n<p><img decoding=\"async\" src=\"\/wp-content\/uploads\/factory-09.webp\"\/><\/p>\n<h3>Atelier d'anodisation<\/h3>\n<p><img decoding=\"async\" src=\"\/wp-content\/uploads\/factory-10.webp\"\/><\/p>\n<h3>Atelier sur le traitement en profondeur<\/h3>\n<p><img decoding=\"async\" src=\"\/wp-content\/uploads\/factory-11.webp\"\/><\/p>\n<h3>Atelier d'usinage de pr\u00e9cision CNC<\/h3>\n<p><img decoding=\"async\" src=\"\/wp-content\/uploads\/factory-11.5.webp\"\/><\/p>\n<h3>Entrep\u00f4t de produits finis et d'exportation<\/h3>\n<p><img decoding=\"async\" src=\"\/wp-content\/uploads\/factory-12.webp\"\/><\/p>\n<p><img decoding=\"async\" src=\"\/wp-content\/uploads\/factory-13.webp\"\/><\/p>\n<p><img decoding=\"async\" src=\"\/wp-content\/uploads\/factory-14.webp\"\/><\/p>\n<h2>FAQ<\/h2>\n<p><p><b>1) Qu'est-ce qu'un canal en U en aluminium ? <\/b><\/p>\n<p> Un profil\u00e9 en U en aluminium est un profil\u00e9 en U en aluminium extrud\u00e9 utilis\u00e9 pour la protection des bords, l'ossature structurelle, les garnitures et le montage dans diverses applications industrielles et de construction.<br \/>\n<\/p><br \/>\n<br \/>\n<p><b>2. quels sont les avantages de l'utilisation de profil\u00e9s en U en aluminium ? <\/b><\/p>\n<p> Les profil\u00e9s en U en aluminium offrent une grande l\u00e9g\u00e8ret\u00e9, une r\u00e9sistance \u00e0 la corrosion, une facilit\u00e9 d'installation et une esth\u00e9tique soign\u00e9e, tant \u00e0 l'int\u00e9rieur qu'\u00e0 l'ext\u00e9rieur.<br \/>\n<\/p><br \/>\n<br \/>\n<p><b>3. Pourquoi choisir l'aluminium pour les profil\u00e9s en U ? <\/b><\/p>\n<p> L'aluminium est inoxydable, durable, facile \u00e0 couper et \u00e0 usiner, et id\u00e9al pour les profil\u00e9s en U utilis\u00e9s dans la construction, la fabrication et les projets d\u00e9coratifs.<br \/>\n<\/p><br \/>\n<br \/>\n<p><b>4. O\u00f9 les profil\u00e9s en U en aluminium sont-ils couramment utilis\u00e9s ? <\/b><\/p>\n<p> Les profil\u00e9s en U en aluminium sont largement utilis\u00e9s dans les syst\u00e8mes de vitrage, les encadrements de panneaux, les bo\u00eetiers de bandes LED, les bords de meubles et les rev\u00eatements architecturaux.<br \/>\n<\/p><br \/>\n<br \/>\n<p><b>5. Les profil\u00e9s en U en aluminium peuvent-ils \u00eatre utilis\u00e9s \u00e0 l'ext\u00e9rieur ? <\/b><\/p>\n<p> Oui, les profil\u00e9s en U en aluminium sont r\u00e9sistants \u00e0 la corrosion et peuvent \u00eatre anodis\u00e9s ou rev\u00eatus par poudre pour une meilleure durabilit\u00e9 dans les environnements ext\u00e9rieurs.<br \/>\n<\/p><br \/>\n<br \/>\n<p><b>6. Les profil\u00e9s en U en aluminium peuvent-ils \u00eatre personnalis\u00e9s ? <\/b><\/p>\n<p> Absolument, les profil\u00e9s en U en aluminium peuvent \u00eatre extrud\u00e9s sur mesure dans diff\u00e9rentes tailles, \u00e9paisseurs, longueurs et finitions de surface pour r\u00e9pondre aux besoins sp\u00e9cifiques du projet.<br \/>\n<\/p><br \/>\n<br \/>\n<p><b>7. les profil\u00e9s en U en aluminium sont-ils faciles \u00e0 installer ? <\/b><\/p>\n<p> Oui, les profil\u00e9s en U en aluminium sont faciles \u00e0 travailler et peuvent \u00eatre perc\u00e9s, coup\u00e9s ou mont\u00e9s \u00e0 l'aide d'adh\u00e9sifs ou de fixations m\u00e9caniques.<br \/>\n<\/p><br \/>\n<br \/>\n<p><b>8. Quelles sont les finitions disponibles pour les profil\u00e9s en U en aluminium ? <\/b><\/p>\n<p> Les profil\u00e9s en U en aluminium sont disponibles en finition brute, anodis\u00e9e, peinte par poudrage ou bross\u00e9e pour r\u00e9pondre aux besoins des applications fonctionnelles et d\u00e9coratives.<br \/>\n<\/p><br \/>\n<br \/>\n<p><b>9. les profil\u00e9s en U en aluminium offrent-ils un soutien structurel ? <\/b><\/p>\n<p> Oui, les profil\u00e9s en U en aluminium offrent un soutien structurel mod\u00e9r\u00e9 et un renforcement des bords, en particulier dans les syst\u00e8mes d'encadrement ou de garniture l\u00e9gers.<br \/>\n<\/p><br \/>\n<br \/>\n<p><b>10. Quelle est la comparaison entre les profil\u00e9s en U en aluminium et les profil\u00e9s en acier ? <\/b><\/p>\n<p> Les profil\u00e9s en U en aluminium sont plus l\u00e9gers, plus r\u00e9sistants \u00e0 la corrosion et plus faciles \u00e0 manipuler que l'acier, ce qui les rend id\u00e9aux pour les applications non lourdes et ext\u00e9rieures.<br \/>\n<\/p><br \/><\/p>","protected":false},"featured_media":0,"template":"","categories":[58],"class_list":["post-6180","product","type-product","status-publish","hentry","category-aluminium-extrusion-profiles"],"meta_box":{"hilight_text_group":{"product_hilight_text":"<li>Simple U-shaped design for easy integration into various structures<\/li>\r\r\n<li>Lightweight yet strong, suitable for framing and edge protection<\/li>\r\r\n<li>Corrosion-resistant for indoor and outdoor applications<\/li>\r\r\n<li>Available in multiple sizes and finishes for diverse needs<\/li>\r\r\n<li>Easy to cut, drill, and install with standard tools<\/li>","product_chanpin_chanpin":"<li><a href=\"https:\/\/sinoextrud.com\/product\/aluminum-tube-framing\/\" target=\"_blank\">Aluminum Tube Framing<\/a><\/li>\r\n<li><a href=\"https:\/\/sinoextrud.com\/product\/aluminium-extrusion-wood-grain-outdoor-louver-aluminum-profile\/\" target=\"_blank\">Aluminium Extrusion Wood Grain Outdoor Louver Aluminum Profile<\/a><\/li>\r\n<li><a href=\"https:\/\/sinoextrud.com\/product\/aluminium-extrusion-caravan-awning-aluminum-profile\/\" target=\"_blank\">Aluminium Extrusion Caravan Awning Aluminum Profile<\/a><\/li>\r\n<li><a href=\"https:\/\/sinoextrud.com\/product\/aluminium-extrusion-11-5m-ultra-long-mill-finished-profiles\/\" target=\"_blank\">Aluminium Extrusion 11.5m Ultra-long Mill Finished Profiles<\/a><\/li>\r\n<li><a href=\"https:\/\/sinoextrud.com\/product\/aluminium-u-channel\/\" target=\"_blank\">Aluminium U Channel<\/a><\/li>\r\n<li><a href=\"https:\/\/sinoextrud.com\/product\/aluminum-profile-roller-blinds-rails\/\" target=\"_blank\">Aluminum Profile Roller Blinds Rails<\/a><\/li>\r\n<li><a href=\"https:\/\/sinoextrud.com\/product\/aluminum-extrusion-aluminum-cladding-profile-wood-look-grain-aluminum-panels\/\" target=\"_blank\">Aluminum Extrusion Aluminum Cladding Profile Wood Look Grain Aluminum Panels<\/a><\/li>\r\n<li><a href=\"https:\/\/sinoextrud.com\/product\/aluminum-extrusion-6005-big-size-industrial-aluminum-profile\/\" target=\"_blank\">Aluminum Extrusion 6005 Big Size Industrial Aluminum Profile<\/a><\/li>\r\n<li><a href=\"https:\/\/sinoextrud.com\/product\/aluminum-extrusion-telescopic-tube-octagon-tube\/\" target=\"_blank\">Aluminum Extrusion Telescopic Tube Octagon Tube<\/a><\/li>\r\n<li><a href=\"https:\/\/sinoextrud.com\/product\/t-slot-extruded-aluminum-profile-cutting-for-sale-by-weight-of-aluminum-section-open-extrusion-die\/\" target=\"_blank\">t slot extruded aluminum profile cutting for sale by weight of aluminum section open extrusion die<\/a><\/li>\r\n<li><a href=\"https:\/\/sinoextrud.com\/product\/c-shaped-wind-resistant-linear-ceiling-system\/\" target=\"_blank\">C-Shaped Wind-Resistant Linear Ceiling System<\/a><\/li>"},"feature_list":[]},"_links":{"self":[{"href":"https:\/\/sinoextrud.com\/fr\/wp-json\/wp\/v2\/product\/6180","targetHints":{"allow":["GET"]}}],"collection":[{"href":"https:\/\/sinoextrud.com\/fr\/wp-json\/wp\/v2\/product"}],"about":[{"href":"https:\/\/sinoextrud.com\/fr\/wp-json\/wp\/v2\/types\/product"}],"wp:attachment":[{"href":"https:\/\/sinoextrud.com\/fr\/wp-json\/wp\/v2\/media?parent=6180"}],"wp:term":[{"taxonomy":"category","embeddable":true,"href":"https:\/\/sinoextrud.com\/fr\/wp-json\/wp\/v2\/categories?post=6180"}],"curies":[{"name":"wp","href":"https:\/\/api.w.org\/{rel}","templated":true}]}}