{"id":6174,"date":"2025-05-25T15:37:36","date_gmt":"2025-05-25T15:37:36","guid":{"rendered":"https:\/\/sinoextrud.com\/product\/aluminium-extrusion-wood-grain-outdoor-louver-aluminum-profile\/"},"modified":"2025-06-24T03:54:35","modified_gmt":"2025-06-24T03:54:35","slug":"profile-daluminium-extrude-en-bois-pour-lexterieur-profile-daluminium-pour-lexterieur","status":"publish","type":"product","link":"https:\/\/sinoextrud.com\/fr\/product\/aluminium-extrusion-wood-grain-outdoor-louver-aluminum-profile\/","title":{"rendered":"Extrusion d'aluminium Profil\u00e9 d'aluminium pour persiennes ext\u00e9rieures avec grain de bois"},"content":{"rendered":"<h2>D\u00e9tails des produits<\/h2>\n<table class=\"custom-table\">\n<tr>\n<td class=\"label\">Nom du produit<\/td>\n<td>Extrusion d'aluminium Profil\u00e9 d'aluminium pour persiennes ext\u00e9rieures avec grain de bois<\/td>\n<\/tr>\n<tr>\n<td class=\"label\">Gamme de produits<\/td>\n<td>extrusions d'aluminium pour persiennes ext\u00e9rieures en aluminium, extrusions de persiennes en aluminium, persiennes ext\u00e9rieures en aluminium personnalis\u00e9es, profil\u00e9s en aluminium pour persiennes ext\u00e9rieures en bois, etc.<\/td>\n<\/tr>\n<tr>\n<td class=\"label\">Syst\u00e8mes adapt\u00e9s Types<\/td>\n<td>volet en alliage d'aluminium, persienne en aluminium, pergola en aluminium en Chine, volet ext\u00e9rieur en aluminium, cl\u00f4ture \u00e0 persiennes en aluminium, cl\u00f4ture \u00e0 persiennes ametco, cl\u00f4ture en bois \u00e0 persiennes, panneaux de cl\u00f4ture en bois \u00e0 persiennes, etc.<\/td>\n<\/tr>\n<tr>\n<td class=\"label\">Alliage d'aluminium<\/td>\n<td>S\u00e9rie 5000, s\u00e9rie 6000, s\u00e9rie 7000<\/td>\n<\/tr>\n<tr>\n<td class=\"label\">Temp\u00e9rer<\/td>\n<td>T5-T8<\/td>\n<\/tr>\n<tr>\n<td class=\"label\">Forme<\/td>\n<td>personnalisation<\/td>\n<\/tr>\n<tr>\n<td class=\"label\">Couleur<\/td>\n<td>Grain de bois, transfert de grain de bois enduit de poudre<\/td>\n<\/tr>\n<tr>\n<td class=\"label\">Traitement de surface<\/td>\n<td>finition en usine, anodisation, grain de bois, rev\u00eatement en poudre, sablage, \u00e9lectrophor\u00e8se, brossage, polissage, etc.<\/td>\n<\/tr>\n<tr>\n<td class=\"label\">Traitement en profondeur CNC<\/td>\n<td>couper, percer, usiner, poin\u00e7onner, plier, tarauder, etc.<\/td>\n<\/tr>\n<tr>\n<td class=\"label\">Certifications<\/td>\n<td>CE, ISO, SGS, TUV, ROHS<\/td>\n<\/tr>\n<tr>\n<td class=\"label\">\u00c9chantillons<\/td>\n<td>\u00e9chantillon gratuit. Livraison en 1-3 jours.<\/td>\n<\/tr>\n<tr>\n<td class=\"label\">MOQ<\/td>\n<td>200KG pour chaque profil<\/td>\n<\/tr>\n<tr>\n<td class=\"label\">D\u00e9lai de livraison<\/td>\n<td>La mise au point du moule et la confirmation de l'\u00e9chantillon prennent 12 \u00e0 15 jours, puis la production prend 15 \u00e0 25 jours apr\u00e8s r\u00e9ception de l'acompte de l'acheteur.<\/td>\n<\/tr>\n<tr>\n<td class=\"label\">Conditions de paiement<\/td>\n<td>30% d\u00e9p\u00f4t avant la production, et le solde avant l'exp\u00e9dition.<\/td>\n<\/tr>\n<\/table>\n<h2>Notre base de production<\/h2>\n<h3>Panorama de l'usine<\/h3>\n<p><img decoding=\"async\" src=\"\/wp-content\/uploads\/factory-01.webp\"\/><\/p>\n<h3>Atelier de fabrication de barres d'aluminium<\/h3>\n<p><img decoding=\"async\" src=\"\/wp-content\/uploads\/factory-02.webp\"\/><\/p>\n<p><img decoding=\"async\" src=\"\/wp-content\/uploads\/factory-03.webp\"\/><\/p>\n<h3>Entrep\u00f4t de stockage des moules<\/h3>\n<p><img decoding=\"async\" src=\"\/wp-content\/uploads\/factory-04.webp\"\/><\/p>\n<h3>43 lignes d'extrusion d'aluminium (500 \u00e0 5500 tonnes)<\/h3>\n<p><img decoding=\"async\" src=\"\/wp-content\/uploads\/factory-05.webp\"\/><\/p>\n<p><img decoding=\"async\" src=\"\/wp-content\/uploads\/factory-06.webp\"\/><\/p>\n<p><img decoding=\"async\" src=\"\/wp-content\/uploads\/factory-07.webp\"\/><\/p>\n<h3>Atelier de peinture en poudre<\/h3>\n<p><img decoding=\"async\" src=\"\/wp-content\/uploads\/factory-09.webp\"\/><\/p>\n<h3>Atelier d'anodisation<\/h3>\n<p><img decoding=\"async\" src=\"\/wp-content\/uploads\/factory-10.webp\"\/><\/p>\n<h3>Atelier sur le traitement en profondeur<\/h3>\n<p><img decoding=\"async\" src=\"\/wp-content\/uploads\/factory-11.webp\"\/><\/p>\n<h3>Atelier d'usinage de pr\u00e9cision CNC<\/h3>\n<p><img decoding=\"async\" src=\"\/wp-content\/uploads\/factory-11.5.webp\"\/><\/p>\n<h3>Entrep\u00f4t de produits finis et d'exportation<\/h3>\n<p><img decoding=\"async\" src=\"\/wp-content\/uploads\/factory-12.webp\"\/><\/p>\n<p><img decoding=\"async\" src=\"\/wp-content\/uploads\/factory-13.webp\"\/><\/p>\n<p><img decoding=\"async\" src=\"\/wp-content\/uploads\/factory-14.webp\"\/><\/p>\n<h2>FAQ<\/h2>\n<p><p><b>1) Qu'est-ce qu'un profil\u00e9 d'aluminium extrud\u00e9 \u00e0 grain de bois pour l'ext\u00e9rieur ? <\/b><\/p>\n<p> Il s'agit d'un profil\u00e9 en aluminium extrud\u00e9 avec une finition en grain de bois, con\u00e7u pour les syst\u00e8mes de persiennes ext\u00e9rieures qui combinent l'aspect du bois avec la durabilit\u00e9 de l'aluminium.<br \/>\n<\/p><br \/>\n<br \/>\n<p><b>2) Quels sont les avantages des profils de persiennes en aluminium \u00e0 grain de bois ? <\/b><\/p>\n<p> Les profils de persiennes en aluminium grain de bois offrent une r\u00e9sistance aux intemp\u00e9ries, un faible entretien, un attrait esth\u00e9tique et des performances durables dans les environnements ext\u00e9rieurs.<br \/>\n<\/p><br \/>\n<br \/>\n<p><b>3. pourquoi choisir l'extrusion d'aluminium avec grain de bois pour les persiennes ? <\/b><\/p>\n<p> L'extrusion d'aluminium avec finition grain de bois donne l'aspect naturel du bois sans d\u00e9formation, ni pourriture, ni d\u00e9coloration, et garantit une int\u00e9grit\u00e9 structurelle sup\u00e9rieure.<br \/>\n<\/p><br \/>\n<br \/>\n<p><b>4) O\u00f9 sont utilis\u00e9es les persiennes en aluminium ext\u00e9rieur en grain de bois ? <\/b><\/p>\n<p> Ces profil\u00e9s sont couramment utilis\u00e9s pour les fa\u00e7ades, les parasols, les pergolas, les cl\u00f4tures et les brise-vues dans les projets d'am\u00e9nagement ext\u00e9rieur r\u00e9sidentiels et commerciaux.<br \/>\n<\/p><br \/>\n<br \/>\n<p><b>5. les profils de persiennes en aluminium grain de bois r\u00e9sistent-ils aux intemp\u00e9ries ? <\/b><\/p>\n<p> Oui, les persiennes en aluminium grain de bois sont tr\u00e8s r\u00e9sistantes aux rayons UV, \u00e0 la pluie, \u00e0 l'humidit\u00e9 et aux changements de temp\u00e9rature, ce qui les rend parfaites pour une utilisation en ext\u00e9rieur.<br \/>\n<\/p><br \/>\n<br \/>\n<p><b>6. les profil\u00e9s en aluminium \u00e0 veinage bois n\u00e9cessitent-ils un entretien ? <\/b><\/p>\n<p> Non, ils ne n\u00e9cessitent pratiquement aucun entretien et ne demandent qu'un nettoyage occasionnel, contrairement au bois v\u00e9ritable qui doit \u00eatre scell\u00e9 ou peint r\u00e9guli\u00e8rement.<br \/>\n<\/p><br \/>\n<br \/>\n<p><b>7. les persiennes en aluminium extrud\u00e9 peuvent-elles \u00eatre personnalis\u00e9es ? <\/b><\/p>\n<p> Absolument, ils peuvent \u00eatre personnalis\u00e9s en termes de forme, de taille, de finition du grain de bois et de couleur pour r\u00e9pondre \u00e0 des exigences architecturales et de conception sp\u00e9cifiques.<br \/>\n<\/p><br \/>\n<br \/>\n<p><b>8. la finition en grain de bois des persiennes en aluminium est-elle durable ? <\/b><\/p>\n<p> Oui, le grain de bois est appliqu\u00e9 \u00e0 l'aide de techniques de traitement de surface avanc\u00e9es telles que le rev\u00eatement par poudre ou le transfert thermique, ce qui garantit une adh\u00e9rence durable et la stabilit\u00e9 des couleurs.<br \/>\n<\/p><br \/>\n<br \/>\n<p><b>9. les lamelles en aluminium avec grain de bois sont-elles respectueuses de l'environnement ? <\/b><\/p>\n<p> Oui, l'aluminium est recyclable et la finition en grain de bois r\u00e9duit le besoin de d\u00e9forestation, offrant une alternative durable au bois naturel.<br \/>\n<\/p><br \/>\n<br \/>\n<p><b>10. comment les persiennes en aluminium extrud\u00e9 \u00e0 grain de bois am\u00e9liorent-elles l'esth\u00e9tique des b\u00e2timents ? <\/b><\/p>\n<p> Ces persiennes offrent un aspect bois naturel et chaleureux tout en conservant les lignes \u00e9pur\u00e9es et l'attrait moderne des profil\u00e9s en aluminium de pr\u00e9cision.<br \/>\n<\/p><br \/><\/p>","protected":false},"featured_media":6173,"template":"","categories":[58],"class_list":["post-6174","product","type-product","status-publish","has-post-thumbnail","hentry","category-aluminium-extrusion-profiles"],"meta_box":{"hilight_text_group":{"product_hilight_text":"<li>Realistic wood grain finish combines aesthetics with durability<\/li>\r\r\n<li>Weather-resistant and corrosion-proof for outdoor use<\/li>\r\r\n<li>Lightweight aluminum structure ensures easy installation<\/li>\r\r\n<li>Low maintenance compared to real wood materials<\/li>\r\r\n<li>Custom profiles and colors available for architectural design needs<\/li>","product_chanpin_chanpin":"<li><a href=\"https:\/\/sinoextrud.com\/product\/extruded-aluminum-heatsink\/\" target=\"_blank\">Extruded Aluminum Heatsink<\/a><\/li>\r\n<li><a href=\"https:\/\/sinoextrud.com\/product\/aluminium-light-box-profile\/\" target=\"_blank\">Aluminium Light Box Profile<\/a><\/li>\r\n<li><a href=\"https:\/\/sinoextrud.com\/product\/aluminum-extrusion-gate-barrier-arm-aluminum-profile\/\" target=\"_blank\">Aluminum Extrusion Gate Barrier Arm Aluminum Profile<\/a><\/li>\r\n<li><a href=\"https:\/\/sinoextrud.com\/product\/aluminum-tube-framing\/\" target=\"_blank\">Aluminum Tube Framing<\/a><\/li>\r\n<li><a href=\"https:\/\/sinoextrud.com\/product\/aluminium-extrusion-wood-grain-outdoor-louver-aluminum-profile\/\" target=\"_blank\">Aluminium Extrusion Wood Grain Outdoor Louver Aluminum Profile<\/a><\/li>\r\n<li><a href=\"https:\/\/sinoextrud.com\/product\/aluminium-extrusion-caravan-awning-aluminum-profile\/\" target=\"_blank\">Aluminium Extrusion Caravan Awning Aluminum Profile<\/a><\/li>\r\n<li><a href=\"https:\/\/sinoextrud.com\/product\/aluminium-extrusion-11-5m-ultra-long-mill-finished-profiles\/\" target=\"_blank\">Aluminium Extrusion 11.5m Ultra-long Mill Finished Profiles<\/a><\/li>\r\n<li><a href=\"https:\/\/sinoextrud.com\/product\/aluminium-u-channel\/\" target=\"_blank\">Aluminium U Channel<\/a><\/li>\r\n<li><a href=\"https:\/\/sinoextrud.com\/product\/aluminum-profile-roller-blinds-rails\/\" target=\"_blank\">Aluminum Profile Roller Blinds Rails<\/a><\/li>\r\n<li><a href=\"https:\/\/sinoextrud.com\/product\/aluminum-curtain-wall-extrusions\/\" target=\"_blank\">Aluminum Curtain Wall Extrusions<\/a><\/li>\r\n<li><a href=\"https:\/\/sinoextrud.com\/product\/t-slot-aluminium-profile-extrusion-bulk-selling-98-pure-aluminum-price\/\" target=\"_blank\">t-slot aluminium profile extrusion bulk selling 98% pure aluminum price<\/a><\/li>"},"feature_list":[]},"_links":{"self":[{"href":"https:\/\/sinoextrud.com\/fr\/wp-json\/wp\/v2\/product\/6174","targetHints":{"allow":["GET"]}}],"collection":[{"href":"https:\/\/sinoextrud.com\/fr\/wp-json\/wp\/v2\/product"}],"about":[{"href":"https:\/\/sinoextrud.com\/fr\/wp-json\/wp\/v2\/types\/product"}],"wp:featuredmedia":[{"embeddable":true,"href":"https:\/\/sinoextrud.com\/fr\/wp-json\/wp\/v2\/media\/6173"}],"wp:attachment":[{"href":"https:\/\/sinoextrud.com\/fr\/wp-json\/wp\/v2\/media?parent=6174"}],"wp:term":[{"taxonomy":"category","embeddable":true,"href":"https:\/\/sinoextrud.com\/fr\/wp-json\/wp\/v2\/categories?post=6174"}],"curies":[{"name":"wp","href":"https:\/\/api.w.org\/{rel}","templated":true}]}}