{"id":6170,"date":"2025-05-25T15:05:39","date_gmt":"2025-05-25T15:05:39","guid":{"rendered":"https:\/\/sinoextrud.com\/product\/aluminum-extrusion-gate-barrier-arm-aluminum-profile\/"},"modified":"2025-06-24T03:54:32","modified_gmt":"2025-06-24T03:54:32","slug":"extrusion-aluminium-barriere-bras-profile-aluminium","status":"publish","type":"product","link":"https:\/\/sinoextrud.com\/fr\/product\/aluminum-extrusion-gate-barrier-arm-aluminum-profile\/","title":{"rendered":"Extrusion d'aluminium Barri\u00e8re de portail Profil\u00e9 d'aluminium"},"content":{"rendered":"<h2>D\u00e9tails des produits<\/h2>\n<table class=\"custom-table\">\n<tr>\n<td class=\"label\">Nom du produit<\/td>\n<td>Extrusion d'aluminium Barri\u00e8re de portail Profil\u00e9 d'aluminium<\/td>\n<\/tr>\n<tr>\n<td class=\"label\">Gamme de produits<\/td>\n<td>extrusion d'aluminium pour profil\u00e9 de bras de barri\u00e8re en aluminium, tube en aluminium, poteau en aluminium, etc.<\/td>\n<\/tr>\n<tr>\n<td class=\"label\">Forme<\/td>\n<td>colonne, rond ou personnalisation<\/td>\n<\/tr>\n<tr>\n<td class=\"label\">Taille<\/td>\n<td>personnalisation<\/td>\n<\/tr>\n<tr>\n<td class=\"label\">Application<\/td>\n<td>Portails et barri\u00e8res de s\u00e9curit\u00e9, syst\u00e8mes de contr\u00f4le des parkings, postes de p\u00e9age et syst\u00e8mes de contr\u00f4le d'acc\u00e8s aux autoroutes, entr\u00e9es et sorties d'usine, postes de contr\u00f4le frontaliers<\/td>\n<\/tr>\n<tr>\n<td class=\"label\">Traitement de surface<\/td>\n<td>finition en usine, anodisation, grain de bois, rev\u00eatement en poudre, sablage, \u00e9lectrophor\u00e8se, brossage, polissage, etc.<\/td>\n<\/tr>\n<tr>\n<td class=\"label\">Traitement en profondeur CNC<\/td>\n<td>couper, percer, usiner, poin\u00e7onner, plier, tarauder, etc.<\/td>\n<\/tr>\n<tr>\n<td class=\"label\">Certifications<\/td>\n<td>CE, ISO, SGS, TUV, ROHS<\/td>\n<\/tr>\n<tr>\n<td class=\"label\">\u00c9chantillons<\/td>\n<td>\u00e9chantillon gratuit.<\/td>\n<\/tr>\n<tr>\n<td class=\"label\">MOQ<\/td>\n<td>200KG pour chaque profil<\/td>\n<\/tr>\n<tr>\n<td class=\"label\">D\u00e9lai de livraison<\/td>\n<td>La mise au point du moule et la confirmation de l'\u00e9chantillon prennent 12 \u00e0 15 jours, puis la production prend 15 \u00e0 25 jours apr\u00e8s r\u00e9ception de l'acompte de l'acheteur.<\/td>\n<\/tr>\n<tr>\n<td class=\"label\">Conditions de paiement<\/td>\n<td>30% d\u00e9p\u00f4t avant la production, et le solde avant l'exp\u00e9dition.<\/td>\n<\/tr>\n<\/table>\n<h2>Notre base de production<\/h2>\n<h3>Panorama de l'usine<\/h3>\n<p><img decoding=\"async\" src=\"\/wp-content\/uploads\/factory-01.webp\"\/><\/p>\n<h3>Atelier de fabrication de barres d'aluminium<\/h3>\n<p><img decoding=\"async\" src=\"\/wp-content\/uploads\/factory-02.webp\"\/><\/p>\n<p><img decoding=\"async\" src=\"\/wp-content\/uploads\/factory-03.webp\"\/><\/p>\n<h3>Entrep\u00f4t de stockage des moules<\/h3>\n<p><img decoding=\"async\" src=\"\/wp-content\/uploads\/factory-04.webp\"\/><\/p>\n<h3>43 lignes d'extrusion d'aluminium (500 \u00e0 5500 tonnes)<\/h3>\n<p><img decoding=\"async\" src=\"\/wp-content\/uploads\/factory-05.webp\"\/><\/p>\n<p><img decoding=\"async\" src=\"\/wp-content\/uploads\/factory-06.webp\"\/><\/p>\n<p><img decoding=\"async\" src=\"\/wp-content\/uploads\/factory-07.webp\"\/><\/p>\n<h3>Atelier de peinture en poudre<\/h3>\n<p><img decoding=\"async\" src=\"\/wp-content\/uploads\/factory-09.webp\"\/><\/p>\n<h3>Atelier d'anodisation<\/h3>\n<p><img decoding=\"async\" src=\"\/wp-content\/uploads\/factory-10.webp\"\/><\/p>\n<h3>Atelier sur le traitement en profondeur<\/h3>\n<p><img decoding=\"async\" src=\"\/wp-content\/uploads\/factory-11.webp\"\/><\/p>\n<h3>Atelier d'usinage de pr\u00e9cision CNC<\/h3>\n<p><img decoding=\"async\" src=\"\/wp-content\/uploads\/factory-11.5.webp\"\/><\/p>\n<h3>Entrep\u00f4t de produits finis et d'exportation<\/h3>\n<p><img decoding=\"async\" src=\"\/wp-content\/uploads\/factory-12.webp\"\/><\/p>\n<p><img decoding=\"async\" src=\"\/wp-content\/uploads\/factory-13.webp\"\/><\/p>\n<p><img decoding=\"async\" src=\"\/wp-content\/uploads\/factory-14.webp\"\/><\/p>\n<h2>FAQ<\/h2>\n<p><p><b>1) Qu'est-ce qu'un profil\u00e9 d'extrusion en aluminium pour barri\u00e8re ? <\/b><\/p>\n<p> Un profil de bras de barri\u00e8re de portail en extrusion d'aluminium est un composant en aluminium sp\u00e9cialement con\u00e7u utilis\u00e9 dans les syst\u00e8mes de portail automatique pour servir de bras qui contr\u00f4le l'acc\u00e8s des v\u00e9hicules.<br \/>\n<\/p><br \/>\n<br \/>\n<p><b>2) Quels sont les avantages de l'utilisation de profil\u00e9s en aluminium pour les bras de barri\u00e8res ? <\/b><\/p>\n<p> Les profils de bras de barri\u00e8res en aluminium offrent une r\u00e9sistance l\u00e9g\u00e8re, une r\u00e9sistance \u00e0 la corrosion, une durabilit\u00e9 et une facilit\u00e9 d'installation pour des syst\u00e8mes de contr\u00f4le du trafic efficaces.<br \/>\n<\/p><br \/>\n<br \/>\n<p><b>3. pourquoi choisir l'extrusion d'aluminium pour les bras de barri\u00e8res ? <\/b><\/p>\n<p> L'extrusion d'aluminium permet une mise en forme pr\u00e9cise, un rapport r\u00e9sistance\/poids \u00e9lev\u00e9 et une r\u00e9sistance aux intemp\u00e9ries, ce qui en fait un mat\u00e9riau id\u00e9al pour les bras de barri\u00e8re de portail utilis\u00e9s \u00e0 l'ext\u00e9rieur.<br \/>\n<\/p><br \/>\n<br \/>\n<p><b>4) O\u00f9 sont couramment utilis\u00e9s les bras de barri\u00e8re de portail en aluminium extrud\u00e9 ? <\/b><\/p>\n<p> Ces profils sont largement utilis\u00e9s dans les syst\u00e8mes de stationnement, les postes de p\u00e9age, les barri\u00e8res de s\u00e9curit\u00e9 et les syst\u00e8mes de contr\u00f4le d'acc\u00e8s industriels pour une gestion fiable des v\u00e9hicules.<br \/>\n<\/p><br \/>\n<br \/>\n<p><b>5. les profil\u00e9s en aluminium des bras de la barri\u00e8re sont-ils r\u00e9sistants aux intemp\u00e9ries ? <\/b><\/p>\n<p> Oui, les profil\u00e9s en aluminium pour les bras de barri\u00e8res sont naturellement r\u00e9sistants \u00e0 la corrosion et peuvent \u00eatre anodis\u00e9s ou rev\u00eatus d'une peinture en poudre pour une meilleure performance \u00e0 l'ext\u00e9rieur.<br \/>\n<\/p><br \/>\n<br \/>\n<p><b>6. les profils de barri\u00e8res en aluminium peuvent-ils \u00eatre personnalis\u00e9s ? <\/b><\/p>\n<p> Absolument, les profils de bras de barri\u00e8re de portail en extrusion d'aluminium peuvent \u00eatre personnalis\u00e9s en termes de longueur, de section transversale, de couleur et d'int\u00e9gration de bandes r\u00e9fl\u00e9chissantes pour la s\u00e9curit\u00e9 et la visibilit\u00e9.<br \/>\n<\/p><br \/>\n<br \/>\n<p><b>7) Quelle est la dur\u00e9e de vie des bras de barri\u00e8re en aluminium extrud\u00e9 ? <\/b><\/p>\n<p> Les bras de barri\u00e8res en aluminium sont tr\u00e8s durables, capables de r\u00e9sister aux mouvements r\u00e9p\u00e9titifs, aux contraintes environnementales et aux impacts m\u00e9caniques dans les zones \u00e0 fort trafic.<br \/>\n<\/p><br \/>\n<br \/>\n<p><b>8. les profil\u00e9s en aluminium pour barri\u00e8res de portail sont-ils l\u00e9gers ? <\/b><\/p>\n<p> Oui, les profil\u00e9s en aluminium sont nettement plus l\u00e9gers que l'acier, ce qui r\u00e9duit la fatigue du moteur et permet un mouvement plus rapide et plus souple du bras du portillon.<br \/>\n<\/p><br \/>\n<br \/>\n<p><b>9. les bras de la barri\u00e8re en aluminium peuvent-ils fonctionner \u00e0 grande vitesse ? <\/b><\/p>\n<p> Oui, la l\u00e9g\u00e8ret\u00e9 et la rigidit\u00e9 des profil\u00e9s en aluminium les rendent id\u00e9aux pour les syst\u00e8mes de barri\u00e8res automatiques \u00e0 action rapide.<br \/>\n<\/p><br \/>\n<br \/>\n<p><b>10) Quelles sont les finitions disponibles pour les bras de barri\u00e8res en aluminium extrud\u00e9 ? <\/b><\/p>\n<p> Les bras de barri\u00e8res en aluminium peuvent \u00eatre anodis\u00e9s, recouverts d'un rev\u00eatement en poudre ou d'une bande r\u00e9fl\u00e9chissante afin d'am\u00e9liorer la durabilit\u00e9, l'apparence et la visibilit\u00e9.<br \/>\n<\/p><br \/><\/p>","protected":false},"featured_media":6169,"template":"","categories":[58],"class_list":["post-6170","product","type-product","status-publish","has-post-thumbnail","hentry","category-aluminium-extrusion-profiles"],"meta_box":{"hilight_text_group":{"product_hilight_text":"<li>High-strength aluminum ensures durability and impact resistance<\/li>\r\r\n<li>Lightweight design for smooth and efficient gate operation<\/li>\r\r\n<li>Corrosion-resistant coating suitable for outdoor environments<\/li>\r\r\n<li>Customizable length and profile for different barrier systems<\/li>\r\r\n<li>Supports reflective strips or LED integration for visibility<\/li>","product_chanpin_chanpin":"<li><a href=\"https:\/\/sinoextrud.com\/product\/anodized-small-aluminum-extrusions\/\" target=\"_blank\">Anodized Small Aluminum Extrusions<\/a><\/li>\r\n<li><a href=\"https:\/\/sinoextrud.com\/product\/t-slot-aluminium-extrusion-profile\/\" target=\"_blank\">T Slot Aluminium Extrusion Profile<\/a><\/li>\r\n<li><a href=\"https:\/\/sinoextrud.com\/product\/extruded-aluminum-heatsink\/\" target=\"_blank\">Extruded Aluminum Heatsink<\/a><\/li>\r\n<li><a href=\"https:\/\/sinoextrud.com\/product\/aluminium-light-box-profile\/\" target=\"_blank\">Aluminium Light Box Profile<\/a><\/li>\r\n<li><a href=\"https:\/\/sinoextrud.com\/product\/aluminum-extrusion-gate-barrier-arm-aluminum-profile\/\" target=\"_blank\">Aluminum Extrusion Gate Barrier Arm Aluminum Profile<\/a><\/li>\r\n<li><a href=\"https:\/\/sinoextrud.com\/product\/aluminum-tube-framing\/\" target=\"_blank\">Aluminum Tube Framing<\/a><\/li>\r\n<li><a href=\"https:\/\/sinoextrud.com\/product\/aluminium-extrusion-wood-grain-outdoor-louver-aluminum-profile\/\" target=\"_blank\">Aluminium Extrusion Wood Grain Outdoor Louver Aluminum Profile<\/a><\/li>\r\n<li><a href=\"https:\/\/sinoextrud.com\/product\/aluminium-extrusion-caravan-awning-aluminum-profile\/\" target=\"_blank\">Aluminium Extrusion Caravan Awning Aluminum Profile<\/a><\/li>\r\n<li><a href=\"https:\/\/sinoextrud.com\/product\/aluminium-extrusion-11-5m-ultra-long-mill-finished-profiles\/\" target=\"_blank\">Aluminium Extrusion 11.5m Ultra-long Mill Finished Profiles<\/a><\/li>\r\n<li><a href=\"https:\/\/sinoextrud.com\/product\/oval-aluminum-tube\/\" target=\"_blank\">Oval Aluminum Tube<\/a><\/li>\r\n<li><a href=\"https:\/\/sinoextrud.com\/product\/t-slot-aluminum-extursion\/\" target=\"_blank\">T-slot Aluminum Extursion<\/a><\/li>"},"feature_list":[]},"_links":{"self":[{"href":"https:\/\/sinoextrud.com\/fr\/wp-json\/wp\/v2\/product\/6170","targetHints":{"allow":["GET"]}}],"collection":[{"href":"https:\/\/sinoextrud.com\/fr\/wp-json\/wp\/v2\/product"}],"about":[{"href":"https:\/\/sinoextrud.com\/fr\/wp-json\/wp\/v2\/types\/product"}],"wp:featuredmedia":[{"embeddable":true,"href":"https:\/\/sinoextrud.com\/fr\/wp-json\/wp\/v2\/media\/6169"}],"wp:attachment":[{"href":"https:\/\/sinoextrud.com\/fr\/wp-json\/wp\/v2\/media?parent=6170"}],"wp:term":[{"taxonomy":"category","embeddable":true,"href":"https:\/\/sinoextrud.com\/fr\/wp-json\/wp\/v2\/categories?post=6170"}],"curies":[{"name":"wp","href":"https:\/\/api.w.org\/{rel}","templated":true}]}}