{"id":6164,"date":"2025-05-25T14:55:13","date_gmt":"2025-05-25T14:55:13","guid":{"rendered":"https:\/\/sinoextrud.com\/product\/t-slot-aluminium-extrusion-profile\/"},"modified":"2025-06-24T03:54:26","modified_gmt":"2025-06-24T03:54:26","slug":"profile-dextrusion-en-aluminium-a-rainure-en-t","status":"publish","type":"product","link":"https:\/\/sinoextrud.com\/fr\/product\/t-slot-aluminium-extrusion-profile\/","title":{"rendered":"Profil\u00e9 d'extrusion en aluminium \u00e0 rainure en T"},"content":{"rendered":"<h2>D\u00e9tails des produits<\/h2>\n<table class=\"custom-table\">\n<tr>\n<td class=\"label\">Nom du produit<\/td>\n<td>profil\u00e9 d'extrusion en aluminium \u00e0 rainure en t<\/td>\n<\/tr>\n<tr>\n<td class=\"label\">Gamme de produits<\/td>\n<td>extrusions d'aluminium pour profil\u00e9 d'aluminium \u00e0 rainure en t 2020, profil\u00e9 d'aluminium \u00e0 rainure en t 45\u00d745, profil\u00e9 d'aluminium \u00e0 rainure en t 20\u00d720, profil\u00e9 d'aluminium \u00e0 rainure en t 40\u00d740, profil\u00e9 d'aluminium \u00e0 rainure en t, profil\u00e9 d'aluminium \u00e0 rainure en t, profil\u00e9 d'aluminium \u00e0 rainure en v, profil\u00e9 d'aluminium \u00e0 rainure en t 40\u00d780, profil\u00e9 d'aluminium \u00e0 rainure en v 3030, profil\u00e9 d'aluminium \u00e0 rainure en t extrud\u00e9, etc.<\/td>\n<\/tr>\n<tr>\n<td class=\"label\">Syst\u00e8mes adapt\u00e9s Types<\/td>\n<td>2020 extrusion aluminium t slot, extrusion aluminium t slot 3030, 2020 slot profil aluminium, 2020 t slot extrusion aluminium, t slot slider, 40\u00d740 profil aluminium, 40\u00d780 extrusion aluminium, profil aluminium 40\u00d740, t track v slot extrusion aluminium profil section, t track extrusion aluminium, t track 40\u00d760 v slot extrusion aluminium profil, 4080 t slot, etc.<\/td>\n<\/tr>\n<tr>\n<td class=\"label\">Traitement de surface<\/td>\n<td>finition en usine, anodisation, grain de bois, rev\u00eatement en poudre, sablage, \u00e9lectrophor\u00e8se, brossage, polissage, etc.<\/td>\n<\/tr>\n<tr>\n<td class=\"label\">Traitement en profondeur CNC<\/td>\n<td>couper, percer, usiner, poin\u00e7onner, plier, tarauder, etc.<\/td>\n<\/tr>\n<tr>\n<td class=\"label\">Certifications<\/td>\n<td>CE, ISO, SGS, TUV, ROHS<\/td>\n<\/tr>\n<tr>\n<td class=\"label\">\u00c9chantillons<\/td>\n<td>\u00e9chantillon gratuit. Livraison en 1-3 jours.<\/td>\n<\/tr>\n<tr>\n<td class=\"label\">MOQ<\/td>\n<td>200KG pour chaque profil<\/td>\n<\/tr>\n<tr>\n<td class=\"label\">D\u00e9lai de livraison<\/td>\n<td>La mise au point du moule et la confirmation de l'\u00e9chantillon prennent 12 \u00e0 15 jours, puis la production prend 15 \u00e0 25 jours apr\u00e8s r\u00e9ception de l'acompte de l'acheteur.<\/td>\n<\/tr>\n<tr>\n<td class=\"label\">Conditions de paiement<\/td>\n<td>30% d\u00e9p\u00f4t avant la production, et le solde avant l'exp\u00e9dition.<\/td>\n<\/tr>\n<tr>\n<td class=\"label\">Exp\u00e9dition<\/td>\n<td>Par conteneur 20GP, 40GP, 40HQ ou navire en vrac<\/td>\n<\/tr>\n<\/table>\n<h2>Notre base de production<\/h2>\n<h3>Panorama de l'usine<\/h3>\n<p><img decoding=\"async\" src=\"\/wp-content\/uploads\/factory-01.webp\"\/><\/p>\n<h3>Atelier de fabrication de barres d'aluminium<\/h3>\n<p><img decoding=\"async\" src=\"\/wp-content\/uploads\/factory-02.webp\"\/><\/p>\n<p><img decoding=\"async\" src=\"\/wp-content\/uploads\/factory-03.webp\"\/><\/p>\n<h3>Entrep\u00f4t de stockage des moules<\/h3>\n<p><img decoding=\"async\" src=\"\/wp-content\/uploads\/factory-04.webp\"\/><\/p>\n<h3>43 lignes d'extrusion d'aluminium (500-5500 tonnes)<\/h3>\n<p><img decoding=\"async\" src=\"\/wp-content\/uploads\/factory-05.webp\"\/><\/p>\n<p><img decoding=\"async\" src=\"\/wp-content\/uploads\/factory-06.webp\"\/><\/p>\n<p><img decoding=\"async\" src=\"\/wp-content\/uploads\/factory-07.webp\"\/><\/p>\n<h3>Atelier de peinture en poudre<\/h3>\n<p><img decoding=\"async\" src=\"\/wp-content\/uploads\/factory-09.webp\"\/><\/p>\n<h3>Atelier d'anodisation<\/h3>\n<p><img decoding=\"async\" src=\"\/wp-content\/uploads\/factory-10.webp\"\/><\/p>\n<h3>Atelier sur le traitement en profondeur<\/h3>\n<p><img decoding=\"async\" src=\"\/wp-content\/uploads\/factory-11.webp\"\/><\/p>\n<h3>Atelier d'usinage de pr\u00e9cision CNC<\/h3>\n<p><img decoding=\"async\" src=\"\/wp-content\/uploads\/factory-11.5.webp\"\/><\/p>\n<h3>Entrep\u00f4t de produits finis et d'exportation<\/h3>\n<p><img decoding=\"async\" src=\"\/wp-content\/uploads\/factory-12.webp\"\/><\/p>\n<p><img decoding=\"async\" src=\"\/wp-content\/uploads\/factory-13.webp\"\/><\/p>\n<p><img decoding=\"async\" src=\"\/wp-content\/uploads\/factory-14.webp\"\/><\/p>\n<h2>FAQ<\/h2>\n<p><p><b>1) Qu'est-ce qu'un profil\u00e9 d'extrusion en aluminium \u00e0 rainure en T ? <\/b><\/p>\n<p> Un profil\u00e9 d'extrusion en aluminium \u00e0 rainure en T est un syst\u00e8me d'encadrement modulaire en aluminium avec des rainures en forme de T qui permettent un assemblage facile des structures sans soudure.<br \/>\n<\/p><br \/>\n<br \/>\n<p><b>2) Quels sont les avantages des profil\u00e9s en aluminium \u00e0 rainure en T ? <\/b><\/p>\n<p> Les profil\u00e9s d'aluminium \u00e0 rainure en T offrent polyvalence, r\u00e9utilisation, facilit\u00e9 d'assemblage, r\u00e9sistance \u00e0 la corrosion et aspect propre et professionnel pour les projets structurels.<br \/>\n<\/p><br \/>\n<br \/>\n<p><b>3. pourquoi choisir les profil\u00e9s aluminium \u00e0 rainure en T pour l'encadrement ? <\/b><\/p>\n<p> Les profil\u00e9s en aluminium \u00e0 rainure en T constituent une solution modulaire, l\u00e9g\u00e8re et durable, id\u00e9ale pour les ch\u00e2ssis de machines, les postes de travail, les bo\u00eetiers et les syst\u00e8mes d'automatisation.<br \/>\n<\/p><br \/>\n<br \/>\n<p><b>4. O\u00f9 les profil\u00e9s d'extrusion en aluminium \u00e0 rainure en T sont-ils couramment utilis\u00e9s ? <\/b><\/p>\n<p> Les profil\u00e9s en aluminium \u00e0 rainure en T sont largement utilis\u00e9s dans l'automatisation industrielle, la robotique, les cadres d'impression 3D, les \u00e9quipements de laboratoire et les structures de bricolage personnalis\u00e9es.<br \/>\n<\/p><br \/>\n<br \/>\n<p><b>5. Les profil\u00e9s en aluminium \u00e0 rainure en T sont-ils faciles \u00e0 assembler ? <\/b><\/p>\n<p> Oui, les profil\u00e9s d'aluminium \u00e0 rainure en T sont con\u00e7us pour \u00eatre assembl\u00e9s rapidement par boulonnage \u00e0 l'aide de connecteurs et de supports, sans soudure ni outils sp\u00e9cialis\u00e9s.<br \/>\n<\/p><br \/>\n<br \/>\n<p><b>6. Les profil\u00e9s d'extrusion en aluminium \u00e0 rainure en T peuvent-ils \u00eatre r\u00e9utilis\u00e9s ? <\/b><\/p>\n<p> Absolument, les profil\u00e9s en aluminium \u00e0 rainure en T peuvent \u00eatre facilement d\u00e9mont\u00e9s et reconfigur\u00e9s, ce qui en fait une solution d'encadrement rentable et durable.<br \/>\n<\/p><br \/>\n<br \/>\n<p><b>7. Quelle est la r\u00e9sistance des profil\u00e9s d'extrusion en aluminium \u00e0 rainure en T ? <\/b><\/p>\n<p> Les profil\u00e9s d'aluminium \u00e0 rainure en T sont con\u00e7us pour offrir un rapport r\u00e9sistance\/poids \u00e9lev\u00e9 et un support robuste pour les structures industrielles et m\u00e9caniques.<br \/>\n<\/p><br \/>\n<br \/>\n<p><b>8. Les profil\u00e9s en aluminium \u00e0 rainure en T existent-ils en diff\u00e9rentes dimensions ? <\/b><\/p>\n<p> Oui, les profil\u00e9s en aluminium \u00e0 rainure en T sont disponibles en diff\u00e9rentes tailles de rainure (par exemple, 20 mm, 30 mm, 40 mm) et en diff\u00e9rents profils pour r\u00e9pondre aux diff\u00e9rentes exigences en mati\u00e8re de charge et de conception.<br \/>\n<\/p><br \/>\n<br \/>\n<p><b>9. les profil\u00e9s d'aluminium \u00e0 rainure en T sont-ils r\u00e9sistants \u00e0 la corrosion ? <\/b><\/p>\n<p> Oui, les profil\u00e9s en aluminium \u00e0 rainure en T sont naturellement r\u00e9sistants \u00e0 la corrosion et souvent anodis\u00e9s pour une meilleure protection et une finition de surface propre.<br \/>\n<\/p><br \/>\n<br \/>\n<p><b>10. Quels sont les accessoires disponibles pour les profil\u00e9s en aluminium \u00e0 rainure en T ? <\/b><\/p>\n<p> Une large gamme d'accessoires - tels que des supports, des connecteurs, des fixations, des panneaux et des roues - est disponible pour \u00e9largir la fonctionnalit\u00e9 des syst\u00e8mes en aluminium \u00e0 rainure en T.<br \/>\n<\/p><br \/><\/p>","protected":false},"featured_media":6163,"template":"","categories":[58],"class_list":["post-6164","product","type-product","status-publish","has-post-thumbnail","hentry","category-aluminium-extrusion-profiles"],"meta_box":{"hilight_text_group":{"product_hilight_text":"<li>Modular design allows flexible assembly and reconfiguration<\/li>\r\r\n<li>Strong and lightweight, ideal for machine frames and workstations<\/li>\r\r\n<li>Easy to cut, drill, and connect with standard accessories<\/li>\r\r\n<li>Corrosion-resistant surface for long-term industrial use<\/li>\r\r\n<li>No welding required, enabling quick and clean installation<\/li>","product_chanpin_chanpin":"<li><a href=\"https:\/\/sinoextrud.com\/product\/aluminium-extrusion-6082-5083-aluminum-alloy-profile\/\" target=\"_blank\">Aluminium Extrusion 6082 5083 Aluminum Alloy Profile<\/a><\/li>\r\n<li><a href=\"https:\/\/sinoextrud.com\/product\/aluminium-edge-trim-profiles\/\" target=\"_blank\">Aluminium Edge Trim Profiles<\/a><\/li>\r\n<li><a href=\"https:\/\/sinoextrud.com\/product\/led-plant-growth-light-aluminum-profile\/\" target=\"_blank\">Led Plant Growth Light Aluminum Profile<\/a><\/li>\r\n<li><a href=\"https:\/\/sinoextrud.com\/product\/anodized-small-aluminum-extrusions\/\" target=\"_blank\">Anodized Small Aluminum Extrusions<\/a><\/li>\r\n<li><a href=\"https:\/\/sinoextrud.com\/product\/t-slot-aluminium-extrusion-profile\/\" target=\"_blank\">T Slot Aluminium Extrusion Profile<\/a><\/li>\r\n<li><a href=\"https:\/\/sinoextrud.com\/product\/extruded-aluminum-heatsink\/\" target=\"_blank\">Extruded Aluminum Heatsink<\/a><\/li>\r\n<li><a href=\"https:\/\/sinoextrud.com\/product\/aluminium-light-box-profile\/\" target=\"_blank\">Aluminium Light Box Profile<\/a><\/li>\r\n<li><a href=\"https:\/\/sinoextrud.com\/product\/aluminum-extrusion-gate-barrier-arm-aluminum-profile\/\" target=\"_blank\">Aluminum Extrusion Gate Barrier Arm Aluminum Profile<\/a><\/li>\r\n<li><a href=\"https:\/\/sinoextrud.com\/product\/aluminum-tube-framing\/\" target=\"_blank\">Aluminum Tube Framing<\/a><\/li>\r\n<li><a href=\"https:\/\/sinoextrud.com\/product\/aluminium-profile-for-wardrobe-sliding-door-frame\/\" target=\"_blank\">Aluminium Profile For Wardrobe Sliding Door Frame<\/a><\/li>\r\n<li><a href=\"https:\/\/sinoextrud.com\/product\/brushed-aluminum-profiles\/\" target=\"_blank\">Brushed Aluminum Profiles<\/a><\/li>"},"feature_list":[]},"_links":{"self":[{"href":"https:\/\/sinoextrud.com\/fr\/wp-json\/wp\/v2\/product\/6164","targetHints":{"allow":["GET"]}}],"collection":[{"href":"https:\/\/sinoextrud.com\/fr\/wp-json\/wp\/v2\/product"}],"about":[{"href":"https:\/\/sinoextrud.com\/fr\/wp-json\/wp\/v2\/types\/product"}],"wp:featuredmedia":[{"embeddable":true,"href":"https:\/\/sinoextrud.com\/fr\/wp-json\/wp\/v2\/media\/6163"}],"wp:attachment":[{"href":"https:\/\/sinoextrud.com\/fr\/wp-json\/wp\/v2\/media?parent=6164"}],"wp:term":[{"taxonomy":"category","embeddable":true,"href":"https:\/\/sinoextrud.com\/fr\/wp-json\/wp\/v2\/categories?post=6164"}],"curies":[{"name":"wp","href":"https:\/\/api.w.org\/{rel}","templated":true}]}}